{"id":2931,"date":"2015-07-17T22:01:16","date_gmt":"2015-07-17T19:01:16","guid":{"rendered":"http:\/\/odysseus-contests.eu\/2016\/?page_id=2931"},"modified":"2015-07-17T22:01:16","modified_gmt":"2015-07-17T19:01:16","slug":"kontakt","status":"publish","type":"page","link":"https:\/\/odysseus-contests.eu\/2016\/pl\/projekt-odysseus-ii\/kontakt\/","title":{"rendered":"Kontakt"},"content":{"rendered":"<p class=\"Tretekstu\" style=\"text-align: justify; text-justify: inter-ideograph;\"><span lang=\"PL\" style=\"font-family: 'Calibri;sans-serif','serif';\">Je\u015bli jeste\u015b zainteresowany do\u0142\u0105czeniem do spo\u0142eczno\u015bci Odysseus II, staj\u0105c si\u0119 partnerem edukacyjnym lub naukowym b\u0105d\u017a sponsorem, lub masz pytanie zwi\u0105zane z projektem Odysseus II, skorzystaj z formularza kontaktowego. Odpowiemy tak szybko jak to tylko mo\u017cliwe.<\/span><\/p>\n","protected":false},"excerpt":{"rendered":"<p>Je\u015bli jeste\u015b zainteresowany do\u0142\u0105czeniem do spo\u0142eczno\u015bci Odysseus II, staj\u0105c si\u0119 partnerem edukacyjnym lub naukowym b\u0105d\u017a sponsorem, lub masz pytanie zwi\u0105zane z projektem Odysseus II, skorzystaj z formularza kontaktowego. Odpowiemy tak szybko jak to tylko mo\u017cliwe.<\/p>\n","protected":false},"author":2,"featured_media":0,"parent":2925,"menu_order":60,"comment_status":"closed","ping_status":"closed","template":"template_contact.php","meta":[],"acf":[],"yoast_head":"<!-- This site is optimized with the Yoast SEO plugin v19.14 - https:\/\/yoast.com\/wordpress\/plugins\/seo\/ -->\n<title>Kontakt - ODYSSEUS II<\/title>\n<meta name=\"robots\" content=\"index, follow, max-snippet:-1, max-image-preview:large, max-video-preview:-1\" \/>\n<link rel=\"canonical\" href=\"https:\/\/odysseus-contests.eu\/2016\/pl\/projekt-odysseus-ii\/kontakt\/\" \/>\n<meta property=\"og:locale\" content=\"pl_PL\" \/>\n<meta property=\"og:type\" content=\"article\" \/>\n<meta property=\"og:title\" content=\"Kontakt - ODYSSEUS II\" \/>\n<meta property=\"og:description\" content=\"Je\u015bli jeste\u015b zainteresowany do\u0142\u0105czeniem do spo\u0142eczno\u015bci Odysseus II, staj\u0105c si\u0119 partnerem edukacyjnym lub naukowym b\u0105d\u017a sponsorem, lub masz pytanie zwi\u0105zane z projektem Odysseus II, skorzystaj z formularza kontaktowego. Odpowiemy tak szybko jak to tylko mo\u017cliwe.\" \/>\n<meta property=\"og:url\" content=\"https:\/\/odysseus-contests.eu\/2016\/pl\/projekt-odysseus-ii\/kontakt\/\" \/>\n<meta property=\"og:site_name\" content=\"ODYSSEUS II\" \/>\n<meta name=\"twitter:card\" content=\"summary_large_image\" \/>\n<script type=\"application\/ld+json\" class=\"yoast-schema-graph\">{\"@context\":\"https:\/\/schema.org\",\"@graph\":[{\"@type\":\"WebPage\",\"@id\":\"https:\/\/odysseus-contests.eu\/2016\/pl\/projekt-odysseus-ii\/kontakt\/\",\"url\":\"https:\/\/odysseus-contests.eu\/2016\/pl\/projekt-odysseus-ii\/kontakt\/\",\"name\":\"Kontakt - ODYSSEUS II\",\"isPartOf\":{\"@id\":\"https:\/\/odysseus-contests.eu\/2016\/de\/#website\"},\"datePublished\":\"2015-07-17T19:01:16+00:00\",\"dateModified\":\"2015-07-17T19:01:16+00:00\",\"breadcrumb\":{\"@id\":\"https:\/\/odysseus-contests.eu\/2016\/pl\/projekt-odysseus-ii\/kontakt\/#breadcrumb\"},\"inLanguage\":\"pl-PL\",\"potentialAction\":[{\"@type\":\"ReadAction\",\"target\":[\"https:\/\/odysseus-contests.eu\/2016\/pl\/projekt-odysseus-ii\/kontakt\/\"]}]},{\"@type\":\"BreadcrumbList\",\"@id\":\"https:\/\/odysseus-contests.eu\/2016\/pl\/projekt-odysseus-ii\/kontakt\/#breadcrumb\",\"itemListElement\":[{\"@type\":\"ListItem\",\"position\":1,\"name\":\"Home\",\"item\":\"https:\/\/odysseus-contests.eu\/2016\/pl\/\"},{\"@type\":\"ListItem\",\"position\":2,\"name\":\"Projekt Odysseus II\",\"item\":\"https:\/\/odysseus-contests.eu\/2016\/pl\/projekt-odysseus-ii\/\"},{\"@type\":\"ListItem\",\"position\":3,\"name\":\"Kontakt\"}]},{\"@type\":\"WebSite\",\"@id\":\"https:\/\/odysseus-contests.eu\/2016\/de\/#website\",\"url\":\"https:\/\/odysseus-contests.eu\/2016\/de\/\",\"name\":\"ODYSSEUS II\",\"description\":\"European Youth Space Contest\",\"potentialAction\":[{\"@type\":\"SearchAction\",\"target\":{\"@type\":\"EntryPoint\",\"urlTemplate\":\"https:\/\/odysseus-contests.eu\/2016\/de\/?s={search_term_string}\"},\"query-input\":\"required name=search_term_string\"}],\"inLanguage\":\"pl-PL\"}]}<\/script>\n<!-- \/ Yoast SEO plugin. -->","yoast_head_json":{"title":"Kontakt - ODYSSEUS II","robots":{"index":"index","follow":"follow","max-snippet":"max-snippet:-1","max-image-preview":"max-image-preview:large","max-video-preview":"max-video-preview:-1"},"canonical":"https:\/\/odysseus-contests.eu\/2016\/pl\/projekt-odysseus-ii\/kontakt\/","og_locale":"pl_PL","og_type":"article","og_title":"Kontakt - ODYSSEUS II","og_description":"Je\u015bli jeste\u015b zainteresowany do\u0142\u0105czeniem do spo\u0142eczno\u015bci Odysseus II, staj\u0105c si\u0119 partnerem edukacyjnym lub naukowym b\u0105d\u017a sponsorem, lub masz pytanie zwi\u0105zane z projektem Odysseus II, skorzystaj z formularza kontaktowego. Odpowiemy tak szybko jak to tylko mo\u017cliwe.","og_url":"https:\/\/odysseus-contests.eu\/2016\/pl\/projekt-odysseus-ii\/kontakt\/","og_site_name":"ODYSSEUS II","twitter_card":"summary_large_image","schema":{"@context":"https:\/\/schema.org","@graph":[{"@type":"WebPage","@id":"https:\/\/odysseus-contests.eu\/2016\/pl\/projekt-odysseus-ii\/kontakt\/","url":"https:\/\/odysseus-contests.eu\/2016\/pl\/projekt-odysseus-ii\/kontakt\/","name":"Kontakt - ODYSSEUS II","isPartOf":{"@id":"https:\/\/odysseus-contests.eu\/2016\/de\/#website"},"datePublished":"2015-07-17T19:01:16+00:00","dateModified":"2015-07-17T19:01:16+00:00","breadcrumb":{"@id":"https:\/\/odysseus-contests.eu\/2016\/pl\/projekt-odysseus-ii\/kontakt\/#breadcrumb"},"inLanguage":"pl-PL","potentialAction":[{"@type":"ReadAction","target":["https:\/\/odysseus-contests.eu\/2016\/pl\/projekt-odysseus-ii\/kontakt\/"]}]},{"@type":"BreadcrumbList","@id":"https:\/\/odysseus-contests.eu\/2016\/pl\/projekt-odysseus-ii\/kontakt\/#breadcrumb","itemListElement":[{"@type":"ListItem","position":1,"name":"Home","item":"https:\/\/odysseus-contests.eu\/2016\/pl\/"},{"@type":"ListItem","position":2,"name":"Projekt Odysseus II","item":"https:\/\/odysseus-contests.eu\/2016\/pl\/projekt-odysseus-ii\/"},{"@type":"ListItem","position":3,"name":"Kontakt"}]},{"@type":"WebSite","@id":"https:\/\/odysseus-contests.eu\/2016\/de\/#website","url":"https:\/\/odysseus-contests.eu\/2016\/de\/","name":"ODYSSEUS II","description":"European Youth Space Contest","potentialAction":[{"@type":"SearchAction","target":{"@type":"EntryPoint","urlTemplate":"https:\/\/odysseus-contests.eu\/2016\/de\/?s={search_term_string}"},"query-input":"required name=search_term_string"}],"inLanguage":"pl-PL"}]}},"_links":{"self":[{"href":"https:\/\/odysseus-contests.eu\/2016\/pl\/wp-json\/wp\/v2\/pages\/2931"}],"collection":[{"href":"https:\/\/odysseus-contests.eu\/2016\/pl\/wp-json\/wp\/v2\/pages"}],"about":[{"href":"https:\/\/odysseus-contests.eu\/2016\/pl\/wp-json\/wp\/v2\/types\/page"}],"author":[{"embeddable":true,"href":"https:\/\/odysseus-contests.eu\/2016\/pl\/wp-json\/wp\/v2\/users\/2"}],"replies":[{"embeddable":true,"href":"https:\/\/odysseus-contests.eu\/2016\/pl\/wp-json\/wp\/v2\/comments?post=2931"}],"version-history":[{"count":0,"href":"https:\/\/odysseus-contests.eu\/2016\/pl\/wp-json\/wp\/v2\/pages\/2931\/revisions"}],"up":[{"embeddable":true,"href":"https:\/\/odysseus-contests.eu\/2016\/pl\/wp-json\/wp\/v2\/pages\/2925"}],"wp:attachment":[{"href":"https:\/\/odysseus-contests.eu\/2016\/pl\/wp-json\/wp\/v2\/media?parent=2931"}],"curies":[{"name":"wp","href":"https:\/\/api.w.org\/{rel}","templated":true}]}}