{"id":2930,"date":"2015-07-17T22:00:58","date_gmt":"2015-07-17T19:00:58","guid":{"rendered":"http:\/\/odysseus-contests.eu\/2016\/?page_id=2930"},"modified":"2015-07-28T16:23:53","modified_gmt":"2015-07-28T13:23:53","slug":"rada-doradcza","status":"publish","type":"page","link":"https:\/\/odysseus-contests.eu\/2016\/pl\/projekt-odysseus-ii\/rada-doradcza\/","title":{"rendered":"Rada Doradcza"},"content":{"rendered":"<p style=\"text-align: justify;\"><b><img decoding=\"async\" loading=\"lazy\" class=\"alignleft size-full wp-image-419\" src=\"http:\/\/odysseus-contests.eu\/2016\/wp-content\/uploads\/2015\/05\/image001.png\" alt=\"image001\" width=\"155\" height=\"215\" \/><\/b><\/p>\n<p style=\"text-align: justify;\"><strong>Jean-Pierre Swings <\/strong>jest Profesorem Honorowym Uniwersytetu w Li\u00e8ge (Belgia), na kt\u00f3rym uzyska\u0142 stopie\u0144 magistra w dziedzinie in\u017cynierii kosmicznej oraz stopie\u0144 doktora nauk \u015bcis\u0142ych w dziedzinie astrofizyki. Mi\u0119dzy innymi zajmuje si\u0119 fizyk\u0105\u00a0 S\u0142o\u0144ca oraz obiektami charakteryzuj\u0105cymi si\u0119 silnymi liniami emisyjnymi i\/lub wykazuj\u0105cymi nadwy\u017ck\u0119 promieniowania w zakresie podczerwonym widma elektromagnetycznego.\u00a0\u00a0 Piastowa\u0142 stanowiska: Sekretarza Generalnego Mi\u0119dzynarodowej Unii Astronomicznej, cz\u0142onka kilku komitet\u00f3w Europejskiej Agencji Kosmicznej, cz\u0142onka Rady Europejskiego Obserwatorium Po\u0142udniowego oraz cz\u0142onka Europejskiego Towarzystwa Astronomicznego, kt\u00f3rego jest jednym z czterech za\u0142o\u017cycieli. Jean-Pierre Swings jest obecnie przewodnicz\u0105cym Europejskiego Komitetu Bada\u0144 Kosmicznych przy Europejskiej Fundacji Naukowej oraz cz\u0142onkiem Grupy Doradczej ds. Kosmosu Komisji Europejskiej 7-go Programu Ramowego.\u00a0 By\u0142 cz\u0142onkiem Mi\u0119dzynarodowego Jury projektu Odysseus w latach 2012 \u2013 2013.<\/p>\n<p style=\"text-align: justify;\"><b>\u00a0<\/b><\/p>\n<p style=\"text-align: justify;\"><b><img decoding=\"async\" loading=\"lazy\" class=\"alignleft size-full wp-image-425\" src=\"http:\/\/odysseus-contests.eu\/2016\/wp-content\/uploads\/2015\/05\/image003.png\" alt=\"image003\" width=\"149\" height=\"215\" \/><\/b><\/p>\n<p style=\"text-align: justify;\"><strong>Athena Coustenis<\/strong> jest kierownikiem bada\u0144 francuskiego Krajowego Centrum Bada\u0144 Naukowych (<em>CNRS<\/em>). Jest specjalistk\u0105 z dziedziny planetologii. Interesuje si\u0119 g\u0142\u00f3wnie badaniami atmosfery i powierzchni planetarnych, w szczeg\u00f3lno\u015bci atmosfery satelity Saturna \u2013 Tytana. AthenaCoustenis bada tak\u017ce planety pozas\u0142oneczne. W ostatnich latach wspiera starania o wydatkowanie funduszy na kolejne misje kosmiczne. By\u0142a cz\u0142onkiem Mi\u0119dzynarodowego Jury projektu Odysseus w latach 2012 \u2013 2013. \u00a0 \u00a0 \u00a0 \u00a0 \u00a0 \u00a0 \u00a0 \u00a0 \u00a0 \u00a0 \u00a0 \u00a0 \u00a0 \u00a0 \u00a0 \u00a0 \u00a0 \u00a0 \u00a0 \u00a0 \u00a0 \u00a0 \u00a0 \u00a0 \u00a0 \u00a0 \u00a0 \u00a0 \u00a0 \u00a0 \u00a0 \u00a0 \u00a0 \u00a0 \u00a0 \u00a0 \u00a0 \u00a0 \u00a0 \u00a0 \u00a0 \u00a0 \u00a0 \u00a0 \u00a0 \u00a0 \u00a0 \u00a0 \u00a0 \u00a0 \u00a0 \u00a0 \u00a0 \u00a0 \u00a0 \u00a0 \u00a0 \u00a0 \u00a0 \u00a0 \u00a0 \u00a0 \u00a0 \u00a0 \u00a0 \u00a0 \u00a0 \u00a0 \u00a0 \u00a0 \u00a0 \u00a0 \u00a0 \u00a0 \u00a0 \u00a0 \u00a0 \u00a0 \u00a0 \u00a0 \u00a0 \u00a0 \u00a0 \u00a0 \u00a0 \u00a0 \u00a0 \u00a0 \u00a0 \u00a0 \u00a0 \u00a0 \u00a0 \u00a0 \u00a0 \u00a0 \u00a0 \u00a0 \u00a0 \u00a0 \u00a0 \u00a0 \u00a0 \u00a0 \u00a0 \u00a0 \u00a0 \u00a0 \u00a0 \u00a0 \u00a0 \u00a0 \u00a0 \u00a0 \u00a0 \u00a0 \u00a0 \u00a0 \u00a0 \u00a0 \u00a0 \u00a0 \u00a0 \u00a0 \u00a0 \u00a0 \u00a0 \u00a0 \u00a0 \u00a0 \u00a0 \u00a0 \u00a0 \u00a0 \u00a0 \u00a0 \u00a0 \u00a0 \u00a0 \u00a0 \u00a0 \u00a0 \u00a0 \u00a0 \u00a0 \u00a0 \u00a0 \u00a0 \u00a0 \u00a0 \u00a0 \u00a0 \u00a0 \u00a0 \u00a0 \u00a0 \u00a0 \u00a0 \u00a0 \u00a0 \u00a0 \u00a0 \u00a0 \u00a0 \u00a0 \u00a0 \u00a0 \u00a0 \u00a0 \u00a0 \u00a0 \u00a0 \u00a0 \u00a0 \u00a0 \u00a0 \u00a0 \u00a0 \u00a0 \u00a0 \u00a0 \u00a0 \u00a0 \u00a0 \u00a0 \u00a0 \u00a0 \u00a0 \u00a0 \u00a0 \u00a0 \u00a0 \u00a0 \u00a0 \u00a0 \u00a0 \u00a0 \u00a0 \u00a0 \u00a0 \u00a0 \u00a0 \u00a0 \u00a0 \u00a0 \u00a0 \u00a0 \u00a0 \u00a0 \u00a0 \u00a0 \u00a0 \u00a0 \u00a0 \u00a0 \u00a0 \u00a0 \u00a0 \u00a0 \u00a0 \u00a0 \u00a0 \u00a0 \u00a0 \u00a0 \u00a0 \u00a0 \u00a0 \u00a0 \u00a0 \u00a0 \u00a0 \u00a0 \u00a0 \u00a0 \u00a0 \u00a0 \u00a0 \u00a0 \u00a0 \u00a0 \u00a0 \u00a0 \u00a0 \u00a0 \u00a0 \u00a0 \u00a0 \u00a0 \u00a0 \u00a0 \u00a0 \u00a0 \u00a0 \u00a0 \u00a0 \u00a0 \u00a0 \u00a0 \u00a0 \u00a0 \u00a0 \u00a0 \u00a0 \u00a0 \u00a0 \u00a0 \u00a0 \u00a0 \u00a0 \u00a0 \u00a0 \u00a0 \u00a0 \u00a0 \u00a0 \u00a0 \u00a0 \u00a0 \u00a0 \u00a0 \u00a0 \u00a0 \u00a0 \u00a0 \u00a0 \u00a0 \u00a0 \u00a0 \u00a0 \u00a0 \u00a0 \u00a0 \u00a0 \u00a0 \u00a0 \u00a0 \u00a0 \u00a0 \u00a0 \u00a0 \u00a0 \u00a0 \u00a0 \u00a0 \u00a0 \u00a0 \u00a0 \u00a0 \u00a0 \u00a0 \u00a0 \u00a0 \u00a0 \u00a0 \u00a0 \u00a0 \u00a0 \u00a0 \u00a0 \u00a0 \u00a0 \u00a0 \u00a0.<\/p>\n<p style=\"text-align: justify;\"><img decoding=\"async\" loading=\"lazy\" class=\"alignleft size-full wp-image-430\" src=\"http:\/\/odysseus-contests.eu\/2016\/wp-content\/uploads\/2015\/05\/image005.png\" alt=\"image005\" width=\"155\" height=\"203\" \/><\/p>\n<p style=\"text-align: justify;\"><strong>Frank De Winne <\/strong>jest astronaut\u0105 <em>ESA. <\/em>B\u0119d\u0105c do\u015bwiadczonym pilotem testowym Belgijskich Si\u0142 Powietrznych do\u0142\u0105czy\u0142 do Korpusu Astronaut\u00f3w Europejskiej Agencji Kosmicznej. W 2002 r. uczestniczy\u0142 w misji Odissea, kt\u00f3rej celem by\u0142a wymiana statk\u00f3w ratowniczych Mi\u0119dzynarodowej Stacji Kosmicznej (ang. ISS). Przez 11 dni trwania misji przeprowadzi\u0142 23 eksperymenty. Podczas swojej drugiej misji, d\u0142ugiego lotu na ISS o nazwie OasISS trwaj\u0105cego od maja do grudnia 2009, zosta\u0142 mianowany pierwszym europejskim dow\u00f3dc\u0105 ISS. W trakcie tej misji wprowadzono program kompleksowego wykorzystania oraz upowszechnienia nauk \u015bcis\u0142ych. Dnia 1 sierpnia 2012 r. De Winne stan\u0105\u0142 na czele Europejskiego Centrum Astronaut\u00f3w. By\u0142 cz\u0142onkiem Mi\u0119dzynarodowego Jury projektu Odysseus w latach 2012 \u2013 2013.<\/p>\n<p style=\"text-align: justify;\"><b>\u00a0<\/b><\/p>\n<p><b><img decoding=\"async\" loading=\"lazy\" class=\"alignleft size-full wp-image-436\" src=\"http:\/\/odysseus-contests.eu\/2016\/wp-content\/uploads\/2015\/05\/image007.png\" alt=\"image007\" width=\"155\" height=\"215\" \/><\/b><\/p>\n<p style=\"text-align: justify;\"><strong>Manolis K. Georgoulis <\/strong>jest pracownikiem naukowym Centrum Badawczego Wydzia\u0142u Astronomii i Matematyki Stosowanej Akademii Ate\u0144skiej. Jest delegatem Grecji do Komitetu Programu Naukowego Europejskiej Agencji Kosmicznej (<em>ESA\/SPC<\/em>) (od 2011 r.), wiceprezydentem <em>Europejskiego Oddzia\u0142u Fizyki S\u0142o\u0144ca (ESPD) <\/em>w <em>Europejskim Towarzystwie Fizycznym <\/em>(<em>EPS<\/em>) (2011-2014), mianowanym cz\u0142onkiem Greckiego Narodowego Komitetu Astronomicznego (<em>GNCA<\/em>) (od 2012 r. ) i beneficjentem programu Marie Curie Komisji Europejskiej\u00a0 (2010-2014). Otrzyma\u0142 stopie\u0144 licencjata z dziedziny fizyki na Uniwersytecie Arystotelesa w\u00a0 Salonikach (1993), doktorat z fizyki plazmy s\u0142onecznej na tej samej uczelni (2000). By\u0142 cz\u0142onkiem grup naukowych w trzech misjach kosmicznych <em>NASA <\/em>oraz dw\u00f3ch misjach kosmicznych <em>ESA<\/em>. By\u0142 cz\u0142onkiem Mi\u0119dzynarodowego Jury projektu Odysseus w latach 2012\u00a0-2013.<\/p>\n<p style=\"text-align: justify;\"><b><img decoding=\"async\" loading=\"lazy\" class=\"alignleft wp-image-441\" src=\"http:\/\/odysseus-contests.eu\/2016\/wp-content\/uploads\/2015\/05\/image009.jpg\" alt=\"image009\" width=\"170\" height=\"187\" srcset=\"https:\/\/odysseus-contests.eu\/2016\/wp-content\/uploads\/2015\/05\/image009.jpg 282w, https:\/\/odysseus-contests.eu\/2016\/wp-content\/uploads\/2015\/05\/image009-272x300.jpg 272w\" sizes=\"(max-width: 170px) 100vw, 170px\" \/><\/b><\/p>\n<p style=\"text-align: justify;\"><strong>Ya\u00ebl Naz\u00e9 <\/strong>jest pracownikiem naukowym <em>Funduszu Bada\u0144 Naukowych <\/em>(<em>FNRS<\/em>) Uniwersytetu w\u00a0Li\u00e8ge(Belgia). Bada gwiazdy masywne poprzez obserwacje w wielu zakresach d\u0142ugo\u015bci fali\u00a0 (w marcu 2014 by\u0142a\u00a0 pierwszym autorem 39 recenzowanych publikacji\u00a0 i wsp\u00f3\u0142autorem 49 publikacji, h-index=25). Pracowa\u0142a\u00a0 w gronie ekspert\u00f3w\u00a0 gwiazdowych przy\u00a0 kilku obserwatoriach (<em>ESA, ESO, NASA<\/em>)\u00a0 oraz\u00a0 by\u0142a recenzentem wielu artyku\u0142\u00f3w naukowych o tematyce astrofizycznej. Prowadzi badania multidyscyplinarne, a tak\u017ce bierze udzia\u0142 w rozpowszechnianiu nauk \u015bcis\u0142ych (m.in.\u00a0 jest autorem dziewi\u0119ciu\u00a0 ksi\u0105\u017cek).<\/p>\n<p style=\"text-align: justify;\"><b>\u00a0<\/b><\/p>\n<p style=\"text-align: justify;\">\u00a0 \u00a0\u00a0<b><img decoding=\"async\" loading=\"lazy\" class=\"alignleft size-full wp-image-446\" src=\"http:\/\/odysseus-contests.eu\/2016\/wp-content\/uploads\/2015\/05\/image011.jpg\" alt=\"image011\" width=\"184\" height=\"207\" \/><\/b><strong>Rosa M. Ros Ferr\u00e9<\/strong> jest wiceprezydentem\u00a0 Komisji 46 Mi\u0119dzynarodowej Unii Astronomicznej (IAU) . Jest r\u00f3wnie\u017c wiceprezydentem Europejskiego Stowarzyszenia Edukacji Astronomicznej oraz dyrektorem program\u00f3w Ciencia en Acci\u00f3n i AdoptaunaEstrella. Wyk\u0142ada matematyk\u0119 dla in\u017cynier\u00f3w na wydziale Aeronautyki, Telematyki i Telekomunkacji Politechniki Castelldefels. Jest przewodnicz\u0105c\u0105 dzia\u0142u publikacji zarz\u0105du Asociaci\u00f3n para la Ense\u00f1anza de la Astronom\u00eda (ApEA), cz\u0142onkini\u0105 komitetu edukacji UniverseAwareness (UNAWE), konsultantk\u0105 komitetu wykonawczego organizacji badawczej EIROforum oraz cz\u0142onkini\u0105 panelu doradczego PhysicsEducation. Reprezentuje Hiszpani\u0119 w Komisji 46 MUA od 1994, podczas festiwali Physics on Stage i Science on Stage od 1999 oraz warsztat\u00f3w UNAWE \u2013 Explora el Universo od 2006.<\/p>\n<p><b>\u00a0<\/b><\/p>\n","protected":false},"excerpt":{"rendered":"<p>Jean-Pierre Swings jest Profesorem Honorowym Uniwersytetu w Li\u00e8ge (Belgia), na kt\u00f3rym uzyska\u0142 stopie\u0144 magistra w dziedzinie in\u017cynierii kosmicznej oraz stopie\u0144 doktora nauk \u015bcis\u0142ych w dziedzinie astrofizyki. Mi\u0119dzy innymi zajmuje si\u0119 fizyk\u0105\u00a0 S\u0142o\u0144ca oraz obiektami charakteryzuj\u0105cymi si\u0119 silnymi liniami emisyjnymi i\/lub wykazuj\u0105cymi nadwy\u017ck\u0119 promieniowania w zakresie podczerwonym widma elektromagnetycznego.\u00a0\u00a0 Piastowa\u0142 stanowiska: Sekretarza Generalnego Mi\u0119dzynarodowej Unii Astronomicznej, [&hellip;]<\/p>\n","protected":false},"author":2,"featured_media":0,"parent":2925,"menu_order":40,"comment_status":"closed","ping_status":"closed","template":"","meta":[],"acf":[],"yoast_head":"<!-- This site is optimized with the Yoast SEO plugin v19.14 - https:\/\/yoast.com\/wordpress\/plugins\/seo\/ -->\n<title>Rada Doradcza - ODYSSEUS II<\/title>\n<meta name=\"robots\" content=\"index, follow, max-snippet:-1, max-image-preview:large, max-video-preview:-1\" \/>\n<link rel=\"canonical\" href=\"https:\/\/odysseus-contests.eu\/2016\/pl\/projekt-odysseus-ii\/rada-doradcza\/\" \/>\n<meta property=\"og:locale\" content=\"pl_PL\" \/>\n<meta property=\"og:type\" content=\"article\" \/>\n<meta property=\"og:title\" content=\"Rada Doradcza - ODYSSEUS II\" \/>\n<meta property=\"og:description\" content=\"Jean-Pierre Swings jest Profesorem Honorowym Uniwersytetu w Li\u00e8ge (Belgia), na kt\u00f3rym uzyska\u0142 stopie\u0144 magistra w dziedzinie in\u017cynierii kosmicznej oraz stopie\u0144 doktora nauk \u015bcis\u0142ych w dziedzinie astrofizyki. Mi\u0119dzy innymi zajmuje si\u0119 fizyk\u0105\u00a0 S\u0142o\u0144ca oraz obiektami charakteryzuj\u0105cymi si\u0119 silnymi liniami emisyjnymi i\/lub wykazuj\u0105cymi nadwy\u017ck\u0119 promieniowania w zakresie podczerwonym widma elektromagnetycznego.\u00a0\u00a0 Piastowa\u0142 stanowiska: Sekretarza Generalnego Mi\u0119dzynarodowej Unii Astronomicznej, [&hellip;]\" \/>\n<meta property=\"og:url\" content=\"https:\/\/odysseus-contests.eu\/2016\/pl\/projekt-odysseus-ii\/rada-doradcza\/\" \/>\n<meta property=\"og:site_name\" content=\"ODYSSEUS II\" \/>\n<meta property=\"article:modified_time\" content=\"2015-07-28T13:23:53+00:00\" \/>\n<meta property=\"og:image\" content=\"http:\/\/odysseus-contests.eu\/2016\/wp-content\/uploads\/2015\/05\/image001.png\" \/>\n<meta name=\"twitter:card\" content=\"summary_large_image\" \/>\n<meta name=\"twitter:label1\" content=\"Szacowany czas czytania\" \/>\n\t<meta name=\"twitter:data1\" content=\"3 minuty\" \/>\n<script type=\"application\/ld+json\" class=\"yoast-schema-graph\">{\"@context\":\"https:\/\/schema.org\",\"@graph\":[{\"@type\":\"WebPage\",\"@id\":\"https:\/\/odysseus-contests.eu\/2016\/pl\/projekt-odysseus-ii\/rada-doradcza\/\",\"url\":\"https:\/\/odysseus-contests.eu\/2016\/pl\/projekt-odysseus-ii\/rada-doradcza\/\",\"name\":\"Rada Doradcza - ODYSSEUS II\",\"isPartOf\":{\"@id\":\"https:\/\/odysseus-contests.eu\/2016\/de\/#website\"},\"datePublished\":\"2015-07-17T19:00:58+00:00\",\"dateModified\":\"2015-07-28T13:23:53+00:00\",\"breadcrumb\":{\"@id\":\"https:\/\/odysseus-contests.eu\/2016\/pl\/projekt-odysseus-ii\/rada-doradcza\/#breadcrumb\"},\"inLanguage\":\"pl-PL\",\"potentialAction\":[{\"@type\":\"ReadAction\",\"target\":[\"https:\/\/odysseus-contests.eu\/2016\/pl\/projekt-odysseus-ii\/rada-doradcza\/\"]}]},{\"@type\":\"BreadcrumbList\",\"@id\":\"https:\/\/odysseus-contests.eu\/2016\/pl\/projekt-odysseus-ii\/rada-doradcza\/#breadcrumb\",\"itemListElement\":[{\"@type\":\"ListItem\",\"position\":1,\"name\":\"Home\",\"item\":\"https:\/\/odysseus-contests.eu\/2016\/pl\/\"},{\"@type\":\"ListItem\",\"position\":2,\"name\":\"Projekt Odysseus II\",\"item\":\"https:\/\/odysseus-contests.eu\/2016\/pl\/projekt-odysseus-ii\/\"},{\"@type\":\"ListItem\",\"position\":3,\"name\":\"Rada Doradcza\"}]},{\"@type\":\"WebSite\",\"@id\":\"https:\/\/odysseus-contests.eu\/2016\/de\/#website\",\"url\":\"https:\/\/odysseus-contests.eu\/2016\/de\/\",\"name\":\"ODYSSEUS II\",\"description\":\"European Youth Space Contest\",\"potentialAction\":[{\"@type\":\"SearchAction\",\"target\":{\"@type\":\"EntryPoint\",\"urlTemplate\":\"https:\/\/odysseus-contests.eu\/2016\/de\/?s={search_term_string}\"},\"query-input\":\"required name=search_term_string\"}],\"inLanguage\":\"pl-PL\"}]}<\/script>\n<!-- \/ Yoast SEO plugin. -->","yoast_head_json":{"title":"Rada Doradcza - ODYSSEUS II","robots":{"index":"index","follow":"follow","max-snippet":"max-snippet:-1","max-image-preview":"max-image-preview:large","max-video-preview":"max-video-preview:-1"},"canonical":"https:\/\/odysseus-contests.eu\/2016\/pl\/projekt-odysseus-ii\/rada-doradcza\/","og_locale":"pl_PL","og_type":"article","og_title":"Rada Doradcza - ODYSSEUS II","og_description":"Jean-Pierre Swings jest Profesorem Honorowym Uniwersytetu w Li\u00e8ge (Belgia), na kt\u00f3rym uzyska\u0142 stopie\u0144 magistra w dziedzinie in\u017cynierii kosmicznej oraz stopie\u0144 doktora nauk \u015bcis\u0142ych w dziedzinie astrofizyki. Mi\u0119dzy innymi zajmuje si\u0119 fizyk\u0105\u00a0 S\u0142o\u0144ca oraz obiektami charakteryzuj\u0105cymi si\u0119 silnymi liniami emisyjnymi i\/lub wykazuj\u0105cymi nadwy\u017ck\u0119 promieniowania w zakresie podczerwonym widma elektromagnetycznego.\u00a0\u00a0 Piastowa\u0142 stanowiska: Sekretarza Generalnego Mi\u0119dzynarodowej Unii Astronomicznej, [&hellip;]","og_url":"https:\/\/odysseus-contests.eu\/2016\/pl\/projekt-odysseus-ii\/rada-doradcza\/","og_site_name":"ODYSSEUS II","article_modified_time":"2015-07-28T13:23:53+00:00","og_image":[{"url":"http:\/\/odysseus-contests.eu\/2016\/wp-content\/uploads\/2015\/05\/image001.png"}],"twitter_card":"summary_large_image","twitter_misc":{"Szacowany czas czytania":"3 minuty"},"schema":{"@context":"https:\/\/schema.org","@graph":[{"@type":"WebPage","@id":"https:\/\/odysseus-contests.eu\/2016\/pl\/projekt-odysseus-ii\/rada-doradcza\/","url":"https:\/\/odysseus-contests.eu\/2016\/pl\/projekt-odysseus-ii\/rada-doradcza\/","name":"Rada Doradcza - ODYSSEUS II","isPartOf":{"@id":"https:\/\/odysseus-contests.eu\/2016\/de\/#website"},"datePublished":"2015-07-17T19:00:58+00:00","dateModified":"2015-07-28T13:23:53+00:00","breadcrumb":{"@id":"https:\/\/odysseus-contests.eu\/2016\/pl\/projekt-odysseus-ii\/rada-doradcza\/#breadcrumb"},"inLanguage":"pl-PL","potentialAction":[{"@type":"ReadAction","target":["https:\/\/odysseus-contests.eu\/2016\/pl\/projekt-odysseus-ii\/rada-doradcza\/"]}]},{"@type":"BreadcrumbList","@id":"https:\/\/odysseus-contests.eu\/2016\/pl\/projekt-odysseus-ii\/rada-doradcza\/#breadcrumb","itemListElement":[{"@type":"ListItem","position":1,"name":"Home","item":"https:\/\/odysseus-contests.eu\/2016\/pl\/"},{"@type":"ListItem","position":2,"name":"Projekt Odysseus II","item":"https:\/\/odysseus-contests.eu\/2016\/pl\/projekt-odysseus-ii\/"},{"@type":"ListItem","position":3,"name":"Rada Doradcza"}]},{"@type":"WebSite","@id":"https:\/\/odysseus-contests.eu\/2016\/de\/#website","url":"https:\/\/odysseus-contests.eu\/2016\/de\/","name":"ODYSSEUS II","description":"European Youth Space Contest","potentialAction":[{"@type":"SearchAction","target":{"@type":"EntryPoint","urlTemplate":"https:\/\/odysseus-contests.eu\/2016\/de\/?s={search_term_string}"},"query-input":"required name=search_term_string"}],"inLanguage":"pl-PL"}]}},"_links":{"self":[{"href":"https:\/\/odysseus-contests.eu\/2016\/pl\/wp-json\/wp\/v2\/pages\/2930"}],"collection":[{"href":"https:\/\/odysseus-contests.eu\/2016\/pl\/wp-json\/wp\/v2\/pages"}],"about":[{"href":"https:\/\/odysseus-contests.eu\/2016\/pl\/wp-json\/wp\/v2\/types\/page"}],"author":[{"embeddable":true,"href":"https:\/\/odysseus-contests.eu\/2016\/pl\/wp-json\/wp\/v2\/users\/2"}],"replies":[{"embeddable":true,"href":"https:\/\/odysseus-contests.eu\/2016\/pl\/wp-json\/wp\/v2\/comments?post=2930"}],"version-history":[{"count":0,"href":"https:\/\/odysseus-contests.eu\/2016\/pl\/wp-json\/wp\/v2\/pages\/2930\/revisions"}],"up":[{"embeddable":true,"href":"https:\/\/odysseus-contests.eu\/2016\/pl\/wp-json\/wp\/v2\/pages\/2925"}],"wp:attachment":[{"href":"https:\/\/odysseus-contests.eu\/2016\/pl\/wp-json\/wp\/v2\/media?parent=2930"}],"curies":[{"name":"wp","href":"https:\/\/api.w.org\/{rel}","templated":true}]}}