{"id":2919,"date":"2015-07-17T21:54:13","date_gmt":"2015-07-17T18:54:13","guid":{"rendered":"http:\/\/odysseus-contests.eu\/2016\/?page_id=2919"},"modified":"2016-02-04T22:18:54","modified_gmt":"2016-02-04T19:18:54","slug":"czesto-zadawane-pytania","status":"publish","type":"page","link":"https:\/\/odysseus-contests.eu\/2016\/pl\/skywalkers\/czesto-zadawane-pytania\/","title":{"rendered":"Cz\u0119sto zadawane pytania"},"content":{"rendered":"<h4 style=\"text-align: justify;\">P: Czym jest Odysseus\u00a0II?<\/h4>\n<p style=\"text-align: justify;\">O: Odysseus\u00a0II jest projektem finansowanym przez Komisj\u0119 Europejsk\u0105, w ramach kt\u00f3rego organizowany jest og\u00f3lnoeuropejski konkurs dla uczni\u00f3w i student\u00f3w w przedziale wiekowym od siedmiu do dwudziestu dw\u00f3ch lat, dotycz\u0105cy badania i wykorzystania przestrzeni kosmicznej.<\/p>\n<h4 style=\"text-align: justify;\">P: Chc\u0119 zarejestrowa\u0107 ucznia w konkursie \u2013 Jak wys\u0142a\u0107 zg\u0142oszenie do projektu Odysseus\u00a0II?<\/h4>\n<p style=\"text-align: justify;\">O: Mo\u017cesz zarejestrowa\u0107 uczni\u00f3w poprzez podanie adresu email i wybranie has\u0142a w odpowiedniej sekcji portalu projektu Odysseus\u00a0II. Po wprowadzeniu adresu email i has\u0142a nale\u017cy wybra\u0107 kategori\u0119 Skywalkers i zaakceptowa\u0107 regulamin projektu Odysseus\u00a0II. Musisz r\u00f3wnie\u017c zweryfikowa\u0107 swoje konto poprzez klikni\u0119cie linku wys\u0142anego z portalu Odysseus\u00a0II na podany adres. Nast\u0119pnie mo\u017cesz si\u0119 zalogowa\u0107 i uzupe\u0142ni\u0107 informacje o sobie oraz o uczniach, kt\u00f3rymi si\u0119 opiekujesz.<\/p>\n<h4 style=\"text-align: justify;\">P: Czy musz\u0119 spe\u0142ni\u0107 jakie\u015b dodatkowe wymagania, by zarejestrowa\u0107 ucznia w projekcie Odysseus\u00a0II?<\/h4>\n<p style=\"text-align: justify;\">O: Tak, rodzic lub opiekun prawny musi podpisa\u0107 i dostarczy\u0107 formularz, w kt\u00f3rym zgadza si\u0119 na uczestnictwo dziecka w projekcie Odysseus\u00a0II i akceptuje zasady konkursu. Aby by\u0107 dopuszczonym do konkursu, ucze\u0144 musi zosta\u0107 zarejestrowany przed dniem 31 marca 2016.<\/p>\n<h4 style=\"text-align: justify;\">P: W jakim wieku musi by\u0107 ucze\u0144, by zosta\u0107 dopuszczonym do konkursu\u00a0Odysseus\u00a0II?<\/h4>\n<p style=\"text-align: justify;\">O: Uczestnicy w kategorii Skywalkers musz\u0105 by\u0107 urodzeni pomi\u0119dzy 1\u00a0kwietnia\u00a02002 a 31\u00a0marca\u00a02009.<\/p>\n<h4 style=\"text-align: justify;\">P: Jak zg\u0142osi\u0107 prac\u0119 na konkurs?<\/h4>\n<p style=\"text-align: justify;\">O:Musisz si\u0119 zarejestrowa\u0107 a nast\u0119pnie zalogowa\u0107 na portalu Odysseus\u00a0II. Aby z\u0142o\u017cy\u0107 dzie\u0142o kliknij na link <u>z\u0142\u00f3\u017c dzie\u0142o.<\/u><\/p>\n<h4 style=\"text-align: justify;\">P: Czy mog\u0119 zg\u0142osi\u0107 do konkursu wi\u0119cej ni\u017c jedno dzie\u0142o?<\/h4>\n<p style=\"text-align: justify;\">O: Tak, ale tylko jedno na uczestnika. Ka\u017cdy nauczyciel, rodzic lub opiekun prawny mo\u017ce zg\u0142osi\u0107 do 50 prac autorstwa 50 r\u00f3\u017cnych uczestnik\u00f3w konkursu w kategorii Skywalkers, pod warunkiem wyra\u017cenia zgody rodzicielskiej na uczestnictwo w konkursie dla ka\u017cdego z nich.<\/p>\n<h4 style=\"text-align: justify;\">P: Co zrobi\u0107, je\u015bli zapomn\u0119 mojego has\u0142a dost\u0119pu do platformy Odysseus\u00a0II?<\/h4>\n<p style=\"text-align: justify;\">O: Na stronie logowania znajduje si\u0119 link <u>\u201ezmiana has\u0142a\u201d.<\/u>Nale\u017cy klikn\u0105\u0107 na ten link, by na adres email, podany wcze\u015bniej w platformie Odysseus\u00a0II, zosta\u0142o wys\u0142ane nowe has\u0142o.<\/p>\n<h4 style=\"text-align: justify;\">P: Kiedy nale\u017cy zg\u0142osi\u0107 prac\u0119 na konkurs?<\/h4>\n<p style=\"text-align: justify;\">O: Zg\u0142oszenie dzie\u0142 na konkurs musi nast\u0105pi\u0107 do godziny 23:59:59 czasu \u015brodkowoeuropejskiego 31\u00a0marca\u00a02016 r. Organizatorzy projektu Odysseus\u00a0II zalecaj\u0105 by z\u0142o\u017cy\u0107 prac\u0119 jak tylko b\u0119dzie gotowa, a nie czeka\u0107 do ostatniego dnia sk\u0142adania prac.<\/p>\n<h4 style=\"text-align: justify;\">P: Czy organizatorzy mog\u0105 mi pom\u00f3c z\u0142o\u017cy\u0107 dzie\u0142o na platform\u0119 Odysseus\u00a0II?<\/h4>\n<p style=\"text-align: justify;\">O: Tak; najpierw nale\u017cy przejrze\u0107 instrukcje zawarte pod linkiem \u201ez\u0142\u00f3\u017c dzie\u0142o\u201d.\u00a0 W razie pyta\u0144 prosimy o wype\u0142nienie i wys\u0142anie formularza kontaktowego. Organizatorzy pomog\u0105 w prawid\u0142owym wys\u0142aniu pracy.<\/p>\n<h4 style=\"text-align: justify;\">P: Czy mog\u0119 obejrze\u0107 inne prace bior\u0105ce udzia\u0142 w konkursie?<\/h4>\n<p style=\"text-align: justify;\">O: Tak, wszystkie prace zostan\u0105 opublikowane na stronie konkursu\u00a0Odysseus\u00a0II po 31\u00a0marca\u00a02016.<\/p>\n<h4 style=\"text-align: justify;\">P: Jak b\u0119dzie si\u0119 odbywa\u0107 g\u0142osowanie uczestnik\u00f3w?<\/h4>\n<p style=\"text-align: justify;\">O: Ka\u017cdy uczestnik konkursu b\u0119dzie m\u00f3g\u0142 g\u0142osowa\u0107 za po\u015brednictwem platformy\u00a0Odysseus\u00a0II na wybrane przez siebie dzie\u0142o, ale nie b\u0119dzie m\u00f3g\u0142 g\u0142osowa\u0107 na prac\u0119 swojego autorstwa. Ka\u017cdy uczestnik b\u0119dzie posiada\u0142 jeden g\u0142os. Uczestnik konkursu b\u0119dzie g\u0142osowa\u0142 na dzie\u0142a zg\u0142oszone wy\u0142\u0105cznie w jego kraju i w jego kategorii wiekowej.<\/p>\n<h4 style=\"text-align: justify;\">P: Jak organizatorzy powiadomi\u0105 mnie czy moje dzie\u0142o wygra\u0142o?<\/h4>\n<p style=\"text-align: justify;\">O: Wyniki zostan\u0105 og\u0142oszone na stronie projektu\u00a0Odysseus\u00a0II.<\/p>\n<h4 style=\"text-align: justify;\">P: Jakie nagrody mo\u017cna otrzyma\u0107?<\/h4>\n<p style=\"text-align: justify;\">O: Zwyci\u0119zca konkursu na najlepsze dzie\u0142o, kt\u00f3ry zostanie wybrany w mi\u0119dzynarodowym finale, otrzyma nagrod\u0119 zwi\u0105zan\u0105 tematycznie z badaniami przestrzeni kosmicznej, a tak\u017ce dyplom \u201eEuropean Youth Space Ambassador\u201d, kt\u00f3ry zostanie przes\u0142any bezpo\u015brednio do jego domu lub szko\u0142y. By dowiedzie\u0107 si\u0119 wi\u0119cej o nagrodach, prosz\u0119 przejrze\u0107 sekcj\u0119<u> <a href=\"http:\/\/odysseus-contests.eu\/2016\/pl\/skywalkers\/nagrody\/\" target=\"_blank\">Nagrody na stronie Skywalkers<\/a>.<\/u><\/p>\n<h4><\/h4>\n","protected":false},"excerpt":{"rendered":"<p>P: Czym jest Odysseus\u00a0II? O: Odysseus\u00a0II jest projektem finansowanym przez Komisj\u0119 Europejsk\u0105, w ramach kt\u00f3rego organizowany jest og\u00f3lnoeuropejski konkurs dla uczni\u00f3w i student\u00f3w w przedziale wiekowym od siedmiu do dwudziestu dw\u00f3ch lat, dotycz\u0105cy badania i wykorzystania przestrzeni kosmicznej. P: Chc\u0119 zarejestrowa\u0107 ucznia w konkursie \u2013 Jak wys\u0142a\u0107 zg\u0142oszenie do projektu Odysseus\u00a0II? O: Mo\u017cesz zarejestrowa\u0107 uczni\u00f3w [&hellip;]<\/p>\n","protected":false},"author":2,"featured_media":0,"parent":2908,"menu_order":60,"comment_status":"closed","ping_status":"closed","template":"","meta":[],"acf":[],"yoast_head":"<!-- This site is optimized with the Yoast SEO plugin v19.14 - https:\/\/yoast.com\/wordpress\/plugins\/seo\/ -->\n<title>Cz\u0119sto zadawane pytania - ODYSSEUS II<\/title>\n<meta name=\"robots\" content=\"index, follow, max-snippet:-1, max-image-preview:large, max-video-preview:-1\" \/>\n<link rel=\"canonical\" href=\"https:\/\/odysseus-contests.eu\/2016\/pl\/skywalkers\/czesto-zadawane-pytania\/\" \/>\n<meta property=\"og:locale\" content=\"pl_PL\" \/>\n<meta property=\"og:type\" content=\"article\" \/>\n<meta property=\"og:title\" content=\"Cz\u0119sto zadawane pytania - ODYSSEUS II\" \/>\n<meta property=\"og:description\" content=\"P: Czym jest Odysseus\u00a0II? O: Odysseus\u00a0II jest projektem finansowanym przez Komisj\u0119 Europejsk\u0105, w ramach kt\u00f3rego organizowany jest og\u00f3lnoeuropejski konkurs dla uczni\u00f3w i student\u00f3w w przedziale wiekowym od siedmiu do dwudziestu dw\u00f3ch lat, dotycz\u0105cy badania i wykorzystania przestrzeni kosmicznej. P: Chc\u0119 zarejestrowa\u0107 ucznia w konkursie \u2013 Jak wys\u0142a\u0107 zg\u0142oszenie do projektu Odysseus\u00a0II? O: Mo\u017cesz zarejestrowa\u0107 uczni\u00f3w [&hellip;]\" \/>\n<meta property=\"og:url\" content=\"https:\/\/odysseus-contests.eu\/2016\/pl\/skywalkers\/czesto-zadawane-pytania\/\" \/>\n<meta property=\"og:site_name\" content=\"ODYSSEUS II\" \/>\n<meta property=\"article:modified_time\" content=\"2016-02-04T19:18:54+00:00\" \/>\n<meta name=\"twitter:card\" content=\"summary_large_image\" \/>\n<meta name=\"twitter:label1\" content=\"Szacowany czas czytania\" \/>\n\t<meta name=\"twitter:data1\" content=\"3 minuty\" \/>\n<script type=\"application\/ld+json\" class=\"yoast-schema-graph\">{\"@context\":\"https:\/\/schema.org\",\"@graph\":[{\"@type\":\"WebPage\",\"@id\":\"https:\/\/odysseus-contests.eu\/2016\/pl\/skywalkers\/czesto-zadawane-pytania\/\",\"url\":\"https:\/\/odysseus-contests.eu\/2016\/pl\/skywalkers\/czesto-zadawane-pytania\/\",\"name\":\"Cz\u0119sto zadawane pytania - ODYSSEUS II\",\"isPartOf\":{\"@id\":\"https:\/\/odysseus-contests.eu\/2016\/de\/#website\"},\"datePublished\":\"2015-07-17T18:54:13+00:00\",\"dateModified\":\"2016-02-04T19:18:54+00:00\",\"breadcrumb\":{\"@id\":\"https:\/\/odysseus-contests.eu\/2016\/pl\/skywalkers\/czesto-zadawane-pytania\/#breadcrumb\"},\"inLanguage\":\"pl-PL\",\"potentialAction\":[{\"@type\":\"ReadAction\",\"target\":[\"https:\/\/odysseus-contests.eu\/2016\/pl\/skywalkers\/czesto-zadawane-pytania\/\"]}]},{\"@type\":\"BreadcrumbList\",\"@id\":\"https:\/\/odysseus-contests.eu\/2016\/pl\/skywalkers\/czesto-zadawane-pytania\/#breadcrumb\",\"itemListElement\":[{\"@type\":\"ListItem\",\"position\":1,\"name\":\"Home\",\"item\":\"https:\/\/odysseus-contests.eu\/2016\/pl\/\"},{\"@type\":\"ListItem\",\"position\":2,\"name\":\"Skywalkers\",\"item\":\"https:\/\/odysseus-contests.eu\/2016\/pl\/skywalkers\/\"},{\"@type\":\"ListItem\",\"position\":3,\"name\":\"Cz\u0119sto zadawane pytania\"}]},{\"@type\":\"WebSite\",\"@id\":\"https:\/\/odysseus-contests.eu\/2016\/de\/#website\",\"url\":\"https:\/\/odysseus-contests.eu\/2016\/de\/\",\"name\":\"ODYSSEUS II\",\"description\":\"European Youth Space Contest\",\"potentialAction\":[{\"@type\":\"SearchAction\",\"target\":{\"@type\":\"EntryPoint\",\"urlTemplate\":\"https:\/\/odysseus-contests.eu\/2016\/de\/?s={search_term_string}\"},\"query-input\":\"required name=search_term_string\"}],\"inLanguage\":\"pl-PL\"}]}<\/script>\n<!-- \/ Yoast SEO plugin. -->","yoast_head_json":{"title":"Cz\u0119sto zadawane pytania - ODYSSEUS II","robots":{"index":"index","follow":"follow","max-snippet":"max-snippet:-1","max-image-preview":"max-image-preview:large","max-video-preview":"max-video-preview:-1"},"canonical":"https:\/\/odysseus-contests.eu\/2016\/pl\/skywalkers\/czesto-zadawane-pytania\/","og_locale":"pl_PL","og_type":"article","og_title":"Cz\u0119sto zadawane pytania - ODYSSEUS II","og_description":"P: Czym jest Odysseus\u00a0II? O: Odysseus\u00a0II jest projektem finansowanym przez Komisj\u0119 Europejsk\u0105, w ramach kt\u00f3rego organizowany jest og\u00f3lnoeuropejski konkurs dla uczni\u00f3w i student\u00f3w w przedziale wiekowym od siedmiu do dwudziestu dw\u00f3ch lat, dotycz\u0105cy badania i wykorzystania przestrzeni kosmicznej. P: Chc\u0119 zarejestrowa\u0107 ucznia w konkursie \u2013 Jak wys\u0142a\u0107 zg\u0142oszenie do projektu Odysseus\u00a0II? O: Mo\u017cesz zarejestrowa\u0107 uczni\u00f3w [&hellip;]","og_url":"https:\/\/odysseus-contests.eu\/2016\/pl\/skywalkers\/czesto-zadawane-pytania\/","og_site_name":"ODYSSEUS II","article_modified_time":"2016-02-04T19:18:54+00:00","twitter_card":"summary_large_image","twitter_misc":{"Szacowany czas czytania":"3 minuty"},"schema":{"@context":"https:\/\/schema.org","@graph":[{"@type":"WebPage","@id":"https:\/\/odysseus-contests.eu\/2016\/pl\/skywalkers\/czesto-zadawane-pytania\/","url":"https:\/\/odysseus-contests.eu\/2016\/pl\/skywalkers\/czesto-zadawane-pytania\/","name":"Cz\u0119sto zadawane pytania - ODYSSEUS II","isPartOf":{"@id":"https:\/\/odysseus-contests.eu\/2016\/de\/#website"},"datePublished":"2015-07-17T18:54:13+00:00","dateModified":"2016-02-04T19:18:54+00:00","breadcrumb":{"@id":"https:\/\/odysseus-contests.eu\/2016\/pl\/skywalkers\/czesto-zadawane-pytania\/#breadcrumb"},"inLanguage":"pl-PL","potentialAction":[{"@type":"ReadAction","target":["https:\/\/odysseus-contests.eu\/2016\/pl\/skywalkers\/czesto-zadawane-pytania\/"]}]},{"@type":"BreadcrumbList","@id":"https:\/\/odysseus-contests.eu\/2016\/pl\/skywalkers\/czesto-zadawane-pytania\/#breadcrumb","itemListElement":[{"@type":"ListItem","position":1,"name":"Home","item":"https:\/\/odysseus-contests.eu\/2016\/pl\/"},{"@type":"ListItem","position":2,"name":"Skywalkers","item":"https:\/\/odysseus-contests.eu\/2016\/pl\/skywalkers\/"},{"@type":"ListItem","position":3,"name":"Cz\u0119sto zadawane pytania"}]},{"@type":"WebSite","@id":"https:\/\/odysseus-contests.eu\/2016\/de\/#website","url":"https:\/\/odysseus-contests.eu\/2016\/de\/","name":"ODYSSEUS II","description":"European Youth Space Contest","potentialAction":[{"@type":"SearchAction","target":{"@type":"EntryPoint","urlTemplate":"https:\/\/odysseus-contests.eu\/2016\/de\/?s={search_term_string}"},"query-input":"required name=search_term_string"}],"inLanguage":"pl-PL"}]}},"_links":{"self":[{"href":"https:\/\/odysseus-contests.eu\/2016\/pl\/wp-json\/wp\/v2\/pages\/2919"}],"collection":[{"href":"https:\/\/odysseus-contests.eu\/2016\/pl\/wp-json\/wp\/v2\/pages"}],"about":[{"href":"https:\/\/odysseus-contests.eu\/2016\/pl\/wp-json\/wp\/v2\/types\/page"}],"author":[{"embeddable":true,"href":"https:\/\/odysseus-contests.eu\/2016\/pl\/wp-json\/wp\/v2\/users\/2"}],"replies":[{"embeddable":true,"href":"https:\/\/odysseus-contests.eu\/2016\/pl\/wp-json\/wp\/v2\/comments?post=2919"}],"version-history":[{"count":2,"href":"https:\/\/odysseus-contests.eu\/2016\/pl\/wp-json\/wp\/v2\/pages\/2919\/revisions"}],"predecessor-version":[{"id":7872,"href":"https:\/\/odysseus-contests.eu\/2016\/pl\/wp-json\/wp\/v2\/pages\/2919\/revisions\/7872"}],"up":[{"embeddable":true,"href":"https:\/\/odysseus-contests.eu\/2016\/pl\/wp-json\/wp\/v2\/pages\/2908"}],"wp:attachment":[{"href":"https:\/\/odysseus-contests.eu\/2016\/pl\/wp-json\/wp\/v2\/media?parent=2919"}],"curies":[{"name":"wp","href":"https:\/\/api.w.org\/{rel}","templated":true}]}}