{"id":2918,"date":"2015-07-17T21:52:24","date_gmt":"2015-07-17T18:52:24","guid":{"rendered":"http:\/\/odysseus-contests.eu\/2016\/?page_id=2918"},"modified":"2016-06-05T11:08:29","modified_gmt":"2016-06-05T08:08:29","slug":"kryteria-oceny","status":"publish","type":"page","link":"https:\/\/odysseus-contests.eu\/2016\/pl\/skywalkers\/kryteria-oceny\/","title":{"rendered":"Kryteria Oceny"},"content":{"rendered":"<p style=\"text-align: justify;\">Prace b\u0119d\u0105 oceniane przez samych uczestnik\u00f3w projektu Odysseus. Wszyscy uczestnicy b\u0119d\u0105 mogli g\u0142osowa\u0107 na wybrane przez siebie prace pod warunkiem, \u017ce nie jest to ich w\u0142asne dzie\u0142o. W celu zapewnienia akceptowalnej liczby dzie\u0142, internetowej ocenie zostan\u0105 poddane prace wst\u0119pnie wyselekcjonowane.\u00a0 W wyniku g\u0142osowania online, w ka\u017cdym z kraj\u00f3w zostan\u0105 wybrane trzy najlepsze prace, kt\u00f3re przejd\u0105 do fina\u0142owej rundy. Zwyci\u0119zca zostanie wy\u0142oniony w drodze g\u0142osowania online przez uczestnik\u00f3w. Wybory najlepszych dzie\u0142 odb\u0119d\u0105 si\u0119 w dw\u00f3ch kategoriach wiekowych 7 \u2013 10 lat (<strong>Junior Skywalkers<\/strong>) i 11-13 lat (<strong>Senior Skywalkers<\/strong>).<\/p>\n","protected":false},"excerpt":{"rendered":"<p>Prace b\u0119d\u0105 oceniane przez samych uczestnik\u00f3w projektu Odysseus. Wszyscy uczestnicy b\u0119d\u0105 mogli g\u0142osowa\u0107 na wybrane przez siebie prace pod warunkiem, \u017ce nie jest to ich w\u0142asne dzie\u0142o. W celu zapewnienia akceptowalnej liczby dzie\u0142, internetowej ocenie zostan\u0105 poddane prace wst\u0119pnie wyselekcjonowane.\u00a0 W wyniku g\u0142osowania online, w ka\u017cdym z kraj\u00f3w zostan\u0105 wybrane trzy najlepsze prace, kt\u00f3re przejd\u0105 [&hellip;]<\/p>\n","protected":false},"author":2,"featured_media":0,"parent":2908,"menu_order":50,"comment_status":"closed","ping_status":"closed","template":"","meta":[],"acf":[],"yoast_head":"<!-- This site is optimized with the Yoast SEO plugin v19.14 - https:\/\/yoast.com\/wordpress\/plugins\/seo\/ -->\n<title>Kryteria Oceny - ODYSSEUS II<\/title>\n<meta name=\"robots\" content=\"index, follow, max-snippet:-1, max-image-preview:large, max-video-preview:-1\" \/>\n<link rel=\"canonical\" href=\"https:\/\/odysseus-contests.eu\/2016\/pl\/skywalkers\/kryteria-oceny\/\" \/>\n<meta property=\"og:locale\" content=\"pl_PL\" \/>\n<meta property=\"og:type\" content=\"article\" \/>\n<meta property=\"og:title\" content=\"Kryteria Oceny - ODYSSEUS II\" \/>\n<meta property=\"og:description\" content=\"Prace b\u0119d\u0105 oceniane przez samych uczestnik\u00f3w projektu Odysseus. Wszyscy uczestnicy b\u0119d\u0105 mogli g\u0142osowa\u0107 na wybrane przez siebie prace pod warunkiem, \u017ce nie jest to ich w\u0142asne dzie\u0142o. W celu zapewnienia akceptowalnej liczby dzie\u0142, internetowej ocenie zostan\u0105 poddane prace wst\u0119pnie wyselekcjonowane.\u00a0 W wyniku g\u0142osowania online, w ka\u017cdym z kraj\u00f3w zostan\u0105 wybrane trzy najlepsze prace, kt\u00f3re przejd\u0105 [&hellip;]\" \/>\n<meta property=\"og:url\" content=\"https:\/\/odysseus-contests.eu\/2016\/pl\/skywalkers\/kryteria-oceny\/\" \/>\n<meta property=\"og:site_name\" content=\"ODYSSEUS II\" \/>\n<meta property=\"article:modified_time\" content=\"2016-06-05T08:08:29+00:00\" \/>\n<meta name=\"twitter:card\" content=\"summary_large_image\" \/>\n<meta name=\"twitter:label1\" content=\"Szacowany czas czytania\" \/>\n\t<meta name=\"twitter:data1\" content=\"1 minuta\" \/>\n<script type=\"application\/ld+json\" class=\"yoast-schema-graph\">{\"@context\":\"https:\/\/schema.org\",\"@graph\":[{\"@type\":\"WebPage\",\"@id\":\"https:\/\/odysseus-contests.eu\/2016\/pl\/skywalkers\/kryteria-oceny\/\",\"url\":\"https:\/\/odysseus-contests.eu\/2016\/pl\/skywalkers\/kryteria-oceny\/\",\"name\":\"Kryteria Oceny - ODYSSEUS II\",\"isPartOf\":{\"@id\":\"https:\/\/odysseus-contests.eu\/2016\/de\/#website\"},\"datePublished\":\"2015-07-17T18:52:24+00:00\",\"dateModified\":\"2016-06-05T08:08:29+00:00\",\"breadcrumb\":{\"@id\":\"https:\/\/odysseus-contests.eu\/2016\/pl\/skywalkers\/kryteria-oceny\/#breadcrumb\"},\"inLanguage\":\"pl-PL\",\"potentialAction\":[{\"@type\":\"ReadAction\",\"target\":[\"https:\/\/odysseus-contests.eu\/2016\/pl\/skywalkers\/kryteria-oceny\/\"]}]},{\"@type\":\"BreadcrumbList\",\"@id\":\"https:\/\/odysseus-contests.eu\/2016\/pl\/skywalkers\/kryteria-oceny\/#breadcrumb\",\"itemListElement\":[{\"@type\":\"ListItem\",\"position\":1,\"name\":\"Home\",\"item\":\"https:\/\/odysseus-contests.eu\/2016\/pl\/\"},{\"@type\":\"ListItem\",\"position\":2,\"name\":\"Skywalkers\",\"item\":\"https:\/\/odysseus-contests.eu\/2016\/pl\/skywalkers\/\"},{\"@type\":\"ListItem\",\"position\":3,\"name\":\"Kryteria Oceny\"}]},{\"@type\":\"WebSite\",\"@id\":\"https:\/\/odysseus-contests.eu\/2016\/de\/#website\",\"url\":\"https:\/\/odysseus-contests.eu\/2016\/de\/\",\"name\":\"ODYSSEUS II\",\"description\":\"European Youth Space Contest\",\"potentialAction\":[{\"@type\":\"SearchAction\",\"target\":{\"@type\":\"EntryPoint\",\"urlTemplate\":\"https:\/\/odysseus-contests.eu\/2016\/de\/?s={search_term_string}\"},\"query-input\":\"required name=search_term_string\"}],\"inLanguage\":\"pl-PL\"}]}<\/script>\n<!-- \/ Yoast SEO plugin. -->","yoast_head_json":{"title":"Kryteria Oceny - ODYSSEUS II","robots":{"index":"index","follow":"follow","max-snippet":"max-snippet:-1","max-image-preview":"max-image-preview:large","max-video-preview":"max-video-preview:-1"},"canonical":"https:\/\/odysseus-contests.eu\/2016\/pl\/skywalkers\/kryteria-oceny\/","og_locale":"pl_PL","og_type":"article","og_title":"Kryteria Oceny - ODYSSEUS II","og_description":"Prace b\u0119d\u0105 oceniane przez samych uczestnik\u00f3w projektu Odysseus. Wszyscy uczestnicy b\u0119d\u0105 mogli g\u0142osowa\u0107 na wybrane przez siebie prace pod warunkiem, \u017ce nie jest to ich w\u0142asne dzie\u0142o. W celu zapewnienia akceptowalnej liczby dzie\u0142, internetowej ocenie zostan\u0105 poddane prace wst\u0119pnie wyselekcjonowane.\u00a0 W wyniku g\u0142osowania online, w ka\u017cdym z kraj\u00f3w zostan\u0105 wybrane trzy najlepsze prace, kt\u00f3re przejd\u0105 [&hellip;]","og_url":"https:\/\/odysseus-contests.eu\/2016\/pl\/skywalkers\/kryteria-oceny\/","og_site_name":"ODYSSEUS II","article_modified_time":"2016-06-05T08:08:29+00:00","twitter_card":"summary_large_image","twitter_misc":{"Szacowany czas czytania":"1 minuta"},"schema":{"@context":"https:\/\/schema.org","@graph":[{"@type":"WebPage","@id":"https:\/\/odysseus-contests.eu\/2016\/pl\/skywalkers\/kryteria-oceny\/","url":"https:\/\/odysseus-contests.eu\/2016\/pl\/skywalkers\/kryteria-oceny\/","name":"Kryteria Oceny - ODYSSEUS II","isPartOf":{"@id":"https:\/\/odysseus-contests.eu\/2016\/de\/#website"},"datePublished":"2015-07-17T18:52:24+00:00","dateModified":"2016-06-05T08:08:29+00:00","breadcrumb":{"@id":"https:\/\/odysseus-contests.eu\/2016\/pl\/skywalkers\/kryteria-oceny\/#breadcrumb"},"inLanguage":"pl-PL","potentialAction":[{"@type":"ReadAction","target":["https:\/\/odysseus-contests.eu\/2016\/pl\/skywalkers\/kryteria-oceny\/"]}]},{"@type":"BreadcrumbList","@id":"https:\/\/odysseus-contests.eu\/2016\/pl\/skywalkers\/kryteria-oceny\/#breadcrumb","itemListElement":[{"@type":"ListItem","position":1,"name":"Home","item":"https:\/\/odysseus-contests.eu\/2016\/pl\/"},{"@type":"ListItem","position":2,"name":"Skywalkers","item":"https:\/\/odysseus-contests.eu\/2016\/pl\/skywalkers\/"},{"@type":"ListItem","position":3,"name":"Kryteria Oceny"}]},{"@type":"WebSite","@id":"https:\/\/odysseus-contests.eu\/2016\/de\/#website","url":"https:\/\/odysseus-contests.eu\/2016\/de\/","name":"ODYSSEUS II","description":"European Youth Space Contest","potentialAction":[{"@type":"SearchAction","target":{"@type":"EntryPoint","urlTemplate":"https:\/\/odysseus-contests.eu\/2016\/de\/?s={search_term_string}"},"query-input":"required name=search_term_string"}],"inLanguage":"pl-PL"}]}},"_links":{"self":[{"href":"https:\/\/odysseus-contests.eu\/2016\/pl\/wp-json\/wp\/v2\/pages\/2918"}],"collection":[{"href":"https:\/\/odysseus-contests.eu\/2016\/pl\/wp-json\/wp\/v2\/pages"}],"about":[{"href":"https:\/\/odysseus-contests.eu\/2016\/pl\/wp-json\/wp\/v2\/types\/page"}],"author":[{"embeddable":true,"href":"https:\/\/odysseus-contests.eu\/2016\/pl\/wp-json\/wp\/v2\/users\/2"}],"replies":[{"embeddable":true,"href":"https:\/\/odysseus-contests.eu\/2016\/pl\/wp-json\/wp\/v2\/comments?post=2918"}],"version-history":[{"count":2,"href":"https:\/\/odysseus-contests.eu\/2016\/pl\/wp-json\/wp\/v2\/pages\/2918\/revisions"}],"predecessor-version":[{"id":11780,"href":"https:\/\/odysseus-contests.eu\/2016\/pl\/wp-json\/wp\/v2\/pages\/2918\/revisions\/11780"}],"up":[{"embeddable":true,"href":"https:\/\/odysseus-contests.eu\/2016\/pl\/wp-json\/wp\/v2\/pages\/2908"}],"wp:attachment":[{"href":"https:\/\/odysseus-contests.eu\/2016\/pl\/wp-json\/wp\/v2\/media?parent=2918"}],"curies":[{"name":"wp","href":"https:\/\/api.w.org\/{rel}","templated":true}]}}