{"id":2917,"date":"2015-07-17T21:52:01","date_gmt":"2015-07-17T18:52:01","guid":{"rendered":"http:\/\/odysseus-contests.eu\/2016\/?page_id=2917"},"modified":"2015-07-17T21:52:01","modified_gmt":"2015-07-17T18:52:01","slug":"nagrody","status":"publish","type":"page","link":"https:\/\/odysseus-contests.eu\/2016\/pl\/skywalkers\/nagrody\/","title":{"rendered":"Nagrody"},"content":{"rendered":"<p><img decoding=\"async\" loading=\"lazy\" class=\"img-responsive alignleft wp-image-337 size-full\" src=\"http:\/\/odysseus-contests.eu\/2016\/wp-content\/uploads\/2015\/05\/content-prizes-skywalkers1.jpg\" alt=\"content-prizes-skywalkers\" width=\"700\" height=\"400\" srcset=\"https:\/\/odysseus-contests.eu\/2016\/wp-content\/uploads\/2015\/05\/content-prizes-skywalkers1.jpg 700w, https:\/\/odysseus-contests.eu\/2016\/wp-content\/uploads\/2015\/05\/content-prizes-skywalkers1-300x171.jpg 300w\" sizes=\"(max-width: 700px) 100vw, 700px\" \/><\/p>\n<p>Prace wszystkich zwyci\u0119zc\u00f3w na szczeblu narodowym w kategorii Skywalkers zostan\u0105 umieszczone w Galerii Zwyci\u0119zc\u00f3w na stronie projektu Odysseus\u00a0II. Zwyci\u0119zcy otrzymaj\u0105 medal oraz model rakiety, kt\u00f3re organizatorzy wy\u015bl\u0105 bezpo\u015brednio do ich szk\u00f3\u0142 lub dom\u00f3w.<\/p>\n<p>Autorzy najlepszych dzie\u0142, og\u0142oszeni w trakcie fina\u0142\u00f3w mi\u0119dzynarodowych, otrzymaj\u0105 iPad Air 2 z cyfrowymi ksi\u0105\u017ckami i aplikacjami zwi\u0105zanymi z kosmosem a tak\u017ce dyplom \u201eEuropean Youth Space Ambassador\u201d, kt\u00f3re zostan\u0105 wys\u0142ane bezpo\u015brednio do szko\u0142y lub domu zwyci\u0119zcy.<\/p>\n","protected":false},"excerpt":{"rendered":"<p>Prace wszystkich zwyci\u0119zc\u00f3w na szczeblu narodowym w kategorii Skywalkers zostan\u0105 umieszczone w Galerii Zwyci\u0119zc\u00f3w na stronie projektu Odysseus\u00a0II. Zwyci\u0119zcy otrzymaj\u0105 medal oraz model rakiety, kt\u00f3re organizatorzy wy\u015bl\u0105 bezpo\u015brednio do ich szk\u00f3\u0142 lub dom\u00f3w. Autorzy najlepszych dzie\u0142, og\u0142oszeni w trakcie fina\u0142\u00f3w mi\u0119dzynarodowych, otrzymaj\u0105 iPad Air 2 z cyfrowymi ksi\u0105\u017ckami i aplikacjami zwi\u0105zanymi z kosmosem a tak\u017ce [&hellip;]<\/p>\n","protected":false},"author":2,"featured_media":0,"parent":2908,"menu_order":40,"comment_status":"closed","ping_status":"closed","template":"","meta":[],"acf":[],"yoast_head":"<!-- This site is optimized with the Yoast SEO plugin v19.14 - https:\/\/yoast.com\/wordpress\/plugins\/seo\/ -->\n<title>Nagrody - ODYSSEUS II<\/title>\n<meta name=\"robots\" content=\"index, follow, max-snippet:-1, max-image-preview:large, max-video-preview:-1\" \/>\n<link rel=\"canonical\" href=\"https:\/\/odysseus-contests.eu\/2016\/pl\/skywalkers\/nagrody\/\" \/>\n<meta property=\"og:locale\" content=\"pl_PL\" \/>\n<meta property=\"og:type\" content=\"article\" \/>\n<meta property=\"og:title\" content=\"Nagrody - ODYSSEUS II\" \/>\n<meta property=\"og:description\" content=\"Prace wszystkich zwyci\u0119zc\u00f3w na szczeblu narodowym w kategorii Skywalkers zostan\u0105 umieszczone w Galerii Zwyci\u0119zc\u00f3w na stronie projektu Odysseus\u00a0II. Zwyci\u0119zcy otrzymaj\u0105 medal oraz model rakiety, kt\u00f3re organizatorzy wy\u015bl\u0105 bezpo\u015brednio do ich szk\u00f3\u0142 lub dom\u00f3w. Autorzy najlepszych dzie\u0142, og\u0142oszeni w trakcie fina\u0142\u00f3w mi\u0119dzynarodowych, otrzymaj\u0105 iPad Air 2 z cyfrowymi ksi\u0105\u017ckami i aplikacjami zwi\u0105zanymi z kosmosem a tak\u017ce [&hellip;]\" \/>\n<meta property=\"og:url\" content=\"https:\/\/odysseus-contests.eu\/2016\/pl\/skywalkers\/nagrody\/\" \/>\n<meta property=\"og:site_name\" content=\"ODYSSEUS II\" \/>\n<meta property=\"og:image\" content=\"http:\/\/odysseus-contests.eu\/2016\/wp-content\/uploads\/2015\/05\/content-prizes-skywalkers1.jpg\" \/>\n<meta name=\"twitter:card\" content=\"summary_large_image\" \/>\n<script type=\"application\/ld+json\" class=\"yoast-schema-graph\">{\"@context\":\"https:\/\/schema.org\",\"@graph\":[{\"@type\":\"WebPage\",\"@id\":\"https:\/\/odysseus-contests.eu\/2016\/pl\/skywalkers\/nagrody\/\",\"url\":\"https:\/\/odysseus-contests.eu\/2016\/pl\/skywalkers\/nagrody\/\",\"name\":\"Nagrody - ODYSSEUS II\",\"isPartOf\":{\"@id\":\"https:\/\/odysseus-contests.eu\/2016\/de\/#website\"},\"datePublished\":\"2015-07-17T18:52:01+00:00\",\"dateModified\":\"2015-07-17T18:52:01+00:00\",\"breadcrumb\":{\"@id\":\"https:\/\/odysseus-contests.eu\/2016\/pl\/skywalkers\/nagrody\/#breadcrumb\"},\"inLanguage\":\"pl-PL\",\"potentialAction\":[{\"@type\":\"ReadAction\",\"target\":[\"https:\/\/odysseus-contests.eu\/2016\/pl\/skywalkers\/nagrody\/\"]}]},{\"@type\":\"BreadcrumbList\",\"@id\":\"https:\/\/odysseus-contests.eu\/2016\/pl\/skywalkers\/nagrody\/#breadcrumb\",\"itemListElement\":[{\"@type\":\"ListItem\",\"position\":1,\"name\":\"Home\",\"item\":\"https:\/\/odysseus-contests.eu\/2016\/pl\/\"},{\"@type\":\"ListItem\",\"position\":2,\"name\":\"Skywalkers\",\"item\":\"https:\/\/odysseus-contests.eu\/2016\/pl\/skywalkers\/\"},{\"@type\":\"ListItem\",\"position\":3,\"name\":\"Nagrody\"}]},{\"@type\":\"WebSite\",\"@id\":\"https:\/\/odysseus-contests.eu\/2016\/de\/#website\",\"url\":\"https:\/\/odysseus-contests.eu\/2016\/de\/\",\"name\":\"ODYSSEUS II\",\"description\":\"European Youth Space Contest\",\"potentialAction\":[{\"@type\":\"SearchAction\",\"target\":{\"@type\":\"EntryPoint\",\"urlTemplate\":\"https:\/\/odysseus-contests.eu\/2016\/de\/?s={search_term_string}\"},\"query-input\":\"required name=search_term_string\"}],\"inLanguage\":\"pl-PL\"}]}<\/script>\n<!-- \/ Yoast SEO plugin. -->","yoast_head_json":{"title":"Nagrody - ODYSSEUS II","robots":{"index":"index","follow":"follow","max-snippet":"max-snippet:-1","max-image-preview":"max-image-preview:large","max-video-preview":"max-video-preview:-1"},"canonical":"https:\/\/odysseus-contests.eu\/2016\/pl\/skywalkers\/nagrody\/","og_locale":"pl_PL","og_type":"article","og_title":"Nagrody - ODYSSEUS II","og_description":"Prace wszystkich zwyci\u0119zc\u00f3w na szczeblu narodowym w kategorii Skywalkers zostan\u0105 umieszczone w Galerii Zwyci\u0119zc\u00f3w na stronie projektu Odysseus\u00a0II. Zwyci\u0119zcy otrzymaj\u0105 medal oraz model rakiety, kt\u00f3re organizatorzy wy\u015bl\u0105 bezpo\u015brednio do ich szk\u00f3\u0142 lub dom\u00f3w. Autorzy najlepszych dzie\u0142, og\u0142oszeni w trakcie fina\u0142\u00f3w mi\u0119dzynarodowych, otrzymaj\u0105 iPad Air 2 z cyfrowymi ksi\u0105\u017ckami i aplikacjami zwi\u0105zanymi z kosmosem a tak\u017ce [&hellip;]","og_url":"https:\/\/odysseus-contests.eu\/2016\/pl\/skywalkers\/nagrody\/","og_site_name":"ODYSSEUS II","og_image":[{"url":"http:\/\/odysseus-contests.eu\/2016\/wp-content\/uploads\/2015\/05\/content-prizes-skywalkers1.jpg"}],"twitter_card":"summary_large_image","schema":{"@context":"https:\/\/schema.org","@graph":[{"@type":"WebPage","@id":"https:\/\/odysseus-contests.eu\/2016\/pl\/skywalkers\/nagrody\/","url":"https:\/\/odysseus-contests.eu\/2016\/pl\/skywalkers\/nagrody\/","name":"Nagrody - ODYSSEUS II","isPartOf":{"@id":"https:\/\/odysseus-contests.eu\/2016\/de\/#website"},"datePublished":"2015-07-17T18:52:01+00:00","dateModified":"2015-07-17T18:52:01+00:00","breadcrumb":{"@id":"https:\/\/odysseus-contests.eu\/2016\/pl\/skywalkers\/nagrody\/#breadcrumb"},"inLanguage":"pl-PL","potentialAction":[{"@type":"ReadAction","target":["https:\/\/odysseus-contests.eu\/2016\/pl\/skywalkers\/nagrody\/"]}]},{"@type":"BreadcrumbList","@id":"https:\/\/odysseus-contests.eu\/2016\/pl\/skywalkers\/nagrody\/#breadcrumb","itemListElement":[{"@type":"ListItem","position":1,"name":"Home","item":"https:\/\/odysseus-contests.eu\/2016\/pl\/"},{"@type":"ListItem","position":2,"name":"Skywalkers","item":"https:\/\/odysseus-contests.eu\/2016\/pl\/skywalkers\/"},{"@type":"ListItem","position":3,"name":"Nagrody"}]},{"@type":"WebSite","@id":"https:\/\/odysseus-contests.eu\/2016\/de\/#website","url":"https:\/\/odysseus-contests.eu\/2016\/de\/","name":"ODYSSEUS II","description":"European Youth Space Contest","potentialAction":[{"@type":"SearchAction","target":{"@type":"EntryPoint","urlTemplate":"https:\/\/odysseus-contests.eu\/2016\/de\/?s={search_term_string}"},"query-input":"required name=search_term_string"}],"inLanguage":"pl-PL"}]}},"_links":{"self":[{"href":"https:\/\/odysseus-contests.eu\/2016\/pl\/wp-json\/wp\/v2\/pages\/2917"}],"collection":[{"href":"https:\/\/odysseus-contests.eu\/2016\/pl\/wp-json\/wp\/v2\/pages"}],"about":[{"href":"https:\/\/odysseus-contests.eu\/2016\/pl\/wp-json\/wp\/v2\/types\/page"}],"author":[{"embeddable":true,"href":"https:\/\/odysseus-contests.eu\/2016\/pl\/wp-json\/wp\/v2\/users\/2"}],"replies":[{"embeddable":true,"href":"https:\/\/odysseus-contests.eu\/2016\/pl\/wp-json\/wp\/v2\/comments?post=2917"}],"version-history":[{"count":0,"href":"https:\/\/odysseus-contests.eu\/2016\/pl\/wp-json\/wp\/v2\/pages\/2917\/revisions"}],"up":[{"embeddable":true,"href":"https:\/\/odysseus-contests.eu\/2016\/pl\/wp-json\/wp\/v2\/pages\/2908"}],"wp:attachment":[{"href":"https:\/\/odysseus-contests.eu\/2016\/pl\/wp-json\/wp\/v2\/media?parent=2917"}],"curies":[{"name":"wp","href":"https:\/\/api.w.org\/{rel}","templated":true}]}}