{"id":2912,"date":"2015-07-17T21:50:54","date_gmt":"2015-07-17T18:50:54","guid":{"rendered":"http:\/\/odysseus-contests.eu\/2016\/?page_id=2912"},"modified":"2015-11-30T13:56:09","modified_gmt":"2015-11-30T10:56:09","slug":"rules","status":"publish","type":"page","link":"https:\/\/odysseus-contests.eu\/2016\/pl\/skywalkers\/rules\/","title":{"rendered":"Regulamin"},"content":{"rendered":"<ul>\n<li style=\"text-align: justify;\">W kategorii Skywalkers mog\u0105 wzi\u0105\u0107 udzia\u0142 uczniowie w wieku od siedmiu do trzynastu lat. Dok\u0142adniej, kategoria ta jest otwarta dla wszystkich uczni\u00f3w urodzonych pomi\u0119dzy 1\u00a0kwietnia\u00a02002 a 31\u00a0marca\u00a02009.<\/li>\n<li style=\"text-align: justify;\">Skywalkers przysy\u0142aj\u0105 prace konkursowe wykonane indywidualnie. Termin \u201edzie\u0142o\u201d oznacza albo prac\u0119 wykonan\u0105 manualnie (rysunek, malunek, mozaik\u0119, kola\u017c, itp.) albo prac\u0119 wykonan\u0105 elektronicznie (fotografi\u0119, rysunek utworzony za pomoc\u0105 dowolnego oprogramowania pozwalaj\u0105cego na tworzenie grafiki). Prace, kt\u00f3re nie powsta\u0142y bezpo\u015brednio w postaci elektronicznej musz\u0105 zosta\u0107 zeskanowane i przygotowane do wys\u0142ania w jednym ze zdefiniowanych przez organizator\u00f3w format\u00f3w (inaczej przygotowane prace nie wezm\u0105 udzia\u0142u w konkursie).<\/li>\n<li style=\"text-align: justify;\">Uczestnicy konkursu w kategorii Skywalkers nie mog\u0105 pracowa\u0107 w zespo\u0142ach uczniowskich, ale w procesie rejestracji i sk\u0142adania prac konkursowych pomaga im nauczyciel, cz\u0142onek rodziny lub lider.<\/li>\n<li style=\"text-align: justify;\">Ka\u017cdy uczestnik w kategorii Skywalkers mo\u017ce z\u0142o\u017cy\u0107 tylko jedn\u0105 prac\u0119.<\/li>\n<li style=\"text-align: justify;\">Wszyscy uczestnicy projektu musz\u0105 dostarczy\u0107 stworzone przez siebie dzie\u0142o w oparciu o kategorie tematyczne okre\u015blone dla ich kategorii wiekowej (patrz Instrukcja).<\/li>\n<li style=\"text-align: justify;\">Uczestnicy w kategorii Skywalkers musz\u0105 z\u0142o\u017cy\u0107 elektroniczn\u0105 wersj\u0119 swego dzie\u0142a w okresie od 1\u00a0wrze\u015bnia\u00a02015 do 31\u00a0marca 2016.<\/li>\n<li style=\"text-align: justify;\">Ka\u017cda praca musi by\u0107 stworzona samodzielnie przez uczestnika konkursu, specjalnie na potrzeby tego konkursu.<\/li>\n<li style=\"text-align: justify;\">W kategorii Skywalkers wybrane zg\u0142oszenia b\u0119d\u0105 oceniane poprzez g\u0142osowanie online przez samych uczestnik\u00f3w konkursu. Zwyci\u0119zca i autorzy dw\u00f3ch nast\u0119pnych prac spo\u015br\u00f3d najlepiej ocenionych zostan\u0105 wy\u0142onieni w ka\u017cdym kraju Unii Europejskiej bior\u0105cym udzia\u0142 w konkursie, i w krajach spoza obszaru Unii Europejskiej, w dw\u00f3ch kategoriach wiekowych: od siedmiu do dziesi\u0119ciu lat (Junior Skywalkers) i od jedenastu do trzynastu lat (Senior Skywalkers). Przypisanie uczestnika do grupy b\u0119dzie zale\u017ca\u0142o od jego wieku w ostatnim z mo\u017cliwych termin\u00f3w przyst\u0105pienia do konkursu (31 marca\u00a02016). Kategoria Senior Skywalkers dotyczy uczni\u00f3w urodzonych pomi\u0119dzy 1\u00a0kwietnia\u00a02002 a 31\u00a0marca\u00a0 Kategoria Junior Skywalkers dotyczy uczni\u00f3w urodzonych pomi\u0119dzy 1\u00a0kwietnia\u00a02005 a 31\u00a0marca\u00a02009.<\/li>\n<li style=\"text-align: justify;\">Przed g\u0142osowaniem online uczestnik\u00f3w konkursu Skywalkers na dzie\u0142o w ich kategorii wiekowej, s\u0119dziowie konkursu w ka\u017cdym kraju i w ka\u017cdej kategorii wiekowej wybior\u0105 najlepsze prace, kt\u00f3re nast\u0119pnie zostan\u0105 poddane pod g\u0142osowanie uczestnik\u00f3w. Ta wst\u0119pna selekcja ma na celu ograniczenie liczby dzie\u0142 do takiej, kt\u00f3r\u0105 uczestnicy konkursu b\u0119d\u0105 mogli swobodnie obejrze\u0107 i oceni\u0107.<\/li>\n<li style=\"text-align: justify;\">Uczestnicy w kategorii Skywalkers b\u0119d\u0105 mogli g\u0142osowa\u0107 wy\u0142\u0105cznie na dzie\u0142a zg\u0142oszone do konkursu w ich kraju i w ich kategorii wiekowej.<\/li>\n<li style=\"text-align: justify;\">Dzie\u0142a bior\u0105ce udzia\u0142 w konkursie w kategorii Skywalkers, a zg\u0142oszone w krajach spoza Unii Europejskiej, b\u0119d\u0105 przypisane do jednego bloku, zostan\u0105 wyselekcjonowane i poddane pod g\u0142osowanie, jak gdyby pochodzi\u0142y z jednego kraju.<\/li>\n<li style=\"text-align: justify;\">Og\u0142oszenie krajowych zwyci\u0119zc\u00f3w w kategorii Skywalkers nast\u0105pi 3 czerwca<\/li>\n<li style=\"text-align: justify;\">G\u0142osowanie online rozpocznie si\u0119 po og\u0142oszeniu krajowych finalist\u00f3w i b\u0119dzie trwa\u0142o do 3 lipca\u00a0 Oznacza to, \u017ce tylko autorzy prac, kt\u00f3re znajd\u0105 si\u0119 w finale, wezm\u0105 udzia\u0142 w tej rundzie g\u0142osowania. Zwyci\u0119zcy w kategoriach Skywalkers zostan\u0105 og\u0142oszeni podczas ceremonii wr\u0119czania nagr\u00f3d 7\u00a0lipca\u00a02016.<\/li>\n<li style=\"text-align: justify;\">Uczestnicy w kategorii Skywalkers, w przeciwie\u0144stwie do kategorii Pioneers i Explorers, nie wezm\u0105 udzia\u0142u w regionalnych p\u00f3\u0142fina\u0142ach, ani w europejskim finale w Brukseli lub Tuluzie, ale podczas fina\u0142u europejskiego zostan\u0105 og\u0142oszeni krajowi zwyci\u0119zcy tej kategorii wiekowej, a ich dzie\u0142a zostan\u0105 wystawione.<\/li>\n<li style=\"text-align: justify;\">By zosta\u0107 dopuszczonym do konkursu, ka\u017cdy uczestnik kategorii Skywalkers musi przed\u0142o\u017cy\u0107 podpisany formularz zgody rodzicielskiej.<\/li>\n<li style=\"text-align: justify;\">Ka\u017cdy uczestnik w kategorii Skywalkers powinien m\u00f3c skorzysta\u0107 z pomocy osoby pe\u0142noletniej (nauczyciela, cz\u0142onka rodziny lub lidera).<\/li>\n<li style=\"text-align: justify;\">Ka\u017cdy nauczyciel, rodzic lub opiekun prawny mo\u017ce zg\u0142osi\u0107 do 50 dzie\u0142 autorstwa 50 odr\u0119bnych uczestnik\u00f3w w kategorii Skywalkers, przy wype\u0142nieniu wymogu zgody rodzicielskiej na uczestnictwo w konkursie dla ka\u017cdego z nich.<\/li>\n<\/ul>\n","protected":false},"excerpt":{"rendered":"<p>W kategorii Skywalkers mog\u0105 wzi\u0105\u0107 udzia\u0142 uczniowie w wieku od siedmiu do trzynastu lat. Dok\u0142adniej, kategoria ta jest otwarta dla wszystkich uczni\u00f3w urodzonych pomi\u0119dzy 1\u00a0kwietnia\u00a02002 a 31\u00a0marca\u00a02009. Skywalkers przysy\u0142aj\u0105 prace konkursowe wykonane indywidualnie. Termin \u201edzie\u0142o\u201d oznacza albo prac\u0119 wykonan\u0105 manualnie (rysunek, malunek, mozaik\u0119, kola\u017c, itp.) albo prac\u0119 wykonan\u0105 elektronicznie (fotografi\u0119, rysunek utworzony za pomoc\u0105 dowolnego [&hellip;]<\/p>\n","protected":false},"author":2,"featured_media":0,"parent":2908,"menu_order":20,"comment_status":"closed","ping_status":"closed","template":"","meta":[],"acf":[],"yoast_head":"<!-- This site is optimized with the Yoast SEO plugin v19.14 - https:\/\/yoast.com\/wordpress\/plugins\/seo\/ -->\n<title>Regulamin - ODYSSEUS II<\/title>\n<meta name=\"robots\" content=\"index, follow, max-snippet:-1, max-image-preview:large, max-video-preview:-1\" \/>\n<link rel=\"canonical\" href=\"https:\/\/odysseus-contests.eu\/2016\/pl\/skywalkers\/rules\/\" \/>\n<meta property=\"og:locale\" content=\"pl_PL\" \/>\n<meta property=\"og:type\" content=\"article\" \/>\n<meta property=\"og:title\" content=\"Regulamin - ODYSSEUS II\" \/>\n<meta property=\"og:description\" content=\"W kategorii Skywalkers mog\u0105 wzi\u0105\u0107 udzia\u0142 uczniowie w wieku od siedmiu do trzynastu lat. Dok\u0142adniej, kategoria ta jest otwarta dla wszystkich uczni\u00f3w urodzonych pomi\u0119dzy 1\u00a0kwietnia\u00a02002 a 31\u00a0marca\u00a02009. Skywalkers przysy\u0142aj\u0105 prace konkursowe wykonane indywidualnie. Termin \u201edzie\u0142o\u201d oznacza albo prac\u0119 wykonan\u0105 manualnie (rysunek, malunek, mozaik\u0119, kola\u017c, itp.) albo prac\u0119 wykonan\u0105 elektronicznie (fotografi\u0119, rysunek utworzony za pomoc\u0105 dowolnego [&hellip;]\" \/>\n<meta property=\"og:url\" content=\"https:\/\/odysseus-contests.eu\/2016\/pl\/skywalkers\/rules\/\" \/>\n<meta property=\"og:site_name\" content=\"ODYSSEUS II\" \/>\n<meta property=\"article:modified_time\" content=\"2015-11-30T10:56:09+00:00\" \/>\n<meta name=\"twitter:card\" content=\"summary_large_image\" \/>\n<meta name=\"twitter:label1\" content=\"Szacowany czas czytania\" \/>\n\t<meta name=\"twitter:data1\" content=\"3 minuty\" \/>\n<script type=\"application\/ld+json\" class=\"yoast-schema-graph\">{\"@context\":\"https:\/\/schema.org\",\"@graph\":[{\"@type\":\"WebPage\",\"@id\":\"https:\/\/odysseus-contests.eu\/2016\/pl\/skywalkers\/rules\/\",\"url\":\"https:\/\/odysseus-contests.eu\/2016\/pl\/skywalkers\/rules\/\",\"name\":\"Regulamin - ODYSSEUS II\",\"isPartOf\":{\"@id\":\"https:\/\/odysseus-contests.eu\/2016\/de\/#website\"},\"datePublished\":\"2015-07-17T18:50:54+00:00\",\"dateModified\":\"2015-11-30T10:56:09+00:00\",\"breadcrumb\":{\"@id\":\"https:\/\/odysseus-contests.eu\/2016\/pl\/skywalkers\/rules\/#breadcrumb\"},\"inLanguage\":\"pl-PL\",\"potentialAction\":[{\"@type\":\"ReadAction\",\"target\":[\"https:\/\/odysseus-contests.eu\/2016\/pl\/skywalkers\/rules\/\"]}]},{\"@type\":\"BreadcrumbList\",\"@id\":\"https:\/\/odysseus-contests.eu\/2016\/pl\/skywalkers\/rules\/#breadcrumb\",\"itemListElement\":[{\"@type\":\"ListItem\",\"position\":1,\"name\":\"Home\",\"item\":\"https:\/\/odysseus-contests.eu\/2016\/pl\/\"},{\"@type\":\"ListItem\",\"position\":2,\"name\":\"Skywalkers\",\"item\":\"https:\/\/odysseus-contests.eu\/2016\/pl\/skywalkers\/\"},{\"@type\":\"ListItem\",\"position\":3,\"name\":\"Regulamin\"}]},{\"@type\":\"WebSite\",\"@id\":\"https:\/\/odysseus-contests.eu\/2016\/de\/#website\",\"url\":\"https:\/\/odysseus-contests.eu\/2016\/de\/\",\"name\":\"ODYSSEUS II\",\"description\":\"European Youth Space Contest\",\"potentialAction\":[{\"@type\":\"SearchAction\",\"target\":{\"@type\":\"EntryPoint\",\"urlTemplate\":\"https:\/\/odysseus-contests.eu\/2016\/de\/?s={search_term_string}\"},\"query-input\":\"required name=search_term_string\"}],\"inLanguage\":\"pl-PL\"}]}<\/script>\n<!-- \/ Yoast SEO plugin. -->","yoast_head_json":{"title":"Regulamin - ODYSSEUS II","robots":{"index":"index","follow":"follow","max-snippet":"max-snippet:-1","max-image-preview":"max-image-preview:large","max-video-preview":"max-video-preview:-1"},"canonical":"https:\/\/odysseus-contests.eu\/2016\/pl\/skywalkers\/rules\/","og_locale":"pl_PL","og_type":"article","og_title":"Regulamin - ODYSSEUS II","og_description":"W kategorii Skywalkers mog\u0105 wzi\u0105\u0107 udzia\u0142 uczniowie w wieku od siedmiu do trzynastu lat. Dok\u0142adniej, kategoria ta jest otwarta dla wszystkich uczni\u00f3w urodzonych pomi\u0119dzy 1\u00a0kwietnia\u00a02002 a 31\u00a0marca\u00a02009. Skywalkers przysy\u0142aj\u0105 prace konkursowe wykonane indywidualnie. Termin \u201edzie\u0142o\u201d oznacza albo prac\u0119 wykonan\u0105 manualnie (rysunek, malunek, mozaik\u0119, kola\u017c, itp.) albo prac\u0119 wykonan\u0105 elektronicznie (fotografi\u0119, rysunek utworzony za pomoc\u0105 dowolnego [&hellip;]","og_url":"https:\/\/odysseus-contests.eu\/2016\/pl\/skywalkers\/rules\/","og_site_name":"ODYSSEUS II","article_modified_time":"2015-11-30T10:56:09+00:00","twitter_card":"summary_large_image","twitter_misc":{"Szacowany czas czytania":"3 minuty"},"schema":{"@context":"https:\/\/schema.org","@graph":[{"@type":"WebPage","@id":"https:\/\/odysseus-contests.eu\/2016\/pl\/skywalkers\/rules\/","url":"https:\/\/odysseus-contests.eu\/2016\/pl\/skywalkers\/rules\/","name":"Regulamin - ODYSSEUS II","isPartOf":{"@id":"https:\/\/odysseus-contests.eu\/2016\/de\/#website"},"datePublished":"2015-07-17T18:50:54+00:00","dateModified":"2015-11-30T10:56:09+00:00","breadcrumb":{"@id":"https:\/\/odysseus-contests.eu\/2016\/pl\/skywalkers\/rules\/#breadcrumb"},"inLanguage":"pl-PL","potentialAction":[{"@type":"ReadAction","target":["https:\/\/odysseus-contests.eu\/2016\/pl\/skywalkers\/rules\/"]}]},{"@type":"BreadcrumbList","@id":"https:\/\/odysseus-contests.eu\/2016\/pl\/skywalkers\/rules\/#breadcrumb","itemListElement":[{"@type":"ListItem","position":1,"name":"Home","item":"https:\/\/odysseus-contests.eu\/2016\/pl\/"},{"@type":"ListItem","position":2,"name":"Skywalkers","item":"https:\/\/odysseus-contests.eu\/2016\/pl\/skywalkers\/"},{"@type":"ListItem","position":3,"name":"Regulamin"}]},{"@type":"WebSite","@id":"https:\/\/odysseus-contests.eu\/2016\/de\/#website","url":"https:\/\/odysseus-contests.eu\/2016\/de\/","name":"ODYSSEUS II","description":"European Youth Space Contest","potentialAction":[{"@type":"SearchAction","target":{"@type":"EntryPoint","urlTemplate":"https:\/\/odysseus-contests.eu\/2016\/de\/?s={search_term_string}"},"query-input":"required name=search_term_string"}],"inLanguage":"pl-PL"}]}},"_links":{"self":[{"href":"https:\/\/odysseus-contests.eu\/2016\/pl\/wp-json\/wp\/v2\/pages\/2912"}],"collection":[{"href":"https:\/\/odysseus-contests.eu\/2016\/pl\/wp-json\/wp\/v2\/pages"}],"about":[{"href":"https:\/\/odysseus-contests.eu\/2016\/pl\/wp-json\/wp\/v2\/types\/page"}],"author":[{"embeddable":true,"href":"https:\/\/odysseus-contests.eu\/2016\/pl\/wp-json\/wp\/v2\/users\/2"}],"replies":[{"embeddable":true,"href":"https:\/\/odysseus-contests.eu\/2016\/pl\/wp-json\/wp\/v2\/comments?post=2912"}],"version-history":[{"count":0,"href":"https:\/\/odysseus-contests.eu\/2016\/pl\/wp-json\/wp\/v2\/pages\/2912\/revisions"}],"up":[{"embeddable":true,"href":"https:\/\/odysseus-contests.eu\/2016\/pl\/wp-json\/wp\/v2\/pages\/2908"}],"wp:attachment":[{"href":"https:\/\/odysseus-contests.eu\/2016\/pl\/wp-json\/wp\/v2\/media?parent=2912"}],"curies":[{"name":"wp","href":"https:\/\/api.w.org\/{rel}","templated":true}]}}