{"id":2908,"date":"2015-07-17T21:46:00","date_gmt":"2015-07-17T18:46:00","guid":{"rendered":"http:\/\/odysseus-contests.eu\/2016\/?page_id=2908"},"modified":"2015-07-17T21:46:00","modified_gmt":"2015-07-17T18:46:00","slug":"skywalkers","status":"publish","type":"page","link":"https:\/\/odysseus-contests.eu\/2016\/pl\/skywalkers\/","title":{"rendered":"Skywalkers"},"content":{"rendered":"<p class=\"Domylnie\" style=\"text-align: justify; text-justify: inter-ideograph;\"><span lang=\"PL\" style=\"font-family: 'Calibri','sans-serif'; color: windowtext;\">W kategorii wiekowej Skywalkers (7 \u2013 13) projekt Odysseus II daje uczniom okazj\u0119 do tw\u00f3rczego zainteresowania si\u0119 eksploracj\u0105 kosmosu. Gotowi podj\u0105\u0107 wyzwanie? Skorzystaj z link\u00f3w po prawej stronie by si\u0119gn\u0105\u0107 po wi\u0119cej informacji.<\/span><\/p>\n","protected":false},"excerpt":{"rendered":"<p>W kategorii wiekowej Skywalkers (7 \u2013 13) projekt Odysseus II daje uczniom okazj\u0119 do tw\u00f3rczego zainteresowania si\u0119 eksploracj\u0105 kosmosu. Gotowi podj\u0105\u0107 wyzwanie? Skorzystaj z link\u00f3w po prawej stronie by si\u0119gn\u0105\u0107 po wi\u0119cej informacji.<\/p>\n","protected":false},"author":2,"featured_media":0,"parent":0,"menu_order":0,"comment_status":"closed","ping_status":"closed","template":"","meta":[],"acf":[],"yoast_head":"<!-- This site is optimized with the Yoast SEO plugin v19.14 - https:\/\/yoast.com\/wordpress\/plugins\/seo\/ -->\n<title>Skywalkers - ODYSSEUS II<\/title>\n<meta name=\"robots\" content=\"index, follow, max-snippet:-1, max-image-preview:large, max-video-preview:-1\" \/>\n<link rel=\"canonical\" href=\"https:\/\/odysseus-contests.eu\/2016\/pl\/skywalkers\/\" \/>\n<meta property=\"og:locale\" content=\"pl_PL\" \/>\n<meta property=\"og:type\" content=\"article\" \/>\n<meta property=\"og:title\" content=\"Skywalkers - ODYSSEUS II\" \/>\n<meta property=\"og:description\" content=\"W kategorii wiekowej Skywalkers (7 \u2013 13) projekt Odysseus II daje uczniom okazj\u0119 do tw\u00f3rczego zainteresowania si\u0119 eksploracj\u0105 kosmosu. Gotowi podj\u0105\u0107 wyzwanie? Skorzystaj z link\u00f3w po prawej stronie by si\u0119gn\u0105\u0107 po wi\u0119cej informacji.\" \/>\n<meta property=\"og:url\" content=\"https:\/\/odysseus-contests.eu\/2016\/pl\/skywalkers\/\" \/>\n<meta property=\"og:site_name\" content=\"ODYSSEUS II\" \/>\n<meta name=\"twitter:card\" content=\"summary_large_image\" \/>\n<script type=\"application\/ld+json\" class=\"yoast-schema-graph\">{\"@context\":\"https:\/\/schema.org\",\"@graph\":[{\"@type\":\"WebPage\",\"@id\":\"https:\/\/odysseus-contests.eu\/2016\/pl\/skywalkers\/\",\"url\":\"https:\/\/odysseus-contests.eu\/2016\/pl\/skywalkers\/\",\"name\":\"Skywalkers - ODYSSEUS II\",\"isPartOf\":{\"@id\":\"https:\/\/odysseus-contests.eu\/2016\/de\/#website\"},\"datePublished\":\"2015-07-17T18:46:00+00:00\",\"dateModified\":\"2015-07-17T18:46:00+00:00\",\"breadcrumb\":{\"@id\":\"https:\/\/odysseus-contests.eu\/2016\/pl\/skywalkers\/#breadcrumb\"},\"inLanguage\":\"pl-PL\",\"potentialAction\":[{\"@type\":\"ReadAction\",\"target\":[\"https:\/\/odysseus-contests.eu\/2016\/pl\/skywalkers\/\"]}]},{\"@type\":\"BreadcrumbList\",\"@id\":\"https:\/\/odysseus-contests.eu\/2016\/pl\/skywalkers\/#breadcrumb\",\"itemListElement\":[{\"@type\":\"ListItem\",\"position\":1,\"name\":\"Home\",\"item\":\"https:\/\/odysseus-contests.eu\/2016\/pl\/\"},{\"@type\":\"ListItem\",\"position\":2,\"name\":\"Skywalkers\"}]},{\"@type\":\"WebSite\",\"@id\":\"https:\/\/odysseus-contests.eu\/2016\/de\/#website\",\"url\":\"https:\/\/odysseus-contests.eu\/2016\/de\/\",\"name\":\"ODYSSEUS II\",\"description\":\"European Youth Space Contest\",\"potentialAction\":[{\"@type\":\"SearchAction\",\"target\":{\"@type\":\"EntryPoint\",\"urlTemplate\":\"https:\/\/odysseus-contests.eu\/2016\/de\/?s={search_term_string}\"},\"query-input\":\"required name=search_term_string\"}],\"inLanguage\":\"pl-PL\"}]}<\/script>\n<!-- \/ Yoast SEO plugin. -->","yoast_head_json":{"title":"Skywalkers - ODYSSEUS II","robots":{"index":"index","follow":"follow","max-snippet":"max-snippet:-1","max-image-preview":"max-image-preview:large","max-video-preview":"max-video-preview:-1"},"canonical":"https:\/\/odysseus-contests.eu\/2016\/pl\/skywalkers\/","og_locale":"pl_PL","og_type":"article","og_title":"Skywalkers - ODYSSEUS II","og_description":"W kategorii wiekowej Skywalkers (7 \u2013 13) projekt Odysseus II daje uczniom okazj\u0119 do tw\u00f3rczego zainteresowania si\u0119 eksploracj\u0105 kosmosu. Gotowi podj\u0105\u0107 wyzwanie? Skorzystaj z link\u00f3w po prawej stronie by si\u0119gn\u0105\u0107 po wi\u0119cej informacji.","og_url":"https:\/\/odysseus-contests.eu\/2016\/pl\/skywalkers\/","og_site_name":"ODYSSEUS II","twitter_card":"summary_large_image","schema":{"@context":"https:\/\/schema.org","@graph":[{"@type":"WebPage","@id":"https:\/\/odysseus-contests.eu\/2016\/pl\/skywalkers\/","url":"https:\/\/odysseus-contests.eu\/2016\/pl\/skywalkers\/","name":"Skywalkers - ODYSSEUS II","isPartOf":{"@id":"https:\/\/odysseus-contests.eu\/2016\/de\/#website"},"datePublished":"2015-07-17T18:46:00+00:00","dateModified":"2015-07-17T18:46:00+00:00","breadcrumb":{"@id":"https:\/\/odysseus-contests.eu\/2016\/pl\/skywalkers\/#breadcrumb"},"inLanguage":"pl-PL","potentialAction":[{"@type":"ReadAction","target":["https:\/\/odysseus-contests.eu\/2016\/pl\/skywalkers\/"]}]},{"@type":"BreadcrumbList","@id":"https:\/\/odysseus-contests.eu\/2016\/pl\/skywalkers\/#breadcrumb","itemListElement":[{"@type":"ListItem","position":1,"name":"Home","item":"https:\/\/odysseus-contests.eu\/2016\/pl\/"},{"@type":"ListItem","position":2,"name":"Skywalkers"}]},{"@type":"WebSite","@id":"https:\/\/odysseus-contests.eu\/2016\/de\/#website","url":"https:\/\/odysseus-contests.eu\/2016\/de\/","name":"ODYSSEUS II","description":"European Youth Space Contest","potentialAction":[{"@type":"SearchAction","target":{"@type":"EntryPoint","urlTemplate":"https:\/\/odysseus-contests.eu\/2016\/de\/?s={search_term_string}"},"query-input":"required name=search_term_string"}],"inLanguage":"pl-PL"}]}},"_links":{"self":[{"href":"https:\/\/odysseus-contests.eu\/2016\/pl\/wp-json\/wp\/v2\/pages\/2908"}],"collection":[{"href":"https:\/\/odysseus-contests.eu\/2016\/pl\/wp-json\/wp\/v2\/pages"}],"about":[{"href":"https:\/\/odysseus-contests.eu\/2016\/pl\/wp-json\/wp\/v2\/types\/page"}],"author":[{"embeddable":true,"href":"https:\/\/odysseus-contests.eu\/2016\/pl\/wp-json\/wp\/v2\/users\/2"}],"replies":[{"embeddable":true,"href":"https:\/\/odysseus-contests.eu\/2016\/pl\/wp-json\/wp\/v2\/comments?post=2908"}],"version-history":[{"count":0,"href":"https:\/\/odysseus-contests.eu\/2016\/pl\/wp-json\/wp\/v2\/pages\/2908\/revisions"}],"wp:attachment":[{"href":"https:\/\/odysseus-contests.eu\/2016\/pl\/wp-json\/wp\/v2\/media?parent=2908"}],"curies":[{"name":"wp","href":"https:\/\/api.w.org\/{rel}","templated":true}]}}