{"id":2905,"date":"2015-07-17T21:42:51","date_gmt":"2015-07-17T18:42:51","guid":{"rendered":"http:\/\/odysseus-contests.eu\/2016\/?page_id=2905"},"modified":"2015-07-28T15:45:57","modified_gmt":"2015-07-28T12:45:57","slug":"rejestracja-osob-oceniajacych-projekty","status":"publish","type":"page","link":"https:\/\/odysseus-contests.eu\/2016\/pl\/materialy\/rejestracja-osob-oceniajacych-projekty\/","title":{"rendered":"Rejestracja os\u00f3b oceniaj\u0105cych projekty"},"content":{"rendered":"<p style=\"text-align: justify;\">Je\u015bli Pa\u0144stwo chcieliby si\u0119 zarejestrowa\u0107, jako osoba oceniaj\u0105ca zadania konkursowe, prosz\u0119 klikn\u0105\u0107 przycisk przycisk &#8222;Rejestracja&#8221; i post\u0119powa\u0107 zgodnie z instrukcjami. Jest nam niezmiernie mi\u0142o powita\u0107 Pa\u0144stwa w\u015br\u00f3d organizator\u00f3w konkursu Odysseus II!<\/p>\n","protected":false},"excerpt":{"rendered":"<p>Je\u015bli Pa\u0144stwo chcieliby si\u0119 zarejestrowa\u0107, jako osoba oceniaj\u0105ca zadania konkursowe, prosz\u0119 klikn\u0105\u0107 przycisk przycisk &#8222;Rejestracja&#8221; i post\u0119powa\u0107 zgodnie z instrukcjami. Jest nam niezmiernie mi\u0142o powita\u0107 Pa\u0144stwa w\u015br\u00f3d organizator\u00f3w konkursu Odysseus II!<\/p>\n","protected":false},"author":2,"featured_media":0,"parent":2894,"menu_order":50,"comment_status":"closed","ping_status":"closed","template":"","meta":[],"acf":[],"yoast_head":"<!-- This site is optimized with the Yoast SEO plugin v19.14 - https:\/\/yoast.com\/wordpress\/plugins\/seo\/ -->\n<title>Rejestracja os\u00f3b oceniaj\u0105cych projekty - ODYSSEUS II<\/title>\n<meta name=\"robots\" content=\"index, follow, max-snippet:-1, max-image-preview:large, max-video-preview:-1\" \/>\n<link rel=\"canonical\" href=\"https:\/\/odysseus-contests.eu\/2016\/pl\/materialy\/rejestracja-osob-oceniajacych-projekty\/\" \/>\n<meta property=\"og:locale\" content=\"pl_PL\" \/>\n<meta property=\"og:type\" content=\"article\" \/>\n<meta property=\"og:title\" content=\"Rejestracja os\u00f3b oceniaj\u0105cych projekty - ODYSSEUS II\" \/>\n<meta property=\"og:description\" content=\"Je\u015bli Pa\u0144stwo chcieliby si\u0119 zarejestrowa\u0107, jako osoba oceniaj\u0105ca zadania konkursowe, prosz\u0119 klikn\u0105\u0107 przycisk przycisk &#8222;Rejestracja&#8221; i post\u0119powa\u0107 zgodnie z instrukcjami. Jest nam niezmiernie mi\u0142o powita\u0107 Pa\u0144stwa w\u015br\u00f3d organizator\u00f3w konkursu Odysseus II!\" \/>\n<meta property=\"og:url\" content=\"https:\/\/odysseus-contests.eu\/2016\/pl\/materialy\/rejestracja-osob-oceniajacych-projekty\/\" \/>\n<meta property=\"og:site_name\" content=\"ODYSSEUS II\" \/>\n<meta property=\"article:modified_time\" content=\"2015-07-28T12:45:57+00:00\" \/>\n<meta name=\"twitter:card\" content=\"summary_large_image\" \/>\n<script type=\"application\/ld+json\" class=\"yoast-schema-graph\">{\"@context\":\"https:\/\/schema.org\",\"@graph\":[{\"@type\":\"WebPage\",\"@id\":\"https:\/\/odysseus-contests.eu\/2016\/pl\/materialy\/rejestracja-osob-oceniajacych-projekty\/\",\"url\":\"https:\/\/odysseus-contests.eu\/2016\/pl\/materialy\/rejestracja-osob-oceniajacych-projekty\/\",\"name\":\"Rejestracja os\u00f3b oceniaj\u0105cych projekty - ODYSSEUS II\",\"isPartOf\":{\"@id\":\"https:\/\/odysseus-contests.eu\/2016\/de\/#website\"},\"datePublished\":\"2015-07-17T18:42:51+00:00\",\"dateModified\":\"2015-07-28T12:45:57+00:00\",\"breadcrumb\":{\"@id\":\"https:\/\/odysseus-contests.eu\/2016\/pl\/materialy\/rejestracja-osob-oceniajacych-projekty\/#breadcrumb\"},\"inLanguage\":\"pl-PL\",\"potentialAction\":[{\"@type\":\"ReadAction\",\"target\":[\"https:\/\/odysseus-contests.eu\/2016\/pl\/materialy\/rejestracja-osob-oceniajacych-projekty\/\"]}]},{\"@type\":\"BreadcrumbList\",\"@id\":\"https:\/\/odysseus-contests.eu\/2016\/pl\/materialy\/rejestracja-osob-oceniajacych-projekty\/#breadcrumb\",\"itemListElement\":[{\"@type\":\"ListItem\",\"position\":1,\"name\":\"Home\",\"item\":\"https:\/\/odysseus-contests.eu\/2016\/pl\/\"},{\"@type\":\"ListItem\",\"position\":2,\"name\":\"Materia\u0142y\",\"item\":\"https:\/\/odysseus-contests.eu\/2016\/pl\/materialy\/\"},{\"@type\":\"ListItem\",\"position\":3,\"name\":\"Rejestracja os\u00f3b oceniaj\u0105cych projekty\"}]},{\"@type\":\"WebSite\",\"@id\":\"https:\/\/odysseus-contests.eu\/2016\/de\/#website\",\"url\":\"https:\/\/odysseus-contests.eu\/2016\/de\/\",\"name\":\"ODYSSEUS II\",\"description\":\"European Youth Space Contest\",\"potentialAction\":[{\"@type\":\"SearchAction\",\"target\":{\"@type\":\"EntryPoint\",\"urlTemplate\":\"https:\/\/odysseus-contests.eu\/2016\/de\/?s={search_term_string}\"},\"query-input\":\"required name=search_term_string\"}],\"inLanguage\":\"pl-PL\"}]}<\/script>\n<!-- \/ Yoast SEO plugin. -->","yoast_head_json":{"title":"Rejestracja os\u00f3b oceniaj\u0105cych projekty - ODYSSEUS II","robots":{"index":"index","follow":"follow","max-snippet":"max-snippet:-1","max-image-preview":"max-image-preview:large","max-video-preview":"max-video-preview:-1"},"canonical":"https:\/\/odysseus-contests.eu\/2016\/pl\/materialy\/rejestracja-osob-oceniajacych-projekty\/","og_locale":"pl_PL","og_type":"article","og_title":"Rejestracja os\u00f3b oceniaj\u0105cych projekty - ODYSSEUS II","og_description":"Je\u015bli Pa\u0144stwo chcieliby si\u0119 zarejestrowa\u0107, jako osoba oceniaj\u0105ca zadania konkursowe, prosz\u0119 klikn\u0105\u0107 przycisk przycisk &#8222;Rejestracja&#8221; i post\u0119powa\u0107 zgodnie z instrukcjami. Jest nam niezmiernie mi\u0142o powita\u0107 Pa\u0144stwa w\u015br\u00f3d organizator\u00f3w konkursu Odysseus II!","og_url":"https:\/\/odysseus-contests.eu\/2016\/pl\/materialy\/rejestracja-osob-oceniajacych-projekty\/","og_site_name":"ODYSSEUS II","article_modified_time":"2015-07-28T12:45:57+00:00","twitter_card":"summary_large_image","schema":{"@context":"https:\/\/schema.org","@graph":[{"@type":"WebPage","@id":"https:\/\/odysseus-contests.eu\/2016\/pl\/materialy\/rejestracja-osob-oceniajacych-projekty\/","url":"https:\/\/odysseus-contests.eu\/2016\/pl\/materialy\/rejestracja-osob-oceniajacych-projekty\/","name":"Rejestracja os\u00f3b oceniaj\u0105cych projekty - ODYSSEUS II","isPartOf":{"@id":"https:\/\/odysseus-contests.eu\/2016\/de\/#website"},"datePublished":"2015-07-17T18:42:51+00:00","dateModified":"2015-07-28T12:45:57+00:00","breadcrumb":{"@id":"https:\/\/odysseus-contests.eu\/2016\/pl\/materialy\/rejestracja-osob-oceniajacych-projekty\/#breadcrumb"},"inLanguage":"pl-PL","potentialAction":[{"@type":"ReadAction","target":["https:\/\/odysseus-contests.eu\/2016\/pl\/materialy\/rejestracja-osob-oceniajacych-projekty\/"]}]},{"@type":"BreadcrumbList","@id":"https:\/\/odysseus-contests.eu\/2016\/pl\/materialy\/rejestracja-osob-oceniajacych-projekty\/#breadcrumb","itemListElement":[{"@type":"ListItem","position":1,"name":"Home","item":"https:\/\/odysseus-contests.eu\/2016\/pl\/"},{"@type":"ListItem","position":2,"name":"Materia\u0142y","item":"https:\/\/odysseus-contests.eu\/2016\/pl\/materialy\/"},{"@type":"ListItem","position":3,"name":"Rejestracja os\u00f3b oceniaj\u0105cych projekty"}]},{"@type":"WebSite","@id":"https:\/\/odysseus-contests.eu\/2016\/de\/#website","url":"https:\/\/odysseus-contests.eu\/2016\/de\/","name":"ODYSSEUS II","description":"European Youth Space Contest","potentialAction":[{"@type":"SearchAction","target":{"@type":"EntryPoint","urlTemplate":"https:\/\/odysseus-contests.eu\/2016\/de\/?s={search_term_string}"},"query-input":"required name=search_term_string"}],"inLanguage":"pl-PL"}]}},"_links":{"self":[{"href":"https:\/\/odysseus-contests.eu\/2016\/pl\/wp-json\/wp\/v2\/pages\/2905"}],"collection":[{"href":"https:\/\/odysseus-contests.eu\/2016\/pl\/wp-json\/wp\/v2\/pages"}],"about":[{"href":"https:\/\/odysseus-contests.eu\/2016\/pl\/wp-json\/wp\/v2\/types\/page"}],"author":[{"embeddable":true,"href":"https:\/\/odysseus-contests.eu\/2016\/pl\/wp-json\/wp\/v2\/users\/2"}],"replies":[{"embeddable":true,"href":"https:\/\/odysseus-contests.eu\/2016\/pl\/wp-json\/wp\/v2\/comments?post=2905"}],"version-history":[{"count":0,"href":"https:\/\/odysseus-contests.eu\/2016\/pl\/wp-json\/wp\/v2\/pages\/2905\/revisions"}],"up":[{"embeddable":true,"href":"https:\/\/odysseus-contests.eu\/2016\/pl\/wp-json\/wp\/v2\/pages\/2894"}],"wp:attachment":[{"href":"https:\/\/odysseus-contests.eu\/2016\/pl\/wp-json\/wp\/v2\/media?parent=2905"}],"curies":[{"name":"wp","href":"https:\/\/api.w.org\/{rel}","templated":true}]}}