{"id":2904,"date":"2015-07-17T21:45:20","date_gmt":"2015-07-17T18:45:20","guid":{"rendered":"http:\/\/odysseus-contests.eu\/2016\/?page_id=2904"},"modified":"2015-07-28T15:41:04","modified_gmt":"2015-07-28T12:41:04","slug":"osoby-oceniajace-projekty-konkursowe","status":"publish","type":"page","link":"https:\/\/odysseus-contests.eu\/2016\/pl\/materialy\/osoby-oceniajace-projekty-konkursowe\/","title":{"rendered":"Osoby oceniaj\u0105ce projekty konkursowe"},"content":{"rendered":"<p>&nbsp;<\/p>\n<p style=\"text-align: justify;\">Wszystkie projekty konkursowe b\u0119d\u0105 oceniane przez w\u0142a\u015bciwy narodowy panel sk\u0142adaj\u0105cy si\u0119 z do\u015bwiadczonych os\u00f3b. W szczeg\u00f3lno\u015bci, ka\u017cdy narodowy panel oceniaj\u0105cy sk\u0142ada si\u0119 z nauczycieli nauk\u015bcis\u0142ych, z ekspert\u00f3w w dziedzinie bada\u0144 przestrzeni kosmicznej oraz z prowadz\u0105cych zaj\u0119cia w szko\u0142ach \u015brednich, na uniwersytetach\/politechnikach lub z os\u00f3b zwi\u0105zanych z innymi programami edukacyjnymi w dziedzinie nauk \u015bcis\u0142ych.<\/p>\n<p style=\"text-align: justify;\">S\u0119dziami b\u0119d\u0105 osoby posiadaj\u0105ce do\u015bwiadczenie w zakresie bada\u0144 kosmicznych, technik kosmicznych i edukacji w zakresie nauk przyrodniczych. B\u0119d\u0105 dzia\u0142a\u0107 na zasadzie wolontariatu &#8211; nie b\u0119d\u0105 pobiera\u0107 \u017cadnego wynagrodzenia za sw\u0105 prac\u0119, koszty ich uczestnictwa w p\u00f3\u0142fina\u0142ach i fina\u0142ach zostan\u0105 pokryte przez projekt Odysseus II.<\/p>\n<p style=\"text-align: justify;\">Mi\u0119dzynarodowy komitet naukowy sk\u0142ada si\u0119 r\u00f3wnie\u017c z ekspert\u00f3w w dziedzinie bada\u0144 kosmosu i profesjonalist\u00f3w w obszarze nauk \u015bcis\u0142ych. Nauczyciele\/liderzy zespo\u0142\u00f3w zarejestrowanych w konkursie Odysseus II nie mog\u0105 zasiada\u0107 w sk\u0142adach oceniaj\u0105cych.<\/p>\n","protected":false},"excerpt":{"rendered":"<p>&nbsp; Wszystkie projekty konkursowe b\u0119d\u0105 oceniane przez w\u0142a\u015bciwy narodowy panel sk\u0142adaj\u0105cy si\u0119 z do\u015bwiadczonych os\u00f3b. W szczeg\u00f3lno\u015bci, ka\u017cdy narodowy panel oceniaj\u0105cy sk\u0142ada si\u0119 z nauczycieli nauk\u015bcis\u0142ych, z ekspert\u00f3w w dziedzinie bada\u0144 przestrzeni kosmicznej oraz z prowadz\u0105cych zaj\u0119cia w szko\u0142ach \u015brednich, na uniwersytetach\/politechnikach lub z os\u00f3b zwi\u0105zanych z innymi programami edukacyjnymi w dziedzinie nauk \u015bcis\u0142ych. S\u0119dziami [&hellip;]<\/p>\n","protected":false},"author":2,"featured_media":0,"parent":2894,"menu_order":0,"comment_status":"closed","ping_status":"closed","template":"template_evaluators.php","meta":[],"acf":[],"yoast_head":"<!-- This site is optimized with the Yoast SEO plugin v19.14 - https:\/\/yoast.com\/wordpress\/plugins\/seo\/ -->\n<title>Osoby oceniaj\u0105ce projekty konkursowe - ODYSSEUS II<\/title>\n<meta name=\"robots\" content=\"index, follow, max-snippet:-1, max-image-preview:large, max-video-preview:-1\" \/>\n<link rel=\"canonical\" href=\"https:\/\/odysseus-contests.eu\/2016\/pl\/materialy\/osoby-oceniajace-projekty-konkursowe\/\" \/>\n<meta property=\"og:locale\" content=\"pl_PL\" \/>\n<meta property=\"og:type\" content=\"article\" \/>\n<meta property=\"og:title\" content=\"Osoby oceniaj\u0105ce projekty konkursowe - ODYSSEUS II\" \/>\n<meta property=\"og:description\" content=\"&nbsp; Wszystkie projekty konkursowe b\u0119d\u0105 oceniane przez w\u0142a\u015bciwy narodowy panel sk\u0142adaj\u0105cy si\u0119 z do\u015bwiadczonych os\u00f3b. W szczeg\u00f3lno\u015bci, ka\u017cdy narodowy panel oceniaj\u0105cy sk\u0142ada si\u0119 z nauczycieli nauk\u015bcis\u0142ych, z ekspert\u00f3w w dziedzinie bada\u0144 przestrzeni kosmicznej oraz z prowadz\u0105cych zaj\u0119cia w szko\u0142ach \u015brednich, na uniwersytetach\/politechnikach lub z os\u00f3b zwi\u0105zanych z innymi programami edukacyjnymi w dziedzinie nauk \u015bcis\u0142ych. S\u0119dziami [&hellip;]\" \/>\n<meta property=\"og:url\" content=\"https:\/\/odysseus-contests.eu\/2016\/pl\/materialy\/osoby-oceniajace-projekty-konkursowe\/\" \/>\n<meta property=\"og:site_name\" content=\"ODYSSEUS II\" \/>\n<meta property=\"article:modified_time\" content=\"2015-07-28T12:41:04+00:00\" \/>\n<meta name=\"twitter:card\" content=\"summary_large_image\" \/>\n<meta name=\"twitter:label1\" content=\"Szacowany czas czytania\" \/>\n\t<meta name=\"twitter:data1\" content=\"1 minuta\" \/>\n<script type=\"application\/ld+json\" class=\"yoast-schema-graph\">{\"@context\":\"https:\/\/schema.org\",\"@graph\":[{\"@type\":\"WebPage\",\"@id\":\"https:\/\/odysseus-contests.eu\/2016\/pl\/materialy\/osoby-oceniajace-projekty-konkursowe\/\",\"url\":\"https:\/\/odysseus-contests.eu\/2016\/pl\/materialy\/osoby-oceniajace-projekty-konkursowe\/\",\"name\":\"Osoby oceniaj\u0105ce projekty konkursowe - ODYSSEUS II\",\"isPartOf\":{\"@id\":\"https:\/\/odysseus-contests.eu\/2016\/de\/#website\"},\"datePublished\":\"2015-07-17T18:45:20+00:00\",\"dateModified\":\"2015-07-28T12:41:04+00:00\",\"breadcrumb\":{\"@id\":\"https:\/\/odysseus-contests.eu\/2016\/pl\/materialy\/osoby-oceniajace-projekty-konkursowe\/#breadcrumb\"},\"inLanguage\":\"pl-PL\",\"potentialAction\":[{\"@type\":\"ReadAction\",\"target\":[\"https:\/\/odysseus-contests.eu\/2016\/pl\/materialy\/osoby-oceniajace-projekty-konkursowe\/\"]}]},{\"@type\":\"BreadcrumbList\",\"@id\":\"https:\/\/odysseus-contests.eu\/2016\/pl\/materialy\/osoby-oceniajace-projekty-konkursowe\/#breadcrumb\",\"itemListElement\":[{\"@type\":\"ListItem\",\"position\":1,\"name\":\"Home\",\"item\":\"https:\/\/odysseus-contests.eu\/2016\/pl\/\"},{\"@type\":\"ListItem\",\"position\":2,\"name\":\"Materia\u0142y\",\"item\":\"https:\/\/odysseus-contests.eu\/2016\/pl\/materialy\/\"},{\"@type\":\"ListItem\",\"position\":3,\"name\":\"Osoby oceniaj\u0105ce projekty konkursowe\"}]},{\"@type\":\"WebSite\",\"@id\":\"https:\/\/odysseus-contests.eu\/2016\/de\/#website\",\"url\":\"https:\/\/odysseus-contests.eu\/2016\/de\/\",\"name\":\"ODYSSEUS II\",\"description\":\"European Youth Space Contest\",\"potentialAction\":[{\"@type\":\"SearchAction\",\"target\":{\"@type\":\"EntryPoint\",\"urlTemplate\":\"https:\/\/odysseus-contests.eu\/2016\/de\/?s={search_term_string}\"},\"query-input\":\"required name=search_term_string\"}],\"inLanguage\":\"pl-PL\"}]}<\/script>\n<!-- \/ Yoast SEO plugin. -->","yoast_head_json":{"title":"Osoby oceniaj\u0105ce projekty konkursowe - ODYSSEUS II","robots":{"index":"index","follow":"follow","max-snippet":"max-snippet:-1","max-image-preview":"max-image-preview:large","max-video-preview":"max-video-preview:-1"},"canonical":"https:\/\/odysseus-contests.eu\/2016\/pl\/materialy\/osoby-oceniajace-projekty-konkursowe\/","og_locale":"pl_PL","og_type":"article","og_title":"Osoby oceniaj\u0105ce projekty konkursowe - ODYSSEUS II","og_description":"&nbsp; Wszystkie projekty konkursowe b\u0119d\u0105 oceniane przez w\u0142a\u015bciwy narodowy panel sk\u0142adaj\u0105cy si\u0119 z do\u015bwiadczonych os\u00f3b. W szczeg\u00f3lno\u015bci, ka\u017cdy narodowy panel oceniaj\u0105cy sk\u0142ada si\u0119 z nauczycieli nauk\u015bcis\u0142ych, z ekspert\u00f3w w dziedzinie bada\u0144 przestrzeni kosmicznej oraz z prowadz\u0105cych zaj\u0119cia w szko\u0142ach \u015brednich, na uniwersytetach\/politechnikach lub z os\u00f3b zwi\u0105zanych z innymi programami edukacyjnymi w dziedzinie nauk \u015bcis\u0142ych. S\u0119dziami [&hellip;]","og_url":"https:\/\/odysseus-contests.eu\/2016\/pl\/materialy\/osoby-oceniajace-projekty-konkursowe\/","og_site_name":"ODYSSEUS II","article_modified_time":"2015-07-28T12:41:04+00:00","twitter_card":"summary_large_image","twitter_misc":{"Szacowany czas czytania":"1 minuta"},"schema":{"@context":"https:\/\/schema.org","@graph":[{"@type":"WebPage","@id":"https:\/\/odysseus-contests.eu\/2016\/pl\/materialy\/osoby-oceniajace-projekty-konkursowe\/","url":"https:\/\/odysseus-contests.eu\/2016\/pl\/materialy\/osoby-oceniajace-projekty-konkursowe\/","name":"Osoby oceniaj\u0105ce projekty konkursowe - ODYSSEUS II","isPartOf":{"@id":"https:\/\/odysseus-contests.eu\/2016\/de\/#website"},"datePublished":"2015-07-17T18:45:20+00:00","dateModified":"2015-07-28T12:41:04+00:00","breadcrumb":{"@id":"https:\/\/odysseus-contests.eu\/2016\/pl\/materialy\/osoby-oceniajace-projekty-konkursowe\/#breadcrumb"},"inLanguage":"pl-PL","potentialAction":[{"@type":"ReadAction","target":["https:\/\/odysseus-contests.eu\/2016\/pl\/materialy\/osoby-oceniajace-projekty-konkursowe\/"]}]},{"@type":"BreadcrumbList","@id":"https:\/\/odysseus-contests.eu\/2016\/pl\/materialy\/osoby-oceniajace-projekty-konkursowe\/#breadcrumb","itemListElement":[{"@type":"ListItem","position":1,"name":"Home","item":"https:\/\/odysseus-contests.eu\/2016\/pl\/"},{"@type":"ListItem","position":2,"name":"Materia\u0142y","item":"https:\/\/odysseus-contests.eu\/2016\/pl\/materialy\/"},{"@type":"ListItem","position":3,"name":"Osoby oceniaj\u0105ce projekty konkursowe"}]},{"@type":"WebSite","@id":"https:\/\/odysseus-contests.eu\/2016\/de\/#website","url":"https:\/\/odysseus-contests.eu\/2016\/de\/","name":"ODYSSEUS II","description":"European Youth Space Contest","potentialAction":[{"@type":"SearchAction","target":{"@type":"EntryPoint","urlTemplate":"https:\/\/odysseus-contests.eu\/2016\/de\/?s={search_term_string}"},"query-input":"required name=search_term_string"}],"inLanguage":"pl-PL"}]}},"_links":{"self":[{"href":"https:\/\/odysseus-contests.eu\/2016\/pl\/wp-json\/wp\/v2\/pages\/2904"}],"collection":[{"href":"https:\/\/odysseus-contests.eu\/2016\/pl\/wp-json\/wp\/v2\/pages"}],"about":[{"href":"https:\/\/odysseus-contests.eu\/2016\/pl\/wp-json\/wp\/v2\/types\/page"}],"author":[{"embeddable":true,"href":"https:\/\/odysseus-contests.eu\/2016\/pl\/wp-json\/wp\/v2\/users\/2"}],"replies":[{"embeddable":true,"href":"https:\/\/odysseus-contests.eu\/2016\/pl\/wp-json\/wp\/v2\/comments?post=2904"}],"version-history":[{"count":0,"href":"https:\/\/odysseus-contests.eu\/2016\/pl\/wp-json\/wp\/v2\/pages\/2904\/revisions"}],"up":[{"embeddable":true,"href":"https:\/\/odysseus-contests.eu\/2016\/pl\/wp-json\/wp\/v2\/pages\/2894"}],"wp:attachment":[{"href":"https:\/\/odysseus-contests.eu\/2016\/pl\/wp-json\/wp\/v2\/media?parent=2904"}],"curies":[{"name":"wp","href":"https:\/\/api.w.org\/{rel}","templated":true}]}}