{"id":2897,"date":"2015-07-27T13:28:04","date_gmt":"2015-07-27T10:28:04","guid":{"rendered":"http:\/\/odysseus-contests.eu\/2016\/?page_id=2897"},"modified":"2015-11-17T16:52:01","modified_gmt":"2015-11-17T13:52:01","slug":"siec-mentorow","status":"publish","type":"page","link":"https:\/\/odysseus-contests.eu\/2016\/pl\/materialy\/siec-mentorow\/","title":{"rendered":"Sie\u0107 Mentor\u00f3w"},"content":{"rendered":"<p style=\"text-align: justify;\"><strong>Jak to\u00a0<\/strong><strong>dzia\u0142a?<\/strong><\/p>\n<p style=\"text-align: justify;\">Aby uczestnikom konkursu w kategorii Pioneers i Explorers zapewni\u0107 mo\u017cliwie najlepsze wsparcie i porad\u0119, organizatorzy konkursu Odysseus II stworz\u0105 sie\u0107 mentor\u00f3w w ka\u017cdym z kraj\u00f3w Unii Europejskiej. Uczestnicy konkursu mog\u0105 zabiega\u0107 o wsparcie mentor\u00f3w w ramach tej sieci, ale mo\u017cna tak\u017ce korzysta\u0107 ze wsparcia mentora spoza sieci zapewnionej przez organizator\u00f3w.<\/p>\n<p style=\"text-align: justify;\"><strong>Rola mentora.<\/strong><\/p>\n<p style=\"text-align: justify;\">Zadaniem mentor\u00f3w jest zapewnienie wsparcia uczestnikom konkursu poprzez udzielanie technicznych i naukowych porad. Mentorzy mog\u0105 r\u00f3wnie\u017c pom\u00f3c w zdefiniowaniu generalnego zr\u0119bu projektu lub problemu, kt\u00f3rego badaniem zajm\u0105 si\u0119 uczestnicy konkursu, ale ich rol\u0105 nie jest wype\u0142nienie tego szkieletu zawarto\u015bci\u0105, kt\u00f3ra b\u0119dzie p\u00f3\u017aniej oceniana w ramach konkursu.<\/p>\n<p style=\"text-align: justify;\"><strong>Kim s\u0105 mentorzy?<\/strong><\/p>\n<p style=\"text-align: justify;\">Mentorzy to ludzie z umiej\u0119tno\u015bciami i wiedz\u0105 w zakresie bada\u0144 kosmicznych, kt\u00f3rzy pracuj\u0105 lub pracowali, w dziedzinach zwi\u0105zanych z badaniem przestrzeni kosmicznej, jako naukowcy\/in\u017cynierowie, jako nauczyciele lub jako popularyzatorzy nauki. Mentorzy w\u0142\u0105czeni w sie\u0107 to profesjonali\u015bci znani organizatorom konkursu Odyseusz II.<\/p>\n<p style=\"text-align: justify;\"><strong>Jak skontaktowa\u0107 si\u0119 z mentorem? <\/strong><\/p>\n<p style=\"text-align: justify;\">Poni\u017cej znajdziesz mapk\u0119 z informacj\u0105 dotycz\u0105c\u0105 lokalizacji mentor\u00f3w. Gdy klikniesz w odno\u015bnik, na ekranie poka\u017c\u0105 si\u0119 dane osobowe mentor\u00f3w oraz spos\u00f3b nawi\u0105zania kontaktu z nimi. Mo\u017cesz skontaktowa\u0107 si\u0119 z mentorem poprzez wys\u0142anie e-maila na wskazany adrese-mail. Je\u017celi nie b\u0119dziesz m\u00f3g\u0142 znale\u017a\u0107<\/p>\n<p style=\"text-align: justify;\"><strong>Rejestracja Wolontariuszy \u2013 Mentor\u00f3w<\/strong><\/p>\n<p style=\"text-align: justify;\">Je\u015bli chcia\u0142 by\u015b si\u0119 zarejestrowa\u0107, jako Wolontariusz &#8211; Mentor, \u00a0kliknij przycisk &#8222;<a href=\"http:\/\/odysseus-contests.eu\/2016\/mentors-registration\/\" target=\"_blank\">Rejestracja<\/a>\u201d i post\u0119puj zgodnie z instrukcjami. Jest nam niezmiernie mi\u0142o powita\u0107 Ci\u0119\u00a0w\u015br\u00f3d organizator\u00f3w konkursu Odysseus II!<\/p>\n<p style=\"text-align: justify;\"><strong>Lista mentor\u00f3w z Polski.<\/strong><\/p>\n<div class=\"panel-group\" id=\"custom-collapse-0\"> <div class=\"panel panel-default\">\n        <div class=\"panel-heading\">\n          <h4 class=\"panel-title\">\n            <a class=\"collapsed\" data-toggle=\"collapse\" data-parent=\"#custom-collapse-0\"\" href=\"#custom-collapse-0-0\">Astronomia<\/a>\n          <\/h4>\n        <\/div>\n        <div id=\"custom-collapse-0-0\" class=\"panel-collapse collapse\">\n          <div class=\"panel-body\">\n<p>&nbsp;<\/p>\n<p><strong>Micha\u0142 Gochna &#8211;\u00a0<\/strong><em>mgochna@gmail.com<\/em><\/p>\n<p>I used to study astronomy at the Faculty of Physics of the Warsaw University. During studies I was a head of a student scientific association, then I started to work in the planetarium of Museum of Technology (http:\/\/mtip.pl\/). After 2 years I moved to another planetarium \u2013 Heavens of Copernicus (http:\/\/en.niebokopernika.pl\/). After another 2 years I quit to start my own company \u2013 a tech start-up (we were developing computer vision algorithms for iPads), based in Berlin, founded by HackFwd. After a year I resigned and started working in Heavens of Copernicus again. Now I work as a planetarium presenter and programmer, I am experienced in subjects such as giving speeches, interacting with audience, science visualisation, programming.<\/p>\n<p><strong>Robert So\u0142owiej &#8211;\u00a0 <\/strong><em>robroy07@wp.pl<\/em><\/p>\n<p>Nauczyciel przyrody i astronomii w szkole.<\/p>\n<p><strong>Krzysztof Piasecki &#8211;\u00a0<\/strong><em>krzysiek@finka.pl<\/em><\/p>\n<p>Jestem informatykiem z zawodu, a prywatnie tak\u017ce amatorem astronomii. Czasem je\u017cd\u017c\u0119 do szk\u00f3\u0142 z prelekcjami i pokazami nieba przez teleskop. W ka\u017cdej z dziedzin, w tym w &#8222;Odyseuszu&#8221;, preferuj\u0119 w\u0142asne my\u015blenie (obserwacje, obliczenia) nad kompilacj\u0119 innych materia\u0142\u00f3w.<\/p>\n<p><strong>Ireneusz W\u0142odarczyk &#8211; \u00a0<\/strong><em>astrobit@ka.onet.pl<\/em><\/p>\n<p>dr nauk fizycznych w zakresie astronomii.Prezes Rozdra\u017cewskiego Oddzia\u0142u Polskiego Towarzystwa Mi\u0142o\u015bnikow Astronomii. Mechanika nieba \u2013 Uk\u0142ad S\u0142oneczny \u2013 drobne cia\u0142a Uk\u0142adu S\u0142onecznego \u2013 planetoidy, komety, meteory: obserwacje i opracowania teoretyczne.<\/p>\n<p><strong>Emilia Maria Pozna\u0144 &#8211;\u00a0<\/strong><em>emiliamisch@wp.pl<\/em><\/p>\n<p>nauczyciel fizyki i astronomii<\/p>\n<p>&nbsp;<\/p>\n<p>&nbsp;<\/p>\n<\/div>\n        <\/div>\n      <\/div> <div class=\"panel panel-default\">\n        <div class=\"panel-heading\">\n          <h4 class=\"panel-title\">\n            <a class=\"collapsed\" data-toggle=\"collapse\" data-parent=\"#custom-collapse-0\"\" href=\"#custom-collapse-0-1\">Obserwacje Ziemi<\/a>\n          <\/h4>\n        <\/div>\n        <div id=\"custom-collapse-0-1\" class=\"panel-collapse collapse\">\n          <div class=\"panel-body\">\n<p>&nbsp;<\/p>\n<p><strong>Micha\u0142 Krupi\u0144ski &#8211; <\/strong><em>mkrupinski@cbk.waw.pl<\/em><\/p>\n<p>Od oko\u0142o pi\u0119ciu lat pracuj\u0119 w Zespole Obserwacji Ziemi (Centrum Bada\u0144 Kosmicznych PAN), realizuj\u0105c projekty naukowe i badawczo-rozwojowe z zakresu teledetekcji satelitarnej i analiz przestrzennych (GIS).<\/p>\n<p><strong>Sylwia A. Nasilowska &#8211; <\/strong><em>sylwianasilowska@gmail.com<\/em><\/p>\n<p>W 2008 roku rozpocz\u0119\u0142am prac\u0119 na Uniwersytecie Warszawskim, Wydziale Geografii i Studi\u00f3w Regionalnych, gdzie zajmowa\u0142am si\u0119 dydaktyk\u0105 oraz realizacj\u0105 projekt\u00f3w badawczych z zakresu geoinformatyki i teledetekcji. W okresie 04.2014-09.2015 by\u0142am cz\u0142onkiem Zespo\u0142u Obserwacji Ziemi CBK PAN. Obecnie zajmuj\u0119 si\u0119 teledetekcj\u0105 w Centrum Nowych Technologii UW.<\/p>\n<p>&nbsp;<\/p>\n<p>&nbsp;<\/p>\n<p>&nbsp;<\/p>\n<\/div>\n        <\/div>\n      <\/div> <div class=\"panel panel-default\">\n        <div class=\"panel-heading\">\n          <h4 class=\"panel-title\">\n            <a class=\"collapsed\" data-toggle=\"collapse\" data-parent=\"#custom-collapse-0\"\" href=\"#custom-collapse-0-2\">Inne<\/a>\n          <\/h4>\n        <\/div>\n        <div id=\"custom-collapse-0-2\" class=\"panel-collapse collapse\">\n          <div class=\"panel-body\">\n<p><strong>Agnieszka Baron &#8211; <\/strong><em>agnieszkabaron@simplusnet.pl<\/em><\/p>\n<p>Jestem nauczycielem zaj\u0119\u0107 komputerowych oraz nauczania pocz\u0105tkowego<\/p>\n<p>&nbsp;<\/p>\n<p>&nbsp;<\/p>\n<\/div>\n        <\/div>\n      <\/div> <\/div>\n<p style=\"text-align: justify;\"><strong>Nie mo\u017cesz znale\u017a\u0107 odpowiedniego mentora? Skontaktuj si\u0119 z nami.<\/strong><\/p>\n","protected":false},"excerpt":{"rendered":"<p>Jak to\u00a0dzia\u0142a? Aby uczestnikom konkursu w kategorii Pioneers i Explorers zapewni\u0107 mo\u017cliwie najlepsze wsparcie i porad\u0119, organizatorzy konkursu Odysseus II stworz\u0105 sie\u0107 mentor\u00f3w w ka\u017cdym z kraj\u00f3w Unii Europejskiej. Uczestnicy konkursu mog\u0105 zabiega\u0107 o wsparcie mentor\u00f3w w ramach tej sieci, ale mo\u017cna tak\u017ce korzysta\u0107 ze wsparcia mentora spoza sieci zapewnionej przez organizator\u00f3w. Rola mentora. Zadaniem [&hellip;]<\/p>\n","protected":false},"author":2,"featured_media":0,"parent":2894,"menu_order":0,"comment_status":"closed","ping_status":"closed","template":"template_mentors.php","meta":[],"acf":[],"yoast_head":"<!-- This site is optimized with the Yoast SEO plugin v19.14 - https:\/\/yoast.com\/wordpress\/plugins\/seo\/ -->\n<title>Sie\u0107 Mentor\u00f3w - ODYSSEUS II<\/title>\n<meta name=\"robots\" content=\"index, follow, max-snippet:-1, max-image-preview:large, max-video-preview:-1\" \/>\n<link rel=\"canonical\" href=\"https:\/\/odysseus-contests.eu\/2016\/pl\/materialy\/siec-mentorow\/\" \/>\n<meta property=\"og:locale\" content=\"pl_PL\" \/>\n<meta property=\"og:type\" content=\"article\" \/>\n<meta property=\"og:title\" content=\"Sie\u0107 Mentor\u00f3w - ODYSSEUS II\" \/>\n<meta property=\"og:description\" content=\"Jak to\u00a0dzia\u0142a? Aby uczestnikom konkursu w kategorii Pioneers i Explorers zapewni\u0107 mo\u017cliwie najlepsze wsparcie i porad\u0119, organizatorzy konkursu Odysseus II stworz\u0105 sie\u0107 mentor\u00f3w w ka\u017cdym z kraj\u00f3w Unii Europejskiej. Uczestnicy konkursu mog\u0105 zabiega\u0107 o wsparcie mentor\u00f3w w ramach tej sieci, ale mo\u017cna tak\u017ce korzysta\u0107 ze wsparcia mentora spoza sieci zapewnionej przez organizator\u00f3w. Rola mentora. Zadaniem [&hellip;]\" \/>\n<meta property=\"og:url\" content=\"https:\/\/odysseus-contests.eu\/2016\/pl\/materialy\/siec-mentorow\/\" \/>\n<meta property=\"og:site_name\" content=\"ODYSSEUS II\" \/>\n<meta property=\"article:modified_time\" content=\"2015-11-17T13:52:01+00:00\" \/>\n<meta name=\"twitter:card\" content=\"summary_large_image\" \/>\n<meta name=\"twitter:label1\" content=\"Szacowany czas czytania\" \/>\n\t<meta name=\"twitter:data1\" content=\"3 minuty\" \/>\n<script type=\"application\/ld+json\" class=\"yoast-schema-graph\">{\"@context\":\"https:\/\/schema.org\",\"@graph\":[{\"@type\":\"WebPage\",\"@id\":\"https:\/\/odysseus-contests.eu\/2016\/pl\/materialy\/siec-mentorow\/\",\"url\":\"https:\/\/odysseus-contests.eu\/2016\/pl\/materialy\/siec-mentorow\/\",\"name\":\"Sie\u0107 Mentor\u00f3w - ODYSSEUS II\",\"isPartOf\":{\"@id\":\"https:\/\/odysseus-contests.eu\/2016\/de\/#website\"},\"datePublished\":\"2015-07-27T10:28:04+00:00\",\"dateModified\":\"2015-11-17T13:52:01+00:00\",\"breadcrumb\":{\"@id\":\"https:\/\/odysseus-contests.eu\/2016\/pl\/materialy\/siec-mentorow\/#breadcrumb\"},\"inLanguage\":\"pl-PL\",\"potentialAction\":[{\"@type\":\"ReadAction\",\"target\":[\"https:\/\/odysseus-contests.eu\/2016\/pl\/materialy\/siec-mentorow\/\"]}]},{\"@type\":\"BreadcrumbList\",\"@id\":\"https:\/\/odysseus-contests.eu\/2016\/pl\/materialy\/siec-mentorow\/#breadcrumb\",\"itemListElement\":[{\"@type\":\"ListItem\",\"position\":1,\"name\":\"Home\",\"item\":\"https:\/\/odysseus-contests.eu\/2016\/pl\/\"},{\"@type\":\"ListItem\",\"position\":2,\"name\":\"Materia\u0142y\",\"item\":\"https:\/\/odysseus-contests.eu\/2016\/pl\/materialy\/\"},{\"@type\":\"ListItem\",\"position\":3,\"name\":\"Sie\u0107 Mentor\u00f3w\"}]},{\"@type\":\"WebSite\",\"@id\":\"https:\/\/odysseus-contests.eu\/2016\/de\/#website\",\"url\":\"https:\/\/odysseus-contests.eu\/2016\/de\/\",\"name\":\"ODYSSEUS II\",\"description\":\"European Youth Space Contest\",\"potentialAction\":[{\"@type\":\"SearchAction\",\"target\":{\"@type\":\"EntryPoint\",\"urlTemplate\":\"https:\/\/odysseus-contests.eu\/2016\/de\/?s={search_term_string}\"},\"query-input\":\"required name=search_term_string\"}],\"inLanguage\":\"pl-PL\"}]}<\/script>\n<!-- \/ Yoast SEO plugin. -->","yoast_head_json":{"title":"Sie\u0107 Mentor\u00f3w - ODYSSEUS II","robots":{"index":"index","follow":"follow","max-snippet":"max-snippet:-1","max-image-preview":"max-image-preview:large","max-video-preview":"max-video-preview:-1"},"canonical":"https:\/\/odysseus-contests.eu\/2016\/pl\/materialy\/siec-mentorow\/","og_locale":"pl_PL","og_type":"article","og_title":"Sie\u0107 Mentor\u00f3w - ODYSSEUS II","og_description":"Jak to\u00a0dzia\u0142a? Aby uczestnikom konkursu w kategorii Pioneers i Explorers zapewni\u0107 mo\u017cliwie najlepsze wsparcie i porad\u0119, organizatorzy konkursu Odysseus II stworz\u0105 sie\u0107 mentor\u00f3w w ka\u017cdym z kraj\u00f3w Unii Europejskiej. Uczestnicy konkursu mog\u0105 zabiega\u0107 o wsparcie mentor\u00f3w w ramach tej sieci, ale mo\u017cna tak\u017ce korzysta\u0107 ze wsparcia mentora spoza sieci zapewnionej przez organizator\u00f3w. Rola mentora. Zadaniem [&hellip;]","og_url":"https:\/\/odysseus-contests.eu\/2016\/pl\/materialy\/siec-mentorow\/","og_site_name":"ODYSSEUS II","article_modified_time":"2015-11-17T13:52:01+00:00","twitter_card":"summary_large_image","twitter_misc":{"Szacowany czas czytania":"3 minuty"},"schema":{"@context":"https:\/\/schema.org","@graph":[{"@type":"WebPage","@id":"https:\/\/odysseus-contests.eu\/2016\/pl\/materialy\/siec-mentorow\/","url":"https:\/\/odysseus-contests.eu\/2016\/pl\/materialy\/siec-mentorow\/","name":"Sie\u0107 Mentor\u00f3w - ODYSSEUS II","isPartOf":{"@id":"https:\/\/odysseus-contests.eu\/2016\/de\/#website"},"datePublished":"2015-07-27T10:28:04+00:00","dateModified":"2015-11-17T13:52:01+00:00","breadcrumb":{"@id":"https:\/\/odysseus-contests.eu\/2016\/pl\/materialy\/siec-mentorow\/#breadcrumb"},"inLanguage":"pl-PL","potentialAction":[{"@type":"ReadAction","target":["https:\/\/odysseus-contests.eu\/2016\/pl\/materialy\/siec-mentorow\/"]}]},{"@type":"BreadcrumbList","@id":"https:\/\/odysseus-contests.eu\/2016\/pl\/materialy\/siec-mentorow\/#breadcrumb","itemListElement":[{"@type":"ListItem","position":1,"name":"Home","item":"https:\/\/odysseus-contests.eu\/2016\/pl\/"},{"@type":"ListItem","position":2,"name":"Materia\u0142y","item":"https:\/\/odysseus-contests.eu\/2016\/pl\/materialy\/"},{"@type":"ListItem","position":3,"name":"Sie\u0107 Mentor\u00f3w"}]},{"@type":"WebSite","@id":"https:\/\/odysseus-contests.eu\/2016\/de\/#website","url":"https:\/\/odysseus-contests.eu\/2016\/de\/","name":"ODYSSEUS II","description":"European Youth Space Contest","potentialAction":[{"@type":"SearchAction","target":{"@type":"EntryPoint","urlTemplate":"https:\/\/odysseus-contests.eu\/2016\/de\/?s={search_term_string}"},"query-input":"required name=search_term_string"}],"inLanguage":"pl-PL"}]}},"_links":{"self":[{"href":"https:\/\/odysseus-contests.eu\/2016\/pl\/wp-json\/wp\/v2\/pages\/2897"}],"collection":[{"href":"https:\/\/odysseus-contests.eu\/2016\/pl\/wp-json\/wp\/v2\/pages"}],"about":[{"href":"https:\/\/odysseus-contests.eu\/2016\/pl\/wp-json\/wp\/v2\/types\/page"}],"author":[{"embeddable":true,"href":"https:\/\/odysseus-contests.eu\/2016\/pl\/wp-json\/wp\/v2\/users\/2"}],"replies":[{"embeddable":true,"href":"https:\/\/odysseus-contests.eu\/2016\/pl\/wp-json\/wp\/v2\/comments?post=2897"}],"version-history":[{"count":0,"href":"https:\/\/odysseus-contests.eu\/2016\/pl\/wp-json\/wp\/v2\/pages\/2897\/revisions"}],"up":[{"embeddable":true,"href":"https:\/\/odysseus-contests.eu\/2016\/pl\/wp-json\/wp\/v2\/pages\/2894"}],"wp:attachment":[{"href":"https:\/\/odysseus-contests.eu\/2016\/pl\/wp-json\/wp\/v2\/media?parent=2897"}],"curies":[{"name":"wp","href":"https:\/\/api.w.org\/{rel}","templated":true}]}}