{"id":2896,"date":"2015-07-17T21:32:34","date_gmt":"2015-07-17T18:32:34","guid":{"rendered":"http:\/\/odysseus-contests.eu\/2016\/?page_id=2896"},"modified":"2015-07-17T21:36:51","modified_gmt":"2015-07-17T18:36:51","slug":"submitted-entries","status":"publish","type":"page","link":"https:\/\/odysseus-contests.eu\/2016\/pl\/materialy\/submitted-entries\/","title":{"rendered":"Z\u0142o\u017cone prace"},"content":{"rendered":"<p>Wszystkie z\u0142o\u017cone prace zostan\u0105 opublikowane na stronie konkursu Odyseus II po terminie sk\u0142adania. (stycze\u0144 2016).<\/p>\n","protected":false},"excerpt":{"rendered":"<p>Wszystkie z\u0142o\u017cone prace zostan\u0105 opublikowane na stronie konkursu Odyseus II po terminie sk\u0142adania. (stycze\u0144 2016).<\/p>\n","protected":false},"author":2,"featured_media":0,"parent":2894,"menu_order":0,"comment_status":"closed","ping_status":"closed","template":"","meta":[],"acf":[],"yoast_head":"<!-- This site is optimized with the Yoast SEO plugin v19.14 - https:\/\/yoast.com\/wordpress\/plugins\/seo\/ -->\n<title>Z\u0142o\u017cone prace - ODYSSEUS II<\/title>\n<meta name=\"robots\" content=\"index, follow, max-snippet:-1, max-image-preview:large, max-video-preview:-1\" \/>\n<link rel=\"canonical\" href=\"https:\/\/odysseus-contests.eu\/2016\/pl\/materialy\/submitted-entries\/\" \/>\n<meta property=\"og:locale\" content=\"pl_PL\" \/>\n<meta property=\"og:type\" content=\"article\" \/>\n<meta property=\"og:title\" content=\"Z\u0142o\u017cone prace - ODYSSEUS II\" \/>\n<meta property=\"og:description\" content=\"Wszystkie z\u0142o\u017cone prace zostan\u0105 opublikowane na stronie konkursu Odyseus II po terminie sk\u0142adania. (stycze\u0144 2016).\" \/>\n<meta property=\"og:url\" content=\"https:\/\/odysseus-contests.eu\/2016\/pl\/materialy\/submitted-entries\/\" \/>\n<meta property=\"og:site_name\" content=\"ODYSSEUS II\" \/>\n<meta property=\"article:modified_time\" content=\"2015-07-17T18:36:51+00:00\" \/>\n<meta name=\"twitter:card\" content=\"summary_large_image\" \/>\n<script type=\"application\/ld+json\" class=\"yoast-schema-graph\">{\"@context\":\"https:\/\/schema.org\",\"@graph\":[{\"@type\":\"WebPage\",\"@id\":\"https:\/\/odysseus-contests.eu\/2016\/pl\/materialy\/submitted-entries\/\",\"url\":\"https:\/\/odysseus-contests.eu\/2016\/pl\/materialy\/submitted-entries\/\",\"name\":\"Z\u0142o\u017cone prace - ODYSSEUS II\",\"isPartOf\":{\"@id\":\"https:\/\/odysseus-contests.eu\/2016\/de\/#website\"},\"datePublished\":\"2015-07-17T18:32:34+00:00\",\"dateModified\":\"2015-07-17T18:36:51+00:00\",\"breadcrumb\":{\"@id\":\"https:\/\/odysseus-contests.eu\/2016\/pl\/materialy\/submitted-entries\/#breadcrumb\"},\"inLanguage\":\"pl-PL\",\"potentialAction\":[{\"@type\":\"ReadAction\",\"target\":[\"https:\/\/odysseus-contests.eu\/2016\/pl\/materialy\/submitted-entries\/\"]}]},{\"@type\":\"BreadcrumbList\",\"@id\":\"https:\/\/odysseus-contests.eu\/2016\/pl\/materialy\/submitted-entries\/#breadcrumb\",\"itemListElement\":[{\"@type\":\"ListItem\",\"position\":1,\"name\":\"Home\",\"item\":\"https:\/\/odysseus-contests.eu\/2016\/pl\/\"},{\"@type\":\"ListItem\",\"position\":2,\"name\":\"Materia\u0142y\",\"item\":\"https:\/\/odysseus-contests.eu\/2016\/pl\/materialy\/\"},{\"@type\":\"ListItem\",\"position\":3,\"name\":\"Z\u0142o\u017cone prace\"}]},{\"@type\":\"WebSite\",\"@id\":\"https:\/\/odysseus-contests.eu\/2016\/de\/#website\",\"url\":\"https:\/\/odysseus-contests.eu\/2016\/de\/\",\"name\":\"ODYSSEUS II\",\"description\":\"European Youth Space Contest\",\"potentialAction\":[{\"@type\":\"SearchAction\",\"target\":{\"@type\":\"EntryPoint\",\"urlTemplate\":\"https:\/\/odysseus-contests.eu\/2016\/de\/?s={search_term_string}\"},\"query-input\":\"required name=search_term_string\"}],\"inLanguage\":\"pl-PL\"}]}<\/script>\n<!-- \/ Yoast SEO plugin. -->","yoast_head_json":{"title":"Z\u0142o\u017cone prace - ODYSSEUS II","robots":{"index":"index","follow":"follow","max-snippet":"max-snippet:-1","max-image-preview":"max-image-preview:large","max-video-preview":"max-video-preview:-1"},"canonical":"https:\/\/odysseus-contests.eu\/2016\/pl\/materialy\/submitted-entries\/","og_locale":"pl_PL","og_type":"article","og_title":"Z\u0142o\u017cone prace - ODYSSEUS II","og_description":"Wszystkie z\u0142o\u017cone prace zostan\u0105 opublikowane na stronie konkursu Odyseus II po terminie sk\u0142adania. (stycze\u0144 2016).","og_url":"https:\/\/odysseus-contests.eu\/2016\/pl\/materialy\/submitted-entries\/","og_site_name":"ODYSSEUS II","article_modified_time":"2015-07-17T18:36:51+00:00","twitter_card":"summary_large_image","schema":{"@context":"https:\/\/schema.org","@graph":[{"@type":"WebPage","@id":"https:\/\/odysseus-contests.eu\/2016\/pl\/materialy\/submitted-entries\/","url":"https:\/\/odysseus-contests.eu\/2016\/pl\/materialy\/submitted-entries\/","name":"Z\u0142o\u017cone prace - ODYSSEUS II","isPartOf":{"@id":"https:\/\/odysseus-contests.eu\/2016\/de\/#website"},"datePublished":"2015-07-17T18:32:34+00:00","dateModified":"2015-07-17T18:36:51+00:00","breadcrumb":{"@id":"https:\/\/odysseus-contests.eu\/2016\/pl\/materialy\/submitted-entries\/#breadcrumb"},"inLanguage":"pl-PL","potentialAction":[{"@type":"ReadAction","target":["https:\/\/odysseus-contests.eu\/2016\/pl\/materialy\/submitted-entries\/"]}]},{"@type":"BreadcrumbList","@id":"https:\/\/odysseus-contests.eu\/2016\/pl\/materialy\/submitted-entries\/#breadcrumb","itemListElement":[{"@type":"ListItem","position":1,"name":"Home","item":"https:\/\/odysseus-contests.eu\/2016\/pl\/"},{"@type":"ListItem","position":2,"name":"Materia\u0142y","item":"https:\/\/odysseus-contests.eu\/2016\/pl\/materialy\/"},{"@type":"ListItem","position":3,"name":"Z\u0142o\u017cone prace"}]},{"@type":"WebSite","@id":"https:\/\/odysseus-contests.eu\/2016\/de\/#website","url":"https:\/\/odysseus-contests.eu\/2016\/de\/","name":"ODYSSEUS II","description":"European Youth Space Contest","potentialAction":[{"@type":"SearchAction","target":{"@type":"EntryPoint","urlTemplate":"https:\/\/odysseus-contests.eu\/2016\/de\/?s={search_term_string}"},"query-input":"required name=search_term_string"}],"inLanguage":"pl-PL"}]}},"_links":{"self":[{"href":"https:\/\/odysseus-contests.eu\/2016\/pl\/wp-json\/wp\/v2\/pages\/2896"}],"collection":[{"href":"https:\/\/odysseus-contests.eu\/2016\/pl\/wp-json\/wp\/v2\/pages"}],"about":[{"href":"https:\/\/odysseus-contests.eu\/2016\/pl\/wp-json\/wp\/v2\/types\/page"}],"author":[{"embeddable":true,"href":"https:\/\/odysseus-contests.eu\/2016\/pl\/wp-json\/wp\/v2\/users\/2"}],"replies":[{"embeddable":true,"href":"https:\/\/odysseus-contests.eu\/2016\/pl\/wp-json\/wp\/v2\/comments?post=2896"}],"version-history":[{"count":0,"href":"https:\/\/odysseus-contests.eu\/2016\/pl\/wp-json\/wp\/v2\/pages\/2896\/revisions"}],"up":[{"embeddable":true,"href":"https:\/\/odysseus-contests.eu\/2016\/pl\/wp-json\/wp\/v2\/pages\/2894"}],"wp:attachment":[{"href":"https:\/\/odysseus-contests.eu\/2016\/pl\/wp-json\/wp\/v2\/media?parent=2896"}],"curies":[{"name":"wp","href":"https:\/\/api.w.org\/{rel}","templated":true}]}}