{"id":2885,"date":"2015-07-17T21:30:11","date_gmt":"2015-07-17T18:30:11","guid":{"rendered":"http:\/\/odysseus-contests.eu\/2016\/?page_id=2885"},"modified":"2015-07-28T15:52:59","modified_gmt":"2015-07-28T12:52:59","slug":"kategorie-skywalkers","status":"publish","type":"page","link":"https:\/\/odysseus-contests.eu\/2016\/pl\/prizes\/kategorie-skywalkers\/","title":{"rendered":"Kategorie Skywalkers"},"content":{"rendered":"<h4><em>Nagroda g\u0142\u00f3wna<\/em><\/h4>\n<ul>\n<li style=\"text-align: justify;\">iPad Air 2 oraz zestaw ksi\u0105\u017cek cyfrowych i aplikacji zwi\u0105zanych ze Wszech\u015bwiatem,<\/li>\n<li style=\"text-align: justify;\">dyplom\u201cEuropean Youth Space Ambassador\u201d.<\/li>\n<\/ul>\n<h4><em>Zwyci\u0119zcy narodowi<\/em><\/h4>\n<ul>\n<li>model rakiety,<\/li>\n<li>medal.<\/li>\n<\/ul>\n<p style=\"text-align: justify;\">Wszyscy uczestnicy otrzymaj\u0105 certyfikat po\u015bwiadczaj\u0105cy ich uczestnictwo w projekcie Odysseus II.<\/p>\n","protected":false},"excerpt":{"rendered":"<p>Nagroda g\u0142\u00f3wna iPad Air 2 oraz zestaw ksi\u0105\u017cek cyfrowych i aplikacji zwi\u0105zanych ze Wszech\u015bwiatem, dyplom\u201cEuropean Youth Space Ambassador\u201d. Zwyci\u0119zcy narodowi model rakiety, medal. Wszyscy uczestnicy otrzymaj\u0105 certyfikat po\u015bwiadczaj\u0105cy ich uczestnictwo w projekcie Odysseus II.<\/p>\n","protected":false},"author":2,"featured_media":2888,"parent":2881,"menu_order":0,"comment_status":"closed","ping_status":"closed","template":"","meta":[],"acf":[],"yoast_head":"<!-- This site is optimized with the Yoast SEO plugin v19.14 - https:\/\/yoast.com\/wordpress\/plugins\/seo\/ -->\n<title>Kategorie Skywalkers - ODYSSEUS II<\/title>\n<meta name=\"robots\" content=\"index, follow, max-snippet:-1, max-image-preview:large, max-video-preview:-1\" \/>\n<link rel=\"canonical\" href=\"https:\/\/odysseus-contests.eu\/2016\/pl\/prizes\/kategorie-skywalkers\/\" \/>\n<meta property=\"og:locale\" content=\"pl_PL\" \/>\n<meta property=\"og:type\" content=\"article\" \/>\n<meta property=\"og:title\" content=\"Kategorie Skywalkers - ODYSSEUS II\" \/>\n<meta property=\"og:description\" content=\"Nagroda g\u0142\u00f3wna iPad Air 2 oraz zestaw ksi\u0105\u017cek cyfrowych i aplikacji zwi\u0105zanych ze Wszech\u015bwiatem, dyplom\u201cEuropean Youth Space Ambassador\u201d. Zwyci\u0119zcy narodowi model rakiety, medal. Wszyscy uczestnicy otrzymaj\u0105 certyfikat po\u015bwiadczaj\u0105cy ich uczestnictwo w projekcie Odysseus II.\" \/>\n<meta property=\"og:url\" content=\"https:\/\/odysseus-contests.eu\/2016\/pl\/prizes\/kategorie-skywalkers\/\" \/>\n<meta property=\"og:site_name\" content=\"ODYSSEUS II\" \/>\n<meta property=\"article:modified_time\" content=\"2015-07-28T12:52:59+00:00\" \/>\n<meta property=\"og:image\" content=\"https:\/\/odysseus-contests.eu\/2016\/wp-content\/uploads\/2015\/05\/about-prizes-skywalkers-main.jpg\" \/>\n\t<meta property=\"og:image:width\" content=\"1920\" \/>\n\t<meta property=\"og:image:height\" content=\"666\" \/>\n\t<meta property=\"og:image:type\" content=\"image\/jpeg\" \/>\n<meta name=\"twitter:card\" content=\"summary_large_image\" \/>\n<script type=\"application\/ld+json\" class=\"yoast-schema-graph\">{\"@context\":\"https:\/\/schema.org\",\"@graph\":[{\"@type\":\"WebPage\",\"@id\":\"https:\/\/odysseus-contests.eu\/2016\/pl\/prizes\/kategorie-skywalkers\/\",\"url\":\"https:\/\/odysseus-contests.eu\/2016\/pl\/prizes\/kategorie-skywalkers\/\",\"name\":\"Kategorie Skywalkers - ODYSSEUS II\",\"isPartOf\":{\"@id\":\"https:\/\/odysseus-contests.eu\/2016\/de\/#website\"},\"datePublished\":\"2015-07-17T18:30:11+00:00\",\"dateModified\":\"2015-07-28T12:52:59+00:00\",\"breadcrumb\":{\"@id\":\"https:\/\/odysseus-contests.eu\/2016\/pl\/prizes\/kategorie-skywalkers\/#breadcrumb\"},\"inLanguage\":\"pl-PL\",\"potentialAction\":[{\"@type\":\"ReadAction\",\"target\":[\"https:\/\/odysseus-contests.eu\/2016\/pl\/prizes\/kategorie-skywalkers\/\"]}]},{\"@type\":\"BreadcrumbList\",\"@id\":\"https:\/\/odysseus-contests.eu\/2016\/pl\/prizes\/kategorie-skywalkers\/#breadcrumb\",\"itemListElement\":[{\"@type\":\"ListItem\",\"position\":1,\"name\":\"Home\",\"item\":\"https:\/\/odysseus-contests.eu\/2016\/pl\/\"},{\"@type\":\"ListItem\",\"position\":2,\"name\":\"Nagrody\",\"item\":\"https:\/\/odysseus-contests.eu\/2016\/pl\/prizes\/\"},{\"@type\":\"ListItem\",\"position\":3,\"name\":\"Kategorie Skywalkers\"}]},{\"@type\":\"WebSite\",\"@id\":\"https:\/\/odysseus-contests.eu\/2016\/de\/#website\",\"url\":\"https:\/\/odysseus-contests.eu\/2016\/de\/\",\"name\":\"ODYSSEUS II\",\"description\":\"European Youth Space Contest\",\"potentialAction\":[{\"@type\":\"SearchAction\",\"target\":{\"@type\":\"EntryPoint\",\"urlTemplate\":\"https:\/\/odysseus-contests.eu\/2016\/de\/?s={search_term_string}\"},\"query-input\":\"required name=search_term_string\"}],\"inLanguage\":\"pl-PL\"}]}<\/script>\n<!-- \/ Yoast SEO plugin. -->","yoast_head_json":{"title":"Kategorie Skywalkers - ODYSSEUS II","robots":{"index":"index","follow":"follow","max-snippet":"max-snippet:-1","max-image-preview":"max-image-preview:large","max-video-preview":"max-video-preview:-1"},"canonical":"https:\/\/odysseus-contests.eu\/2016\/pl\/prizes\/kategorie-skywalkers\/","og_locale":"pl_PL","og_type":"article","og_title":"Kategorie Skywalkers - ODYSSEUS II","og_description":"Nagroda g\u0142\u00f3wna iPad Air 2 oraz zestaw ksi\u0105\u017cek cyfrowych i aplikacji zwi\u0105zanych ze Wszech\u015bwiatem, dyplom\u201cEuropean Youth Space Ambassador\u201d. Zwyci\u0119zcy narodowi model rakiety, medal. Wszyscy uczestnicy otrzymaj\u0105 certyfikat po\u015bwiadczaj\u0105cy ich uczestnictwo w projekcie Odysseus II.","og_url":"https:\/\/odysseus-contests.eu\/2016\/pl\/prizes\/kategorie-skywalkers\/","og_site_name":"ODYSSEUS II","article_modified_time":"2015-07-28T12:52:59+00:00","og_image":[{"width":1920,"height":666,"url":"https:\/\/odysseus-contests.eu\/2016\/wp-content\/uploads\/2015\/05\/about-prizes-skywalkers-main.jpg","type":"image\/jpeg"}],"twitter_card":"summary_large_image","schema":{"@context":"https:\/\/schema.org","@graph":[{"@type":"WebPage","@id":"https:\/\/odysseus-contests.eu\/2016\/pl\/prizes\/kategorie-skywalkers\/","url":"https:\/\/odysseus-contests.eu\/2016\/pl\/prizes\/kategorie-skywalkers\/","name":"Kategorie Skywalkers - ODYSSEUS II","isPartOf":{"@id":"https:\/\/odysseus-contests.eu\/2016\/de\/#website"},"datePublished":"2015-07-17T18:30:11+00:00","dateModified":"2015-07-28T12:52:59+00:00","breadcrumb":{"@id":"https:\/\/odysseus-contests.eu\/2016\/pl\/prizes\/kategorie-skywalkers\/#breadcrumb"},"inLanguage":"pl-PL","potentialAction":[{"@type":"ReadAction","target":["https:\/\/odysseus-contests.eu\/2016\/pl\/prizes\/kategorie-skywalkers\/"]}]},{"@type":"BreadcrumbList","@id":"https:\/\/odysseus-contests.eu\/2016\/pl\/prizes\/kategorie-skywalkers\/#breadcrumb","itemListElement":[{"@type":"ListItem","position":1,"name":"Home","item":"https:\/\/odysseus-contests.eu\/2016\/pl\/"},{"@type":"ListItem","position":2,"name":"Nagrody","item":"https:\/\/odysseus-contests.eu\/2016\/pl\/prizes\/"},{"@type":"ListItem","position":3,"name":"Kategorie Skywalkers"}]},{"@type":"WebSite","@id":"https:\/\/odysseus-contests.eu\/2016\/de\/#website","url":"https:\/\/odysseus-contests.eu\/2016\/de\/","name":"ODYSSEUS II","description":"European Youth Space Contest","potentialAction":[{"@type":"SearchAction","target":{"@type":"EntryPoint","urlTemplate":"https:\/\/odysseus-contests.eu\/2016\/de\/?s={search_term_string}"},"query-input":"required name=search_term_string"}],"inLanguage":"pl-PL"}]}},"_links":{"self":[{"href":"https:\/\/odysseus-contests.eu\/2016\/pl\/wp-json\/wp\/v2\/pages\/2885"}],"collection":[{"href":"https:\/\/odysseus-contests.eu\/2016\/pl\/wp-json\/wp\/v2\/pages"}],"about":[{"href":"https:\/\/odysseus-contests.eu\/2016\/pl\/wp-json\/wp\/v2\/types\/page"}],"author":[{"embeddable":true,"href":"https:\/\/odysseus-contests.eu\/2016\/pl\/wp-json\/wp\/v2\/users\/2"}],"replies":[{"embeddable":true,"href":"https:\/\/odysseus-contests.eu\/2016\/pl\/wp-json\/wp\/v2\/comments?post=2885"}],"version-history":[{"count":0,"href":"https:\/\/odysseus-contests.eu\/2016\/pl\/wp-json\/wp\/v2\/pages\/2885\/revisions"}],"up":[{"embeddable":true,"href":"https:\/\/odysseus-contests.eu\/2016\/pl\/wp-json\/wp\/v2\/pages\/2881"}],"wp:featuredmedia":[{"embeddable":true,"href":"https:\/\/odysseus-contests.eu\/2016\/pl\/wp-json\/wp\/v2\/media\/2888"}],"wp:attachment":[{"href":"https:\/\/odysseus-contests.eu\/2016\/pl\/wp-json\/wp\/v2\/media?parent=2885"}],"curies":[{"name":"wp","href":"https:\/\/api.w.org\/{rel}","templated":true}]}}