{"id":2883,"date":"2015-07-17T21:27:48","date_gmt":"2015-07-17T18:27:48","guid":{"rendered":"http:\/\/odysseus-contests.eu\/2016\/?page_id=2883"},"modified":"2015-07-28T15:50:35","modified_gmt":"2015-07-28T12:50:35","slug":"kategoria-explorers","status":"publish","type":"page","link":"https:\/\/odysseus-contests.eu\/2016\/pl\/prizes\/kategoria-explorers\/","title":{"rendered":"Kategoria Explorers"},"content":{"rendered":"<h4><em>Nagroda g\u0142\u00f3wna<\/em><\/h4>\n<ul>\n<li style=\"text-align: justify;\">wyjazd do Centrum Kosmicznego w Gujanie Francuskiej (bilety lotnicze, pobyt w hotelu, wy\u017cywienie, ubezpieczenie, udzia\u0142 wydarzeniach, wizyta i zwiedzanie Centrum Kosmicznego dla ka\u017cdego cz\u0142onka zespo\u0142u oraz ich nauczyciela\/lidera),<\/li>\n<li style=\"text-align: justify;\">dyplom \u201eEuropean Youth Space Ambassador\u201d.<\/li>\n<\/ul>\n<h4><em>Nagroda dodatkowa<\/em><\/h4>\n<ul>\n<li style=\"text-align: justify;\">pi\u0119\u0107 sta\u017c\u00f3w w ESA lub w europejskim przemy\u015ble lotniczo-kosmicznym. Sta\u017c mo\u017ce trwa\u0107 od trzech do sze\u015bciu miesi\u0119cy. Uczestnikom zostan\u0105 pokryte koszty podr\u00f3\u017cy oraz ubezpieczenia zdrowotnego. Sta\u017cy\u015bci otrzymaj\u0105 r\u00f3wnie\u017c comiesi\u0119czne stypendium pokrywaj\u0105ce ich koszty utrzymania.<\/li>\n<\/ul>\n<h4><em>Zwyci\u0119zcy regionalni<\/em><\/h4>\n<ul>\n<li style=\"text-align: justify;\">jeden skomputeryzowany teleskop (CelestronNexstar lub podobny) dla ka\u017cdego studenta, kt\u00f3ry wygra\u0142 fina\u0142 regionalne,<\/li>\n<li style=\"text-align: justify;\">wyjazd do miejsca, w kt\u00f3rym odbywa\u0107 si\u0119 b\u0119dzie fina\u0142 mi\u0119dzynarodowy ( koszty podr\u00f3\u017cy, pobyt w hotelu, wy\u017cywienie, ubezpieczenie, udzia\u0142 wydarzeniach dla ka\u017cdego cz\u0142onka zespo\u0142u oraz ich nauczyciela\/lidera).<\/li>\n<\/ul>\n<h4><em>Zwyci\u0119zcy narodowi<\/em><\/h4>\n<ul>\n<li style=\"text-align: justify;\">wyjazd do miejsca, w kt\u00f3rym odbywa\u0107 si\u0119 b\u0119dzie fina\u0142 regionalny ( koszty podr\u00f3\u017cy, pobyt w hotelu, wy\u017cywieni, ubezpieczenie, udzia\u0142 wydarzeniach dla ka\u017cdego cz\u0142onka zespo\u0142u oraz ich nauczyciela\/lidera),<\/li>\n<li style=\"text-align: justify;\">zestaw pami\u0105tek projektu Odysseus II.<\/li>\n<li style=\"text-align: justify;\">medal<\/li>\n<\/ul>\n<p style=\"text-align: justify;\">Wszyscy uczestnicy otrzymaj\u0105 certyfikat po\u015bwiadczaj\u0105cy ich uczestnictwo w projekcie Odysseus II.<\/p>\n","protected":false},"excerpt":{"rendered":"<p>Nagroda g\u0142\u00f3wna wyjazd do Centrum Kosmicznego w Gujanie Francuskiej (bilety lotnicze, pobyt w hotelu, wy\u017cywienie, ubezpieczenie, udzia\u0142 wydarzeniach, wizyta i zwiedzanie Centrum Kosmicznego dla ka\u017cdego cz\u0142onka zespo\u0142u oraz ich nauczyciela\/lidera), dyplom \u201eEuropean Youth Space Ambassador\u201d. Nagroda dodatkowa pi\u0119\u0107 sta\u017c\u00f3w w ESA lub w europejskim przemy\u015ble lotniczo-kosmicznym. Sta\u017c mo\u017ce trwa\u0107 od trzech do sze\u015bciu miesi\u0119cy. Uczestnikom [&hellip;]<\/p>\n","protected":false},"author":2,"featured_media":2886,"parent":2881,"menu_order":0,"comment_status":"closed","ping_status":"closed","template":"","meta":[],"acf":[],"yoast_head":"<!-- This site is optimized with the Yoast SEO plugin v19.14 - https:\/\/yoast.com\/wordpress\/plugins\/seo\/ -->\n<title>Kategoria Explorers - ODYSSEUS II<\/title>\n<meta name=\"robots\" content=\"index, follow, max-snippet:-1, max-image-preview:large, max-video-preview:-1\" \/>\n<link rel=\"canonical\" href=\"https:\/\/odysseus-contests.eu\/2016\/pl\/prizes\/kategoria-explorers\/\" \/>\n<meta property=\"og:locale\" content=\"pl_PL\" \/>\n<meta property=\"og:type\" content=\"article\" \/>\n<meta property=\"og:title\" content=\"Kategoria Explorers - ODYSSEUS II\" \/>\n<meta property=\"og:description\" content=\"Nagroda g\u0142\u00f3wna wyjazd do Centrum Kosmicznego w Gujanie Francuskiej (bilety lotnicze, pobyt w hotelu, wy\u017cywienie, ubezpieczenie, udzia\u0142 wydarzeniach, wizyta i zwiedzanie Centrum Kosmicznego dla ka\u017cdego cz\u0142onka zespo\u0142u oraz ich nauczyciela\/lidera), dyplom \u201eEuropean Youth Space Ambassador\u201d. Nagroda dodatkowa pi\u0119\u0107 sta\u017c\u00f3w w ESA lub w europejskim przemy\u015ble lotniczo-kosmicznym. Sta\u017c mo\u017ce trwa\u0107 od trzech do sze\u015bciu miesi\u0119cy. Uczestnikom [&hellip;]\" \/>\n<meta property=\"og:url\" content=\"https:\/\/odysseus-contests.eu\/2016\/pl\/prizes\/kategoria-explorers\/\" \/>\n<meta property=\"og:site_name\" content=\"ODYSSEUS II\" \/>\n<meta property=\"article:modified_time\" content=\"2015-07-28T12:50:35+00:00\" \/>\n<meta property=\"og:image\" content=\"https:\/\/odysseus-contests.eu\/2016\/wp-content\/uploads\/2015\/05\/about-prizes-pioneers-main.jpg\" \/>\n\t<meta property=\"og:image:width\" content=\"1920\" \/>\n\t<meta property=\"og:image:height\" content=\"666\" \/>\n\t<meta property=\"og:image:type\" content=\"image\/jpeg\" \/>\n<meta name=\"twitter:card\" content=\"summary_large_image\" \/>\n<meta name=\"twitter:label1\" content=\"Szacowany czas czytania\" \/>\n\t<meta name=\"twitter:data1\" content=\"1 minuta\" \/>\n<script type=\"application\/ld+json\" class=\"yoast-schema-graph\">{\"@context\":\"https:\/\/schema.org\",\"@graph\":[{\"@type\":\"WebPage\",\"@id\":\"https:\/\/odysseus-contests.eu\/2016\/pl\/prizes\/kategoria-explorers\/\",\"url\":\"https:\/\/odysseus-contests.eu\/2016\/pl\/prizes\/kategoria-explorers\/\",\"name\":\"Kategoria Explorers - ODYSSEUS II\",\"isPartOf\":{\"@id\":\"https:\/\/odysseus-contests.eu\/2016\/de\/#website\"},\"datePublished\":\"2015-07-17T18:27:48+00:00\",\"dateModified\":\"2015-07-28T12:50:35+00:00\",\"breadcrumb\":{\"@id\":\"https:\/\/odysseus-contests.eu\/2016\/pl\/prizes\/kategoria-explorers\/#breadcrumb\"},\"inLanguage\":\"pl-PL\",\"potentialAction\":[{\"@type\":\"ReadAction\",\"target\":[\"https:\/\/odysseus-contests.eu\/2016\/pl\/prizes\/kategoria-explorers\/\"]}]},{\"@type\":\"BreadcrumbList\",\"@id\":\"https:\/\/odysseus-contests.eu\/2016\/pl\/prizes\/kategoria-explorers\/#breadcrumb\",\"itemListElement\":[{\"@type\":\"ListItem\",\"position\":1,\"name\":\"Home\",\"item\":\"https:\/\/odysseus-contests.eu\/2016\/pl\/\"},{\"@type\":\"ListItem\",\"position\":2,\"name\":\"Nagrody\",\"item\":\"https:\/\/odysseus-contests.eu\/2016\/pl\/prizes\/\"},{\"@type\":\"ListItem\",\"position\":3,\"name\":\"Kategoria Explorers\"}]},{\"@type\":\"WebSite\",\"@id\":\"https:\/\/odysseus-contests.eu\/2016\/de\/#website\",\"url\":\"https:\/\/odysseus-contests.eu\/2016\/de\/\",\"name\":\"ODYSSEUS II\",\"description\":\"European Youth Space Contest\",\"potentialAction\":[{\"@type\":\"SearchAction\",\"target\":{\"@type\":\"EntryPoint\",\"urlTemplate\":\"https:\/\/odysseus-contests.eu\/2016\/de\/?s={search_term_string}\"},\"query-input\":\"required name=search_term_string\"}],\"inLanguage\":\"pl-PL\"}]}<\/script>\n<!-- \/ Yoast SEO plugin. -->","yoast_head_json":{"title":"Kategoria Explorers - ODYSSEUS II","robots":{"index":"index","follow":"follow","max-snippet":"max-snippet:-1","max-image-preview":"max-image-preview:large","max-video-preview":"max-video-preview:-1"},"canonical":"https:\/\/odysseus-contests.eu\/2016\/pl\/prizes\/kategoria-explorers\/","og_locale":"pl_PL","og_type":"article","og_title":"Kategoria Explorers - ODYSSEUS II","og_description":"Nagroda g\u0142\u00f3wna wyjazd do Centrum Kosmicznego w Gujanie Francuskiej (bilety lotnicze, pobyt w hotelu, wy\u017cywienie, ubezpieczenie, udzia\u0142 wydarzeniach, wizyta i zwiedzanie Centrum Kosmicznego dla ka\u017cdego cz\u0142onka zespo\u0142u oraz ich nauczyciela\/lidera), dyplom \u201eEuropean Youth Space Ambassador\u201d. Nagroda dodatkowa pi\u0119\u0107 sta\u017c\u00f3w w ESA lub w europejskim przemy\u015ble lotniczo-kosmicznym. Sta\u017c mo\u017ce trwa\u0107 od trzech do sze\u015bciu miesi\u0119cy. Uczestnikom [&hellip;]","og_url":"https:\/\/odysseus-contests.eu\/2016\/pl\/prizes\/kategoria-explorers\/","og_site_name":"ODYSSEUS II","article_modified_time":"2015-07-28T12:50:35+00:00","og_image":[{"width":1920,"height":666,"url":"https:\/\/odysseus-contests.eu\/2016\/wp-content\/uploads\/2015\/05\/about-prizes-pioneers-main.jpg","type":"image\/jpeg"}],"twitter_card":"summary_large_image","twitter_misc":{"Szacowany czas czytania":"1 minuta"},"schema":{"@context":"https:\/\/schema.org","@graph":[{"@type":"WebPage","@id":"https:\/\/odysseus-contests.eu\/2016\/pl\/prizes\/kategoria-explorers\/","url":"https:\/\/odysseus-contests.eu\/2016\/pl\/prizes\/kategoria-explorers\/","name":"Kategoria Explorers - ODYSSEUS II","isPartOf":{"@id":"https:\/\/odysseus-contests.eu\/2016\/de\/#website"},"datePublished":"2015-07-17T18:27:48+00:00","dateModified":"2015-07-28T12:50:35+00:00","breadcrumb":{"@id":"https:\/\/odysseus-contests.eu\/2016\/pl\/prizes\/kategoria-explorers\/#breadcrumb"},"inLanguage":"pl-PL","potentialAction":[{"@type":"ReadAction","target":["https:\/\/odysseus-contests.eu\/2016\/pl\/prizes\/kategoria-explorers\/"]}]},{"@type":"BreadcrumbList","@id":"https:\/\/odysseus-contests.eu\/2016\/pl\/prizes\/kategoria-explorers\/#breadcrumb","itemListElement":[{"@type":"ListItem","position":1,"name":"Home","item":"https:\/\/odysseus-contests.eu\/2016\/pl\/"},{"@type":"ListItem","position":2,"name":"Nagrody","item":"https:\/\/odysseus-contests.eu\/2016\/pl\/prizes\/"},{"@type":"ListItem","position":3,"name":"Kategoria Explorers"}]},{"@type":"WebSite","@id":"https:\/\/odysseus-contests.eu\/2016\/de\/#website","url":"https:\/\/odysseus-contests.eu\/2016\/de\/","name":"ODYSSEUS II","description":"European Youth Space Contest","potentialAction":[{"@type":"SearchAction","target":{"@type":"EntryPoint","urlTemplate":"https:\/\/odysseus-contests.eu\/2016\/de\/?s={search_term_string}"},"query-input":"required name=search_term_string"}],"inLanguage":"pl-PL"}]}},"_links":{"self":[{"href":"https:\/\/odysseus-contests.eu\/2016\/pl\/wp-json\/wp\/v2\/pages\/2883"}],"collection":[{"href":"https:\/\/odysseus-contests.eu\/2016\/pl\/wp-json\/wp\/v2\/pages"}],"about":[{"href":"https:\/\/odysseus-contests.eu\/2016\/pl\/wp-json\/wp\/v2\/types\/page"}],"author":[{"embeddable":true,"href":"https:\/\/odysseus-contests.eu\/2016\/pl\/wp-json\/wp\/v2\/users\/2"}],"replies":[{"embeddable":true,"href":"https:\/\/odysseus-contests.eu\/2016\/pl\/wp-json\/wp\/v2\/comments?post=2883"}],"version-history":[{"count":0,"href":"https:\/\/odysseus-contests.eu\/2016\/pl\/wp-json\/wp\/v2\/pages\/2883\/revisions"}],"up":[{"embeddable":true,"href":"https:\/\/odysseus-contests.eu\/2016\/pl\/wp-json\/wp\/v2\/pages\/2881"}],"wp:featuredmedia":[{"embeddable":true,"href":"https:\/\/odysseus-contests.eu\/2016\/pl\/wp-json\/wp\/v2\/media\/2886"}],"wp:attachment":[{"href":"https:\/\/odysseus-contests.eu\/2016\/pl\/wp-json\/wp\/v2\/media?parent=2883"}],"curies":[{"name":"wp","href":"https:\/\/api.w.org\/{rel}","templated":true}]}}