{"id":2874,"date":"2015-07-17T21:17:19","date_gmt":"2015-07-17T18:17:19","guid":{"rendered":"http:\/\/odysseus-contests.eu\/2016\/?page_id=2874"},"modified":"2015-07-28T16:12:44","modified_gmt":"2015-07-28T13:12:44","slug":"czesto-zadawane-pytania-faq","status":"publish","type":"page","link":"https:\/\/odysseus-contests.eu\/2016\/pl\/pioneers\/czesto-zadawane-pytania-faq\/","title":{"rendered":"Cz\u0119sto zadawane pytania &#8211; FAQ"},"content":{"rendered":"<h4 style=\"text-align: justify;\">P:\u00a0 Co to jest Odysseus\u00a0II?<\/h4>\n<p style=\"text-align: justify;\">O: Odysseus\u00a0II jest to projekt wsp\u00f3\u0142finansowany przez Komisj\u0119 Europejsk\u0105, kt\u00f3rego celem jest organizacja og\u00f3lnoeuropejskiego konkursu dla uczni\u00f3w i student\u00f3w pomi\u0119dzy si\u00f3dmym a dwudziestym drugim rokiem \u017cycia. Tematyka konkursu zwi\u0105zana jest z badaniami i wykorzystaniem przestrzeni kosmicznej.<\/p>\n<h4 style=\"text-align: justify;\">P: Jak zarejestrowa\u0107 zesp\u00f3\u0142 w konkursie \u2013 Jak do\u0142\u0105czy\u0107 do projektu Odysseus\u00a0II?<\/h4>\n<p style=\"text-align: justify;\">O: Mo\u017cesz zarejestrowa\u0107 zesp\u00f3\u0142 poprzez podanie Twojego adresu email oraz wybranie has\u0142a w odpowiedniej sekcji portalu projektu Odysseus\u00a0II. Stw\u00f3rz zesp\u00f3\u0142 sk\u0142adaj\u0105cy si\u0119 z dw\u00f3ch do trzech uczni\u00f3w, z nauczycielem\/liderem. Nast\u0119pnie przejd\u017a do sekcji <u>Do\u0142\u0105cz do projektu Odysseus\u00a0II \u00a0<\/u>na stronie kategorii Pioneers. Tam nale\u017cy znale\u017a\u0107 link rejestracyjny. Pod\u0105\u017caj za instrukcjami by zarejestrowa\u0107 sw\u00f3j zesp\u00f3\u0142. Uwaga: ka\u017cdy zesp\u00f3\u0142 musi posiada\u0107 nauczyciela\/lidera, kt\u00f3ry pomo\u017ce przeprowadzi\u0107 rejestracj\u0119. (patrz tak\u017ce: <a href=\"http:\/\/odysseus-contests.eu\/2016\/pl\/pioneers\/regulamin\/\">Regulamin<\/a>)<u>\u00a0 <\/u><\/p>\n<h4 style=\"text-align: justify;\">P: Ile lat trzeba mie\u0107 by m\u00f3c wzi\u0105\u0107 udzia\u0142 w Konkursie Odysseus\u00a0II?<\/h4>\n<p style=\"text-align: justify;\">O: Wszyscy uczestnicy konkursu w kategorii Pioneers musz\u0105 mie\u0107 od czternastudo osiemnastu lat. Zatem w tej kategorii wiekowej mog\u0105 wzi\u0105\u0107 udzia\u0142 uczniowie urodzeni mi\u0119dzy 1\u00a0kwietnia\u00a01997 a 31\u00a0marca\u00a02002.<\/p>\n<h4 style=\"text-align: justify;\">P: Czy musz\u0119 wype\u0142nia\u0107 jakie\u015b dodatkowe zobowi\u0105zania by zarejestrowa\u0107 si\u0119 w projekcie Odysseus?<\/h4>\n<p style=\"text-align: justify;\">O: Tak, Twoi rodzice lub opiekunowie prawni powinni podpisa\u0107 i przekaza\u0107 nauczycielowi\/liderowi pisemne pozwolenie na uczestnictwo w projekcie Odysseus\u00a0II i akceptacj\u0119 regulaminu konkursu. Aby zakwalifikowa\u0107 si\u0119 do uczestnictwa, zesp\u00f3\u0142 musi zosta\u0107 zarejestrowany przed 15\u00a0stycznia\u00a02016 roku.<\/p>\n<h4 style=\"text-align: justify;\">P:\u00a0 Czy pomo\u017cecie mi zebra\u0107 dru\u017cyn\u0119?<\/h4>\n<p style=\"text-align: justify;\">O: Mo\u017cesz wykorzysta\u0107 blog projektu Odysseus\u00a0II do skontaktowania si\u0119 z innymi potencjalnymi uczestnikami posiadaj\u0105cymi wymagane przez Ciebie umiej\u0119tno\u015bci.<\/p>\n<h4 style=\"text-align: justify;\">P:\u00a0\u00a0 Czy cz\u0142onkowie zespo\u0142u mog\u0105 pochodzi\u0107 z innych szk\u00f3\u0142?<\/h4>\n<p style=\"text-align: justify;\">O:\u00a0 Tak, cz\u0142onkowie zespo\u0142u mog\u0105 pochodzi\u0107 z innych szk\u00f3\u0142 z tego samego kraju.<\/p>\n<h4 style=\"text-align: justify;\">P: Czy po zako\u0144czonej rejestracji mo\u017cemy doda\u0107 nowych cz\u0142onk\u00f3w zespo\u0142u?<\/h4>\n<p style=\"text-align: justify;\">O: Tak; nauczyciel\/lider mo\u017ce dodawa\u0107 uczestnik\u00f3w a\u017c do 15\u00a0stycznia\u00a02016 roku, przy czym w zespole nie mo\u017ce by\u0107 wi\u0119cej ni\u017c trzech cz\u0142onk\u00f3w.<\/p>\n<h4 style=\"text-align: justify;\">P: Czy mog\u0119 by\u0107 w wi\u0119cej ni\u017c w jednym zespole?<\/h4>\n<p style=\"text-align: justify;\">O: Nie; ka\u017cda osoba bior\u0105ca udzia\u0142 w konkursie mo\u017ce uczestniczy\u0107 tylko w jednym zespole.<\/p>\n<h4 style=\"text-align: justify;\">P: W jakim j\u0119zyku mog\u0119 sk\u0142ada\u0107 sw\u00f3j projekt?<\/h4>\n<p style=\"text-align: justify;\">O: Mo\u017cesz sk\u0142ada\u0107 swoj\u0105 prac\u0119 w dowolnym z poni\u017cszych j\u0119zyk\u00f3w: angielskim, bu\u0142garskim, chorwackim, czeskim, du\u0144skim, esto\u0144skim, fi\u0144skim, francuskim, greckim, hiszpa\u0144skim, irlandzkim, litewskim, \u0142otewskim, malta\u0144skim, niemieckim, niderlandzkim, polskim, portugalskim, rumu\u0144skim, s\u0142owackim, s\u0142owe\u0144skim, szwedzkim, w\u0119gierskim, w\u0142oskim. Zespo\u0142y z kraj\u00f3w spoza Unii Europejskiej powinny sk\u0142ada\u0107 projekty w jednym z powy\u017cszych j\u0119zyk\u00f3w.<\/p>\n<h4 style=\"text-align: justify;\">P:\u00a0 Czy macie jakie\u015b informacje o tym jak stworzy\u0107 projekt?<\/h4>\n<p style=\"text-align: justify;\">O: Masz swobod\u0119 w wyborze tematu zwi\u0105zanego z kategoriami tematycznymi konkursu. Mo\u017cesz wybra\u0107 dowoln\u0105 form\u0119 projektu (tekst, prezentacja w power point, wideo, prototyp, multimedia, eksperyment, itp.) zaleca si\u0119 jednak za\u0142\u0105czenie arkusza projektu, wed\u0142ug udost\u0119pnionego szablonu, opisuj\u0105cego idee zwi\u0105zane z Waszym projektem. Mo\u017cesz do\u0142\u0105czy\u0107 tak du\u017co dodatkowych plik\u00f3w ile uznasz za stosowne, pod warunkiem, \u017ce ich ca\u0142kowity rozmiar nie przekroczy 20MB. Aby zobaczy\u0107 kilka przyk\u0142adowych projekt\u00f3w i materia\u0142y zwi\u0105zane z eksploracj\u0105 kosmosu zajrzyj do <u><a href=\"http:\/\/odysseus-contests.eu\/2016\/pl\/biblioteka\/\" target=\"_blank\">biblioteki projektu Odysseus\u00a0II<\/a>.<\/u><\/p>\n<h4 style=\"text-align: justify;\">P: W jaki spos\u00f3b sk\u0142adamy projekt?<\/h4>\n<p style=\"text-align: justify;\">O: Nale\u017cy przes\u0142a\u0107 projekt wraz z jego streszczeniem (w udost\u0119pnionym szablonie) poprzez zalogowanie si\u0119 do <u>\u201eZ\u0142\u00f3\u017c projekt\u201d<\/u> i pod\u0105\u017canie za instrukcjami.<\/p>\n<h4 style=\"text-align: justify;\">P: Czy m\u00f3j zesp\u00f3\u0142 mo\u017ce z\u0142o\u017cy\u0107 wi\u0119cej ni\u017c jeden projekt?<\/h4>\n<p style=\"text-align: justify;\">O: Nie. Ka\u017cdy zesp\u00f3\u0142 mo\u017ce z\u0142o\u017cy\u0107 tylko jeden projekt do konkursu Odysseus\u00a0II.<\/p>\n<h4 style=\"text-align: justify;\">P: Co zrobi\u0107 je\u017celi zapomn\u0119 has\u0142a do platformy projektu Odysseus\u00a0II?<\/h4>\n<p style=\"text-align: justify;\">O: Na stronie logowania znajduje si\u0119 link \u201eZmiana has\u0142a\u201d. Po jego naci\u015bni\u0119ciu organizatorzy wy\u015bl\u0105 nowe has\u0142o na adres mailowy zwi\u0105zany z danym kontem projektu Odysseus\u00a0II.<\/p>\n<h4 style=\"text-align: justify;\">P:\u00a0 Do kiedy mo\u017cemy sk\u0142ada\u0107 projekty?<\/h4>\n<p style=\"text-align: justify;\">O: Musisz z\u0142o\u017cy\u0107 sw\u00f3j projekt przed 23:59:59 czasu \u015brodkowoeuropejskiego 15\u00a0stycznia\u00a02016 roku. Organizatorzy projektu Odysseus\u00a0II zalecaj\u0105 jednak sk\u0142adanie projektu od razu po jego uko\u0144czeniu, bez czekania do ostatniej chwili.<\/p>\n<h4 style=\"text-align: justify;\">P: Czy mo\u017cecie pom\u00f3c mi z przes\u0142aniem naszego projektu na platform\u0119 Odysseus\u00a0II.<\/h4>\n<p style=\"text-align: justify;\">O: Tak; na pocz\u0105tku zajrzyj do instrukcji zawartej w linku \u201ez\u0142\u00f3\u017c projekt\u201d. Je\u017celi po jej przeczytaniu, nasun\u0105 si\u0119 jakie\u015b pytania albo b\u0119dzie potrzebna pomoc w z\u0142o\u017ceniu projektu, skontaktuj si\u0119 z nami poprzez formularz kontaktowy a my pomo\u017cemy Ci prawid\u0142owo go z\u0142o\u017cy\u0107.<\/p>\n<h4 style=\"text-align: justify;\">P: Czy otrzymamy informacj\u0119 zwrotn\u0105 od oceniaj\u0105cych nasze prace?<\/h4>\n<p style=\"text-align: justify;\">O: Ka\u017cdy zesp\u00f3\u0142 otrzyma podsumowanie oceny s\u0119dziowskiej ich projektu.<\/p>\n<h4 style=\"text-align: justify;\">P: Jakie s\u0105 kryteria oceny?<\/h4>\n<p style=\"text-align: justify;\">O: Po szczeg\u00f3\u0142owe informacje dotycz\u0105ce kryteri\u00f3w oceniania, zajrzyj do sekcji <u>\u201e<a href=\"http:\/\/odysseus-contests.eu\/2016\/pl\/pioneers\/assessment-and-evaluation-criteria\/\" target=\"_blank\">Kryteria oceny<\/a> \u201d<\/u> w sekcji Pioneers.<\/p>\n<h4 style=\"text-align: justify;\">P: Ile zespo\u0142\u00f3w dostanie si\u0119 do fina\u0142\u00f3w regionalnych i fina\u0142\u00f3w og\u00f3lnoeuropejskich?<\/h4>\n<p style=\"text-align: justify;\">O: Liczba zespo\u0142\u00f3w przechodz\u0105cych do kolejnego etapu oceniania b\u0119dzie zale\u017cna od populacji ludno\u015bci i liczby zg\u0142oszonych projekt\u00f3w w danym kraju. Ka\u017cdy z kraj\u00f3w cz\u0142onkowskich UE b\u0119dzie reprezentowany na fina\u0142ach regionalnych przynajmniej przez jeden zesp\u00f3\u0142. Dok\u0142adne liczby zostan\u0105 og\u0142oszone przez organizator\u00f3w na oficjalniej stronie po zako\u0144czeniu etapu zg\u0142aszania projekt\u00f3w.\u00a0 Do fina\u0142\u00f3w og\u00f3lnoeuropejskich z danego regionu dostanie si\u0119 jedna dru\u017cyna.<\/p>\n<h4 style=\"text-align: justify;\">P: Czy mog\u0119 zobaczy\u0107 inne projekty z\u0142o\u017cone na platformie Odysseus\u00a0II.<\/h4>\n<p style=\"text-align: justify;\">O: Tak, wszystkie projekty b\u0119d\u0105 opublikowane na stronie Odysseus\u00a0II po up\u0142yni\u0119ciu terminu zg\u0142aszania prac.<\/p>\n<h4 style=\"text-align: justify;\">P: Kiedy si\u0119 dowiem czy m\u00f3j zesp\u00f3\u0142 zakwalifikowa\u0142 si\u0119 do fina\u0142u regionalnego?<\/h4>\n<p style=\"text-align: justify;\">A: Zwyci\u0119zcy etapu narodowego zostan\u0105 og\u0142oszeni 28 lutego 2016 r.<\/p>\n<h4 style=\"text-align: justify;\">P: W jaki spos\u00f3b zostan\u0119 poinformowany o tym, \u017ce m\u00f3j zesp\u00f3\u0142 wygra\u0142?<\/h4>\n<p style=\"text-align: justify;\">O: Zwyci\u0119zcy zostan\u0105 og\u0142oszeni na zako\u0144czenie p\u00f3\u0142fina\u0142\u00f3w po konsultacjach s\u0119dziowskich. Informacje o zwyci\u0119zcach regionalnych p\u00f3\u0142fina\u0142\u00f3w zostan\u0105 r\u00f3wnie\u017c umieszczone na stronie Odysseus\u00a0II \u2013 30 kwietnia 2016.<\/p>\n<h4 style=\"text-align: justify;\">P: Jakie s\u0105 nagrody?<\/h4>\n<p style=\"text-align: justify;\">O: Szczeg\u00f3\u0142owe informacje o nagrodach mo\u017cesz znale\u017a\u0107 na stronie <u><a href=\"http:\/\/odysseus-contests.eu\/2016\/pl\/pioneers\/nagrody\/\" target=\"_blank\">Nagrody<\/a>.<\/u><\/p>\n","protected":false},"excerpt":{"rendered":"<p>P:\u00a0 Co to jest Odysseus\u00a0II? O: Odysseus\u00a0II jest to projekt wsp\u00f3\u0142finansowany przez Komisj\u0119 Europejsk\u0105, kt\u00f3rego celem jest organizacja og\u00f3lnoeuropejskiego konkursu dla uczni\u00f3w i student\u00f3w pomi\u0119dzy si\u00f3dmym a dwudziestym drugim rokiem \u017cycia. Tematyka konkursu zwi\u0105zana jest z badaniami i wykorzystaniem przestrzeni kosmicznej. P: Jak zarejestrowa\u0107 zesp\u00f3\u0142 w konkursie \u2013 Jak do\u0142\u0105czy\u0107 do projektu Odysseus\u00a0II? O: Mo\u017cesz [&hellip;]<\/p>\n","protected":false},"author":2,"featured_media":0,"parent":2859,"menu_order":100,"comment_status":"closed","ping_status":"closed","template":"","meta":[],"acf":[],"yoast_head":"<!-- This site is optimized with the Yoast SEO plugin v19.14 - https:\/\/yoast.com\/wordpress\/plugins\/seo\/ -->\n<title>Cz\u0119sto zadawane pytania - FAQ - ODYSSEUS II<\/title>\n<meta name=\"robots\" content=\"index, follow, max-snippet:-1, max-image-preview:large, max-video-preview:-1\" \/>\n<link rel=\"canonical\" href=\"https:\/\/odysseus-contests.eu\/2016\/pl\/pioneers\/czesto-zadawane-pytania-faq\/\" \/>\n<meta property=\"og:locale\" content=\"pl_PL\" \/>\n<meta property=\"og:type\" content=\"article\" \/>\n<meta property=\"og:title\" content=\"Cz\u0119sto zadawane pytania - FAQ - ODYSSEUS II\" \/>\n<meta property=\"og:description\" content=\"P:\u00a0 Co to jest Odysseus\u00a0II? O: Odysseus\u00a0II jest to projekt wsp\u00f3\u0142finansowany przez Komisj\u0119 Europejsk\u0105, kt\u00f3rego celem jest organizacja og\u00f3lnoeuropejskiego konkursu dla uczni\u00f3w i student\u00f3w pomi\u0119dzy si\u00f3dmym a dwudziestym drugim rokiem \u017cycia. Tematyka konkursu zwi\u0105zana jest z badaniami i wykorzystaniem przestrzeni kosmicznej. P: Jak zarejestrowa\u0107 zesp\u00f3\u0142 w konkursie \u2013 Jak do\u0142\u0105czy\u0107 do projektu Odysseus\u00a0II? O: Mo\u017cesz [&hellip;]\" \/>\n<meta property=\"og:url\" content=\"https:\/\/odysseus-contests.eu\/2016\/pl\/pioneers\/czesto-zadawane-pytania-faq\/\" \/>\n<meta property=\"og:site_name\" content=\"ODYSSEUS II\" \/>\n<meta property=\"article:modified_time\" content=\"2015-07-28T13:12:44+00:00\" \/>\n<meta name=\"twitter:card\" content=\"summary_large_image\" \/>\n<meta name=\"twitter:label1\" content=\"Szacowany czas czytania\" \/>\n\t<meta name=\"twitter:data1\" content=\"5 minut\" \/>\n<script type=\"application\/ld+json\" class=\"yoast-schema-graph\">{\"@context\":\"https:\/\/schema.org\",\"@graph\":[{\"@type\":\"WebPage\",\"@id\":\"https:\/\/odysseus-contests.eu\/2016\/pl\/pioneers\/czesto-zadawane-pytania-faq\/\",\"url\":\"https:\/\/odysseus-contests.eu\/2016\/pl\/pioneers\/czesto-zadawane-pytania-faq\/\",\"name\":\"Cz\u0119sto zadawane pytania - FAQ - ODYSSEUS II\",\"isPartOf\":{\"@id\":\"https:\/\/odysseus-contests.eu\/2016\/de\/#website\"},\"datePublished\":\"2015-07-17T18:17:19+00:00\",\"dateModified\":\"2015-07-28T13:12:44+00:00\",\"breadcrumb\":{\"@id\":\"https:\/\/odysseus-contests.eu\/2016\/pl\/pioneers\/czesto-zadawane-pytania-faq\/#breadcrumb\"},\"inLanguage\":\"pl-PL\",\"potentialAction\":[{\"@type\":\"ReadAction\",\"target\":[\"https:\/\/odysseus-contests.eu\/2016\/pl\/pioneers\/czesto-zadawane-pytania-faq\/\"]}]},{\"@type\":\"BreadcrumbList\",\"@id\":\"https:\/\/odysseus-contests.eu\/2016\/pl\/pioneers\/czesto-zadawane-pytania-faq\/#breadcrumb\",\"itemListElement\":[{\"@type\":\"ListItem\",\"position\":1,\"name\":\"Home\",\"item\":\"https:\/\/odysseus-contests.eu\/2016\/pl\/\"},{\"@type\":\"ListItem\",\"position\":2,\"name\":\"Pioneers\",\"item\":\"https:\/\/odysseus-contests.eu\/2016\/pl\/pioneers\/\"},{\"@type\":\"ListItem\",\"position\":3,\"name\":\"Cz\u0119sto zadawane pytania &#8211; FAQ\"}]},{\"@type\":\"WebSite\",\"@id\":\"https:\/\/odysseus-contests.eu\/2016\/de\/#website\",\"url\":\"https:\/\/odysseus-contests.eu\/2016\/de\/\",\"name\":\"ODYSSEUS II\",\"description\":\"European Youth Space Contest\",\"potentialAction\":[{\"@type\":\"SearchAction\",\"target\":{\"@type\":\"EntryPoint\",\"urlTemplate\":\"https:\/\/odysseus-contests.eu\/2016\/de\/?s={search_term_string}\"},\"query-input\":\"required name=search_term_string\"}],\"inLanguage\":\"pl-PL\"}]}<\/script>\n<!-- \/ Yoast SEO plugin. -->","yoast_head_json":{"title":"Cz\u0119sto zadawane pytania - FAQ - ODYSSEUS II","robots":{"index":"index","follow":"follow","max-snippet":"max-snippet:-1","max-image-preview":"max-image-preview:large","max-video-preview":"max-video-preview:-1"},"canonical":"https:\/\/odysseus-contests.eu\/2016\/pl\/pioneers\/czesto-zadawane-pytania-faq\/","og_locale":"pl_PL","og_type":"article","og_title":"Cz\u0119sto zadawane pytania - FAQ - ODYSSEUS II","og_description":"P:\u00a0 Co to jest Odysseus\u00a0II? O: Odysseus\u00a0II jest to projekt wsp\u00f3\u0142finansowany przez Komisj\u0119 Europejsk\u0105, kt\u00f3rego celem jest organizacja og\u00f3lnoeuropejskiego konkursu dla uczni\u00f3w i student\u00f3w pomi\u0119dzy si\u00f3dmym a dwudziestym drugim rokiem \u017cycia. Tematyka konkursu zwi\u0105zana jest z badaniami i wykorzystaniem przestrzeni kosmicznej. P: Jak zarejestrowa\u0107 zesp\u00f3\u0142 w konkursie \u2013 Jak do\u0142\u0105czy\u0107 do projektu Odysseus\u00a0II? O: Mo\u017cesz [&hellip;]","og_url":"https:\/\/odysseus-contests.eu\/2016\/pl\/pioneers\/czesto-zadawane-pytania-faq\/","og_site_name":"ODYSSEUS II","article_modified_time":"2015-07-28T13:12:44+00:00","twitter_card":"summary_large_image","twitter_misc":{"Szacowany czas czytania":"5 minut"},"schema":{"@context":"https:\/\/schema.org","@graph":[{"@type":"WebPage","@id":"https:\/\/odysseus-contests.eu\/2016\/pl\/pioneers\/czesto-zadawane-pytania-faq\/","url":"https:\/\/odysseus-contests.eu\/2016\/pl\/pioneers\/czesto-zadawane-pytania-faq\/","name":"Cz\u0119sto zadawane pytania - FAQ - ODYSSEUS II","isPartOf":{"@id":"https:\/\/odysseus-contests.eu\/2016\/de\/#website"},"datePublished":"2015-07-17T18:17:19+00:00","dateModified":"2015-07-28T13:12:44+00:00","breadcrumb":{"@id":"https:\/\/odysseus-contests.eu\/2016\/pl\/pioneers\/czesto-zadawane-pytania-faq\/#breadcrumb"},"inLanguage":"pl-PL","potentialAction":[{"@type":"ReadAction","target":["https:\/\/odysseus-contests.eu\/2016\/pl\/pioneers\/czesto-zadawane-pytania-faq\/"]}]},{"@type":"BreadcrumbList","@id":"https:\/\/odysseus-contests.eu\/2016\/pl\/pioneers\/czesto-zadawane-pytania-faq\/#breadcrumb","itemListElement":[{"@type":"ListItem","position":1,"name":"Home","item":"https:\/\/odysseus-contests.eu\/2016\/pl\/"},{"@type":"ListItem","position":2,"name":"Pioneers","item":"https:\/\/odysseus-contests.eu\/2016\/pl\/pioneers\/"},{"@type":"ListItem","position":3,"name":"Cz\u0119sto zadawane pytania &#8211; FAQ"}]},{"@type":"WebSite","@id":"https:\/\/odysseus-contests.eu\/2016\/de\/#website","url":"https:\/\/odysseus-contests.eu\/2016\/de\/","name":"ODYSSEUS II","description":"European Youth Space Contest","potentialAction":[{"@type":"SearchAction","target":{"@type":"EntryPoint","urlTemplate":"https:\/\/odysseus-contests.eu\/2016\/de\/?s={search_term_string}"},"query-input":"required name=search_term_string"}],"inLanguage":"pl-PL"}]}},"_links":{"self":[{"href":"https:\/\/odysseus-contests.eu\/2016\/pl\/wp-json\/wp\/v2\/pages\/2874"}],"collection":[{"href":"https:\/\/odysseus-contests.eu\/2016\/pl\/wp-json\/wp\/v2\/pages"}],"about":[{"href":"https:\/\/odysseus-contests.eu\/2016\/pl\/wp-json\/wp\/v2\/types\/page"}],"author":[{"embeddable":true,"href":"https:\/\/odysseus-contests.eu\/2016\/pl\/wp-json\/wp\/v2\/users\/2"}],"replies":[{"embeddable":true,"href":"https:\/\/odysseus-contests.eu\/2016\/pl\/wp-json\/wp\/v2\/comments?post=2874"}],"version-history":[{"count":0,"href":"https:\/\/odysseus-contests.eu\/2016\/pl\/wp-json\/wp\/v2\/pages\/2874\/revisions"}],"up":[{"embeddable":true,"href":"https:\/\/odysseus-contests.eu\/2016\/pl\/wp-json\/wp\/v2\/pages\/2859"}],"wp:attachment":[{"href":"https:\/\/odysseus-contests.eu\/2016\/pl\/wp-json\/wp\/v2\/media?parent=2874"}],"curies":[{"name":"wp","href":"https:\/\/api.w.org\/{rel}","templated":true}]}}