{"id":2872,"date":"2015-07-17T21:24:10","date_gmt":"2015-07-17T18:24:10","guid":{"rendered":"http:\/\/odysseus-contests.eu\/2016\/?page_id=2872"},"modified":"2015-07-17T21:24:10","modified_gmt":"2015-07-17T18:24:10","slug":"materialy","status":"publish","type":"page","link":"https:\/\/odysseus-contests.eu\/2016\/pl\/pioneers\/materialy\/","title":{"rendered":"Materia\u0142y"},"content":{"rendered":"<p><strong>Uk\u0142ad S\u0142oneczny i badania kosmosu<\/strong><\/p>\n<p><em>materia\u0142y pojawi\u0105 si\u0119 wkr\u00f3tce<\/em><\/p>\n<p><strong>Europejskie misje kosmiczne<\/strong><\/p>\n<p><em>materia\u0142y pojawi\u0105 si\u0119 wkr\u00f3tce<\/em><\/p>\n<p><strong>Cz\u0142owiek na Marsie<\/strong><\/p>\n<p><em>materia\u0142y pojawi\u0105 si\u0119 wkr\u00f3tce<\/em><\/p>\n<p><strong>Astrobiologia \u2013 poszukiwanie \u017cycia we Wszech\u015bwiecie<\/strong><\/p>\n<p><em>materia\u0142y pojawi\u0105 si\u0119 wkr\u00f3tce<\/em><\/p>\n","protected":false},"excerpt":{"rendered":"<p>Uk\u0142ad S\u0142oneczny i badania kosmosu materia\u0142y pojawi\u0105 si\u0119 wkr\u00f3tce Europejskie misje kosmiczne materia\u0142y pojawi\u0105 si\u0119 wkr\u00f3tce Cz\u0142owiek na Marsie materia\u0142y pojawi\u0105 si\u0119 wkr\u00f3tce Astrobiologia \u2013 poszukiwanie \u017cycia we Wszech\u015bwiecie materia\u0142y pojawi\u0105 si\u0119 wkr\u00f3tce<\/p>\n","protected":false},"author":2,"featured_media":0,"parent":2859,"menu_order":70,"comment_status":"closed","ping_status":"closed","template":"","meta":[],"acf":[],"yoast_head":"<!-- This site is optimized with the Yoast SEO plugin v19.14 - https:\/\/yoast.com\/wordpress\/plugins\/seo\/ -->\n<title>Materia\u0142y - ODYSSEUS II<\/title>\n<meta name=\"robots\" content=\"index, follow, max-snippet:-1, max-image-preview:large, max-video-preview:-1\" \/>\n<link rel=\"canonical\" href=\"https:\/\/odysseus-contests.eu\/2016\/pl\/pioneers\/materialy\/\" \/>\n<meta property=\"og:locale\" content=\"pl_PL\" \/>\n<meta property=\"og:type\" content=\"article\" \/>\n<meta property=\"og:title\" content=\"Materia\u0142y - ODYSSEUS II\" \/>\n<meta property=\"og:description\" content=\"Uk\u0142ad S\u0142oneczny i badania kosmosu materia\u0142y pojawi\u0105 si\u0119 wkr\u00f3tce Europejskie misje kosmiczne materia\u0142y pojawi\u0105 si\u0119 wkr\u00f3tce Cz\u0142owiek na Marsie materia\u0142y pojawi\u0105 si\u0119 wkr\u00f3tce Astrobiologia \u2013 poszukiwanie \u017cycia we Wszech\u015bwiecie materia\u0142y pojawi\u0105 si\u0119 wkr\u00f3tce\" \/>\n<meta property=\"og:url\" content=\"https:\/\/odysseus-contests.eu\/2016\/pl\/pioneers\/materialy\/\" \/>\n<meta property=\"og:site_name\" content=\"ODYSSEUS II\" \/>\n<meta name=\"twitter:card\" content=\"summary_large_image\" \/>\n<script type=\"application\/ld+json\" class=\"yoast-schema-graph\">{\"@context\":\"https:\/\/schema.org\",\"@graph\":[{\"@type\":\"WebPage\",\"@id\":\"https:\/\/odysseus-contests.eu\/2016\/pl\/pioneers\/materialy\/\",\"url\":\"https:\/\/odysseus-contests.eu\/2016\/pl\/pioneers\/materialy\/\",\"name\":\"Materia\u0142y - ODYSSEUS II\",\"isPartOf\":{\"@id\":\"https:\/\/odysseus-contests.eu\/2016\/de\/#website\"},\"datePublished\":\"2015-07-17T18:24:10+00:00\",\"dateModified\":\"2015-07-17T18:24:10+00:00\",\"breadcrumb\":{\"@id\":\"https:\/\/odysseus-contests.eu\/2016\/pl\/pioneers\/materialy\/#breadcrumb\"},\"inLanguage\":\"pl-PL\",\"potentialAction\":[{\"@type\":\"ReadAction\",\"target\":[\"https:\/\/odysseus-contests.eu\/2016\/pl\/pioneers\/materialy\/\"]}]},{\"@type\":\"BreadcrumbList\",\"@id\":\"https:\/\/odysseus-contests.eu\/2016\/pl\/pioneers\/materialy\/#breadcrumb\",\"itemListElement\":[{\"@type\":\"ListItem\",\"position\":1,\"name\":\"Home\",\"item\":\"https:\/\/odysseus-contests.eu\/2016\/pl\/\"},{\"@type\":\"ListItem\",\"position\":2,\"name\":\"Pioneers\",\"item\":\"https:\/\/odysseus-contests.eu\/2016\/pl\/pioneers\/\"},{\"@type\":\"ListItem\",\"position\":3,\"name\":\"Materia\u0142y\"}]},{\"@type\":\"WebSite\",\"@id\":\"https:\/\/odysseus-contests.eu\/2016\/de\/#website\",\"url\":\"https:\/\/odysseus-contests.eu\/2016\/de\/\",\"name\":\"ODYSSEUS II\",\"description\":\"European Youth Space Contest\",\"potentialAction\":[{\"@type\":\"SearchAction\",\"target\":{\"@type\":\"EntryPoint\",\"urlTemplate\":\"https:\/\/odysseus-contests.eu\/2016\/de\/?s={search_term_string}\"},\"query-input\":\"required name=search_term_string\"}],\"inLanguage\":\"pl-PL\"}]}<\/script>\n<!-- \/ Yoast SEO plugin. -->","yoast_head_json":{"title":"Materia\u0142y - ODYSSEUS II","robots":{"index":"index","follow":"follow","max-snippet":"max-snippet:-1","max-image-preview":"max-image-preview:large","max-video-preview":"max-video-preview:-1"},"canonical":"https:\/\/odysseus-contests.eu\/2016\/pl\/pioneers\/materialy\/","og_locale":"pl_PL","og_type":"article","og_title":"Materia\u0142y - ODYSSEUS II","og_description":"Uk\u0142ad S\u0142oneczny i badania kosmosu materia\u0142y pojawi\u0105 si\u0119 wkr\u00f3tce Europejskie misje kosmiczne materia\u0142y pojawi\u0105 si\u0119 wkr\u00f3tce Cz\u0142owiek na Marsie materia\u0142y pojawi\u0105 si\u0119 wkr\u00f3tce Astrobiologia \u2013 poszukiwanie \u017cycia we Wszech\u015bwiecie materia\u0142y pojawi\u0105 si\u0119 wkr\u00f3tce","og_url":"https:\/\/odysseus-contests.eu\/2016\/pl\/pioneers\/materialy\/","og_site_name":"ODYSSEUS II","twitter_card":"summary_large_image","schema":{"@context":"https:\/\/schema.org","@graph":[{"@type":"WebPage","@id":"https:\/\/odysseus-contests.eu\/2016\/pl\/pioneers\/materialy\/","url":"https:\/\/odysseus-contests.eu\/2016\/pl\/pioneers\/materialy\/","name":"Materia\u0142y - ODYSSEUS II","isPartOf":{"@id":"https:\/\/odysseus-contests.eu\/2016\/de\/#website"},"datePublished":"2015-07-17T18:24:10+00:00","dateModified":"2015-07-17T18:24:10+00:00","breadcrumb":{"@id":"https:\/\/odysseus-contests.eu\/2016\/pl\/pioneers\/materialy\/#breadcrumb"},"inLanguage":"pl-PL","potentialAction":[{"@type":"ReadAction","target":["https:\/\/odysseus-contests.eu\/2016\/pl\/pioneers\/materialy\/"]}]},{"@type":"BreadcrumbList","@id":"https:\/\/odysseus-contests.eu\/2016\/pl\/pioneers\/materialy\/#breadcrumb","itemListElement":[{"@type":"ListItem","position":1,"name":"Home","item":"https:\/\/odysseus-contests.eu\/2016\/pl\/"},{"@type":"ListItem","position":2,"name":"Pioneers","item":"https:\/\/odysseus-contests.eu\/2016\/pl\/pioneers\/"},{"@type":"ListItem","position":3,"name":"Materia\u0142y"}]},{"@type":"WebSite","@id":"https:\/\/odysseus-contests.eu\/2016\/de\/#website","url":"https:\/\/odysseus-contests.eu\/2016\/de\/","name":"ODYSSEUS II","description":"European Youth Space Contest","potentialAction":[{"@type":"SearchAction","target":{"@type":"EntryPoint","urlTemplate":"https:\/\/odysseus-contests.eu\/2016\/de\/?s={search_term_string}"},"query-input":"required name=search_term_string"}],"inLanguage":"pl-PL"}]}},"_links":{"self":[{"href":"https:\/\/odysseus-contests.eu\/2016\/pl\/wp-json\/wp\/v2\/pages\/2872"}],"collection":[{"href":"https:\/\/odysseus-contests.eu\/2016\/pl\/wp-json\/wp\/v2\/pages"}],"about":[{"href":"https:\/\/odysseus-contests.eu\/2016\/pl\/wp-json\/wp\/v2\/types\/page"}],"author":[{"embeddable":true,"href":"https:\/\/odysseus-contests.eu\/2016\/pl\/wp-json\/wp\/v2\/users\/2"}],"replies":[{"embeddable":true,"href":"https:\/\/odysseus-contests.eu\/2016\/pl\/wp-json\/wp\/v2\/comments?post=2872"}],"version-history":[{"count":0,"href":"https:\/\/odysseus-contests.eu\/2016\/pl\/wp-json\/wp\/v2\/pages\/2872\/revisions"}],"up":[{"embeddable":true,"href":"https:\/\/odysseus-contests.eu\/2016\/pl\/wp-json\/wp\/v2\/pages\/2859"}],"wp:attachment":[{"href":"https:\/\/odysseus-contests.eu\/2016\/pl\/wp-json\/wp\/v2\/media?parent=2872"}],"curies":[{"name":"wp","href":"https:\/\/api.w.org\/{rel}","templated":true}]}}