{"id":2869,"date":"2015-07-17T21:12:12","date_gmt":"2015-07-17T18:12:12","guid":{"rendered":"http:\/\/odysseus-contests.eu\/2016\/?page_id=2869"},"modified":"2015-07-27T14:59:46","modified_gmt":"2015-07-27T11:59:46","slug":"skladanie-projektow","status":"publish","type":"page","link":"https:\/\/odysseus-contests.eu\/2016\/pl\/pioneers\/skladanie-projektow\/","title":{"rendered":"Z\u0142o\u017cone prace"},"content":{"rendered":"<p><em>Wszystkie prace b\u0119d\u0105 udost\u0119pnione na stronie projektu Odysseus\u00a0II po zako\u0144czeniu etapu ich sk\u0142adania (stycze\u0144 2016).<\/em><\/p>\n","protected":false},"excerpt":{"rendered":"<p>Wszystkie prace b\u0119d\u0105 udost\u0119pnione na stronie projektu Odysseus\u00a0II po zako\u0144czeniu etapu ich sk\u0142adania (stycze\u0144 2016).<\/p>\n","protected":false},"author":2,"featured_media":0,"parent":2859,"menu_order":60,"comment_status":"closed","ping_status":"closed","template":"template_projects_pioneers.php","meta":[],"acf":[],"yoast_head":"<!-- This site is optimized with the Yoast SEO plugin v19.14 - https:\/\/yoast.com\/wordpress\/plugins\/seo\/ -->\n<title>Z\u0142o\u017cone prace - ODYSSEUS II<\/title>\n<meta name=\"robots\" content=\"index, follow, max-snippet:-1, max-image-preview:large, max-video-preview:-1\" \/>\n<link rel=\"canonical\" href=\"https:\/\/odysseus-contests.eu\/2016\/pl\/pioneers\/skladanie-projektow\/\" \/>\n<meta property=\"og:locale\" content=\"pl_PL\" \/>\n<meta property=\"og:type\" content=\"article\" \/>\n<meta property=\"og:title\" content=\"Z\u0142o\u017cone prace - ODYSSEUS II\" \/>\n<meta property=\"og:description\" content=\"Wszystkie prace b\u0119d\u0105 udost\u0119pnione na stronie projektu Odysseus\u00a0II po zako\u0144czeniu etapu ich sk\u0142adania (stycze\u0144 2016).\" \/>\n<meta property=\"og:url\" content=\"https:\/\/odysseus-contests.eu\/2016\/pl\/pioneers\/skladanie-projektow\/\" \/>\n<meta property=\"og:site_name\" content=\"ODYSSEUS II\" \/>\n<meta property=\"article:modified_time\" content=\"2015-07-27T11:59:46+00:00\" \/>\n<meta name=\"twitter:card\" content=\"summary_large_image\" \/>\n<script type=\"application\/ld+json\" class=\"yoast-schema-graph\">{\"@context\":\"https:\/\/schema.org\",\"@graph\":[{\"@type\":\"WebPage\",\"@id\":\"https:\/\/odysseus-contests.eu\/2016\/pl\/pioneers\/skladanie-projektow\/\",\"url\":\"https:\/\/odysseus-contests.eu\/2016\/pl\/pioneers\/skladanie-projektow\/\",\"name\":\"Z\u0142o\u017cone prace - ODYSSEUS II\",\"isPartOf\":{\"@id\":\"https:\/\/odysseus-contests.eu\/2016\/de\/#website\"},\"datePublished\":\"2015-07-17T18:12:12+00:00\",\"dateModified\":\"2015-07-27T11:59:46+00:00\",\"breadcrumb\":{\"@id\":\"https:\/\/odysseus-contests.eu\/2016\/pl\/pioneers\/skladanie-projektow\/#breadcrumb\"},\"inLanguage\":\"pl-PL\",\"potentialAction\":[{\"@type\":\"ReadAction\",\"target\":[\"https:\/\/odysseus-contests.eu\/2016\/pl\/pioneers\/skladanie-projektow\/\"]}]},{\"@type\":\"BreadcrumbList\",\"@id\":\"https:\/\/odysseus-contests.eu\/2016\/pl\/pioneers\/skladanie-projektow\/#breadcrumb\",\"itemListElement\":[{\"@type\":\"ListItem\",\"position\":1,\"name\":\"Home\",\"item\":\"https:\/\/odysseus-contests.eu\/2016\/pl\/\"},{\"@type\":\"ListItem\",\"position\":2,\"name\":\"Pioneers\",\"item\":\"https:\/\/odysseus-contests.eu\/2016\/pl\/pioneers\/\"},{\"@type\":\"ListItem\",\"position\":3,\"name\":\"Z\u0142o\u017cone prace\"}]},{\"@type\":\"WebSite\",\"@id\":\"https:\/\/odysseus-contests.eu\/2016\/de\/#website\",\"url\":\"https:\/\/odysseus-contests.eu\/2016\/de\/\",\"name\":\"ODYSSEUS II\",\"description\":\"European Youth Space Contest\",\"potentialAction\":[{\"@type\":\"SearchAction\",\"target\":{\"@type\":\"EntryPoint\",\"urlTemplate\":\"https:\/\/odysseus-contests.eu\/2016\/de\/?s={search_term_string}\"},\"query-input\":\"required name=search_term_string\"}],\"inLanguage\":\"pl-PL\"}]}<\/script>\n<!-- \/ Yoast SEO plugin. -->","yoast_head_json":{"title":"Z\u0142o\u017cone prace - ODYSSEUS II","robots":{"index":"index","follow":"follow","max-snippet":"max-snippet:-1","max-image-preview":"max-image-preview:large","max-video-preview":"max-video-preview:-1"},"canonical":"https:\/\/odysseus-contests.eu\/2016\/pl\/pioneers\/skladanie-projektow\/","og_locale":"pl_PL","og_type":"article","og_title":"Z\u0142o\u017cone prace - ODYSSEUS II","og_description":"Wszystkie prace b\u0119d\u0105 udost\u0119pnione na stronie projektu Odysseus\u00a0II po zako\u0144czeniu etapu ich sk\u0142adania (stycze\u0144 2016).","og_url":"https:\/\/odysseus-contests.eu\/2016\/pl\/pioneers\/skladanie-projektow\/","og_site_name":"ODYSSEUS II","article_modified_time":"2015-07-27T11:59:46+00:00","twitter_card":"summary_large_image","schema":{"@context":"https:\/\/schema.org","@graph":[{"@type":"WebPage","@id":"https:\/\/odysseus-contests.eu\/2016\/pl\/pioneers\/skladanie-projektow\/","url":"https:\/\/odysseus-contests.eu\/2016\/pl\/pioneers\/skladanie-projektow\/","name":"Z\u0142o\u017cone prace - ODYSSEUS II","isPartOf":{"@id":"https:\/\/odysseus-contests.eu\/2016\/de\/#website"},"datePublished":"2015-07-17T18:12:12+00:00","dateModified":"2015-07-27T11:59:46+00:00","breadcrumb":{"@id":"https:\/\/odysseus-contests.eu\/2016\/pl\/pioneers\/skladanie-projektow\/#breadcrumb"},"inLanguage":"pl-PL","potentialAction":[{"@type":"ReadAction","target":["https:\/\/odysseus-contests.eu\/2016\/pl\/pioneers\/skladanie-projektow\/"]}]},{"@type":"BreadcrumbList","@id":"https:\/\/odysseus-contests.eu\/2016\/pl\/pioneers\/skladanie-projektow\/#breadcrumb","itemListElement":[{"@type":"ListItem","position":1,"name":"Home","item":"https:\/\/odysseus-contests.eu\/2016\/pl\/"},{"@type":"ListItem","position":2,"name":"Pioneers","item":"https:\/\/odysseus-contests.eu\/2016\/pl\/pioneers\/"},{"@type":"ListItem","position":3,"name":"Z\u0142o\u017cone prace"}]},{"@type":"WebSite","@id":"https:\/\/odysseus-contests.eu\/2016\/de\/#website","url":"https:\/\/odysseus-contests.eu\/2016\/de\/","name":"ODYSSEUS II","description":"European Youth Space Contest","potentialAction":[{"@type":"SearchAction","target":{"@type":"EntryPoint","urlTemplate":"https:\/\/odysseus-contests.eu\/2016\/de\/?s={search_term_string}"},"query-input":"required name=search_term_string"}],"inLanguage":"pl-PL"}]}},"_links":{"self":[{"href":"https:\/\/odysseus-contests.eu\/2016\/pl\/wp-json\/wp\/v2\/pages\/2869"}],"collection":[{"href":"https:\/\/odysseus-contests.eu\/2016\/pl\/wp-json\/wp\/v2\/pages"}],"about":[{"href":"https:\/\/odysseus-contests.eu\/2016\/pl\/wp-json\/wp\/v2\/types\/page"}],"author":[{"embeddable":true,"href":"https:\/\/odysseus-contests.eu\/2016\/pl\/wp-json\/wp\/v2\/users\/2"}],"replies":[{"embeddable":true,"href":"https:\/\/odysseus-contests.eu\/2016\/pl\/wp-json\/wp\/v2\/comments?post=2869"}],"version-history":[{"count":0,"href":"https:\/\/odysseus-contests.eu\/2016\/pl\/wp-json\/wp\/v2\/pages\/2869\/revisions"}],"up":[{"embeddable":true,"href":"https:\/\/odysseus-contests.eu\/2016\/pl\/wp-json\/wp\/v2\/pages\/2859"}],"wp:attachment":[{"href":"https:\/\/odysseus-contests.eu\/2016\/pl\/wp-json\/wp\/v2\/media?parent=2869"}],"curies":[{"name":"wp","href":"https:\/\/api.w.org\/{rel}","templated":true}]}}