{"id":2867,"date":"2015-07-17T21:10:47","date_gmt":"2015-07-17T18:10:47","guid":{"rendered":"http:\/\/odysseus-contests.eu\/2016\/?page_id=2867"},"modified":"2015-07-28T16:04:05","modified_gmt":"2015-07-28T13:04:05","slug":"regulamin","status":"publish","type":"page","link":"https:\/\/odysseus-contests.eu\/2016\/pl\/pioneers\/regulamin\/","title":{"rendered":"Regulamin"},"content":{"rendered":"<ul>\n<li style=\"text-align: justify;\">W konkursie mog\u0105 bra\u0107 udzia\u0142 uczniowie b\u0119d\u0105cy w wieku od czternastu do osiemnastu lat. Zg\u0142oszenie dotyczy uczni\u00f3w szk\u00f3\u0142 ponadpodstawowych urodzonych w okresie od 1\u00a0kwietnia\u00a01997 do 31\u00a0marca\u00a02002.<\/li>\n<li style=\"text-align: justify;\">Uczestnicy w kategorii Pioneers musz\u0105 pracowa\u0107 w zespo\u0142ach z\u0142o\u017conych z 2-3 os\u00f3b i pod nadzorem nauczyciela\/lidera. Uczniowie przydzieleni do zespo\u0142u mog\u0105 ucz\u0119szcza\u0107 do r\u00f3\u017cnych szk\u00f3\u0142 znajduj\u0105cych si\u0119 na terenie tego samego kraju lub do r\u00f3\u017cnych klas tej samej szko\u0142y, o ile tylko spe\u0142nione jest kryterium wiekowe. Ka\u017cdy z zespo\u0142\u00f3w mo\u017ce r\u00f3wnie\u017c zwr\u00f3ci\u0107 si\u0119 o porady do mentora, zar\u00f3wno w zakresie technicznym jak i naukowym.<\/li>\n<li style=\"text-align: justify;\">Ka\u017cdy z zespo\u0142\u00f3w w kategorii Pioneers musi mie\u0107 w dru\u017cynie doros\u0142ego nauczyciela\/lidera, kt\u00f3ry b\u0119dzie pomaga\u0142 w rejestracji oraz dostarczaniu projekt\u00f3w, a tak\u017ce doradza\u0142 w fazie powstawania projektu i nadzorowa\u0142 zesp\u00f3\u0142 uczni\u00f3w podczas podr\u00f3\u017cy na p\u00f3\u0142fina\u0142y oraz fina\u0142y.<\/li>\n<li style=\"text-align: justify;\">Ka\u017cdy z zespo\u0142\u00f3w mo\u017ce dostarczy\u0107 tylko jeden projekt a ka\u017cdy z uczestnik\u00f3w mo\u017ce by\u0107 cz\u0142onkiem tylko jednego zespo\u0142u.<\/li>\n<li style=\"text-align: justify;\">Zespo\u0142y powinny wybra\u0107 unikatow\u0105, rozpoznawaln\u0105, nazw\u0119, kt\u00f3ra odzwierciedli cel konkursu w zakresie edukacyjnym, naukowym lub spo\u0142ecznym.<\/li>\n<li style=\"text-align: justify;\">Ka\u017cdy z uczestnik\u00f3w lub ka\u017cdy z zespo\u0142\u00f3w powinien dostarczy\u0107 oryginalny projekt dotycz\u0105cy bada\u0144 kosmicznych w zakresie temat\u00f3w oraz wyzwa\u0144 okre\u015blonych dla danej kategorii wiekowej.<\/li>\n<li style=\"text-align: justify;\">Ka\u017cdy z zespo\u0142\u00f3w musi z\u0142o\u017cy\u0107 projekt w terminie wyznaczonym dla danej kategorii wiekowej. Dla Pioneers jest to okres pomi\u0119dzy 1\u00a0wrze\u015bnia\u00a02015 a 15\u00a0stycznia\u00a02016.<\/li>\n<li style=\"text-align: justify;\">Wszystkie przedstawione projekty musz\u0105 by\u0107 prac\u0105 w\u0142asn\u0105 uczestnik\u00f3w, wykonan\u0105 na potrzeby niniejszego konkursu.<\/li>\n<li style=\"text-align: justify;\">Projekty Pioneers b\u0119d\u0105 oceniane w trzech etapach:\n<ol>\n<li>Na szczeblu krajowym \u2013 przez komisj\u0119 sk\u0142adaj\u0105c\u0105 si\u0119 z s\u0119dzi\u00f3w z kraju uczestnik\u00f3w na podstawie zg\u0142osze\u0144 dostarczanych online. Etap ten b\u0119dzie trwa\u0142 od 16\u00a0stycznia do 26\u00a0lutego\u00a02016. Zwyci\u0119zcy krajowych konkurs\u00f3w zostan\u0105 og\u0142oszeni 28\u00a0lutego\u00a02016. Zg\u0142oszenia z kraj\u00f3w spoza UE b\u0119d\u0105 przydzielane przez organizator\u00f3w.<\/li>\n<li>Na szczeblu regionalnym \u2013 przez s\u0119dzi\u00f3w wybranych z poprzedniej rundy, wy\u0142onionych ze wszystkich uczestnicz\u0105cych kraj\u00f3w w danym regionie. Ocenianie b\u0119dzie mia\u0142o miejsce podczas p\u00f3\u0142fina\u0142\u00f3w rozgrywanych w ka\u017cdym regionie, co pozwoli na zgromadzenie wszystkich krajowych zwyci\u0119zc\u00f3w w danym regionie. Regionalne p\u00f3\u0142fina\u0142y b\u0119d\u0105 mia\u0142y miejsce pomi\u0119dzy 15\u00a0marca a 26\u00a0kwietnia\u00a02016.<\/li>\n<li>Na szczeblu mi\u0119dzynarodowym \u2013 przez komisj\u0119 s\u0119dziowsk\u0105 z\u0142o\u017con\u0105 z przedstawicieli nauki, osobisto\u015bci i nauczycieli. Zwyci\u0119zcy fina\u0142\u00f3w regionalnych spotkaj\u0105 si\u0119 w Brukseli lub Tuluzie by przedstawi\u0107 swoje projekty s\u0119dziom. Mi\u0119dzynarodowe fina\u0142y odb\u0119d\u0105 si\u0119 pomi\u0119dzy 4 a 7\u00a0lipca\u00a02016.<\/li>\n<\/ol>\n<\/li>\n<li style=\"text-align: justify;\">Na szczeblu narodowym oraz regionalnym liczba zwyci\u0119zc\u00f3w przechodz\u0105ca do nast\u0119pnego etapu konkursu, (czyli odpowiednio szczebla regionalnego i mi\u0119dzynarodowego) b\u0119dzie proporcjonalna do liczby ludno\u015bci kraj\u00f3w, liczby zg\u0142osze\u0144 z danego kraju\/regionu w ka\u017cdej kategorii tematycznej. Na oficjalnej stronie internetowej, organizatorzy Odysseus\u00a0II umieszcz\u0105 informacj\u0119 ilu zwyci\u0119zc\u00f3w powinno by\u0107 w ka\u017cdej rundzie. Dziesi\u0119\u0107 zwyci\u0119skich dru\u017cyn we\u017amie udzia\u0142 w Fina\u0142ach Mi\u0119dzynarodowych.<\/li>\n<li style=\"text-align: justify;\">Podczas wyboru najlepszych projekt\u00f3w na szczeblu europejskim nagrody b\u0119d\u0105 przyznawane bez wzgl\u0119du na obywatelstwo czy miejsce zamieszkania finalist\u00f3w tj. nie ma wcze\u015bniej ustalonych przydzia\u0142\u00f3w bazuj\u0105cych na populacji czy wska\u017anikach uczestnictwa region\u00f3w w konkursie.<\/li>\n<li style=\"text-align: justify;\">Przy ocenianiu projekt\u00f3w s\u0119dziowie b\u0119d\u0105 przyznawali punkty na podstawie nast\u0119puj\u0105cych kryteri\u00f3w (przed rozpocz\u0119ciem rejestracji na stronie internetowej zostan\u0105 og\u0142oszone konkretne warto\u015bci procentowe przyznawane za ka\u017cd\u0105 z podanych cech):\n<ul>\n<li>poziom trudno\u015bci i poprawno\u015b\u0107 merytoryczna<\/li>\n<li>zwi\u0105zek z tematem<\/li>\n<li>spos\u00f3b rozwi\u0105zania problem\u00f3w<\/li>\n<li>oryginalno\u015b\u0107<\/li>\n<li>znaczenie spo\u0142eczne<\/li>\n<li>spos\u00f3b prezentacji<\/li>\n<li>warto\u015b\u0107 techniczna zastosowanych rozwi\u0105za\u0144<\/li>\n<li>umiej\u0119tno\u015bci praktyczne<\/li>\n<li>zr\u00f3wnowa\u017cony rozw\u00f3j i ekologia<\/li>\n<\/ul>\n<\/li>\n<li style=\"text-align: justify;\">Kompletna lista kryteri\u00f3w oceniania i ich procentowy wk\u0142ad do oceny zostan\u0105 umieszczone na oficjalnej stronie projektu Odysseus\u00a0II.<\/li>\n<li style=\"text-align: justify;\">Podczas oceniania ka\u017cdy z zespo\u0142\u00f3w otrzyma podsumowanie s\u0119dziowskiej oceny swojego projektu. Ocena ta jest ostateczna, czyli \u017cadne pro\u015bby o powt\u00f3rzenia oceny nie b\u0119d\u0105 uwzgl\u0119dniane.<\/li>\n<li style=\"text-align: justify;\">S\u0119dziami b\u0119d\u0105 osoby posiadaj\u0105ce do\u015bwiadczenie w zakresie bada\u0144 kosmicznych, technik kosmicznych i edukacji w zakresie nauk przyrodniczych. B\u0119d\u0105 dzia\u0142a\u0107 na zasadzie wolontariatu &#8211; nie b\u0119d\u0105 pobiera\u0107 \u017cadnego wynagrodzenia za sw\u0105 prac\u0119, koszty ich uczestnictwa w p\u00f3\u0142fina\u0142ach i fina\u0142ach zostan\u0105 pokryte przez projekt Odysseus\u00a0II.<\/li>\n<li style=\"text-align: justify;\">Na ka\u017cdym etapie konkursu, s\u0119dziowie b\u0119d\u0105 przyznawali liczne, specjalne wyr\u00f3\u017cnienia, pokonanym zespo\u0142om, przyk\u0142adowo za:\n<ul>\n<li>najbardziej atrakcyjn\u0105 grafik\u0119,<\/li>\n<li>najbardziej oryginalny projekt,<\/li>\n<li>najbardziej profesjonaln\u0105 prezentacj\u0119,<\/li>\n<li>najbardziej artystyczny przekaz,<\/li>\n<li>najlepszy dob\u00f3r muzyki w projekcie,<\/li>\n<li>najbardziej innowacyjne podej\u015bcie do wybranego tematu,<\/li>\n<li>najbardziej pro\u015brodowiskowy projekt,<\/li>\n<li>najbardziej innowacyjne rozwi\u0105zanie problemu,<\/li>\n<li>najlepsze wykorzystanie podstaw wiedzy o kosmosie,<\/li>\n<\/ul>\n<\/li>\n<li style=\"text-align: justify;\">Ka\u017cdy z zespo\u0142\u00f3w Pioneers oraz nauczyciel\/lider zespo\u0142u otrzymaj\u0105 dyplom potwierdzaj\u0105cy udzia\u0142 w konkursie Odysseus\u00a0II.<\/li>\n<li style=\"text-align: justify;\">Ka\u017cdy ze zwyci\u0119skich projekt\u00f3w zostanie umieszczony w ca\u0142o\u015bci w zak\u0142adce Salon S\u0142awy na stronie projektu Odysseus\u00a0II. Ka\u017cdy uczestnik, zostanie nagrodzony medalem.<\/li>\n<li style=\"text-align: justify;\">Organizatorzy pokrywaj\u0105 koszty podr\u00f3\u017cy na regionalne i mi\u0119dzynarodowe fina\u0142y wy\u0142\u0105cznie liderowi\/nauczycielowi oraz maksymalnie trzem uczestnikom danego zespo\u0142u.<\/li>\n<li style=\"text-align: justify;\">Zespo\u0142y zakwalifikowane na regionalne czy mi\u0119dzynarodowe fina\u0142y b\u0119d\u0105 uczestniczy\u0107 w licznych wydarzeniach i wycieczkach zorganizowanych i finansowanych przez projekt Odysseus\u00a0II.<\/li>\n<li style=\"text-align: justify;\">Nauczyciel\/lider ka\u017cdego z zespo\u0142\u00f3w ma obowi\u0105zek dostarczy\u0107 pe\u0142n\u0105 i zgodn\u0105 z prawd\u0105 informacj\u0119 o ka\u017cdym z uczestnik\u00f3w projektu poprzez formularz rejestracyjny przygotowany na stronie internetowej Odysseus\u00a0II.<\/li>\n<li style=\"text-align: justify;\">Ka\u017cdy z uczestnik\u00f3w poni\u017cej osiemnastego roku \u017cycia musi dostarczy\u0107 pisemn\u0105 zgod\u0119 rodzic\u00f3w na udzia\u0142 w konkursie.<\/li>\n<li style=\"text-align: justify;\">Dla ka\u017cdego uczestnika poni\u017cej osiemnastego roku \u017cycia zakwalifikowanego do fina\u0142\u00f3w musi by\u0107 dostarczona zgoda rodzic\u00f3w na podr\u00f3\u017c i udzia\u0142 w regionalnych oraz europejskich fina\u0142ach.<\/li>\n<li style=\"text-align: justify;\">Obowi\u0105zkiem nauczyciela\/lidera jest dostarczenie organizatorowi zgody rodzicielskiej wszystkich uczestnik\u00f3w.<\/li>\n<li style=\"text-align: justify;\">Ka\u017cdy nauczyciel\/lider mo\u017ce przewodzi\u0107 maksymalnie czterem zespo\u0142om w konkursie.<\/li>\n<\/ul>\n","protected":false},"excerpt":{"rendered":"<p>W konkursie mog\u0105 bra\u0107 udzia\u0142 uczniowie b\u0119d\u0105cy w wieku od czternastu do osiemnastu lat. Zg\u0142oszenie dotyczy uczni\u00f3w szk\u00f3\u0142 ponadpodstawowych urodzonych w okresie od 1\u00a0kwietnia\u00a01997 do 31\u00a0marca\u00a02002. Uczestnicy w kategorii Pioneers musz\u0105 pracowa\u0107 w zespo\u0142ach z\u0142o\u017conych z 2-3 os\u00f3b i pod nadzorem nauczyciela\/lidera. Uczniowie przydzieleni do zespo\u0142u mog\u0105 ucz\u0119szcza\u0107 do r\u00f3\u017cnych szk\u00f3\u0142 znajduj\u0105cych si\u0119 na terenie [&hellip;]<\/p>\n","protected":false},"author":2,"featured_media":0,"parent":2859,"menu_order":20,"comment_status":"closed","ping_status":"closed","template":"","meta":[],"acf":[],"yoast_head":"<!-- This site is optimized with the Yoast SEO plugin v19.14 - https:\/\/yoast.com\/wordpress\/plugins\/seo\/ -->\n<title>Regulamin - ODYSSEUS II<\/title>\n<meta name=\"robots\" content=\"index, follow, max-snippet:-1, max-image-preview:large, max-video-preview:-1\" \/>\n<link rel=\"canonical\" href=\"https:\/\/odysseus-contests.eu\/2016\/pl\/pioneers\/regulamin\/\" \/>\n<meta property=\"og:locale\" content=\"pl_PL\" \/>\n<meta property=\"og:type\" content=\"article\" \/>\n<meta property=\"og:title\" content=\"Regulamin - ODYSSEUS II\" \/>\n<meta property=\"og:description\" content=\"W konkursie mog\u0105 bra\u0107 udzia\u0142 uczniowie b\u0119d\u0105cy w wieku od czternastu do osiemnastu lat. Zg\u0142oszenie dotyczy uczni\u00f3w szk\u00f3\u0142 ponadpodstawowych urodzonych w okresie od 1\u00a0kwietnia\u00a01997 do 31\u00a0marca\u00a02002. Uczestnicy w kategorii Pioneers musz\u0105 pracowa\u0107 w zespo\u0142ach z\u0142o\u017conych z 2-3 os\u00f3b i pod nadzorem nauczyciela\/lidera. Uczniowie przydzieleni do zespo\u0142u mog\u0105 ucz\u0119szcza\u0107 do r\u00f3\u017cnych szk\u00f3\u0142 znajduj\u0105cych si\u0119 na terenie [&hellip;]\" \/>\n<meta property=\"og:url\" content=\"https:\/\/odysseus-contests.eu\/2016\/pl\/pioneers\/regulamin\/\" \/>\n<meta property=\"og:site_name\" content=\"ODYSSEUS II\" \/>\n<meta property=\"article:modified_time\" content=\"2015-07-28T13:04:05+00:00\" \/>\n<meta name=\"twitter:card\" content=\"summary_large_image\" \/>\n<meta name=\"twitter:label1\" content=\"Szacowany czas czytania\" \/>\n\t<meta name=\"twitter:data1\" content=\"5 minut\" \/>\n<script type=\"application\/ld+json\" class=\"yoast-schema-graph\">{\"@context\":\"https:\/\/schema.org\",\"@graph\":[{\"@type\":\"WebPage\",\"@id\":\"https:\/\/odysseus-contests.eu\/2016\/pl\/pioneers\/regulamin\/\",\"url\":\"https:\/\/odysseus-contests.eu\/2016\/pl\/pioneers\/regulamin\/\",\"name\":\"Regulamin - ODYSSEUS II\",\"isPartOf\":{\"@id\":\"https:\/\/odysseus-contests.eu\/2016\/de\/#website\"},\"datePublished\":\"2015-07-17T18:10:47+00:00\",\"dateModified\":\"2015-07-28T13:04:05+00:00\",\"breadcrumb\":{\"@id\":\"https:\/\/odysseus-contests.eu\/2016\/pl\/pioneers\/regulamin\/#breadcrumb\"},\"inLanguage\":\"pl-PL\",\"potentialAction\":[{\"@type\":\"ReadAction\",\"target\":[\"https:\/\/odysseus-contests.eu\/2016\/pl\/pioneers\/regulamin\/\"]}]},{\"@type\":\"BreadcrumbList\",\"@id\":\"https:\/\/odysseus-contests.eu\/2016\/pl\/pioneers\/regulamin\/#breadcrumb\",\"itemListElement\":[{\"@type\":\"ListItem\",\"position\":1,\"name\":\"Home\",\"item\":\"https:\/\/odysseus-contests.eu\/2016\/pl\/\"},{\"@type\":\"ListItem\",\"position\":2,\"name\":\"Pioneers\",\"item\":\"https:\/\/odysseus-contests.eu\/2016\/pl\/pioneers\/\"},{\"@type\":\"ListItem\",\"position\":3,\"name\":\"Regulamin\"}]},{\"@type\":\"WebSite\",\"@id\":\"https:\/\/odysseus-contests.eu\/2016\/de\/#website\",\"url\":\"https:\/\/odysseus-contests.eu\/2016\/de\/\",\"name\":\"ODYSSEUS II\",\"description\":\"European Youth Space Contest\",\"potentialAction\":[{\"@type\":\"SearchAction\",\"target\":{\"@type\":\"EntryPoint\",\"urlTemplate\":\"https:\/\/odysseus-contests.eu\/2016\/de\/?s={search_term_string}\"},\"query-input\":\"required name=search_term_string\"}],\"inLanguage\":\"pl-PL\"}]}<\/script>\n<!-- \/ Yoast SEO plugin. -->","yoast_head_json":{"title":"Regulamin - ODYSSEUS II","robots":{"index":"index","follow":"follow","max-snippet":"max-snippet:-1","max-image-preview":"max-image-preview:large","max-video-preview":"max-video-preview:-1"},"canonical":"https:\/\/odysseus-contests.eu\/2016\/pl\/pioneers\/regulamin\/","og_locale":"pl_PL","og_type":"article","og_title":"Regulamin - ODYSSEUS II","og_description":"W konkursie mog\u0105 bra\u0107 udzia\u0142 uczniowie b\u0119d\u0105cy w wieku od czternastu do osiemnastu lat. Zg\u0142oszenie dotyczy uczni\u00f3w szk\u00f3\u0142 ponadpodstawowych urodzonych w okresie od 1\u00a0kwietnia\u00a01997 do 31\u00a0marca\u00a02002. Uczestnicy w kategorii Pioneers musz\u0105 pracowa\u0107 w zespo\u0142ach z\u0142o\u017conych z 2-3 os\u00f3b i pod nadzorem nauczyciela\/lidera. Uczniowie przydzieleni do zespo\u0142u mog\u0105 ucz\u0119szcza\u0107 do r\u00f3\u017cnych szk\u00f3\u0142 znajduj\u0105cych si\u0119 na terenie [&hellip;]","og_url":"https:\/\/odysseus-contests.eu\/2016\/pl\/pioneers\/regulamin\/","og_site_name":"ODYSSEUS II","article_modified_time":"2015-07-28T13:04:05+00:00","twitter_card":"summary_large_image","twitter_misc":{"Szacowany czas czytania":"5 minut"},"schema":{"@context":"https:\/\/schema.org","@graph":[{"@type":"WebPage","@id":"https:\/\/odysseus-contests.eu\/2016\/pl\/pioneers\/regulamin\/","url":"https:\/\/odysseus-contests.eu\/2016\/pl\/pioneers\/regulamin\/","name":"Regulamin - ODYSSEUS II","isPartOf":{"@id":"https:\/\/odysseus-contests.eu\/2016\/de\/#website"},"datePublished":"2015-07-17T18:10:47+00:00","dateModified":"2015-07-28T13:04:05+00:00","breadcrumb":{"@id":"https:\/\/odysseus-contests.eu\/2016\/pl\/pioneers\/regulamin\/#breadcrumb"},"inLanguage":"pl-PL","potentialAction":[{"@type":"ReadAction","target":["https:\/\/odysseus-contests.eu\/2016\/pl\/pioneers\/regulamin\/"]}]},{"@type":"BreadcrumbList","@id":"https:\/\/odysseus-contests.eu\/2016\/pl\/pioneers\/regulamin\/#breadcrumb","itemListElement":[{"@type":"ListItem","position":1,"name":"Home","item":"https:\/\/odysseus-contests.eu\/2016\/pl\/"},{"@type":"ListItem","position":2,"name":"Pioneers","item":"https:\/\/odysseus-contests.eu\/2016\/pl\/pioneers\/"},{"@type":"ListItem","position":3,"name":"Regulamin"}]},{"@type":"WebSite","@id":"https:\/\/odysseus-contests.eu\/2016\/de\/#website","url":"https:\/\/odysseus-contests.eu\/2016\/de\/","name":"ODYSSEUS II","description":"European Youth Space Contest","potentialAction":[{"@type":"SearchAction","target":{"@type":"EntryPoint","urlTemplate":"https:\/\/odysseus-contests.eu\/2016\/de\/?s={search_term_string}"},"query-input":"required name=search_term_string"}],"inLanguage":"pl-PL"}]}},"_links":{"self":[{"href":"https:\/\/odysseus-contests.eu\/2016\/pl\/wp-json\/wp\/v2\/pages\/2867"}],"collection":[{"href":"https:\/\/odysseus-contests.eu\/2016\/pl\/wp-json\/wp\/v2\/pages"}],"about":[{"href":"https:\/\/odysseus-contests.eu\/2016\/pl\/wp-json\/wp\/v2\/types\/page"}],"author":[{"embeddable":true,"href":"https:\/\/odysseus-contests.eu\/2016\/pl\/wp-json\/wp\/v2\/users\/2"}],"replies":[{"embeddable":true,"href":"https:\/\/odysseus-contests.eu\/2016\/pl\/wp-json\/wp\/v2\/comments?post=2867"}],"version-history":[{"count":0,"href":"https:\/\/odysseus-contests.eu\/2016\/pl\/wp-json\/wp\/v2\/pages\/2867\/revisions"}],"up":[{"embeddable":true,"href":"https:\/\/odysseus-contests.eu\/2016\/pl\/wp-json\/wp\/v2\/pages\/2859"}],"wp:attachment":[{"href":"https:\/\/odysseus-contests.eu\/2016\/pl\/wp-json\/wp\/v2\/media?parent=2867"}],"curies":[{"name":"wp","href":"https:\/\/api.w.org\/{rel}","templated":true}]}}