{"id":2824,"date":"2015-07-17T20:50:55","date_gmt":"2015-07-17T17:50:55","guid":{"rendered":"http:\/\/odysseus-contests.eu\/2016\/?page_id=2824"},"modified":"2016-01-26T18:55:33","modified_gmt":"2016-01-26T15:55:33","slug":"galileo-daily-benefits-of-space-applications","status":"publish","type":"page","link":"https:\/\/odysseus-contests.eu\/2016\/pl\/biblioteka\/galileo-daily-benefits-of-space-applications\/","title":{"rendered":"Galileo: Codzienne korzy\u015bci p\u0142yn\u0105ce z wykorzystania przestrzeni kosmicznej"},"content":{"rendered":"<p><img decoding=\"async\" loading=\"lazy\" class=\"img-responsive alignleft wp-image-287 size-full\" src=\"http:\/\/odysseus-contests.eu\/2016\/wp-content\/uploads\/2015\/06\/content-resources-library-galileo.jpg\" alt=\"content-resources-library-galileo\" width=\"700\" height=\"400\" srcset=\"https:\/\/odysseus-contests.eu\/2016\/wp-content\/uploads\/2015\/06\/content-resources-library-galileo.jpg 700w, https:\/\/odysseus-contests.eu\/2016\/wp-content\/uploads\/2015\/06\/content-resources-library-galileo-300x171.jpg 300w\" sizes=\"(max-width: 700px) 100vw, 700px\" \/><em>Pojawi si\u0119 wkr\u00f3tce<\/em><\/p>\n<p>&nbsp;<\/p>\n<p>Links in other languages<\/p>\n<ul>\n<li><a href=\"http:\/\/odysseus-contests.eu\/2016\/?p=192\" target=\"_blank\">English<\/a><\/li>\n<li><a href=\"http:\/\/odysseus-contests.eu\/2016\/?p=1069\" target=\"_blank\">German<\/a><\/li>\n<li><a href=\"http:\/\/odysseus-contests.eu\/2016\/?p=1371\" target=\"_blank\">French<\/a><\/li>\n<li><a href=\"http:\/\/odysseus-contests.eu\/2016\/?p=3777\" target=\"_blank\">Spanish<\/a><\/li>\n<li><a href=\"http:\/\/odysseus-contests.eu\/2016\/?p=2124\" target=\"_blank\">Italian<\/a><\/li>\n<\/ul>\n","protected":false},"excerpt":{"rendered":"<p>Pojawi si\u0119 wkr\u00f3tce &nbsp; Links in other languages English German French Spanish Italian<\/p>\n","protected":false},"author":2,"featured_media":0,"parent":2818,"menu_order":50,"comment_status":"closed","ping_status":"closed","template":"","meta":[],"acf":[],"yoast_head":"<!-- This site is optimized with the Yoast SEO plugin v19.14 - https:\/\/yoast.com\/wordpress\/plugins\/seo\/ -->\n<title>Galileo: Codzienne korzy\u015bci p\u0142yn\u0105ce z wykorzystania przestrzeni kosmicznej - ODYSSEUS II<\/title>\n<meta name=\"robots\" content=\"index, follow, max-snippet:-1, max-image-preview:large, max-video-preview:-1\" \/>\n<link rel=\"canonical\" href=\"https:\/\/odysseus-contests.eu\/2016\/pl\/biblioteka\/galileo-daily-benefits-of-space-applications\/\" \/>\n<meta property=\"og:locale\" content=\"pl_PL\" \/>\n<meta property=\"og:type\" content=\"article\" \/>\n<meta property=\"og:title\" content=\"Galileo: Codzienne korzy\u015bci p\u0142yn\u0105ce z wykorzystania przestrzeni kosmicznej - ODYSSEUS II\" \/>\n<meta property=\"og:description\" content=\"Pojawi si\u0119 wkr\u00f3tce &nbsp; Links in other languages English German French Spanish Italian\" \/>\n<meta property=\"og:url\" content=\"https:\/\/odysseus-contests.eu\/2016\/pl\/biblioteka\/galileo-daily-benefits-of-space-applications\/\" \/>\n<meta property=\"og:site_name\" content=\"ODYSSEUS II\" \/>\n<meta property=\"article:modified_time\" content=\"2016-01-26T15:55:33+00:00\" \/>\n<meta property=\"og:image\" content=\"http:\/\/odysseus-contests.eu\/2016\/wp-content\/uploads\/2015\/06\/content-resources-library-galileo.jpg\" \/>\n<meta name=\"twitter:card\" content=\"summary_large_image\" \/>\n<script type=\"application\/ld+json\" class=\"yoast-schema-graph\">{\"@context\":\"https:\/\/schema.org\",\"@graph\":[{\"@type\":\"WebPage\",\"@id\":\"https:\/\/odysseus-contests.eu\/2016\/pl\/biblioteka\/galileo-daily-benefits-of-space-applications\/\",\"url\":\"https:\/\/odysseus-contests.eu\/2016\/pl\/biblioteka\/galileo-daily-benefits-of-space-applications\/\",\"name\":\"Galileo: Codzienne korzy\u015bci p\u0142yn\u0105ce z wykorzystania przestrzeni kosmicznej - ODYSSEUS II\",\"isPartOf\":{\"@id\":\"https:\/\/odysseus-contests.eu\/2016\/de\/#website\"},\"datePublished\":\"2015-07-17T17:50:55+00:00\",\"dateModified\":\"2016-01-26T15:55:33+00:00\",\"breadcrumb\":{\"@id\":\"https:\/\/odysseus-contests.eu\/2016\/pl\/biblioteka\/galileo-daily-benefits-of-space-applications\/#breadcrumb\"},\"inLanguage\":\"pl-PL\",\"potentialAction\":[{\"@type\":\"ReadAction\",\"target\":[\"https:\/\/odysseus-contests.eu\/2016\/pl\/biblioteka\/galileo-daily-benefits-of-space-applications\/\"]}]},{\"@type\":\"BreadcrumbList\",\"@id\":\"https:\/\/odysseus-contests.eu\/2016\/pl\/biblioteka\/galileo-daily-benefits-of-space-applications\/#breadcrumb\",\"itemListElement\":[{\"@type\":\"ListItem\",\"position\":1,\"name\":\"Home\",\"item\":\"https:\/\/odysseus-contests.eu\/2016\/pl\/\"},{\"@type\":\"ListItem\",\"position\":2,\"name\":\"Biblioteka\",\"item\":\"https:\/\/odysseus-contests.eu\/2016\/pl\/biblioteka\/\"},{\"@type\":\"ListItem\",\"position\":3,\"name\":\"Galileo: Codzienne korzy\u015bci p\u0142yn\u0105ce z wykorzystania przestrzeni kosmicznej\"}]},{\"@type\":\"WebSite\",\"@id\":\"https:\/\/odysseus-contests.eu\/2016\/de\/#website\",\"url\":\"https:\/\/odysseus-contests.eu\/2016\/de\/\",\"name\":\"ODYSSEUS II\",\"description\":\"European Youth Space Contest\",\"potentialAction\":[{\"@type\":\"SearchAction\",\"target\":{\"@type\":\"EntryPoint\",\"urlTemplate\":\"https:\/\/odysseus-contests.eu\/2016\/de\/?s={search_term_string}\"},\"query-input\":\"required name=search_term_string\"}],\"inLanguage\":\"pl-PL\"}]}<\/script>\n<!-- \/ Yoast SEO plugin. -->","yoast_head_json":{"title":"Galileo: Codzienne korzy\u015bci p\u0142yn\u0105ce z wykorzystania przestrzeni kosmicznej - ODYSSEUS II","robots":{"index":"index","follow":"follow","max-snippet":"max-snippet:-1","max-image-preview":"max-image-preview:large","max-video-preview":"max-video-preview:-1"},"canonical":"https:\/\/odysseus-contests.eu\/2016\/pl\/biblioteka\/galileo-daily-benefits-of-space-applications\/","og_locale":"pl_PL","og_type":"article","og_title":"Galileo: Codzienne korzy\u015bci p\u0142yn\u0105ce z wykorzystania przestrzeni kosmicznej - ODYSSEUS II","og_description":"Pojawi si\u0119 wkr\u00f3tce &nbsp; Links in other languages English German French Spanish Italian","og_url":"https:\/\/odysseus-contests.eu\/2016\/pl\/biblioteka\/galileo-daily-benefits-of-space-applications\/","og_site_name":"ODYSSEUS II","article_modified_time":"2016-01-26T15:55:33+00:00","og_image":[{"url":"http:\/\/odysseus-contests.eu\/2016\/wp-content\/uploads\/2015\/06\/content-resources-library-galileo.jpg"}],"twitter_card":"summary_large_image","schema":{"@context":"https:\/\/schema.org","@graph":[{"@type":"WebPage","@id":"https:\/\/odysseus-contests.eu\/2016\/pl\/biblioteka\/galileo-daily-benefits-of-space-applications\/","url":"https:\/\/odysseus-contests.eu\/2016\/pl\/biblioteka\/galileo-daily-benefits-of-space-applications\/","name":"Galileo: Codzienne korzy\u015bci p\u0142yn\u0105ce z wykorzystania przestrzeni kosmicznej - ODYSSEUS II","isPartOf":{"@id":"https:\/\/odysseus-contests.eu\/2016\/de\/#website"},"datePublished":"2015-07-17T17:50:55+00:00","dateModified":"2016-01-26T15:55:33+00:00","breadcrumb":{"@id":"https:\/\/odysseus-contests.eu\/2016\/pl\/biblioteka\/galileo-daily-benefits-of-space-applications\/#breadcrumb"},"inLanguage":"pl-PL","potentialAction":[{"@type":"ReadAction","target":["https:\/\/odysseus-contests.eu\/2016\/pl\/biblioteka\/galileo-daily-benefits-of-space-applications\/"]}]},{"@type":"BreadcrumbList","@id":"https:\/\/odysseus-contests.eu\/2016\/pl\/biblioteka\/galileo-daily-benefits-of-space-applications\/#breadcrumb","itemListElement":[{"@type":"ListItem","position":1,"name":"Home","item":"https:\/\/odysseus-contests.eu\/2016\/pl\/"},{"@type":"ListItem","position":2,"name":"Biblioteka","item":"https:\/\/odysseus-contests.eu\/2016\/pl\/biblioteka\/"},{"@type":"ListItem","position":3,"name":"Galileo: Codzienne korzy\u015bci p\u0142yn\u0105ce z wykorzystania przestrzeni kosmicznej"}]},{"@type":"WebSite","@id":"https:\/\/odysseus-contests.eu\/2016\/de\/#website","url":"https:\/\/odysseus-contests.eu\/2016\/de\/","name":"ODYSSEUS II","description":"European Youth Space Contest","potentialAction":[{"@type":"SearchAction","target":{"@type":"EntryPoint","urlTemplate":"https:\/\/odysseus-contests.eu\/2016\/de\/?s={search_term_string}"},"query-input":"required name=search_term_string"}],"inLanguage":"pl-PL"}]}},"_links":{"self":[{"href":"https:\/\/odysseus-contests.eu\/2016\/pl\/wp-json\/wp\/v2\/pages\/2824"}],"collection":[{"href":"https:\/\/odysseus-contests.eu\/2016\/pl\/wp-json\/wp\/v2\/pages"}],"about":[{"href":"https:\/\/odysseus-contests.eu\/2016\/pl\/wp-json\/wp\/v2\/types\/page"}],"author":[{"embeddable":true,"href":"https:\/\/odysseus-contests.eu\/2016\/pl\/wp-json\/wp\/v2\/users\/2"}],"replies":[{"embeddable":true,"href":"https:\/\/odysseus-contests.eu\/2016\/pl\/wp-json\/wp\/v2\/comments?post=2824"}],"version-history":[{"count":1,"href":"https:\/\/odysseus-contests.eu\/2016\/pl\/wp-json\/wp\/v2\/pages\/2824\/revisions"}],"predecessor-version":[{"id":7411,"href":"https:\/\/odysseus-contests.eu\/2016\/pl\/wp-json\/wp\/v2\/pages\/2824\/revisions\/7411"}],"up":[{"embeddable":true,"href":"https:\/\/odysseus-contests.eu\/2016\/pl\/wp-json\/wp\/v2\/pages\/2818"}],"wp:attachment":[{"href":"https:\/\/odysseus-contests.eu\/2016\/pl\/wp-json\/wp\/v2\/media?parent=2824"}],"curies":[{"name":"wp","href":"https:\/\/api.w.org\/{rel}","templated":true}]}}