{"id":2816,"date":"2015-07-17T20:45:03","date_gmt":"2015-07-17T17:45:03","guid":{"rendered":"http:\/\/odysseus-contests.eu\/2016\/?page_id=2816"},"modified":"2015-07-28T15:54:33","modified_gmt":"2015-07-28T12:54:33","slug":"nota-prawna-polityka-prywatnosci","status":"publish","type":"page","link":"https:\/\/odysseus-contests.eu\/2016\/pl\/nota-prawna-polityka-prywatnosci\/","title":{"rendered":"Nota prawna | Polityka prywatno\u015bci"},"content":{"rendered":"<p style=\"text-align: justify;\">UWAGA\u00a0 ! Poni\u017cszy tekst jest t\u0142umaczeniem i ma za zadanie jedynie przybli\u017cy\u0107 czytaj\u0105cemu stosowan\u0105 polityk\u0119 prywatno\u015bci. Skutki prawne maj\u0105 jedynie zapisy w oryginalnym tek\u015bcie w j\u0119zyku angielskim. Mo\u017cna je znale\u017a\u0107 <strong><a href=\"http:\/\/odysseus-contests.eu\/2016\/legal-notice\/\">tu<\/a><\/strong>.<\/p>\n<p style=\"text-align: justify;\">Dzi\u0119kujemy za odwiedzenie strony internetowej projektu Odysseus II. Dost\u0119p i korzystanie z tej strony odbywa si\u0119 na nast\u0119puj\u0105cych warunkach oraz podlega wszystkim obowi\u0105zuj\u0105cym przepisom prawa.<\/p>\n<p style=\"text-align: justify;\">O ile nie zaznaczono inaczej, zawarto\u015b\u0107 witryny, w tym teksty i obrazy zawarte na stronie internetowej oraz ich rozmieszczenie, jest w\u0142asno\u015bci\u0105 konsorcjum Odysseus II. Wszystkie znaki handlowe wykorzystywane lub wymienione na tej stronie s\u0105 w\u0142asno\u015bci\u0105 ich w\u0142a\u015bcicieli.<\/p>\n<p style=\"text-align: justify;\">U\u017cytkownik o\u015bwiadcza, \u017ce korzysta z wszelkich tre\u015bci dost\u0119pnych na stronie internetowej konkursu Odysseus II na w\u0142asn\u0105 odpowiedzialno\u015b\u0107. Korzystaj\u0105c z zawarto\u015bci strony, u\u017cytkownik wyra\u017ca zgod\u0119 na przestrzeganie wszelkich praw autorskich, znak\u00f3w towarowych, znak\u00f3w us\u0142ugowych, tajemnicy handlowej, praw w\u0142asno\u015bciowych, a tak\u017ce zawartych lub towarzysz\u0105cych zabezpiecze\u0144 i ogranicze\u0144 tre\u015bci.<\/p>\n<p style=\"text-align: justify;\">Z zastrze\u017ceniem warunk\u00f3w niniejszego regulaminu, u\u017cytkownik ma prawo do pobierania, publikowania, kopiowania, rozpowszechniania, wykonywania, wy\u015bwietlania, przekazywania lub korzystania w inny spos\u00f3b z dowolnej cz\u0119\u015bci zawarto\u015bci strony wy\u0142\u0105cznie do cel\u00f3w edukacyjnych i niekomercyjnych.<\/p>\n<p style=\"text-align: justify;\">W przypadkach innych ni\u017c jednoznacznie dozwolone w niniejszym dokumencie, u\u017cytkownik zobowi\u0105zuje si\u0119, \u017ce nie b\u0119dzie publikowa\u0107, kopiowa\u0107, przesy\u0142a\u0107, przekazywa\u0107, sprzedawa\u0107, powiela\u0107, udziela\u0107 sublicencji, rozpowszechnia\u0107, wykonywa\u0107, wy\u015bwietla\u0107, modyfikacji, tworzy\u0107 dzie\u0142 pochodnych lub wykorzystywa\u0107 jakichkolwiek tre\u015bci w ca\u0142o\u015bci lub w cz\u0119\u015bci, a tak\u017ce korzysta\u0107 w inny spos\u00f3b z zawarto\u015bci witryny konkursu Odysseus II w spos\u00f3b niezgodny z niniejszym regulaminem lub obowi\u0105zuj\u0105cymi przepisami prawa, jak r\u00f3wnie\u017c nie b\u0119dzie zezwala\u0107 na to innym.<\/p>\n<p style=\"text-align: justify;\">U\u017cytkownik mo\u017ce zamieszcza\u0107 odno\u015bnik do serwisu internetowego konkursu Odysseus II wy\u0142\u0105cznie w celach edukacyjnych i niekomercyjnych. Zastrzegamy sobie prawo do wprowadzania zakazu linkowania do strony konkursowej Odysseus II dla dowolnego podmiotu.<\/p>\n<p style=\"text-align: justify;\">Strona internetowa konkursu Odyseusz II mo\u017ce zawiera\u0107 linki do innych stron &#8211; w tym stron, na kt\u00f3rych s\u0105 publikowane wpisy konkursu Odyseusz II. Po klikni\u0119ciu \u0142\u0105cza do innych stron, u\u017cytkownik opuszcza stron\u0119 konkursu Odyseusz II. Inne strony nie zosta\u0142y stworzone przez konsorcjum Odysseus II i u\u017cytkownik przyjmuje do wiadomo\u015bci, \u017ce konsorcjum nie ponosi odpowiedzialno\u015bci i nie wspiera jakichkolwiek innych witryn.<\/p>\n<p style=\"text-align: justify;\">Strona konkursu Odysseus II jest przewidziana do u\u017cytku bez \u017cadnych gwarancji, wyra\u017anych lub dorozumianych. Korzystaj\u0105c ze strony, u\u017cytkownik wyra\u017ca zgod\u0119 na ponoszenie pe\u0142nego ryzyka zwi\u0105zanego z u\u017cytkowaniem serwisu konkursu Odysseus II. U\u017cytkownik zgadza si\u0119 zwolni\u0107 Signosis Sprl., jej cz\u0142onk\u00f3w zarz\u0105du, dyrektor\u00f3w, pracownik\u00f3w i przedstawicieli, z wszelkich roszcze\u0144 wynikaj\u0105cych lub zwi\u0105zanych z u\u017cytkowaniem lub niemo\u017cno\u015bci\u0105 korzystania z tej strony lub ze stron, z kt\u00f3rymi ta strona jest powi\u0105zana. U\u017cytkownik zgadza si\u0119, \u017ce Signosis Sprl. ani \u017caden z pozosta\u0142ych Partner\u00f3w Konsorcjum Odysseus II, nie b\u0119d\u0105 ponosi\u0107 odpowiedzialno\u015bci za jakiekolwiek szkody lub straty spowodowane lub rzekomo spowodowane przez u\u017cytkownika powo\u0142uj\u0105cego si\u0119 na informacje zawartych na stronie internetowej. W \u017cadnym przypadku Signosis Sprl., jej zarz\u0105d, dyrektorzy, pracownicy lub przedstawiciele, nie ponosz\u0105 odpowiedzialno\u015bci za jakiekolwiek bezpo\u015brednie, po\u015brednie, przypadkowe, karne lub wt\u00f3rne szkody jakiegokolwiek rodzaju, w odniesieniu do korzystania z witryny konkursu Odysseus II. Niniejsze wy\u0142\u0105czenie i zwolnienie od odpowiedzialno\u015bci odnosi si\u0119 do wszystkich przyczyn dzia\u0142ania, czy na podstawie umowy, gwarancji, czyn\u00f3w niedozwolonych, czy innych teorii prawnych.<\/p>\n<p style=\"text-align: justify;\">Signosis Sprl. i inni Partnerzy konsorcjum Odysseus II nie zapewniaj\u0105 \u017cadnej gwarancji odno\u015bnie dok\u0142adno\u015bci, terminowo\u015bci, wykonania, kompletno\u015bci lub stosowno\u015bci informacji i tre\u015bci znalezionych lub oferowanych na stronie internetowej konkursu Odysseus II do jakiegokolwiek okre\u015blonego celu. U\u017cytkownik przyjmuje do wiadomo\u015bci, \u017ce takie informacje i materia\u0142y mog\u0105 zawiera\u0107 nie\u015bcis\u0142o\u015bci lub b\u0142\u0119dy i Signosis Sprl. wyra\u017anie wy\u0142\u0105cza odpowiedzialno\u015b\u0107 za jakiekolwiek nie\u015bcis\u0142o\u015bci lub b\u0142\u0119dy w pe\u0142nym zakresie dozwolonym przepisami prawa.<\/p>\n<p style=\"text-align: justify;\">Nieautoryzowane pr\u00f3by przes\u0142ania lub zmiany informacji, a tak\u017ce inne dzia\u0142ania powoduj\u0105ce uszkodzenie strony internetowej konkursu Odyseusz II, s\u0105 surowo zabronione i mog\u0105 by\u0107 karalne na mocy obowi\u0105zuj\u0105cych przepis\u00f3w prawa. Ze wzgl\u0119d\u00f3w bezpiecze\u0144stwa witryny oraz w celu zapewnienia dost\u0119pno\u015bci us\u0142ugi dla wszystkich u\u017cytkownik\u00f3w, system komputerowy wykorzystuje programy monitoruj\u0105ce ruch w sieci do identyfikacji nieautoryzowanych pr\u00f3b przes\u0142ania lub modyfikacji informacji oraz innych dzia\u0142a\u0144 powoduj\u0105cych uszkodzenie informacji na stronie konkursu Odysseus II.<\/p>\n<p style=\"text-align: justify;\">Informacje zamieszczone na tej stronie s\u0105 bezp\u0142atne i udost\u0119pnione wy\u0142\u0105cznie w celach informacyjnych, nie tworz\u0105 relacji biznesowych mi\u0119dzy u\u017cytkownikiem a kt\u00f3rykolwiek z partner\u00f3w konsorcjum Odysseus II. Linki na tej stronie mog\u0105 prowadzi\u0107 do serwis\u00f3w lub stron, kt\u00f3re nie s\u0105 obs\u0142ugiwane przez Partner\u00f3w &#8211; konsorcjum Odysseus II. Partnerzy nie oceniaj\u0105 i nie daj\u0105 gwarancji w odniesieniu do takich serwis\u00f3w lub innych stron Partnerzy konsorcjum Odysseus II nie ponosz\u0105 odpowiedzialno\u015bci za inne strony lub serwisy. Link do innej strony lub serwisu nie oznacza wspierania tej strony lub serwisu. U\u017cytkownik o\u015bwiadcza, \u017ce jakiekolwiek wykorzystanie informacji umieszczonych na tej stronie lub jakiejkolwiek innej stronie czy serwisie, do kt\u00f3rych odno\u015bniki znajduj\u0105 si\u0119 na tej stronie, przeprowadza na w\u0142asn\u0105 odpowiedzialno\u015b\u0107.<\/p>\n<p style=\"text-align: justify;\">U\u017cytkownik jest odpowiedzialny za przestrzeganie lokalnego prawa (w\u0142a\u015bciwego dla miejsca, w kt\u00f3rym uzyskuje dost\u0119p do portalu Odysseus)ipotwierdza, \u017ce nie b\u0119dzie uzyskiwa\u0142 dost\u0119pu do strony lub wykorzystywa\u0142 informacji zawartych na stronie z naruszeniem przepis\u00f3w. O ile nie zaznaczono inaczej, wszelkie informacje przekazane przez u\u017cytkownika za po\u015brednictwem tej strony uznaje si\u0119 za jawne i niezastrze\u017cone. U\u017cytkownik o\u015bwiadcza, \u017ce mo\u017ce zgodnie z prawem zamieszcza\u0107 takie informacje i potwierdza, \u017ce nie przedstawi \u017cadnych informacji, do kt\u00f3rych nie posiada uprawnie\u0144. Ze wzgl\u0119du na otwarty charakter Internetu zaleca si\u0119, aby nie przekazywa\u0107 informacji uwa\u017canych za poufne.<\/p>\n","protected":false},"excerpt":{"rendered":"<p>UWAGA\u00a0 ! Poni\u017cszy tekst jest t\u0142umaczeniem i ma za zadanie jedynie przybli\u017cy\u0107 czytaj\u0105cemu stosowan\u0105 polityk\u0119 prywatno\u015bci. Skutki prawne maj\u0105 jedynie zapisy w oryginalnym tek\u015bcie w j\u0119zyku angielskim. Mo\u017cna je znale\u017a\u0107 tu. Dzi\u0119kujemy za odwiedzenie strony internetowej projektu Odysseus II. Dost\u0119p i korzystanie z tej strony odbywa si\u0119 na nast\u0119puj\u0105cych warunkach oraz podlega wszystkim obowi\u0105zuj\u0105cym przepisom [&hellip;]<\/p>\n","protected":false},"author":2,"featured_media":0,"parent":0,"menu_order":0,"comment_status":"closed","ping_status":"closed","template":"","meta":[],"acf":[],"yoast_head":"<!-- This site is optimized with the Yoast SEO plugin v19.14 - https:\/\/yoast.com\/wordpress\/plugins\/seo\/ -->\n<title>Nota prawna | Polityka prywatno\u015bci - ODYSSEUS II<\/title>\n<meta name=\"robots\" content=\"index, follow, max-snippet:-1, max-image-preview:large, max-video-preview:-1\" \/>\n<link rel=\"canonical\" href=\"https:\/\/odysseus-contests.eu\/2016\/pl\/nota-prawna-polityka-prywatnosci\/\" \/>\n<meta property=\"og:locale\" content=\"pl_PL\" \/>\n<meta property=\"og:type\" content=\"article\" \/>\n<meta property=\"og:title\" content=\"Nota prawna | Polityka prywatno\u015bci - ODYSSEUS II\" \/>\n<meta property=\"og:description\" content=\"UWAGA\u00a0 ! Poni\u017cszy tekst jest t\u0142umaczeniem i ma za zadanie jedynie przybli\u017cy\u0107 czytaj\u0105cemu stosowan\u0105 polityk\u0119 prywatno\u015bci. Skutki prawne maj\u0105 jedynie zapisy w oryginalnym tek\u015bcie w j\u0119zyku angielskim. Mo\u017cna je znale\u017a\u0107 tu. Dzi\u0119kujemy za odwiedzenie strony internetowej projektu Odysseus II. Dost\u0119p i korzystanie z tej strony odbywa si\u0119 na nast\u0119puj\u0105cych warunkach oraz podlega wszystkim obowi\u0105zuj\u0105cym przepisom [&hellip;]\" \/>\n<meta property=\"og:url\" content=\"https:\/\/odysseus-contests.eu\/2016\/pl\/nota-prawna-polityka-prywatnosci\/\" \/>\n<meta property=\"og:site_name\" content=\"ODYSSEUS II\" \/>\n<meta property=\"article:modified_time\" content=\"2015-07-28T12:54:33+00:00\" \/>\n<meta name=\"twitter:card\" content=\"summary_large_image\" \/>\n<meta name=\"twitter:label1\" content=\"Szacowany czas czytania\" \/>\n\t<meta name=\"twitter:data1\" content=\"5 minut\" \/>\n<script type=\"application\/ld+json\" class=\"yoast-schema-graph\">{\"@context\":\"https:\/\/schema.org\",\"@graph\":[{\"@type\":\"WebPage\",\"@id\":\"https:\/\/odysseus-contests.eu\/2016\/pl\/nota-prawna-polityka-prywatnosci\/\",\"url\":\"https:\/\/odysseus-contests.eu\/2016\/pl\/nota-prawna-polityka-prywatnosci\/\",\"name\":\"Nota prawna | Polityka prywatno\u015bci - ODYSSEUS II\",\"isPartOf\":{\"@id\":\"https:\/\/odysseus-contests.eu\/2016\/de\/#website\"},\"datePublished\":\"2015-07-17T17:45:03+00:00\",\"dateModified\":\"2015-07-28T12:54:33+00:00\",\"breadcrumb\":{\"@id\":\"https:\/\/odysseus-contests.eu\/2016\/pl\/nota-prawna-polityka-prywatnosci\/#breadcrumb\"},\"inLanguage\":\"pl-PL\",\"potentialAction\":[{\"@type\":\"ReadAction\",\"target\":[\"https:\/\/odysseus-contests.eu\/2016\/pl\/nota-prawna-polityka-prywatnosci\/\"]}]},{\"@type\":\"BreadcrumbList\",\"@id\":\"https:\/\/odysseus-contests.eu\/2016\/pl\/nota-prawna-polityka-prywatnosci\/#breadcrumb\",\"itemListElement\":[{\"@type\":\"ListItem\",\"position\":1,\"name\":\"Home\",\"item\":\"https:\/\/odysseus-contests.eu\/2016\/pl\/\"},{\"@type\":\"ListItem\",\"position\":2,\"name\":\"Nota prawna | Polityka prywatno\u015bci\"}]},{\"@type\":\"WebSite\",\"@id\":\"https:\/\/odysseus-contests.eu\/2016\/de\/#website\",\"url\":\"https:\/\/odysseus-contests.eu\/2016\/de\/\",\"name\":\"ODYSSEUS II\",\"description\":\"European Youth Space Contest\",\"potentialAction\":[{\"@type\":\"SearchAction\",\"target\":{\"@type\":\"EntryPoint\",\"urlTemplate\":\"https:\/\/odysseus-contests.eu\/2016\/de\/?s={search_term_string}\"},\"query-input\":\"required name=search_term_string\"}],\"inLanguage\":\"pl-PL\"}]}<\/script>\n<!-- \/ Yoast SEO plugin. -->","yoast_head_json":{"title":"Nota prawna | Polityka prywatno\u015bci - ODYSSEUS II","robots":{"index":"index","follow":"follow","max-snippet":"max-snippet:-1","max-image-preview":"max-image-preview:large","max-video-preview":"max-video-preview:-1"},"canonical":"https:\/\/odysseus-contests.eu\/2016\/pl\/nota-prawna-polityka-prywatnosci\/","og_locale":"pl_PL","og_type":"article","og_title":"Nota prawna | Polityka prywatno\u015bci - ODYSSEUS II","og_description":"UWAGA\u00a0 ! Poni\u017cszy tekst jest t\u0142umaczeniem i ma za zadanie jedynie przybli\u017cy\u0107 czytaj\u0105cemu stosowan\u0105 polityk\u0119 prywatno\u015bci. Skutki prawne maj\u0105 jedynie zapisy w oryginalnym tek\u015bcie w j\u0119zyku angielskim. Mo\u017cna je znale\u017a\u0107 tu. Dzi\u0119kujemy za odwiedzenie strony internetowej projektu Odysseus II. Dost\u0119p i korzystanie z tej strony odbywa si\u0119 na nast\u0119puj\u0105cych warunkach oraz podlega wszystkim obowi\u0105zuj\u0105cym przepisom [&hellip;]","og_url":"https:\/\/odysseus-contests.eu\/2016\/pl\/nota-prawna-polityka-prywatnosci\/","og_site_name":"ODYSSEUS II","article_modified_time":"2015-07-28T12:54:33+00:00","twitter_card":"summary_large_image","twitter_misc":{"Szacowany czas czytania":"5 minut"},"schema":{"@context":"https:\/\/schema.org","@graph":[{"@type":"WebPage","@id":"https:\/\/odysseus-contests.eu\/2016\/pl\/nota-prawna-polityka-prywatnosci\/","url":"https:\/\/odysseus-contests.eu\/2016\/pl\/nota-prawna-polityka-prywatnosci\/","name":"Nota prawna | Polityka prywatno\u015bci - ODYSSEUS II","isPartOf":{"@id":"https:\/\/odysseus-contests.eu\/2016\/de\/#website"},"datePublished":"2015-07-17T17:45:03+00:00","dateModified":"2015-07-28T12:54:33+00:00","breadcrumb":{"@id":"https:\/\/odysseus-contests.eu\/2016\/pl\/nota-prawna-polityka-prywatnosci\/#breadcrumb"},"inLanguage":"pl-PL","potentialAction":[{"@type":"ReadAction","target":["https:\/\/odysseus-contests.eu\/2016\/pl\/nota-prawna-polityka-prywatnosci\/"]}]},{"@type":"BreadcrumbList","@id":"https:\/\/odysseus-contests.eu\/2016\/pl\/nota-prawna-polityka-prywatnosci\/#breadcrumb","itemListElement":[{"@type":"ListItem","position":1,"name":"Home","item":"https:\/\/odysseus-contests.eu\/2016\/pl\/"},{"@type":"ListItem","position":2,"name":"Nota prawna | Polityka prywatno\u015bci"}]},{"@type":"WebSite","@id":"https:\/\/odysseus-contests.eu\/2016\/de\/#website","url":"https:\/\/odysseus-contests.eu\/2016\/de\/","name":"ODYSSEUS II","description":"European Youth Space Contest","potentialAction":[{"@type":"SearchAction","target":{"@type":"EntryPoint","urlTemplate":"https:\/\/odysseus-contests.eu\/2016\/de\/?s={search_term_string}"},"query-input":"required name=search_term_string"}],"inLanguage":"pl-PL"}]}},"_links":{"self":[{"href":"https:\/\/odysseus-contests.eu\/2016\/pl\/wp-json\/wp\/v2\/pages\/2816"}],"collection":[{"href":"https:\/\/odysseus-contests.eu\/2016\/pl\/wp-json\/wp\/v2\/pages"}],"about":[{"href":"https:\/\/odysseus-contests.eu\/2016\/pl\/wp-json\/wp\/v2\/types\/page"}],"author":[{"embeddable":true,"href":"https:\/\/odysseus-contests.eu\/2016\/pl\/wp-json\/wp\/v2\/users\/2"}],"replies":[{"embeddable":true,"href":"https:\/\/odysseus-contests.eu\/2016\/pl\/wp-json\/wp\/v2\/comments?post=2816"}],"version-history":[{"count":0,"href":"https:\/\/odysseus-contests.eu\/2016\/pl\/wp-json\/wp\/v2\/pages\/2816\/revisions"}],"wp:attachment":[{"href":"https:\/\/odysseus-contests.eu\/2016\/pl\/wp-json\/wp\/v2\/media?parent=2816"}],"curies":[{"name":"wp","href":"https:\/\/api.w.org\/{rel}","templated":true}]}}