{"id":2813,"date":"2015-07-17T20:42:01","date_gmt":"2015-07-17T17:42:01","guid":{"rendered":"http:\/\/odysseus-contests.eu\/2016\/?page_id=2813"},"modified":"2015-07-27T13:11:58","modified_gmt":"2015-07-27T10:11:58","slug":"czesto-zadawane-pytania-faq","status":"publish","type":"page","link":"https:\/\/odysseus-contests.eu\/2016\/pl\/explorers\/czesto-zadawane-pytania-faq\/","title":{"rendered":"Cz\u0119sto zadawane pytania &#8211; FAQ"},"content":{"rendered":"<h4>P: Co to jest Odysseus\u00a0II?<\/h4>\n<p>O: Odysseus\u00a0II jest projektem europejskim, wsp\u00f3\u0142finansowanym przez Komisj\u0119 Europejsk\u0105. Jego g\u0142\u00f3wnym celem jest zorganizowanie i przeprowadzenie og\u00f3lnoeuropejskiego konkursu kosmicznego dla uczni\u00f3w i student\u00f3w pomi\u0119dzy si\u00f3dmym a dwudziestym drugim rokiem \u017cycia. Tematyka konkursu zwi\u0105zana jest z odkrywaniem kosmosu i jego wykorzystaniem.<\/p>\n<h4>P: Chcia\u0142bym si\u0119 zarejestrowa\u0107, w jaki spos\u00f3b mog\u0119 do\u0142\u0105czy\u0107 do projektu Odysseus II?<\/h4>\n<p>O:\u00a0Mo\u017cesz zarejestrowa\u0107 si\u0119 poprzez podanie adresu email i wybranie has\u0142a w odpowiedniej sekcji portalu projektu Odysseus\u00a0II. Po wprowadzeniu adresu email i has\u0142a nale\u017cy wybra\u0107 kategori\u0119 Explorers i zaakceptowa\u0107 regulamin projektu Odysseus II. Musisz r\u00f3wnie\u017c zweryfikowa\u0107 swoje konto poprzez klikni\u0119cie linku wys\u0142anego z portalu Odysseus\u00a0II na podany adres. Nast\u0119pnie mo\u017cesz si\u0119 zalogowa\u0107 i uzupe\u0142ni\u0107 informacje o sobie oraz ewentualnie o osobie, z kt\u00f3r\u0105 jeste\u015b w zespole.\u00a0Uwaga: rejestracja rozpocznie si\u0119 od 1 wrze\u015bnia 2015r\u00a0.<\/p>\n<h4>P: Ile lat musz\u0119 mie\u0107 by m\u00f3c wzi\u0105\u0107 udzia\u0142 w Konkursie Odysseus\u00a0II?<\/h4>\n<p>O: Uczestnicy nie mog\u0105 mie\u0107 mniej ni\u017c siedemna\u015bcie lat i nie wi\u0119cej ni\u017c dwadzie\u015bcia dwa lata (urodzeni pomi\u0119dzy 1\u00a0kwietnia\u00a01993\u00a0 a 31\u00a0marca 1999) i powinni by\u0107 studentami (bez tytu\u0142u naukowego) w roku akademickim 2015\/2016.<\/p>\n<h4>P: W jakim j\u0119zyku mog\u0119 sk\u0142ada\u0107 sw\u00f3j projekt?<\/h4>\n<p>O: Mo\u017cesz sk\u0142ada\u0107 swoj\u0105 prac\u0119 w dowolnym z poni\u017cszych j\u0119zyk\u00f3w: angielskim, bu\u0142garskim, chorwackim, czeskim, du\u0144skim, esto\u0144skim, fi\u0144skim, francuskim, greckim, hiszpa\u0144skim, irlandzkim, litewskim, \u0142otewskim, malta\u0144skim, niderlandzkim, niemieckim, polskim, portugalskim, rumu\u0144skim, s\u0142owackim, s\u0142owe\u0144skim, szwedzkim, w\u0119gierskim, w\u0142oskim. Zespo\u0142y z kraj\u00f3w spoza Unii Europejskiej powinni sk\u0142ada\u0107 projekty w jednym z powy\u017cszych j\u0119zyk\u00f3w. W przypadku zakwalifikowania si\u0119 do fina\u0142\u00f3w mi\u0119dzynarodowych nale\u017cy zapewni\u0107 pe\u0142ne t\u0142umaczenie projektu na j\u0119zyk angielski we w\u0142asnym zakresie.<\/p>\n<h4>P: Czy macie jakie\u015b informacje o tym jak stworzy\u0107 projekt?<\/h4>\n<p>O: Masz swobod\u0119 w wyborze tematu zwi\u0105zanego z podanymi wcze\u015bniej kategoriami tematycznymi konkursu. Mo\u017cesz wybra\u0107 dowoln\u0105 form\u0119 projektu (tekst, prezentacja w power point, wideo, prototyp, multimedia, eksperyment, itp.), zaleca si\u0119 jednak za\u0142\u0105czenie arkusza projektu, wed\u0142ug udost\u0119pnionego szablonu, kt\u00f3ry b\u0119dzie opisywa\u0107 idee zwi\u0105zane z Twoim\/Waszym projektem. Mo\u017cesz do\u0142\u0105czy\u0107 tak du\u017co dodatkowych plik\u00f3w ile uznasz za stosowne, pod warunkiem, \u017ce ich ca\u0142kowity rozmiar nie przekroczy 20MB.<\/p>\n<h4>P: W jaki spos\u00f3b sk\u0142adamy projekt?<\/h4>\n<p>O: Projekt wraz z jego streszczeniem (korzystaj\u0105c z udost\u0119pnionego szablonu) sk\u0142adamy wy\u0142\u0105cznie drog\u0105 internetow\u0105. By to zrobi\u0107 nale\u017cy zalogowa\u0107 si\u0119 na stron\u0119 \u201eZ\u0142\u00f3\u017c projekt\u201d i pod\u0105\u017ca\u0107 za znajduj\u0105cymi si\u0119 tam instrukcjami.<\/p>\n<h4>P: Czy m\u00f3j zesp\u00f3\u0142 mo\u017ce z\u0142o\u017cy\u0107 wi\u0119cej ni\u017c jeden projekt?<\/h4>\n<p>O: Nie. Ka\u017cdy zesp\u00f3\u0142 mo\u017ce z\u0142o\u017cy\u0107 tylko jeden projekt do konkursu Odysseus\u00a0II.<\/p>\n<h4>P: Co zrobi\u0107 je\u017celi zapomn\u0119 has\u0142a do platformy konkursu Odysseus\u00a0II?<\/h4>\n<p>O: Na stronie logowania znajduje si\u0119 link \u201eZmiana Has\u0142a\u201d. Po jego naci\u015bni\u0119ciu organizatorzy wy\u015bl\u0105 nowe has\u0142o na adres mailowy zwi\u0105zany z danym kontem projektu w konkursie Odysseus\u00a0II.<\/p>\n<h4>P: Do kiedy mo\u017cemy sk\u0142ada\u0107 projekty?<\/h4>\n<p>O: Musisz z\u0142o\u017cy\u0107 sw\u00f3j projekt przed p\u00f3\u0142noc\u0105 (CET) 15 stycznia 2016 roku. Organizatorzy projektu Odysseus\u00a0II zalecaj\u0105 jednak sk\u0142adanie projektu od razu po uko\u0144czeniu nad nim pracy.<\/p>\n<h4>P: Czy mo\u017cecie pom\u00f3c mi\/nam z przes\u0142aniem mojego\/naszego projektu na platform\u0119 Odysseus\u00a0II.<\/h4>\n<p>O: Tak; na pocz\u0105tku nale\u017cy zajrze\u0107 do instrukcji zawartej w linku \u201eZ\u0142\u00f3\u017c projekt\u201d. Je\u017celi nadal pomoc przy z\u0142o\u017ceniu projektu b\u0119dzie niezb\u0119dna, albo pojawi\u0105 nie nieprzewidziane k\u0142opoty z tym zwi\u0105zane, nale\u017cy skontaktowa\u0107 si\u0119 z organizatorami poprzez formularz kontaktowy i my w\u00f3wczas pomo\u017cemy Ci odpowiednio z\u0142o\u017cy\u0107 projekt.<\/p>\n<h4>P: Czy otrzymamy informacj\u0119 zwrotn\u0105 od oceniaj\u0105cych nasze prace?<\/h4>\n<p>O: Ka\u017cdy zesp\u00f3\u0142 otrzyma podsumowanie oceny s\u0119dziowskiej ich projektu.<\/p>\n<h4>P: Jakie s\u0105 kryteria oceny?<\/h4>\n<p>O: Po szczeg\u00f3\u0142owe informacje dotycz\u0105ce kryteri\u00f3w oceniania, zajrzyj do sekcji <u><a href=\"http:\/\/odysseus-contests.eu\/2016\/pl\/kalendarium\/kryteria-oceny\/\" target=\"_blank\">\u201eKryteria oceniania\u201d<\/a><\/u> w sekcji Explorers.<\/p>\n<h4>P: Ile zespo\u0142\u00f3w dostanie si\u0119 do fina\u0142\u00f3w regionalnych i fina\u0142\u00f3w og\u00f3lnoeuropejskich?<\/h4>\n<p>O: Liczba zespo\u0142\u00f3w przechodz\u0105cych do kolejnego etapu oceniania b\u0119dzie zale\u017ce\u0107 od populacji ludno\u015bci i liczby zg\u0142oszonych projekt\u00f3w w danym kraju. Ka\u017cdy z kraj\u00f3w cz\u0142onkowskich UE b\u0119dzie reprezentowany na fina\u0142ach regionalny przynajmniej przez jeden zesp\u00f3\u0142. Dok\u0142adne liczby zespo\u0142\u00f3w z danego kraju zostan\u0105 og\u0142oszone przez organizator\u00f3w na oficjalniej stronie po zako\u0144czeniu etapu zbierania projekt\u00f3w. Do fina\u0142\u00f3w og\u00f3lnoeuropejskich z danego regionu dostanie si\u0119 jedna dru\u017cyna.<\/p>\n<h4>P: Czy mog\u0119 zobaczy\u0107 inne projekty z\u0142o\u017cone w platformie Odysseus II?<\/h4>\n<p>O: Tak, wszystkie projekty b\u0119d\u0105 opublikowane na stronie Odysseus II po zako\u0144czeniu etapu ich sk\u0142adania.<\/p>\n<h4>P: Kiedy si\u0119 dowiem czy m\u00f3j zesp\u00f3\u0142 zakwalifikowa\u0142 si\u0119 do fina\u0142u regionalnego?<\/h4>\n<p>A: Zwyci\u0119zcy etapu narodowego zostan\u0105 og\u0142oszeni po 28 lutego 2016 roku.<\/p>\n<h4>P: W jaki spos\u00f3b zostan\u0119 poinformowany o zwyci\u0119stwie w fina\u0142ach regionalnych?<\/h4>\n<p>O: Zwyci\u0119zcy zostan\u0105 og\u0142oszeni na koniec poszczeg\u00f3lnych fina\u0142\u00f3w regionalnych po zako\u0144czeniu konsultacji s\u0119dziowskich.\u00a0 Lista zwyci\u0119zc\u00f3w b\u0119dzie podana r\u00f3wnie\u017c na portalu projektu Odysseus\u00a0II (30 kwietnia 2016)<\/p>\n<h4>P: Jakie s\u0105 nagrody?<\/h4>\n<p>O: Informacje dotycz\u0105ce nagr\u00f3d znajdziesz na stronie <a href=\"http:\/\/odysseus-contests.eu\/2016\/pl\/kalendarium\/nagrody\/\" target=\"_blank\">Nagrody<\/a>.<\/p>\n<h4><\/h4>\n","protected":false},"excerpt":{"rendered":"<p>P: Co to jest Odysseus\u00a0II? O: Odysseus\u00a0II jest projektem europejskim, wsp\u00f3\u0142finansowanym przez Komisj\u0119 Europejsk\u0105. Jego g\u0142\u00f3wnym celem jest zorganizowanie i przeprowadzenie og\u00f3lnoeuropejskiego konkursu kosmicznego dla uczni\u00f3w i student\u00f3w pomi\u0119dzy si\u00f3dmym a dwudziestym drugim rokiem \u017cycia. Tematyka konkursu zwi\u0105zana jest z odkrywaniem kosmosu i jego wykorzystaniem. P: Chcia\u0142bym si\u0119 zarejestrowa\u0107, w jaki spos\u00f3b mog\u0119 do\u0142\u0105czy\u0107 do [&hellip;]<\/p>\n","protected":false},"author":2,"featured_media":0,"parent":2794,"menu_order":100,"comment_status":"closed","ping_status":"closed","template":"","meta":[],"acf":[],"yoast_head":"<!-- This site is optimized with the Yoast SEO plugin v19.14 - https:\/\/yoast.com\/wordpress\/plugins\/seo\/ -->\n<title>Cz\u0119sto zadawane pytania - FAQ - ODYSSEUS II<\/title>\n<meta name=\"robots\" content=\"index, follow, max-snippet:-1, max-image-preview:large, max-video-preview:-1\" \/>\n<link rel=\"canonical\" href=\"https:\/\/odysseus-contests.eu\/2016\/pl\/explorers\/czesto-zadawane-pytania-faq\/\" \/>\n<meta property=\"og:locale\" content=\"pl_PL\" \/>\n<meta property=\"og:type\" content=\"article\" \/>\n<meta property=\"og:title\" content=\"Cz\u0119sto zadawane pytania - FAQ - ODYSSEUS II\" \/>\n<meta property=\"og:description\" content=\"P: Co to jest Odysseus\u00a0II? O: Odysseus\u00a0II jest projektem europejskim, wsp\u00f3\u0142finansowanym przez Komisj\u0119 Europejsk\u0105. Jego g\u0142\u00f3wnym celem jest zorganizowanie i przeprowadzenie og\u00f3lnoeuropejskiego konkursu kosmicznego dla uczni\u00f3w i student\u00f3w pomi\u0119dzy si\u00f3dmym a dwudziestym drugim rokiem \u017cycia. Tematyka konkursu zwi\u0105zana jest z odkrywaniem kosmosu i jego wykorzystaniem. P: Chcia\u0142bym si\u0119 zarejestrowa\u0107, w jaki spos\u00f3b mog\u0119 do\u0142\u0105czy\u0107 do [&hellip;]\" \/>\n<meta property=\"og:url\" content=\"https:\/\/odysseus-contests.eu\/2016\/pl\/explorers\/czesto-zadawane-pytania-faq\/\" \/>\n<meta property=\"og:site_name\" content=\"ODYSSEUS II\" \/>\n<meta property=\"article:modified_time\" content=\"2015-07-27T10:11:58+00:00\" \/>\n<meta name=\"twitter:card\" content=\"summary_large_image\" \/>\n<meta name=\"twitter:label1\" content=\"Szacowany czas czytania\" \/>\n\t<meta name=\"twitter:data1\" content=\"5 minut\" \/>\n<script type=\"application\/ld+json\" class=\"yoast-schema-graph\">{\"@context\":\"https:\/\/schema.org\",\"@graph\":[{\"@type\":\"WebPage\",\"@id\":\"https:\/\/odysseus-contests.eu\/2016\/pl\/explorers\/czesto-zadawane-pytania-faq\/\",\"url\":\"https:\/\/odysseus-contests.eu\/2016\/pl\/explorers\/czesto-zadawane-pytania-faq\/\",\"name\":\"Cz\u0119sto zadawane pytania - FAQ - ODYSSEUS II\",\"isPartOf\":{\"@id\":\"https:\/\/odysseus-contests.eu\/2016\/de\/#website\"},\"datePublished\":\"2015-07-17T17:42:01+00:00\",\"dateModified\":\"2015-07-27T10:11:58+00:00\",\"breadcrumb\":{\"@id\":\"https:\/\/odysseus-contests.eu\/2016\/pl\/explorers\/czesto-zadawane-pytania-faq\/#breadcrumb\"},\"inLanguage\":\"pl-PL\",\"potentialAction\":[{\"@type\":\"ReadAction\",\"target\":[\"https:\/\/odysseus-contests.eu\/2016\/pl\/explorers\/czesto-zadawane-pytania-faq\/\"]}]},{\"@type\":\"BreadcrumbList\",\"@id\":\"https:\/\/odysseus-contests.eu\/2016\/pl\/explorers\/czesto-zadawane-pytania-faq\/#breadcrumb\",\"itemListElement\":[{\"@type\":\"ListItem\",\"position\":1,\"name\":\"Home\",\"item\":\"https:\/\/odysseus-contests.eu\/2016\/pl\/\"},{\"@type\":\"ListItem\",\"position\":2,\"name\":\"Explorers\",\"item\":\"https:\/\/odysseus-contests.eu\/2016\/pl\/explorers\/\"},{\"@type\":\"ListItem\",\"position\":3,\"name\":\"Cz\u0119sto zadawane pytania &#8211; FAQ\"}]},{\"@type\":\"WebSite\",\"@id\":\"https:\/\/odysseus-contests.eu\/2016\/de\/#website\",\"url\":\"https:\/\/odysseus-contests.eu\/2016\/de\/\",\"name\":\"ODYSSEUS II\",\"description\":\"European Youth Space Contest\",\"potentialAction\":[{\"@type\":\"SearchAction\",\"target\":{\"@type\":\"EntryPoint\",\"urlTemplate\":\"https:\/\/odysseus-contests.eu\/2016\/de\/?s={search_term_string}\"},\"query-input\":\"required name=search_term_string\"}],\"inLanguage\":\"pl-PL\"}]}<\/script>\n<!-- \/ Yoast SEO plugin. -->","yoast_head_json":{"title":"Cz\u0119sto zadawane pytania - FAQ - ODYSSEUS II","robots":{"index":"index","follow":"follow","max-snippet":"max-snippet:-1","max-image-preview":"max-image-preview:large","max-video-preview":"max-video-preview:-1"},"canonical":"https:\/\/odysseus-contests.eu\/2016\/pl\/explorers\/czesto-zadawane-pytania-faq\/","og_locale":"pl_PL","og_type":"article","og_title":"Cz\u0119sto zadawane pytania - FAQ - ODYSSEUS II","og_description":"P: Co to jest Odysseus\u00a0II? O: Odysseus\u00a0II jest projektem europejskim, wsp\u00f3\u0142finansowanym przez Komisj\u0119 Europejsk\u0105. Jego g\u0142\u00f3wnym celem jest zorganizowanie i przeprowadzenie og\u00f3lnoeuropejskiego konkursu kosmicznego dla uczni\u00f3w i student\u00f3w pomi\u0119dzy si\u00f3dmym a dwudziestym drugim rokiem \u017cycia. Tematyka konkursu zwi\u0105zana jest z odkrywaniem kosmosu i jego wykorzystaniem. P: Chcia\u0142bym si\u0119 zarejestrowa\u0107, w jaki spos\u00f3b mog\u0119 do\u0142\u0105czy\u0107 do [&hellip;]","og_url":"https:\/\/odysseus-contests.eu\/2016\/pl\/explorers\/czesto-zadawane-pytania-faq\/","og_site_name":"ODYSSEUS II","article_modified_time":"2015-07-27T10:11:58+00:00","twitter_card":"summary_large_image","twitter_misc":{"Szacowany czas czytania":"5 minut"},"schema":{"@context":"https:\/\/schema.org","@graph":[{"@type":"WebPage","@id":"https:\/\/odysseus-contests.eu\/2016\/pl\/explorers\/czesto-zadawane-pytania-faq\/","url":"https:\/\/odysseus-contests.eu\/2016\/pl\/explorers\/czesto-zadawane-pytania-faq\/","name":"Cz\u0119sto zadawane pytania - FAQ - ODYSSEUS II","isPartOf":{"@id":"https:\/\/odysseus-contests.eu\/2016\/de\/#website"},"datePublished":"2015-07-17T17:42:01+00:00","dateModified":"2015-07-27T10:11:58+00:00","breadcrumb":{"@id":"https:\/\/odysseus-contests.eu\/2016\/pl\/explorers\/czesto-zadawane-pytania-faq\/#breadcrumb"},"inLanguage":"pl-PL","potentialAction":[{"@type":"ReadAction","target":["https:\/\/odysseus-contests.eu\/2016\/pl\/explorers\/czesto-zadawane-pytania-faq\/"]}]},{"@type":"BreadcrumbList","@id":"https:\/\/odysseus-contests.eu\/2016\/pl\/explorers\/czesto-zadawane-pytania-faq\/#breadcrumb","itemListElement":[{"@type":"ListItem","position":1,"name":"Home","item":"https:\/\/odysseus-contests.eu\/2016\/pl\/"},{"@type":"ListItem","position":2,"name":"Explorers","item":"https:\/\/odysseus-contests.eu\/2016\/pl\/explorers\/"},{"@type":"ListItem","position":3,"name":"Cz\u0119sto zadawane pytania &#8211; FAQ"}]},{"@type":"WebSite","@id":"https:\/\/odysseus-contests.eu\/2016\/de\/#website","url":"https:\/\/odysseus-contests.eu\/2016\/de\/","name":"ODYSSEUS II","description":"European Youth Space Contest","potentialAction":[{"@type":"SearchAction","target":{"@type":"EntryPoint","urlTemplate":"https:\/\/odysseus-contests.eu\/2016\/de\/?s={search_term_string}"},"query-input":"required name=search_term_string"}],"inLanguage":"pl-PL"}]}},"_links":{"self":[{"href":"https:\/\/odysseus-contests.eu\/2016\/pl\/wp-json\/wp\/v2\/pages\/2813"}],"collection":[{"href":"https:\/\/odysseus-contests.eu\/2016\/pl\/wp-json\/wp\/v2\/pages"}],"about":[{"href":"https:\/\/odysseus-contests.eu\/2016\/pl\/wp-json\/wp\/v2\/types\/page"}],"author":[{"embeddable":true,"href":"https:\/\/odysseus-contests.eu\/2016\/pl\/wp-json\/wp\/v2\/users\/2"}],"replies":[{"embeddable":true,"href":"https:\/\/odysseus-contests.eu\/2016\/pl\/wp-json\/wp\/v2\/comments?post=2813"}],"version-history":[{"count":0,"href":"https:\/\/odysseus-contests.eu\/2016\/pl\/wp-json\/wp\/v2\/pages\/2813\/revisions"}],"up":[{"embeddable":true,"href":"https:\/\/odysseus-contests.eu\/2016\/pl\/wp-json\/wp\/v2\/pages\/2794"}],"wp:attachment":[{"href":"https:\/\/odysseus-contests.eu\/2016\/pl\/wp-json\/wp\/v2\/media?parent=2813"}],"curies":[{"name":"wp","href":"https:\/\/api.w.org\/{rel}","templated":true}]}}