{"id":2800,"date":"2015-07-17T20:33:27","date_gmt":"2015-07-17T17:33:27","guid":{"rendered":"http:\/\/odysseus-contests.eu\/2016\/?page_id=2800"},"modified":"2015-07-28T15:36:06","modified_gmt":"2015-07-28T12:36:06","slug":"nagrody","status":"publish","type":"page","link":"https:\/\/odysseus-contests.eu\/2016\/pl\/explorers\/nagrody\/","title":{"rendered":"Nagrody"},"content":{"rendered":"<p><img decoding=\"async\" loading=\"lazy\" class=\"img-responsive alignleft wp-image-331 size-full\" src=\"http:\/\/odysseus-contests.eu\/2016\/wp-content\/uploads\/2015\/05\/content-prizes-explorers1.jpg\" alt=\"content-prizes-explorers\" width=\"700\" height=\"400\" srcset=\"https:\/\/odysseus-contests.eu\/2016\/wp-content\/uploads\/2015\/05\/content-prizes-explorers1.jpg 700w, https:\/\/odysseus-contests.eu\/2016\/wp-content\/uploads\/2015\/05\/content-prizes-explorers1-300x171.jpg 300w\" sizes=\"(max-width: 700px) 100vw, 700px\" \/><\/p>\n<p><strong>Etap narodowy<\/strong><\/p>\n<p style=\"text-align: justify;\">Ka\u017cdy uczestnik lub para uczestnik\u00f3w otrzymaj\u0105 dyplom lub dyplomy po\u015bwiadczaj\u0105cy ich uczestnictwo w konkursie Odysseus\u00a0II.<\/p>\n<p style=\"text-align: justify;\">Uczestnicy zaanga\u017cowani w zwyci\u0119ski projekt na etapie krajowym zostan\u0105 tak\u017ce odznaczeni medalem oraz ich projekt zostanie wy\u015bwietlony w Salonie S\u0142awy w portalu Odysseus\u00a0II.Zwyci\u0119ska dru\u017cyna z etapu krajowego uda si\u0119 na fina\u0142y regionalne, gdzie b\u0119dzie uczestniczy\u0142a w licznych zaj\u0119ciach, wydarzeniach i wycieczkach zwi\u0105zanych tematycznie z przestrzeni\u0105 kosmiczn\u0105. Fina\u0142y regionalne odb\u0119d\u0105 si\u0119 w nast\u0119puj\u0105cych krajach: Austria, Belgia, Czechy, Dania, Francja, Grecja, Polska, Hiszpania, Zjednoczone Kr\u00f3lestwo Wielkiej Brytanii i Irlandii P\u00f3\u0142nocnej.<\/p>\n<p><strong>Etap regionalny<\/strong><\/p>\n<p style=\"text-align: justify;\">Cz\u0142onkowie zwyci\u0119skiego zespo\u0142u na tym etapie otrzymaj\u0105 skomputeryzowany teleskop (CelestronNexstar lub podobny). Zwyci\u0119zcy b\u0119d\u0105 kontynuowali udzia\u0142 w konkursie podczas\u00a0\u00a0 fina\u0142\u00f3w mi\u0119dzynarodowych w Brukseli lub Tuluzie.<\/p>\n<p><strong>Fina\u0142 <\/strong><\/p>\n<p style=\"text-align: justify;\">Zwyci\u0119zcy etapu mi\u0119dzynarodowego pojad\u0105 do Centrum Kosmicznego w Gujanie Francuskiej, gdzie b\u0119d\u0105 uczestniczy\u0107 w zaj\u0119ciach i wycieczkach zwi\u0105zanych z kosmosem. Otrzymaj\u0105 r\u00f3wnie\u017c dyplom \u201cEuropean Youth Space Ambassador\u201d.<\/p>\n<p style=\"text-align: justify;\">Pi\u0119ciu najlepszych uczestnik\u00f3w zostanie nagrodzonym sta\u017cem w Agencji Kosmicznej lub przemy\u015ble Kosmicznym lub przemy\u015ble Lotniczym. Sta\u017c mo\u017ce trwa\u0107 od trzech do sze\u015bciu miesi\u0119cy. Uczestnikom zostan\u0105 pokryte koszty podr\u00f3\u017cy oraz ubezpieczenia zdrowotnego. Sta\u017cy\u015bci otrzymaj\u0105 r\u00f3wnie\u017c comiesi\u0119czne stypendium w wysoko\u015bci pokrywaj\u0105cej ich koszty utrzymania.<\/p>\n","protected":false},"excerpt":{"rendered":"<p>Etap narodowy Ka\u017cdy uczestnik lub para uczestnik\u00f3w otrzymaj\u0105 dyplom lub dyplomy po\u015bwiadczaj\u0105cy ich uczestnictwo w konkursie Odysseus\u00a0II. Uczestnicy zaanga\u017cowani w zwyci\u0119ski projekt na etapie krajowym zostan\u0105 tak\u017ce odznaczeni medalem oraz ich projekt zostanie wy\u015bwietlony w Salonie S\u0142awy w portalu Odysseus\u00a0II.Zwyci\u0119ska dru\u017cyna z etapu krajowego uda si\u0119 na fina\u0142y regionalne, gdzie b\u0119dzie uczestniczy\u0142a w licznych zaj\u0119ciach, [&hellip;]<\/p>\n","protected":false},"author":2,"featured_media":0,"parent":2794,"menu_order":40,"comment_status":"closed","ping_status":"closed","template":"","meta":[],"acf":[],"yoast_head":"<!-- This site is optimized with the Yoast SEO plugin v19.14 - https:\/\/yoast.com\/wordpress\/plugins\/seo\/ -->\n<title>Nagrody - ODYSSEUS II<\/title>\n<meta name=\"robots\" content=\"index, follow, max-snippet:-1, max-image-preview:large, max-video-preview:-1\" \/>\n<link rel=\"canonical\" href=\"https:\/\/odysseus-contests.eu\/2016\/pl\/explorers\/nagrody\/\" \/>\n<meta property=\"og:locale\" content=\"pl_PL\" \/>\n<meta property=\"og:type\" content=\"article\" \/>\n<meta property=\"og:title\" content=\"Nagrody - ODYSSEUS II\" \/>\n<meta property=\"og:description\" content=\"Etap narodowy Ka\u017cdy uczestnik lub para uczestnik\u00f3w otrzymaj\u0105 dyplom lub dyplomy po\u015bwiadczaj\u0105cy ich uczestnictwo w konkursie Odysseus\u00a0II. Uczestnicy zaanga\u017cowani w zwyci\u0119ski projekt na etapie krajowym zostan\u0105 tak\u017ce odznaczeni medalem oraz ich projekt zostanie wy\u015bwietlony w Salonie S\u0142awy w portalu Odysseus\u00a0II.Zwyci\u0119ska dru\u017cyna z etapu krajowego uda si\u0119 na fina\u0142y regionalne, gdzie b\u0119dzie uczestniczy\u0142a w licznych zaj\u0119ciach, [&hellip;]\" \/>\n<meta property=\"og:url\" content=\"https:\/\/odysseus-contests.eu\/2016\/pl\/explorers\/nagrody\/\" \/>\n<meta property=\"og:site_name\" content=\"ODYSSEUS II\" \/>\n<meta property=\"article:modified_time\" content=\"2015-07-28T12:36:06+00:00\" \/>\n<meta property=\"og:image\" content=\"http:\/\/odysseus-contests.eu\/2016\/wp-content\/uploads\/2015\/05\/content-prizes-explorers1.jpg\" \/>\n<meta name=\"twitter:card\" content=\"summary_large_image\" \/>\n<meta name=\"twitter:label1\" content=\"Szacowany czas czytania\" \/>\n\t<meta name=\"twitter:data1\" content=\"1 minuta\" \/>\n<script type=\"application\/ld+json\" class=\"yoast-schema-graph\">{\"@context\":\"https:\/\/schema.org\",\"@graph\":[{\"@type\":\"WebPage\",\"@id\":\"https:\/\/odysseus-contests.eu\/2016\/pl\/explorers\/nagrody\/\",\"url\":\"https:\/\/odysseus-contests.eu\/2016\/pl\/explorers\/nagrody\/\",\"name\":\"Nagrody - ODYSSEUS II\",\"isPartOf\":{\"@id\":\"https:\/\/odysseus-contests.eu\/2016\/de\/#website\"},\"datePublished\":\"2015-07-17T17:33:27+00:00\",\"dateModified\":\"2015-07-28T12:36:06+00:00\",\"breadcrumb\":{\"@id\":\"https:\/\/odysseus-contests.eu\/2016\/pl\/explorers\/nagrody\/#breadcrumb\"},\"inLanguage\":\"pl-PL\",\"potentialAction\":[{\"@type\":\"ReadAction\",\"target\":[\"https:\/\/odysseus-contests.eu\/2016\/pl\/explorers\/nagrody\/\"]}]},{\"@type\":\"BreadcrumbList\",\"@id\":\"https:\/\/odysseus-contests.eu\/2016\/pl\/explorers\/nagrody\/#breadcrumb\",\"itemListElement\":[{\"@type\":\"ListItem\",\"position\":1,\"name\":\"Home\",\"item\":\"https:\/\/odysseus-contests.eu\/2016\/pl\/\"},{\"@type\":\"ListItem\",\"position\":2,\"name\":\"Explorers\",\"item\":\"https:\/\/odysseus-contests.eu\/2016\/pl\/explorers\/\"},{\"@type\":\"ListItem\",\"position\":3,\"name\":\"Nagrody\"}]},{\"@type\":\"WebSite\",\"@id\":\"https:\/\/odysseus-contests.eu\/2016\/de\/#website\",\"url\":\"https:\/\/odysseus-contests.eu\/2016\/de\/\",\"name\":\"ODYSSEUS II\",\"description\":\"European Youth Space Contest\",\"potentialAction\":[{\"@type\":\"SearchAction\",\"target\":{\"@type\":\"EntryPoint\",\"urlTemplate\":\"https:\/\/odysseus-contests.eu\/2016\/de\/?s={search_term_string}\"},\"query-input\":\"required name=search_term_string\"}],\"inLanguage\":\"pl-PL\"}]}<\/script>\n<!-- \/ Yoast SEO plugin. -->","yoast_head_json":{"title":"Nagrody - ODYSSEUS II","robots":{"index":"index","follow":"follow","max-snippet":"max-snippet:-1","max-image-preview":"max-image-preview:large","max-video-preview":"max-video-preview:-1"},"canonical":"https:\/\/odysseus-contests.eu\/2016\/pl\/explorers\/nagrody\/","og_locale":"pl_PL","og_type":"article","og_title":"Nagrody - ODYSSEUS II","og_description":"Etap narodowy Ka\u017cdy uczestnik lub para uczestnik\u00f3w otrzymaj\u0105 dyplom lub dyplomy po\u015bwiadczaj\u0105cy ich uczestnictwo w konkursie Odysseus\u00a0II. Uczestnicy zaanga\u017cowani w zwyci\u0119ski projekt na etapie krajowym zostan\u0105 tak\u017ce odznaczeni medalem oraz ich projekt zostanie wy\u015bwietlony w Salonie S\u0142awy w portalu Odysseus\u00a0II.Zwyci\u0119ska dru\u017cyna z etapu krajowego uda si\u0119 na fina\u0142y regionalne, gdzie b\u0119dzie uczestniczy\u0142a w licznych zaj\u0119ciach, [&hellip;]","og_url":"https:\/\/odysseus-contests.eu\/2016\/pl\/explorers\/nagrody\/","og_site_name":"ODYSSEUS II","article_modified_time":"2015-07-28T12:36:06+00:00","og_image":[{"url":"http:\/\/odysseus-contests.eu\/2016\/wp-content\/uploads\/2015\/05\/content-prizes-explorers1.jpg"}],"twitter_card":"summary_large_image","twitter_misc":{"Szacowany czas czytania":"1 minuta"},"schema":{"@context":"https:\/\/schema.org","@graph":[{"@type":"WebPage","@id":"https:\/\/odysseus-contests.eu\/2016\/pl\/explorers\/nagrody\/","url":"https:\/\/odysseus-contests.eu\/2016\/pl\/explorers\/nagrody\/","name":"Nagrody - ODYSSEUS II","isPartOf":{"@id":"https:\/\/odysseus-contests.eu\/2016\/de\/#website"},"datePublished":"2015-07-17T17:33:27+00:00","dateModified":"2015-07-28T12:36:06+00:00","breadcrumb":{"@id":"https:\/\/odysseus-contests.eu\/2016\/pl\/explorers\/nagrody\/#breadcrumb"},"inLanguage":"pl-PL","potentialAction":[{"@type":"ReadAction","target":["https:\/\/odysseus-contests.eu\/2016\/pl\/explorers\/nagrody\/"]}]},{"@type":"BreadcrumbList","@id":"https:\/\/odysseus-contests.eu\/2016\/pl\/explorers\/nagrody\/#breadcrumb","itemListElement":[{"@type":"ListItem","position":1,"name":"Home","item":"https:\/\/odysseus-contests.eu\/2016\/pl\/"},{"@type":"ListItem","position":2,"name":"Explorers","item":"https:\/\/odysseus-contests.eu\/2016\/pl\/explorers\/"},{"@type":"ListItem","position":3,"name":"Nagrody"}]},{"@type":"WebSite","@id":"https:\/\/odysseus-contests.eu\/2016\/de\/#website","url":"https:\/\/odysseus-contests.eu\/2016\/de\/","name":"ODYSSEUS II","description":"European Youth Space Contest","potentialAction":[{"@type":"SearchAction","target":{"@type":"EntryPoint","urlTemplate":"https:\/\/odysseus-contests.eu\/2016\/de\/?s={search_term_string}"},"query-input":"required name=search_term_string"}],"inLanguage":"pl-PL"}]}},"_links":{"self":[{"href":"https:\/\/odysseus-contests.eu\/2016\/pl\/wp-json\/wp\/v2\/pages\/2800"}],"collection":[{"href":"https:\/\/odysseus-contests.eu\/2016\/pl\/wp-json\/wp\/v2\/pages"}],"about":[{"href":"https:\/\/odysseus-contests.eu\/2016\/pl\/wp-json\/wp\/v2\/types\/page"}],"author":[{"embeddable":true,"href":"https:\/\/odysseus-contests.eu\/2016\/pl\/wp-json\/wp\/v2\/users\/2"}],"replies":[{"embeddable":true,"href":"https:\/\/odysseus-contests.eu\/2016\/pl\/wp-json\/wp\/v2\/comments?post=2800"}],"version-history":[{"count":0,"href":"https:\/\/odysseus-contests.eu\/2016\/pl\/wp-json\/wp\/v2\/pages\/2800\/revisions"}],"up":[{"embeddable":true,"href":"https:\/\/odysseus-contests.eu\/2016\/pl\/wp-json\/wp\/v2\/pages\/2794"}],"wp:attachment":[{"href":"https:\/\/odysseus-contests.eu\/2016\/pl\/wp-json\/wp\/v2\/media?parent=2800"}],"curies":[{"name":"wp","href":"https:\/\/api.w.org\/{rel}","templated":true}]}}