{"id":2797,"date":"2015-07-17T20:32:57","date_gmt":"2015-07-17T17:32:57","guid":{"rendered":"http:\/\/odysseus-contests.eu\/2016\/?page_id=2797"},"modified":"2016-04-10T00:23:36","modified_gmt":"2016-04-09T21:23:36","slug":"kalendarz","status":"publish","type":"page","link":"https:\/\/odysseus-contests.eu\/2016\/pl\/explorers\/kalendarz\/","title":{"rendered":"Kalendarz"},"content":{"rendered":"<ul>\n<li>Sk\u0142adanie prac: 1\u00a0wrze\u015bnia\u00a02015 \u2013 15\u00a0stycznia\u00a02016.<\/li>\n<li>Ocenianie projekt\u00f3w na szczeblu narodowym: 16\u00a0stycznia\u00a02016 \u2013 26\u00a0lutego\u00a02016.<\/li>\n<li>Og\u0142oszenie wynik\u00f3w na szczeblu narodowym: 28\u00a0lutego\u00a02016.<\/li>\n<li>Fina\u0142y regionalne\/ p\u00f3\u0142fina\u0142y: 30 marca\u00a02016 \u2013 15 maj 2016.<\/li>\n<li>Og\u0142oszenie finalist\u00f3w: 15 maj 2016.<\/li>\n<li>Fina\u0142 europejski: 4 \u2013 8 lipca\u00a02016.<\/li>\n<li>Ceremonia wr\u0119czenia nagr\u00f3d 8 lipca\u00a02016.<\/li>\n<\/ul>\n","protected":false},"excerpt":{"rendered":"<p>Sk\u0142adanie prac: 1\u00a0wrze\u015bnia\u00a02015 \u2013 15\u00a0stycznia\u00a02016. Ocenianie projekt\u00f3w na szczeblu narodowym: 16\u00a0stycznia\u00a02016 \u2013 26\u00a0lutego\u00a02016. Og\u0142oszenie wynik\u00f3w na szczeblu narodowym: 28\u00a0lutego\u00a02016. Fina\u0142y regionalne\/ p\u00f3\u0142fina\u0142y: 30 marca\u00a02016 \u2013 15 maj 2016. Og\u0142oszenie finalist\u00f3w: 15 maj 2016. Fina\u0142 europejski: 4 \u2013 8 lipca\u00a02016. Ceremonia wr\u0119czenia nagr\u00f3d 8 lipca\u00a02016.<\/p>\n","protected":false},"author":2,"featured_media":0,"parent":2794,"menu_order":30,"comment_status":"closed","ping_status":"closed","template":"","meta":[],"acf":[],"yoast_head":"<!-- This site is optimized with the Yoast SEO plugin v19.14 - https:\/\/yoast.com\/wordpress\/plugins\/seo\/ -->\n<title>Kalendarz - ODYSSEUS II<\/title>\n<meta name=\"robots\" content=\"index, follow, max-snippet:-1, max-image-preview:large, max-video-preview:-1\" \/>\n<link rel=\"canonical\" href=\"https:\/\/odysseus-contests.eu\/2016\/pl\/explorers\/kalendarz\/\" \/>\n<meta property=\"og:locale\" content=\"pl_PL\" \/>\n<meta property=\"og:type\" content=\"article\" \/>\n<meta property=\"og:title\" content=\"Kalendarz - ODYSSEUS II\" \/>\n<meta property=\"og:description\" content=\"Sk\u0142adanie prac: 1\u00a0wrze\u015bnia\u00a02015 \u2013 15\u00a0stycznia\u00a02016. Ocenianie projekt\u00f3w na szczeblu narodowym: 16\u00a0stycznia\u00a02016 \u2013 26\u00a0lutego\u00a02016. Og\u0142oszenie wynik\u00f3w na szczeblu narodowym: 28\u00a0lutego\u00a02016. Fina\u0142y regionalne\/ p\u00f3\u0142fina\u0142y: 30 marca\u00a02016 \u2013 15 maj 2016. Og\u0142oszenie finalist\u00f3w: 15 maj 2016. Fina\u0142 europejski: 4 \u2013 8 lipca\u00a02016. Ceremonia wr\u0119czenia nagr\u00f3d 8 lipca\u00a02016.\" \/>\n<meta property=\"og:url\" content=\"https:\/\/odysseus-contests.eu\/2016\/pl\/explorers\/kalendarz\/\" \/>\n<meta property=\"og:site_name\" content=\"ODYSSEUS II\" \/>\n<meta property=\"article:modified_time\" content=\"2016-04-09T21:23:36+00:00\" \/>\n<meta name=\"twitter:card\" content=\"summary_large_image\" \/>\n<script type=\"application\/ld+json\" class=\"yoast-schema-graph\">{\"@context\":\"https:\/\/schema.org\",\"@graph\":[{\"@type\":\"WebPage\",\"@id\":\"https:\/\/odysseus-contests.eu\/2016\/pl\/explorers\/kalendarz\/\",\"url\":\"https:\/\/odysseus-contests.eu\/2016\/pl\/explorers\/kalendarz\/\",\"name\":\"Kalendarz - ODYSSEUS II\",\"isPartOf\":{\"@id\":\"https:\/\/odysseus-contests.eu\/2016\/de\/#website\"},\"datePublished\":\"2015-07-17T17:32:57+00:00\",\"dateModified\":\"2016-04-09T21:23:36+00:00\",\"breadcrumb\":{\"@id\":\"https:\/\/odysseus-contests.eu\/2016\/pl\/explorers\/kalendarz\/#breadcrumb\"},\"inLanguage\":\"pl-PL\",\"potentialAction\":[{\"@type\":\"ReadAction\",\"target\":[\"https:\/\/odysseus-contests.eu\/2016\/pl\/explorers\/kalendarz\/\"]}]},{\"@type\":\"BreadcrumbList\",\"@id\":\"https:\/\/odysseus-contests.eu\/2016\/pl\/explorers\/kalendarz\/#breadcrumb\",\"itemListElement\":[{\"@type\":\"ListItem\",\"position\":1,\"name\":\"Home\",\"item\":\"https:\/\/odysseus-contests.eu\/2016\/pl\/\"},{\"@type\":\"ListItem\",\"position\":2,\"name\":\"Explorers\",\"item\":\"https:\/\/odysseus-contests.eu\/2016\/pl\/explorers\/\"},{\"@type\":\"ListItem\",\"position\":3,\"name\":\"Kalendarz\"}]},{\"@type\":\"WebSite\",\"@id\":\"https:\/\/odysseus-contests.eu\/2016\/de\/#website\",\"url\":\"https:\/\/odysseus-contests.eu\/2016\/de\/\",\"name\":\"ODYSSEUS II\",\"description\":\"European Youth Space Contest\",\"potentialAction\":[{\"@type\":\"SearchAction\",\"target\":{\"@type\":\"EntryPoint\",\"urlTemplate\":\"https:\/\/odysseus-contests.eu\/2016\/de\/?s={search_term_string}\"},\"query-input\":\"required name=search_term_string\"}],\"inLanguage\":\"pl-PL\"}]}<\/script>\n<!-- \/ Yoast SEO plugin. -->","yoast_head_json":{"title":"Kalendarz - ODYSSEUS II","robots":{"index":"index","follow":"follow","max-snippet":"max-snippet:-1","max-image-preview":"max-image-preview:large","max-video-preview":"max-video-preview:-1"},"canonical":"https:\/\/odysseus-contests.eu\/2016\/pl\/explorers\/kalendarz\/","og_locale":"pl_PL","og_type":"article","og_title":"Kalendarz - ODYSSEUS II","og_description":"Sk\u0142adanie prac: 1\u00a0wrze\u015bnia\u00a02015 \u2013 15\u00a0stycznia\u00a02016. Ocenianie projekt\u00f3w na szczeblu narodowym: 16\u00a0stycznia\u00a02016 \u2013 26\u00a0lutego\u00a02016. Og\u0142oszenie wynik\u00f3w na szczeblu narodowym: 28\u00a0lutego\u00a02016. Fina\u0142y regionalne\/ p\u00f3\u0142fina\u0142y: 30 marca\u00a02016 \u2013 15 maj 2016. Og\u0142oszenie finalist\u00f3w: 15 maj 2016. Fina\u0142 europejski: 4 \u2013 8 lipca\u00a02016. Ceremonia wr\u0119czenia nagr\u00f3d 8 lipca\u00a02016.","og_url":"https:\/\/odysseus-contests.eu\/2016\/pl\/explorers\/kalendarz\/","og_site_name":"ODYSSEUS II","article_modified_time":"2016-04-09T21:23:36+00:00","twitter_card":"summary_large_image","schema":{"@context":"https:\/\/schema.org","@graph":[{"@type":"WebPage","@id":"https:\/\/odysseus-contests.eu\/2016\/pl\/explorers\/kalendarz\/","url":"https:\/\/odysseus-contests.eu\/2016\/pl\/explorers\/kalendarz\/","name":"Kalendarz - ODYSSEUS II","isPartOf":{"@id":"https:\/\/odysseus-contests.eu\/2016\/de\/#website"},"datePublished":"2015-07-17T17:32:57+00:00","dateModified":"2016-04-09T21:23:36+00:00","breadcrumb":{"@id":"https:\/\/odysseus-contests.eu\/2016\/pl\/explorers\/kalendarz\/#breadcrumb"},"inLanguage":"pl-PL","potentialAction":[{"@type":"ReadAction","target":["https:\/\/odysseus-contests.eu\/2016\/pl\/explorers\/kalendarz\/"]}]},{"@type":"BreadcrumbList","@id":"https:\/\/odysseus-contests.eu\/2016\/pl\/explorers\/kalendarz\/#breadcrumb","itemListElement":[{"@type":"ListItem","position":1,"name":"Home","item":"https:\/\/odysseus-contests.eu\/2016\/pl\/"},{"@type":"ListItem","position":2,"name":"Explorers","item":"https:\/\/odysseus-contests.eu\/2016\/pl\/explorers\/"},{"@type":"ListItem","position":3,"name":"Kalendarz"}]},{"@type":"WebSite","@id":"https:\/\/odysseus-contests.eu\/2016\/de\/#website","url":"https:\/\/odysseus-contests.eu\/2016\/de\/","name":"ODYSSEUS II","description":"European Youth Space Contest","potentialAction":[{"@type":"SearchAction","target":{"@type":"EntryPoint","urlTemplate":"https:\/\/odysseus-contests.eu\/2016\/de\/?s={search_term_string}"},"query-input":"required name=search_term_string"}],"inLanguage":"pl-PL"}]}},"_links":{"self":[{"href":"https:\/\/odysseus-contests.eu\/2016\/pl\/wp-json\/wp\/v2\/pages\/2797"}],"collection":[{"href":"https:\/\/odysseus-contests.eu\/2016\/pl\/wp-json\/wp\/v2\/pages"}],"about":[{"href":"https:\/\/odysseus-contests.eu\/2016\/pl\/wp-json\/wp\/v2\/types\/page"}],"author":[{"embeddable":true,"href":"https:\/\/odysseus-contests.eu\/2016\/pl\/wp-json\/wp\/v2\/users\/2"}],"replies":[{"embeddable":true,"href":"https:\/\/odysseus-contests.eu\/2016\/pl\/wp-json\/wp\/v2\/comments?post=2797"}],"version-history":[{"count":3,"href":"https:\/\/odysseus-contests.eu\/2016\/pl\/wp-json\/wp\/v2\/pages\/2797\/revisions"}],"predecessor-version":[{"id":9673,"href":"https:\/\/odysseus-contests.eu\/2016\/pl\/wp-json\/wp\/v2\/pages\/2797\/revisions\/9673"}],"up":[{"embeddable":true,"href":"https:\/\/odysseus-contests.eu\/2016\/pl\/wp-json\/wp\/v2\/pages\/2794"}],"wp:attachment":[{"href":"https:\/\/odysseus-contests.eu\/2016\/pl\/wp-json\/wp\/v2\/media?parent=2797"}],"curies":[{"name":"wp","href":"https:\/\/api.w.org\/{rel}","templated":true}]}}