{"id":2796,"date":"2015-07-17T20:29:30","date_gmt":"2015-07-17T17:29:30","guid":{"rendered":"http:\/\/odysseus-contests.eu\/2016\/?page_id=2796"},"modified":"2015-11-17T14:59:54","modified_gmt":"2015-11-17T11:59:54","slug":"instrukcja","status":"publish","type":"page","link":"https:\/\/odysseus-contests.eu\/2016\/pl\/explorers\/instrukcja\/","title":{"rendered":"Instrukcja"},"content":{"rendered":"<div class=\"panel-group\" id=\"custom-collapse-0\"> <div class=\"panel panel-default\">\n        <div class=\"panel-heading\">\n          <h4 class=\"panel-title\">\n            <a class=\"\" data-toggle=\"collapse\" data-parent=\"#custom-collapse-0\"\" href=\"#custom-collapse-0-0\">Krok pierwszy, rejestracja.<\/a>\n          <\/h4>\n        <\/div>\n        <div id=\"custom-collapse-0-0\" class=\"panel-collapse in\">\n          <div class=\"panel-body\"> Zarejestruj si\u0119 za pomoc\u0105 portalu projektu Odysseus II, wype\u0142nij formularz rejestracyjny i zaakceptuj regulamin projektu. <\/div>\n        <\/div>\n      <\/div> <div class=\"panel panel-default\">\n        <div class=\"panel-heading\">\n          <h4 class=\"panel-title\">\n            <a class=\"collapsed\" data-toggle=\"collapse\" data-parent=\"#custom-collapse-0\"\" href=\"#custom-collapse-0-1\">Krok drugi, wyb\u00f3r tematu.<\/a>\n          <\/h4>\n        <\/div>\n        <div id=\"custom-collapse-0-1\" class=\"panel-collapse collapse\">\n          <div class=\"panel-body\">\n<p>Wybierz kategori\u0119 tematyczn\u0105 projektu.<\/p>\n<p style=\"text-align: justify;\">Tematem przewodnim konkursu jest badanie i wykorzystanie przestrzeni kosmicznej \u2013 zg\u0142oszone projekty powinni skupi\u0107 si\u0119 na europejskich projektach kosmicznych i na korzy\u015bciach p\u0142yn\u0105cych z eksploracji kosmosu. Ze wzgl\u0119du na interdyscyplinarno\u015b\u0107 bada\u0144 kosmicznych zach\u0119camy wszystkich student\u00f3w, nie tylko tych zwi\u0105zanych z naukami \u015bcis\u0142ymi czy technicznymi, lecz r\u00f3wnie\u017c naukami spo\u0142ecznymi czy humanistycznymi do rozwijania postawionych problem\u00f3w z punktu widzenia dziedzin, kt\u00f3rymi si\u0119 zajmuj\u0105.<\/p>\n<p>W ramach tych zagadnie\u0144 uczestnicy powinni wybra\u0107 jedn\u0105 z pi\u0119ciu poni\u017cszych kategorii tematycznych.<\/p>\n<h4>Galileo: Codzienne korzy\u015bci p\u0142yn\u0105ce z wykorzystania przestrzeni kosmicznej<\/h4>\n<p style=\"text-align: justify;\">Galileo to europejski kuzyn systemu pozycjonowania GPS. Stworzy nowe miejsca pracy i zwi\u0119kszy niezale\u017cno\u015b\u0107 Europy. Jak on wp\u0142ynie na nasze \u017cycie? Jak programy kosmiczne zmieniaj\u0105 nasze \u017cycie i jakie z nich czerpiemy korzy\u015bci?\u00a0Przyk\u0142adowe tematy prac:<\/p>\n<ul>\n<li>Optymalizacja koszt\u00f3w transportu.<\/li>\n<li>Reagowanie na sytuacje kryzysowe.<\/li>\n<li>Regionalne wsparcie dost\u0119pu do wiedzy i serwis\u00f3w informacyjnych.<\/li>\n<li>Wzrost wydajno\u015bci rolnictwa i rybo\u0142\u00f3wstwa.<\/li>\n<li>Ochrona \u015brodowiska i sposoby przeciwdzia\u0142ania nienaturalnym zmianom klimatu.<\/li>\n<li>Lepsza i szybsza komunikacja.<\/li>\n<\/ul>\n<h4>Copernicus: Obserwacje Ziemi<\/h4>\n<p style=\"text-align: justify;\">W XVI wieku Miko\u0142aj Kopernik obserwowa\u0142 niebo &#8211; teraz satelity europejskiego projektu Copernicus obserwuj\u0105 Ziemi\u0119. W jaki spos\u00f3b mo\u017cemy obserwowa\u0107 nasz\u0105 planet\u0119? Jak mo\u017cemy wykorzysta\u0107 dane uzyskane z obserwacji Ziemi z pok\u0142ad\u00f3w satelit\u00f3w?\u00a0Przyk\u0142adowe tematy prac:<\/p>\n<ul>\n<li>Badanie wydajno\u015bci rolnictwa przez zmierzenie stanu wegetacji ro\u015blin (np NDVI).<\/li>\n<li>Zmiany zasi\u0119gu wybranych lodowc\u00f3w. Analiza archiwalnych zdj\u0119\u0107.<\/li>\n<li>Zwi\u0119kszenie bezpiecze\u0144stwa poprzez obserwacje granic w pa\u015bmie radiowym.<\/li>\n<li>Zanieczyszczenie \u015bwiat\u0142em widziane z Ziemi i z kosmosu. Por\u00f3wnanie danych.<\/li>\n<\/ul>\n<h4>Misja Rosetta: Eksploracja kosmosu<\/h4>\n<p style=\"text-align: justify;\">M\u00f3wi si\u0119 powszechnie, \u017ce pierwszy krok cz\u0142owieka na Ksi\u0119\u017cycu by\u0142 wielkim krokiem dla ludzko\u015bci. Kolejny krok wykona\u0142 Philae l\u0105duj\u0105c na komecie. Jakie b\u0119d\u0105 nast\u0119pne istotne kroki w podboju kosmosu? Gdzie jeszcze mo\u017cemy\/warto dotrze\u0107 we Wszech\u015bwiecie? Jak mo\u017cemy bada\u0107 Wszech\u015bwiat w przysz\u0142o\u015bci?\u00a0Przyk\u0142adowe tematy prac:<\/p>\n<ul>\n<li>Systemy rakietowe \u2013 koncepcje najlepiej zapowiadaj\u0105cych si\u0119 system\u00f3w na przysz\u0142o\u015b\u0107.<\/li>\n<li>Europejskie misje l\u0105dowa\u0142y na komecie i Tytanie &#8211; naukowe korzy\u015bci z bada\u0144 in situ.<\/li>\n<li>Eksploracja planetoid \u2013 wykorzystanie pozaziemskich surowc\u00f3w naturalnych.<\/li>\n<li>Eksploracja planet pozas\u0142onecznych \u2013 informacje o nich w kontek\u015bcie naszej Ziemi.<\/li>\n<li>Za\u0142ogowe loty kosmiczne \u2013 perspektywy na kolejne misje.<\/li>\n<li>Projekt sta\u0142ego i samowystarczalnego miasta ksi\u0119\u017cycowego.<\/li>\n<\/ul>\n<h4>Misja Gaia: Obserwacje Gwiazd<\/h4>\n<p style=\"text-align: justify;\">Przez pi\u0119\u0107 lat Gaia b\u0119dzie obserwowa\u0142a Wszech\u015bwiat. Co tam znajdzie i jak my mo\u017cemy wykorzysta\u0107 dane, kt\u00f3re dostarczy na Ziemi\u0119?\u00a0Przyk\u0142adowe tematy prac:<\/p>\n<ul>\n<li>Wp\u0142yw misji Gaia na zmian\u0119 postrzegania naszej Galaktyki, okolic S\u0142o\u0144ca i naszej macierzystej planety.<\/li>\n<li>Poszukiwanie drugiej Ziemi \u2013 europejski wk\u0142ad w odkrywanie planet pozas\u0142onecznych.<\/li>\n<li>Poszukiwanie obcych cywilizacji. Przyczyny, dla kt\u00f3rych instytucje powinny lub nie powinny by\u0107 zainteresowane prowadzeniem takich bada\u0144 (np. w formie eseju).<\/li>\n<li>Du\u017ce teleskopy kosmiczne \u2013 przestrze\u0144 kosmiczna, jako idealne miejscem do obserwowania Wszech\u015bwiata.<\/li>\n<li>Obserwacja obiekt\u00f3w z listy alert\u00f3w z misji Gaia \u2013 zbieranie danych o obiekcie (fotometria, spektrometria, astrometria), analiza danych oraz por\u00f3wnanie z innymi obserwacjami danego obiektu.<\/li>\n<li>Analiza czym jest \u017cycie na podstawie r\u00f3\u017cnorodnych, mo\u017cliwych jego form.<\/li>\n<\/ul>\n<h4>Ustalanie zwi\u0105zk\u00f3w mi\u0119dzy danymi satelitarnymi a danymi terenowymi.<\/h4>\n<p>Przyk\u0142adowe tematy prac:<\/p>\n<ul>\n<li>Dane meteorologiczne z Ziemi i kosmosu.<\/li>\n<li>Dane rolnicze (wilgotno\u015b\u0107 gleby z danych radarowych, rozw\u00f3j wegetacji ze wska\u017anik\u00f3w ro\u015blinnych, stan sanitarny ro\u015blin ze wska\u017anik\u00f3w ro\u015blinnych, \u2026)<\/li>\n<li>Projekt map rozwoju populacji moskit\u00f3w\u2026<\/li>\n<li>Projekt mapy powodzi lub innej kl\u0119ski \u017cywio\u0142owej \u2026 i po\u0142\u0105czenie z danymi meteo.<\/li>\n<li>Projekt na podstawie danych o rzekach: poziom wody, zasolenie, itp.<\/li>\n<li>Obserwacje nieba: meteoryty, chmury, burze, tr\u0105by powietrzne, itp.<\/li>\n<\/ul>\n<p style=\"text-align: justify;\">Powy\u017csza lista nie wyczerpuje mo\u017cliwych temat\u00f3w i ka\u017cde inne rozwini\u0119cie idei w ramach wybranej kategorii b\u0119dzie zaakceptowane, ograniczeniem jest tutaj tylko wyobra\u017ania uczestnik\u00f3w.<\/p>\n<p style=\"text-align: justify;\">Uczestnicy powinni wybra\u0107 form\u0119 projektu, mo\u017ce to by\u0107 eksperyment, film wideo, prototyp, prezentacja, albo inny typ zgodny z regulaminem (zobacz ograniczenia<a href=\"#_ftn1\" name=\"_ftnref1\">[1]<\/a>)<\/p>\n<p>Zajrzyj do szablonu zg\u0142oszeniowego, kt\u00f3ry nie jest obowi\u0105zkowy, ale zalecany; mo\u017ce s\u0142u\u017cy\u0107 te\u017c jako wskaz\u00f3wka. Mo\u017cna go znale\u017a\u0107 <a href=\"http:\/\/odysseus-contests.eu\/2016\/wp-content\/uploads\/2015\/07\/ODYSSEUS-II_Worksheet_v3_PL.docx\" target=\"_blank\">tutaj<\/a>.<\/p>\n<p>&nbsp;<\/p>\n<p>&nbsp;<\/p>\n<p>&nbsp;<\/p>\n<p style=\"text-align: justify;\"><a href=\"#_ftnref1\" name=\"_ftn1\">[1]<\/a> Pliki elektroniczne, kt\u00f3re mo\u017cna do\u0142\u0105czy\u0107 do projekt\u00f3w mog\u0105 by\u0107 w formie wypracowa\u0144, prezentacji w PowerPoincie, plakat\u00f3w, film\u00f3w, link\u00f3w do stron przygotowanych w ramach projektu oraz plik\u00f3w audio.<\/p>\n<p>Dozwolone formaty plik\u00f3w to:<\/p>\n<ul>\n<li>dla dokument\u00f3w: *.doc, *.docx, *.pdf, *.txt,\u00a0 *.ps,\u00a0 *.ppt, *.pptx, *.pps,\u00a0 *.ppsx<\/li>\n<li>dla zdj\u0119\u0107: *.png, *.jpg, *.bmp, *.gif<\/li>\n<li>dla film\u00f3w: wszystkie filmy musz\u0105 by\u0107 umieszczone na portalu youtube lub vimeo oraz nale\u017cy poda\u0107 adres do nich.<\/li>\n<li>dla plik\u00f3w audio: *.mp3, *.wav, *.aiff, *.au, *.m4a<\/li>\n<li>dla format\u00f3w kompresji: *.tar *.gz *.zip *.7z *.zipx<\/li>\n<\/ul>\n<p>Ca\u0142kowity rozmiar wszystkich nieskompresowanych plik\u00f3w zg\u0142aszanej pracy nie mo\u017ce przekracza\u0107\u00a020 MB.<\/p>\n<p>Koszt materia\u0142\u00f3w do wykonania projektu nie mo\u017ce przekroczy\u0107 150\u00a0\u20ac.<\/p>\n<p style=\"text-align: justify;\"><\/div>\n        <\/div>\n      <\/div> <div class=\"panel panel-default\">\n        <div class=\"panel-heading\">\n          <h4 class=\"panel-title\">\n            <a class=\"collapsed\" data-toggle=\"collapse\" data-parent=\"#custom-collapse-0\"\" href=\"#custom-collapse-0-2\">Krok trzeci, realizacja projektu.<\/a>\n          <\/h4>\n        <\/div>\n        <div id=\"custom-collapse-0-2\" class=\"panel-collapse collapse\">\n          <div class=\"panel-body\">Po wyborze tematu i typu projektu uczestnicy mog\u0105 przej\u015b\u0107 od fazy badawczej i zaprojektowa\u0107 rozwi\u0105zanie albo ostateczny produkt ich pracy. W tej fazie uczestnicy mog\u0105 konsultowa\u0107 si\u0119 z mentorami na temat wykonalno\u015bci i warto\u015bci naukowej ich pomys\u0142\u00f3w.<\/p>\n<p style=\"text-align: justify;\">Nast\u0119pnie uczestnicy mog\u0105 rozpocz\u0105\u0107 realizacj\u0119 projektu. Radzi si\u0119 uczestnikom by rozwijali sw\u00f3j projekt w zgodzie z wymaganiami projektu Odysseus\u00a0II, gdy\u017c stosowanie si\u0119 do tych wymog\u00f3w ustrze\u017ce przed pope\u0142nieniem plagiatu. Dlatego przy wykorzystaniu jakichkolwiek materia\u0142\u00f3w nale\u017cy w swojej pracy umie\u015bci\u0107 wszystkie niezb\u0119dne referencje do wykorzystywanych \u017ar\u00f3de\u0142.<\/p>\n<p style=\"text-align: justify;\"><\/div>\n        <\/div>\n      <\/div> <div class=\"panel panel-default\">\n        <div class=\"panel-heading\">\n          <h4 class=\"panel-title\">\n            <a class=\"collapsed\" data-toggle=\"collapse\" data-parent=\"#custom-collapse-0\"\" href=\"#custom-collapse-0-3\">Krok czwarty, wys\u0142anie pracy.<\/a>\n          <\/h4>\n        <\/div>\n        <div id=\"custom-collapse-0-3\" class=\"panel-collapse collapse\">\n          <div class=\"panel-body\">\u00a0Ostatnim etapem jest wys\u0142anie pracy. Po mo\u017cliwych konsultacjach i poprawkach, uczestnicy mog\u0105 z\u0142o\u017cy\u0107 projekt na stronie Odysseus\u00a0II. Projekt mo\u017cna sk\u0142ada\u0107 w jednym z 24 oficjalnych j\u0119zyk\u00f3w UE, czyli r\u00f3wnie\u017c w j\u0119zyku polskim.<\/p>\n<\/div>\n        <\/div>\n      <\/div> <\/div>\n","protected":false},"excerpt":{"rendered":"","protected":false},"author":2,"featured_media":0,"parent":2794,"menu_order":10,"comment_status":"closed","ping_status":"closed","template":"","meta":[],"acf":[],"yoast_head":"<!-- This site is optimized with the Yoast SEO plugin v19.14 - https:\/\/yoast.com\/wordpress\/plugins\/seo\/ -->\n<title>Instrukcja - ODYSSEUS II<\/title>\n<meta name=\"robots\" content=\"index, follow, max-snippet:-1, max-image-preview:large, max-video-preview:-1\" \/>\n<link rel=\"canonical\" href=\"https:\/\/odysseus-contests.eu\/2016\/pl\/explorers\/instrukcja\/\" \/>\n<meta property=\"og:locale\" content=\"pl_PL\" \/>\n<meta property=\"og:type\" content=\"article\" \/>\n<meta property=\"og:title\" content=\"Instrukcja - ODYSSEUS II\" \/>\n<meta property=\"og:url\" content=\"https:\/\/odysseus-contests.eu\/2016\/pl\/explorers\/instrukcja\/\" \/>\n<meta property=\"og:site_name\" content=\"ODYSSEUS II\" \/>\n<meta property=\"article:modified_time\" content=\"2015-11-17T11:59:54+00:00\" \/>\n<meta name=\"twitter:card\" content=\"summary_large_image\" \/>\n<meta name=\"twitter:label1\" content=\"Szacowany czas czytania\" \/>\n\t<meta name=\"twitter:data1\" content=\"5 minut\" \/>\n<script type=\"application\/ld+json\" class=\"yoast-schema-graph\">{\"@context\":\"https:\/\/schema.org\",\"@graph\":[{\"@type\":\"WebPage\",\"@id\":\"https:\/\/odysseus-contests.eu\/2016\/pl\/explorers\/instrukcja\/\",\"url\":\"https:\/\/odysseus-contests.eu\/2016\/pl\/explorers\/instrukcja\/\",\"name\":\"Instrukcja - ODYSSEUS II\",\"isPartOf\":{\"@id\":\"https:\/\/odysseus-contests.eu\/2016\/de\/#website\"},\"datePublished\":\"2015-07-17T17:29:30+00:00\",\"dateModified\":\"2015-11-17T11:59:54+00:00\",\"breadcrumb\":{\"@id\":\"https:\/\/odysseus-contests.eu\/2016\/pl\/explorers\/instrukcja\/#breadcrumb\"},\"inLanguage\":\"pl-PL\",\"potentialAction\":[{\"@type\":\"ReadAction\",\"target\":[\"https:\/\/odysseus-contests.eu\/2016\/pl\/explorers\/instrukcja\/\"]}]},{\"@type\":\"BreadcrumbList\",\"@id\":\"https:\/\/odysseus-contests.eu\/2016\/pl\/explorers\/instrukcja\/#breadcrumb\",\"itemListElement\":[{\"@type\":\"ListItem\",\"position\":1,\"name\":\"Home\",\"item\":\"https:\/\/odysseus-contests.eu\/2016\/pl\/\"},{\"@type\":\"ListItem\",\"position\":2,\"name\":\"Explorers\",\"item\":\"https:\/\/odysseus-contests.eu\/2016\/pl\/explorers\/\"},{\"@type\":\"ListItem\",\"position\":3,\"name\":\"Instrukcja\"}]},{\"@type\":\"WebSite\",\"@id\":\"https:\/\/odysseus-contests.eu\/2016\/de\/#website\",\"url\":\"https:\/\/odysseus-contests.eu\/2016\/de\/\",\"name\":\"ODYSSEUS II\",\"description\":\"European Youth Space Contest\",\"potentialAction\":[{\"@type\":\"SearchAction\",\"target\":{\"@type\":\"EntryPoint\",\"urlTemplate\":\"https:\/\/odysseus-contests.eu\/2016\/de\/?s={search_term_string}\"},\"query-input\":\"required name=search_term_string\"}],\"inLanguage\":\"pl-PL\"}]}<\/script>\n<!-- \/ Yoast SEO plugin. -->","yoast_head_json":{"title":"Instrukcja - ODYSSEUS II","robots":{"index":"index","follow":"follow","max-snippet":"max-snippet:-1","max-image-preview":"max-image-preview:large","max-video-preview":"max-video-preview:-1"},"canonical":"https:\/\/odysseus-contests.eu\/2016\/pl\/explorers\/instrukcja\/","og_locale":"pl_PL","og_type":"article","og_title":"Instrukcja - ODYSSEUS II","og_url":"https:\/\/odysseus-contests.eu\/2016\/pl\/explorers\/instrukcja\/","og_site_name":"ODYSSEUS II","article_modified_time":"2015-11-17T11:59:54+00:00","twitter_card":"summary_large_image","twitter_misc":{"Szacowany czas czytania":"5 minut"},"schema":{"@context":"https:\/\/schema.org","@graph":[{"@type":"WebPage","@id":"https:\/\/odysseus-contests.eu\/2016\/pl\/explorers\/instrukcja\/","url":"https:\/\/odysseus-contests.eu\/2016\/pl\/explorers\/instrukcja\/","name":"Instrukcja - ODYSSEUS II","isPartOf":{"@id":"https:\/\/odysseus-contests.eu\/2016\/de\/#website"},"datePublished":"2015-07-17T17:29:30+00:00","dateModified":"2015-11-17T11:59:54+00:00","breadcrumb":{"@id":"https:\/\/odysseus-contests.eu\/2016\/pl\/explorers\/instrukcja\/#breadcrumb"},"inLanguage":"pl-PL","potentialAction":[{"@type":"ReadAction","target":["https:\/\/odysseus-contests.eu\/2016\/pl\/explorers\/instrukcja\/"]}]},{"@type":"BreadcrumbList","@id":"https:\/\/odysseus-contests.eu\/2016\/pl\/explorers\/instrukcja\/#breadcrumb","itemListElement":[{"@type":"ListItem","position":1,"name":"Home","item":"https:\/\/odysseus-contests.eu\/2016\/pl\/"},{"@type":"ListItem","position":2,"name":"Explorers","item":"https:\/\/odysseus-contests.eu\/2016\/pl\/explorers\/"},{"@type":"ListItem","position":3,"name":"Instrukcja"}]},{"@type":"WebSite","@id":"https:\/\/odysseus-contests.eu\/2016\/de\/#website","url":"https:\/\/odysseus-contests.eu\/2016\/de\/","name":"ODYSSEUS II","description":"European Youth Space Contest","potentialAction":[{"@type":"SearchAction","target":{"@type":"EntryPoint","urlTemplate":"https:\/\/odysseus-contests.eu\/2016\/de\/?s={search_term_string}"},"query-input":"required name=search_term_string"}],"inLanguage":"pl-PL"}]}},"_links":{"self":[{"href":"https:\/\/odysseus-contests.eu\/2016\/pl\/wp-json\/wp\/v2\/pages\/2796"}],"collection":[{"href":"https:\/\/odysseus-contests.eu\/2016\/pl\/wp-json\/wp\/v2\/pages"}],"about":[{"href":"https:\/\/odysseus-contests.eu\/2016\/pl\/wp-json\/wp\/v2\/types\/page"}],"author":[{"embeddable":true,"href":"https:\/\/odysseus-contests.eu\/2016\/pl\/wp-json\/wp\/v2\/users\/2"}],"replies":[{"embeddable":true,"href":"https:\/\/odysseus-contests.eu\/2016\/pl\/wp-json\/wp\/v2\/comments?post=2796"}],"version-history":[{"count":0,"href":"https:\/\/odysseus-contests.eu\/2016\/pl\/wp-json\/wp\/v2\/pages\/2796\/revisions"}],"up":[{"embeddable":true,"href":"https:\/\/odysseus-contests.eu\/2016\/pl\/wp-json\/wp\/v2\/pages\/2794"}],"wp:attachment":[{"href":"https:\/\/odysseus-contests.eu\/2016\/pl\/wp-json\/wp\/v2\/media?parent=2796"}],"curies":[{"name":"wp","href":"https:\/\/api.w.org\/{rel}","templated":true}]}}