{"id":2795,"date":"2015-07-17T21:31:49","date_gmt":"2015-07-17T18:31:49","guid":{"rendered":"http:\/\/odysseus-contests.eu\/2016\/?page_id=2795"},"modified":"2015-07-28T15:31:28","modified_gmt":"2015-07-28T12:31:28","slug":"regulamin","status":"publish","type":"page","link":"https:\/\/odysseus-contests.eu\/2016\/pl\/explorers\/regulamin\/","title":{"rendered":"Regulamin"},"content":{"rendered":"<ul>\n<li style=\"text-align: justify;\">Konkurs jest otwarty dla wszystkich student\u00f3w, w wieku od siedemnastu do dwudziestu dw\u00f3ch lat, to znaczy urodzonych pomi\u0119dzy 1\u00a0kwietnia\u00a01993 a 31\u00a0marca\u00a01999, i kt\u00f3rzy jeszcze nie uzyskali \u017cadnego tytu\u0142u naukowego.<\/li>\n<li style=\"text-align: justify;\">Explorers rywalizuj\u0105 samodzielnie lub w parach i nie mog\u0105 mie\u0107 nauczyciela\/lidera, jakkolwiek mog\u0105 korzysta\u0107 z rad <u>mentor\u00f3w<\/u>\u00a0sprawach technicznych swojego projektu.<\/li>\n<li style=\"text-align: justify;\">Wszyscy uczestnicy musz\u0105 z\u0142o\u017cy\u0107 oryginalny projekt naukowy w ramach zadanych kategorii i wyzwa\u0144 wyszczeg\u00f3lnionych dla ich kategorii wiekowych.<\/li>\n<li style=\"text-align: justify;\">Uczestnicy mog\u0105 sk\u0142ada\u0107 projekty pomi\u0119dzy datami wyszczeg\u00f3lnionymi dla danej kategorii wiekowej. Dla Explorers jest to okres od 1\u00a0wrze\u015bnia\u00a02015 do 15\u00a0stycznia\u00a02016.<\/li>\n<li style=\"text-align: justify;\">Wszystkie z\u0142o\u017cone prace musz\u0105 by\u0107 stworzone samodzielnie przez uczestnik\u00f3w i realizowane specjalnie dla projektu Odysseus\u00a0II.<\/li>\n<li style=\"text-align: justify;\">Projekty w kategorii Explorers b\u0119d\u0105 oceniane w trzech etapach.\n<ol>\n<li>Narodowym, przez grup\u0119 s\u0119dzi\u00f3w z kraju uczestnik\u00f3w. Ocenie b\u0119dzie podlega\u0142 projekt z\u0142o\u017cony elektronicznie w okresie pomi\u0119dzy 16\u00a0stycznia a 26\u00a0lutego\u00a02016. Zwyci\u0119zcy tego etapu b\u0119d\u0105 og\u0142oszeni 28\u00a0lutego\u00a02016 roku. Prace z\u0142o\u017cone przez uczestnik\u00f3w spoza Unii Europejskiej b\u0119d\u0105 przydzielone przez organizator\u00f3w do komisji narodowych wybranych na podstawie j\u0119zyka, w kt\u00f3rym zosta\u0142a z\u0142o\u017cona praca.<\/li>\n<li>Regionalnym, przez wybranych s\u0119dzi\u00f3w z poprzedniego etapu, reprezentuj\u0105cych wszystkie kraje w regionie. Ocena b\u0119dzie wystawiana w trakcie p\u00f3\u0142fina\u0142\u00f3w odbywaj\u0105cych si\u0119 w ka\u017cdym z region\u00f3w, na kt\u00f3re b\u0119d\u0105 zaproszeni wszyscy zwyci\u0119zcy z rund narodowych danego regionu. Regionalne p\u00f3\u0142fina\u0142y odb\u0119d\u0105 si\u0119 mi\u0119dzy 15\u00a0marca a 26\u00a0kwietnia\u00a02016. Dok\u0142adne daty b\u0119d\u0105 podane przez organizator\u00f3w na portalu Odysseus.<\/li>\n<li>Mi\u0119dzynarodowym, przez panel wybitnych naukowc\u00f3w zwi\u0105zanych z badaniami przestrzeni kosmicznej, pedagog\u00f3w i osobisto\u015bci naukowe. Zwyci\u0119zcy fina\u0142\u00f3w regionalnych spotkaj\u0105 si\u0119 mi\u0119dzy 4 a 7\u00a0lipca\u00a02016 na mi\u0119dzynarodowych fina\u0142ach w Brukseli lub Tuluzie by przedstawi\u0107 swoj\u0105 prac\u0119 gronu s\u0119dzi\u00f3w.<\/li>\n<\/ol>\n<\/li>\n<li style=\"text-align: justify;\">Liczba zwyci\u0119zc\u00f3w przechodz\u0105cych do etapu mi\u0119dzynarodowego b\u0119dzie zale\u017ce\u0107 od liczby zg\u0142osze\u0144 w danym kraju i jego populacji w por\u00f3wnaniu z innymi krajami w regionie. Po zako\u0144czeniu przyjmowania prac, organizatorzy Odysseus\u00a0II og\u0142osz\u0105 na oficjalnej stronie konkursu ilu zwyci\u0119zc\u00f3w b\u0119dzie w ka\u017cdym kraju w danym etapie.<\/li>\n<li style=\"text-align: justify;\">W trakcie wyboru najlepszego projektu na poziomie europejskim, zwyci\u0119stwo b\u0119dzie przyznawane niezale\u017cnie od obywatelstwa czy te\u017c miejsca zamieszkania finalist\u00f3w. Na przyk\u0142ad, nie ma ogranicze\u0144 ze wzgl\u0119du na wielko\u015b\u0107 populacji czy te\u017c liczb\u0119 zg\u0142oszonych prac.<\/li>\n<li style=\"text-align: justify;\">S\u0119dziowie b\u0119d\u0105 brali pod uwag\u0119 nast\u0119puj\u0105ce kryteria\n<ul>\n<li>akademicka doskona\u0142o\u015b\u0107,<\/li>\n<li>zwi\u0105zek z tematem,<\/li>\n<li>spos\u00f3b rozwi\u0105zania problem\u00f3w,<\/li>\n<li>oryginalno\u015b\u0107,<\/li>\n<li>znaczenie spo\u0142eczne,<\/li>\n<li>spos\u00f3b prezentacji,<\/li>\n<li>warto\u015b\u0107 techniczna zastosowanych rozwi\u0105za\u0144,<\/li>\n<li>umiej\u0119tno\u015bci praktyczne,<\/li>\n<li>zr\u00f3wnowa\u017cony rozw\u00f3j i ekologia,<\/li>\n<\/ul>\n<\/li>\n<li style=\"text-align: justify;\">Kompletna lista kryteri\u00f3w oceniania i ich wk\u0142ad do oceny zostan\u0105 podane na oficjalnej stronie Odysseus\u00a0II.<\/li>\n<li style=\"text-align: justify;\">Ka\u017cdy z uczestnik\u00f3w otrzyma podsumowanie oceny s\u0119dziowskiej w momencie dokonania tej oceny. Ocena s\u0119dziowska jest ostateczna i wszelkie pro\u015bby o dodatkow\u0105\/ponown\u0105 ocen\u0119 nie b\u0119d\u0105 brane pod uwag\u0119.<\/li>\n<li style=\"text-align: justify;\">S\u0119dziowie s\u0105 osobami posiadaj\u0105cymi do\u015bwiadczenie w szerokim zakresie zagadnie\u0144 dotycz\u0105cych bada\u0144 kosmicznych, lub edukacji. Nie b\u0119d\u0105 oni pobiera\u0107 \u017cadnego wynagrodzenia za sw\u0105 prac\u0119. Koszty ich podr\u00f3\u017cy na p\u00f3\u0142fina\u0142y i fina\u0142y b\u0119d\u0105 pokryte przez projekt Odysseus\u00a0II.<\/li>\n<li style=\"text-align: justify;\">S\u0119dziowie b\u0119d\u0105 przyznawa\u0107 specjalne wyr\u00f3\u017cnienia dla niezwyci\u0119skich dru\u017cyn, na przyk\u0142ad w kategoriach:\n<ul>\n<li>najlepsza oprawa graficzna,<\/li>\n<li>najbardziej oryginalny problem,<\/li>\n<li>najbardziej profesjonalna prezentacja,<\/li>\n<li>najbardziej artystyczny projekt,<\/li>\n<li>najlepsze wykorzystanie muzyki w projekcie,<\/li>\n<li>najbardziej innowacyjne podej\u015bcie do wybranej tematyki,<\/li>\n<li>najbardziej proekologiczny projekt,<\/li>\n<li>najbardziej innowacyjne rozwi\u0105zanie problemu,<\/li>\n<li>najlepsze wykorzystanie podstaw wiedzy o kosmosie,<\/li>\n<\/ul>\n<\/li>\n<li style=\"text-align: justify;\">Ka\u017cdy uczestnik w kategorii Explorers otrzyma dyplom za\u015bwiadczaj\u0105cy o jego uczestnictwie w projekcie Odysseus\u00a0II.<\/li>\n<li style=\"text-align: justify;\">Wszystkie zwyci\u0119skie projekty b\u0119d\u0105 umieszczone w ca\u0142o\u015bci w Salonie S\u0142awy na stronie Odysseus\u00a0II, co wi\u0119cej ka\u017cdy cz\u0142onek zwyci\u0119skiej dru\u017cyny zostanie uhonorowany medalem.<\/li>\n<li style=\"text-align: justify;\">Podr\u00f3\u017c na regionalne i mi\u0119dzynarodowe fina\u0142y dla zwyci\u0119skich dru\u017cyn lub os\u00f3b indywidualnych w kategorii Explorers b\u0119d\u0105 pokryte przez organizator\u00f3w.<\/li>\n<li style=\"text-align: justify;\">Zar\u00f3wno w trakcie regionalnych jak i mi\u0119dzynarodowych fina\u0142\u00f3w, uczestnicy b\u0119d\u0105 bra\u0107 udzia\u0142 w licznych aktywno\u015bciach o tematyce kosmicznej, wydarzeniach i wycieczkach, kt\u00f3re b\u0119d\u0105 organizowane i op\u0142acone przez organizator\u00f3w konkursu Odysseus\u00a0II.<\/li>\n<li style=\"text-align: justify;\">Uczestnicy w kategorii Explorers w przeciwie\u0144stwie do dw\u00f3ch pozosta\u0142ych kategorii wiekowych, nie pracuj\u0105 pod opiek\u0105 nauczyciela-lidera. Jednak\u017ce mog\u0105 prosi\u0107 mentor\u00f3w o techniczne i naukowe wsparcie.<\/li>\n<li style=\"text-align: justify;\">Mentorami s\u0105 specjali\u015bci posiadaj\u0105cy wiedz\u0119 i umiej\u0119tno\u015bci zwi\u0105zane z badaniami kosmicznymi i pracuj\u0105 lub pracowali albo w bran\u017cy kosmicznej albo, jako naukowcy, in\u017cynierowie, nauczyciele, popularyzatorzy nauki. Mentorzy zarejestrowani w witrynie Odysseus\u00a0II b\u0119d\u0105 zawodowcami znanymi organizatorom projektu Odysseus II i b\u0119d\u0119 komunikowa\u0107 si\u0119 z uczestnikami konkursu drog\u0105 e-mailow\u0105.<\/li>\n<li style=\"text-align: justify;\">Mentorzy zapewniaj\u0105 wy\u0142\u0105cznie naukowe i techniczne wsparcie dla uczestnik\u00f3w w kategorii Explorers. Jeden mentor mo\u017ce wspiera\u0107 dowoln\u0105 liczb\u0119 projekt\u00f3w.<\/li>\n<\/ul>\n<p>&nbsp;<\/p>\n","protected":false},"excerpt":{"rendered":"<p>Konkurs jest otwarty dla wszystkich student\u00f3w, w wieku od siedemnastu do dwudziestu dw\u00f3ch lat, to znaczy urodzonych pomi\u0119dzy 1\u00a0kwietnia\u00a01993 a 31\u00a0marca\u00a01999, i kt\u00f3rzy jeszcze nie uzyskali \u017cadnego tytu\u0142u naukowego. Explorers rywalizuj\u0105 samodzielnie lub w parach i nie mog\u0105 mie\u0107 nauczyciela\/lidera, jakkolwiek mog\u0105 korzysta\u0107 z rad mentor\u00f3w\u00a0sprawach technicznych swojego projektu. Wszyscy uczestnicy musz\u0105 z\u0142o\u017cy\u0107 oryginalny projekt [&hellip;]<\/p>\n","protected":false},"author":2,"featured_media":0,"parent":2794,"menu_order":0,"comment_status":"closed","ping_status":"closed","template":"","meta":[],"acf":[],"yoast_head":"<!-- This site is optimized with the Yoast SEO plugin v19.14 - https:\/\/yoast.com\/wordpress\/plugins\/seo\/ -->\n<title>Regulamin - ODYSSEUS II<\/title>\n<meta name=\"robots\" content=\"index, follow, max-snippet:-1, max-image-preview:large, max-video-preview:-1\" \/>\n<link rel=\"canonical\" href=\"https:\/\/odysseus-contests.eu\/2016\/pl\/explorers\/regulamin\/\" \/>\n<meta property=\"og:locale\" content=\"pl_PL\" \/>\n<meta property=\"og:type\" content=\"article\" \/>\n<meta property=\"og:title\" content=\"Regulamin - ODYSSEUS II\" \/>\n<meta property=\"og:description\" content=\"Konkurs jest otwarty dla wszystkich student\u00f3w, w wieku od siedemnastu do dwudziestu dw\u00f3ch lat, to znaczy urodzonych pomi\u0119dzy 1\u00a0kwietnia\u00a01993 a 31\u00a0marca\u00a01999, i kt\u00f3rzy jeszcze nie uzyskali \u017cadnego tytu\u0142u naukowego. Explorers rywalizuj\u0105 samodzielnie lub w parach i nie mog\u0105 mie\u0107 nauczyciela\/lidera, jakkolwiek mog\u0105 korzysta\u0107 z rad mentor\u00f3w\u00a0sprawach technicznych swojego projektu. Wszyscy uczestnicy musz\u0105 z\u0142o\u017cy\u0107 oryginalny projekt [&hellip;]\" \/>\n<meta property=\"og:url\" content=\"https:\/\/odysseus-contests.eu\/2016\/pl\/explorers\/regulamin\/\" \/>\n<meta property=\"og:site_name\" content=\"ODYSSEUS II\" \/>\n<meta property=\"article:modified_time\" content=\"2015-07-28T12:31:28+00:00\" \/>\n<meta name=\"twitter:card\" content=\"summary_large_image\" \/>\n<meta name=\"twitter:label1\" content=\"Szacowany czas czytania\" \/>\n\t<meta name=\"twitter:data1\" content=\"4 minuty\" \/>\n<script type=\"application\/ld+json\" class=\"yoast-schema-graph\">{\"@context\":\"https:\/\/schema.org\",\"@graph\":[{\"@type\":\"WebPage\",\"@id\":\"https:\/\/odysseus-contests.eu\/2016\/pl\/explorers\/regulamin\/\",\"url\":\"https:\/\/odysseus-contests.eu\/2016\/pl\/explorers\/regulamin\/\",\"name\":\"Regulamin - ODYSSEUS II\",\"isPartOf\":{\"@id\":\"https:\/\/odysseus-contests.eu\/2016\/de\/#website\"},\"datePublished\":\"2015-07-17T18:31:49+00:00\",\"dateModified\":\"2015-07-28T12:31:28+00:00\",\"breadcrumb\":{\"@id\":\"https:\/\/odysseus-contests.eu\/2016\/pl\/explorers\/regulamin\/#breadcrumb\"},\"inLanguage\":\"pl-PL\",\"potentialAction\":[{\"@type\":\"ReadAction\",\"target\":[\"https:\/\/odysseus-contests.eu\/2016\/pl\/explorers\/regulamin\/\"]}]},{\"@type\":\"BreadcrumbList\",\"@id\":\"https:\/\/odysseus-contests.eu\/2016\/pl\/explorers\/regulamin\/#breadcrumb\",\"itemListElement\":[{\"@type\":\"ListItem\",\"position\":1,\"name\":\"Home\",\"item\":\"https:\/\/odysseus-contests.eu\/2016\/pl\/\"},{\"@type\":\"ListItem\",\"position\":2,\"name\":\"Explorers\",\"item\":\"https:\/\/odysseus-contests.eu\/2016\/pl\/explorers\/\"},{\"@type\":\"ListItem\",\"position\":3,\"name\":\"Regulamin\"}]},{\"@type\":\"WebSite\",\"@id\":\"https:\/\/odysseus-contests.eu\/2016\/de\/#website\",\"url\":\"https:\/\/odysseus-contests.eu\/2016\/de\/\",\"name\":\"ODYSSEUS II\",\"description\":\"European Youth Space Contest\",\"potentialAction\":[{\"@type\":\"SearchAction\",\"target\":{\"@type\":\"EntryPoint\",\"urlTemplate\":\"https:\/\/odysseus-contests.eu\/2016\/de\/?s={search_term_string}\"},\"query-input\":\"required name=search_term_string\"}],\"inLanguage\":\"pl-PL\"}]}<\/script>\n<!-- \/ Yoast SEO plugin. -->","yoast_head_json":{"title":"Regulamin - ODYSSEUS II","robots":{"index":"index","follow":"follow","max-snippet":"max-snippet:-1","max-image-preview":"max-image-preview:large","max-video-preview":"max-video-preview:-1"},"canonical":"https:\/\/odysseus-contests.eu\/2016\/pl\/explorers\/regulamin\/","og_locale":"pl_PL","og_type":"article","og_title":"Regulamin - ODYSSEUS II","og_description":"Konkurs jest otwarty dla wszystkich student\u00f3w, w wieku od siedemnastu do dwudziestu dw\u00f3ch lat, to znaczy urodzonych pomi\u0119dzy 1\u00a0kwietnia\u00a01993 a 31\u00a0marca\u00a01999, i kt\u00f3rzy jeszcze nie uzyskali \u017cadnego tytu\u0142u naukowego. Explorers rywalizuj\u0105 samodzielnie lub w parach i nie mog\u0105 mie\u0107 nauczyciela\/lidera, jakkolwiek mog\u0105 korzysta\u0107 z rad mentor\u00f3w\u00a0sprawach technicznych swojego projektu. Wszyscy uczestnicy musz\u0105 z\u0142o\u017cy\u0107 oryginalny projekt [&hellip;]","og_url":"https:\/\/odysseus-contests.eu\/2016\/pl\/explorers\/regulamin\/","og_site_name":"ODYSSEUS II","article_modified_time":"2015-07-28T12:31:28+00:00","twitter_card":"summary_large_image","twitter_misc":{"Szacowany czas czytania":"4 minuty"},"schema":{"@context":"https:\/\/schema.org","@graph":[{"@type":"WebPage","@id":"https:\/\/odysseus-contests.eu\/2016\/pl\/explorers\/regulamin\/","url":"https:\/\/odysseus-contests.eu\/2016\/pl\/explorers\/regulamin\/","name":"Regulamin - ODYSSEUS II","isPartOf":{"@id":"https:\/\/odysseus-contests.eu\/2016\/de\/#website"},"datePublished":"2015-07-17T18:31:49+00:00","dateModified":"2015-07-28T12:31:28+00:00","breadcrumb":{"@id":"https:\/\/odysseus-contests.eu\/2016\/pl\/explorers\/regulamin\/#breadcrumb"},"inLanguage":"pl-PL","potentialAction":[{"@type":"ReadAction","target":["https:\/\/odysseus-contests.eu\/2016\/pl\/explorers\/regulamin\/"]}]},{"@type":"BreadcrumbList","@id":"https:\/\/odysseus-contests.eu\/2016\/pl\/explorers\/regulamin\/#breadcrumb","itemListElement":[{"@type":"ListItem","position":1,"name":"Home","item":"https:\/\/odysseus-contests.eu\/2016\/pl\/"},{"@type":"ListItem","position":2,"name":"Explorers","item":"https:\/\/odysseus-contests.eu\/2016\/pl\/explorers\/"},{"@type":"ListItem","position":3,"name":"Regulamin"}]},{"@type":"WebSite","@id":"https:\/\/odysseus-contests.eu\/2016\/de\/#website","url":"https:\/\/odysseus-contests.eu\/2016\/de\/","name":"ODYSSEUS II","description":"European Youth Space Contest","potentialAction":[{"@type":"SearchAction","target":{"@type":"EntryPoint","urlTemplate":"https:\/\/odysseus-contests.eu\/2016\/de\/?s={search_term_string}"},"query-input":"required name=search_term_string"}],"inLanguage":"pl-PL"}]}},"_links":{"self":[{"href":"https:\/\/odysseus-contests.eu\/2016\/pl\/wp-json\/wp\/v2\/pages\/2795"}],"collection":[{"href":"https:\/\/odysseus-contests.eu\/2016\/pl\/wp-json\/wp\/v2\/pages"}],"about":[{"href":"https:\/\/odysseus-contests.eu\/2016\/pl\/wp-json\/wp\/v2\/types\/page"}],"author":[{"embeddable":true,"href":"https:\/\/odysseus-contests.eu\/2016\/pl\/wp-json\/wp\/v2\/users\/2"}],"replies":[{"embeddable":true,"href":"https:\/\/odysseus-contests.eu\/2016\/pl\/wp-json\/wp\/v2\/comments?post=2795"}],"version-history":[{"count":0,"href":"https:\/\/odysseus-contests.eu\/2016\/pl\/wp-json\/wp\/v2\/pages\/2795\/revisions"}],"up":[{"embeddable":true,"href":"https:\/\/odysseus-contests.eu\/2016\/pl\/wp-json\/wp\/v2\/pages\/2794"}],"wp:attachment":[{"href":"https:\/\/odysseus-contests.eu\/2016\/pl\/wp-json\/wp\/v2\/media?parent=2795"}],"curies":[{"name":"wp","href":"https:\/\/api.w.org\/{rel}","templated":true}]}}