{"id":2773,"date":"2015-07-17T20:17:24","date_gmt":"2015-07-17T17:17:24","guid":{"rendered":"http:\/\/odysseus-contests.eu\/2016\/?page_id=2773"},"modified":"2015-07-28T15:57:33","modified_gmt":"2015-07-28T12:57:33","slug":"informacje-ogolne","status":"publish","type":"page","link":"https:\/\/odysseus-contests.eu\/2016\/pl\/about-the-contest\/informacje-ogolne\/","title":{"rendered":"Informacje Og\u00f3lne"},"content":{"rendered":"<p style=\"text-align: justify;\">Projekt \u201eThe Youth for Space Challenge \u2013 ODYSSEUS II\u201d ma na celu inspirowanie i anga\u017cowanie m\u0142odych ludzi z ca\u0142ej Europy w badania kosmiczne poprzez seri\u0119 aktywno\u015bci edukacyjnych \u0142\u0105cz\u0105cych teoretyczne badania naukowe z eksperymentowaniem. Poprzez organizacj\u0119 nastawionego na zabaw\u0119 i pobudzenie wyobra\u017anie kilkuetapowego konkursu skierowanego do uczni\u00f3w oraz student\u00f3w z ca\u0142ej Europy, projekt sprzyja rozwojowi wykwalifikowanej kadry naukowej i technicznej w dziedzinach zwi\u0105zanych z priorytetami europejskiej polityki kosmicznej.<\/p>\n<p><img decoding=\"async\" loading=\"lazy\" class=\"img-responsive alignnone size-full wp-image-3494\" src=\"http:\/\/odysseus-contests.eu\/2016\/wp-content\/uploads\/2015\/07\/Stages_POLISH-11.jpg\" alt=\"Stages\" width=\"2917\" height=\"1722\" srcset=\"https:\/\/odysseus-contests.eu\/2016\/wp-content\/uploads\/2015\/07\/Stages_POLISH-11.jpg 2917w, https:\/\/odysseus-contests.eu\/2016\/wp-content\/uploads\/2015\/07\/Stages_POLISH-11-300x177.jpg 300w, https:\/\/odysseus-contests.eu\/2016\/wp-content\/uploads\/2015\/07\/Stages_POLISH-11-1024x605.jpg 1024w\" sizes=\"(max-width: 2917px) 100vw, 2917px\" \/><\/p>\n<p><img decoding=\"async\" loading=\"lazy\" class=\"img-responsive alignnone size-full wp-image-3507\" src=\"http:\/\/odysseus-contests.eu\/2016\/wp-content\/uploads\/2015\/07\/Stages_POLISH-21.jpg\" alt=\"Stages\" width=\"2917\" height=\"1729\" srcset=\"https:\/\/odysseus-contests.eu\/2016\/wp-content\/uploads\/2015\/07\/Stages_POLISH-21.jpg 2917w, https:\/\/odysseus-contests.eu\/2016\/wp-content\/uploads\/2015\/07\/Stages_POLISH-21-300x178.jpg 300w, https:\/\/odysseus-contests.eu\/2016\/wp-content\/uploads\/2015\/07\/Stages_POLISH-21-1024x607.jpg 1024w\" sizes=\"(max-width: 2917px) 100vw, 2917px\" \/><\/p>\n","protected":false},"excerpt":{"rendered":"<p>Projekt \u201eThe Youth for Space Challenge \u2013 ODYSSEUS II\u201d ma na celu inspirowanie i anga\u017cowanie m\u0142odych ludzi z ca\u0142ej Europy w badania kosmiczne poprzez seri\u0119 aktywno\u015bci edukacyjnych \u0142\u0105cz\u0105cych teoretyczne badania naukowe z eksperymentowaniem. Poprzez organizacj\u0119 nastawionego na zabaw\u0119 i pobudzenie wyobra\u017anie kilkuetapowego konkursu skierowanego do uczni\u00f3w oraz student\u00f3w z ca\u0142ej Europy, projekt sprzyja rozwojowi wykwalifikowanej [&hellip;]<\/p>\n","protected":false},"author":2,"featured_media":0,"parent":2769,"menu_order":0,"comment_status":"closed","ping_status":"closed","template":"","meta":[],"acf":[],"yoast_head":"<!-- This site is optimized with the Yoast SEO plugin v19.14 - https:\/\/yoast.com\/wordpress\/plugins\/seo\/ -->\n<title>Informacje Og\u00f3lne - ODYSSEUS II<\/title>\n<meta name=\"robots\" content=\"index, follow, max-snippet:-1, max-image-preview:large, max-video-preview:-1\" \/>\n<link rel=\"canonical\" href=\"https:\/\/odysseus-contests.eu\/2016\/pl\/about-the-contest\/informacje-ogolne\/\" \/>\n<meta property=\"og:locale\" content=\"pl_PL\" \/>\n<meta property=\"og:type\" content=\"article\" \/>\n<meta property=\"og:title\" content=\"Informacje Og\u00f3lne - ODYSSEUS II\" \/>\n<meta property=\"og:description\" content=\"Projekt \u201eThe Youth for Space Challenge \u2013 ODYSSEUS II\u201d ma na celu inspirowanie i anga\u017cowanie m\u0142odych ludzi z ca\u0142ej Europy w badania kosmiczne poprzez seri\u0119 aktywno\u015bci edukacyjnych \u0142\u0105cz\u0105cych teoretyczne badania naukowe z eksperymentowaniem. Poprzez organizacj\u0119 nastawionego na zabaw\u0119 i pobudzenie wyobra\u017anie kilkuetapowego konkursu skierowanego do uczni\u00f3w oraz student\u00f3w z ca\u0142ej Europy, projekt sprzyja rozwojowi wykwalifikowanej [&hellip;]\" \/>\n<meta property=\"og:url\" content=\"https:\/\/odysseus-contests.eu\/2016\/pl\/about-the-contest\/informacje-ogolne\/\" \/>\n<meta property=\"og:site_name\" content=\"ODYSSEUS II\" \/>\n<meta property=\"article:modified_time\" content=\"2015-07-28T12:57:33+00:00\" \/>\n<meta property=\"og:image\" content=\"http:\/\/odysseus-contests.eu\/2016\/wp-content\/uploads\/2015\/07\/Stages_POLISH-11.jpg\" \/>\n<meta name=\"twitter:card\" content=\"summary_large_image\" \/>\n<script type=\"application\/ld+json\" class=\"yoast-schema-graph\">{\"@context\":\"https:\/\/schema.org\",\"@graph\":[{\"@type\":\"WebPage\",\"@id\":\"https:\/\/odysseus-contests.eu\/2016\/pl\/about-the-contest\/informacje-ogolne\/\",\"url\":\"https:\/\/odysseus-contests.eu\/2016\/pl\/about-the-contest\/informacje-ogolne\/\",\"name\":\"Informacje Og\u00f3lne - ODYSSEUS II\",\"isPartOf\":{\"@id\":\"https:\/\/odysseus-contests.eu\/2016\/de\/#website\"},\"datePublished\":\"2015-07-17T17:17:24+00:00\",\"dateModified\":\"2015-07-28T12:57:33+00:00\",\"breadcrumb\":{\"@id\":\"https:\/\/odysseus-contests.eu\/2016\/pl\/about-the-contest\/informacje-ogolne\/#breadcrumb\"},\"inLanguage\":\"pl-PL\",\"potentialAction\":[{\"@type\":\"ReadAction\",\"target\":[\"https:\/\/odysseus-contests.eu\/2016\/pl\/about-the-contest\/informacje-ogolne\/\"]}]},{\"@type\":\"BreadcrumbList\",\"@id\":\"https:\/\/odysseus-contests.eu\/2016\/pl\/about-the-contest\/informacje-ogolne\/#breadcrumb\",\"itemListElement\":[{\"@type\":\"ListItem\",\"position\":1,\"name\":\"Home\",\"item\":\"https:\/\/odysseus-contests.eu\/2016\/pl\/\"},{\"@type\":\"ListItem\",\"position\":2,\"name\":\"O projekcie\",\"item\":\"https:\/\/odysseus-contests.eu\/2016\/pl\/about-the-contest\/\"},{\"@type\":\"ListItem\",\"position\":3,\"name\":\"Informacje Og\u00f3lne\"}]},{\"@type\":\"WebSite\",\"@id\":\"https:\/\/odysseus-contests.eu\/2016\/de\/#website\",\"url\":\"https:\/\/odysseus-contests.eu\/2016\/de\/\",\"name\":\"ODYSSEUS II\",\"description\":\"European Youth Space Contest\",\"potentialAction\":[{\"@type\":\"SearchAction\",\"target\":{\"@type\":\"EntryPoint\",\"urlTemplate\":\"https:\/\/odysseus-contests.eu\/2016\/de\/?s={search_term_string}\"},\"query-input\":\"required name=search_term_string\"}],\"inLanguage\":\"pl-PL\"}]}<\/script>\n<!-- \/ Yoast SEO plugin. -->","yoast_head_json":{"title":"Informacje Og\u00f3lne - ODYSSEUS II","robots":{"index":"index","follow":"follow","max-snippet":"max-snippet:-1","max-image-preview":"max-image-preview:large","max-video-preview":"max-video-preview:-1"},"canonical":"https:\/\/odysseus-contests.eu\/2016\/pl\/about-the-contest\/informacje-ogolne\/","og_locale":"pl_PL","og_type":"article","og_title":"Informacje Og\u00f3lne - ODYSSEUS II","og_description":"Projekt \u201eThe Youth for Space Challenge \u2013 ODYSSEUS II\u201d ma na celu inspirowanie i anga\u017cowanie m\u0142odych ludzi z ca\u0142ej Europy w badania kosmiczne poprzez seri\u0119 aktywno\u015bci edukacyjnych \u0142\u0105cz\u0105cych teoretyczne badania naukowe z eksperymentowaniem. Poprzez organizacj\u0119 nastawionego na zabaw\u0119 i pobudzenie wyobra\u017anie kilkuetapowego konkursu skierowanego do uczni\u00f3w oraz student\u00f3w z ca\u0142ej Europy, projekt sprzyja rozwojowi wykwalifikowanej [&hellip;]","og_url":"https:\/\/odysseus-contests.eu\/2016\/pl\/about-the-contest\/informacje-ogolne\/","og_site_name":"ODYSSEUS II","article_modified_time":"2015-07-28T12:57:33+00:00","og_image":[{"url":"http:\/\/odysseus-contests.eu\/2016\/wp-content\/uploads\/2015\/07\/Stages_POLISH-11.jpg"}],"twitter_card":"summary_large_image","schema":{"@context":"https:\/\/schema.org","@graph":[{"@type":"WebPage","@id":"https:\/\/odysseus-contests.eu\/2016\/pl\/about-the-contest\/informacje-ogolne\/","url":"https:\/\/odysseus-contests.eu\/2016\/pl\/about-the-contest\/informacje-ogolne\/","name":"Informacje Og\u00f3lne - ODYSSEUS II","isPartOf":{"@id":"https:\/\/odysseus-contests.eu\/2016\/de\/#website"},"datePublished":"2015-07-17T17:17:24+00:00","dateModified":"2015-07-28T12:57:33+00:00","breadcrumb":{"@id":"https:\/\/odysseus-contests.eu\/2016\/pl\/about-the-contest\/informacje-ogolne\/#breadcrumb"},"inLanguage":"pl-PL","potentialAction":[{"@type":"ReadAction","target":["https:\/\/odysseus-contests.eu\/2016\/pl\/about-the-contest\/informacje-ogolne\/"]}]},{"@type":"BreadcrumbList","@id":"https:\/\/odysseus-contests.eu\/2016\/pl\/about-the-contest\/informacje-ogolne\/#breadcrumb","itemListElement":[{"@type":"ListItem","position":1,"name":"Home","item":"https:\/\/odysseus-contests.eu\/2016\/pl\/"},{"@type":"ListItem","position":2,"name":"O projekcie","item":"https:\/\/odysseus-contests.eu\/2016\/pl\/about-the-contest\/"},{"@type":"ListItem","position":3,"name":"Informacje Og\u00f3lne"}]},{"@type":"WebSite","@id":"https:\/\/odysseus-contests.eu\/2016\/de\/#website","url":"https:\/\/odysseus-contests.eu\/2016\/de\/","name":"ODYSSEUS II","description":"European Youth Space Contest","potentialAction":[{"@type":"SearchAction","target":{"@type":"EntryPoint","urlTemplate":"https:\/\/odysseus-contests.eu\/2016\/de\/?s={search_term_string}"},"query-input":"required name=search_term_string"}],"inLanguage":"pl-PL"}]}},"_links":{"self":[{"href":"https:\/\/odysseus-contests.eu\/2016\/pl\/wp-json\/wp\/v2\/pages\/2773"}],"collection":[{"href":"https:\/\/odysseus-contests.eu\/2016\/pl\/wp-json\/wp\/v2\/pages"}],"about":[{"href":"https:\/\/odysseus-contests.eu\/2016\/pl\/wp-json\/wp\/v2\/types\/page"}],"author":[{"embeddable":true,"href":"https:\/\/odysseus-contests.eu\/2016\/pl\/wp-json\/wp\/v2\/users\/2"}],"replies":[{"embeddable":true,"href":"https:\/\/odysseus-contests.eu\/2016\/pl\/wp-json\/wp\/v2\/comments?post=2773"}],"version-history":[{"count":0,"href":"https:\/\/odysseus-contests.eu\/2016\/pl\/wp-json\/wp\/v2\/pages\/2773\/revisions"}],"up":[{"embeddable":true,"href":"https:\/\/odysseus-contests.eu\/2016\/pl\/wp-json\/wp\/v2\/pages\/2769"}],"wp:attachment":[{"href":"https:\/\/odysseus-contests.eu\/2016\/pl\/wp-json\/wp\/v2\/media?parent=2773"}],"curies":[{"name":"wp","href":"https:\/\/api.w.org\/{rel}","templated":true}]}}