{"id":2045,"date":"2015-07-06T22:08:30","date_gmt":"2015-07-06T19:08:30","guid":{"rendered":"http:\/\/odysseus-contests.eu\/2016\/?page_id=2045"},"modified":"2015-07-12T01:56:36","modified_gmt":"2015-07-11T22:56:36","slug":"eligibility","status":"publish","type":"page","link":"https:\/\/odysseus-contests.eu\/2016\/nl\/rules\/eligibility\/","title":{"rendered":"Ontvankelijkheid"},"content":{"rendered":"<ul>\n<li>De wedstrijd is bestemd voor leerlingen en bachelorstudenten tussen 7 en 22 jaar oud. Om in aanmerking te komen, moeten de leerlingen\/studenten tot de gespecificeerde leeftijdscategorie behoren op de laatste dag van de inzendingen voor de \u201cSkywalker\u201d-categorie (31 maart 2016):\n<ul>\n<li>Skywalkers: van 7 tot 13 jaar oud (schoolgaande leerlingen geboren op of tussen 1 april 2002 en 31 maart2009)<\/li>\n<li>Pioneers: van 14 tot 18 jaar oud (leerlingen uit het secundair onderwijsgeboren op of tussen 1 april 1997 en 31 maart 2002)<\/li>\n<li>Explorers: van 17 tot 22 jaar oud (bacheloruniversiteitsstudentengeboren op of tussen 1 april 1993 en 31\u00a0maart\u00a01999)<\/li>\n<\/ul>\n<\/li>\n<li>De deelname aan de wedstrijd is vrijblijvend. De reis- en verblijfskosten (vliegtuig- en treintickets, overnachting, dagmenu\u2019s en verzekering) in het kader van een deelname aan een regionale of een Europese finale zullen binnen aanvaardbare grenzen door de organisatoren van de Odysseus II-wedstrijd worden gedekt. De deelnemers of hun sponsors nemen de uitgaven voor bijkomende reisgezellen, zakgeld, enz. voor hun rekening. Leerlingen en studenten uit landen die niet tot de EU behoren en die deelnemen aan de regionale halve finales nemen de reiskosten van en naar de halve finale voor hun rekening.<\/li>\n<li>De leerlingen en studenten komen in aanmerking voor deze wedstrijd indien ze in \u00e9\u00e9n van de Lidstaten van de EU verblijven tijdens het academiejaar van de wedstrijd, met name: Oostenrijk, Belgi\u00eb, Bulgarije, Kroati\u00eb, Cyprus, Tsjechi\u00eb, Denemarken, Estland, Finland, Frankrijk, Duitsland, Griekenland, Hongarije, Ierland, Itali\u00eb, Letland, Litouwen, Groothertogdom Luxemburg, Malta, Nederland, Polen, Portugal, Roemeni\u00eb, Slowakije, Sloveni\u00eb, Spanje, Zweden en het Verenigd Koninkrijk.<\/li>\n<li>Leerlingen en studenten uit landen die niet tot de Europese Unie behoren kunnen ook deelnemen (vb. Albani\u00eb, Armeni\u00eb, Wit-Rusland, Georgi\u00eb, IJsland, Isra\u00ebl, Liechtenstein, Moldavi\u00eb, Montenegro, Noorwegen, voormalige Joegoslavische Republiek Macedoni\u00eb, Rusland, Servi\u00eb, Zwitserland, Monaco, San\u00a0Marino, Turkije en Oekra\u00efne). Zij moeten al hun materiaal echter in \u00e9\u00e9n van de 24 offici\u00eble talen van de EU indienen. N.B.: De bovenstaande lijst is niet uitputtend. Leerlingen en studenten uit andere landen kunnen ook deelnemen zolang ze aan de andere voorwaarden voldoen.<\/li>\n<li>Gezinsleden van de organisatoren kunnen niet deelnemen aan de Odysseus II-wedstrijd.<\/li>\n<\/ul>\n","protected":false},"excerpt":{"rendered":"<p>De wedstrijd is bestemd voor leerlingen en bachelorstudenten tussen 7 en 22 jaar oud. Om in aanmerking te komen, moeten de leerlingen\/studenten tot de gespecificeerde leeftijdscategorie behoren op de laatste dag van de inzendingen voor de \u201cSkywalker\u201d-categorie (31 maart 2016): Skywalkers: van 7 tot 13 jaar oud (schoolgaande leerlingen geboren op of tussen 1 april [&hellip;]<\/p>\n","protected":false},"author":1,"featured_media":0,"parent":2043,"menu_order":10,"comment_status":"closed","ping_status":"closed","template":"","meta":[],"acf":[],"yoast_head":"<!-- This site is optimized with the Yoast SEO plugin v19.14 - https:\/\/yoast.com\/wordpress\/plugins\/seo\/ -->\n<title>Ontvankelijkheid - ODYSSEUS II<\/title>\n<meta name=\"robots\" content=\"index, follow, max-snippet:-1, max-image-preview:large, max-video-preview:-1\" \/>\n<link rel=\"canonical\" href=\"https:\/\/odysseus-contests.eu\/2016\/nl\/rules\/eligibility\/\" \/>\n<meta property=\"og:locale\" content=\"nl_NL\" \/>\n<meta property=\"og:type\" content=\"article\" \/>\n<meta property=\"og:title\" content=\"Ontvankelijkheid - ODYSSEUS II\" \/>\n<meta property=\"og:description\" content=\"De wedstrijd is bestemd voor leerlingen en bachelorstudenten tussen 7 en 22 jaar oud. Om in aanmerking te komen, moeten de leerlingen\/studenten tot de gespecificeerde leeftijdscategorie behoren op de laatste dag van de inzendingen voor de \u201cSkywalker\u201d-categorie (31 maart 2016): Skywalkers: van 7 tot 13 jaar oud (schoolgaande leerlingen geboren op of tussen 1 april [&hellip;]\" \/>\n<meta property=\"og:url\" content=\"https:\/\/odysseus-contests.eu\/2016\/nl\/rules\/eligibility\/\" \/>\n<meta property=\"og:site_name\" content=\"ODYSSEUS II\" \/>\n<meta property=\"article:modified_time\" content=\"2015-07-11T22:56:36+00:00\" \/>\n<meta name=\"twitter:card\" content=\"summary_large_image\" \/>\n<meta name=\"twitter:label1\" content=\"Geschatte leestijd\" \/>\n\t<meta name=\"twitter:data1\" content=\"2 minuten\" \/>\n<script type=\"application\/ld+json\" class=\"yoast-schema-graph\">{\"@context\":\"https:\/\/schema.org\",\"@graph\":[{\"@type\":\"WebPage\",\"@id\":\"https:\/\/odysseus-contests.eu\/2016\/nl\/rules\/eligibility\/\",\"url\":\"https:\/\/odysseus-contests.eu\/2016\/nl\/rules\/eligibility\/\",\"name\":\"Ontvankelijkheid - ODYSSEUS II\",\"isPartOf\":{\"@id\":\"https:\/\/odysseus-contests.eu\/2016\/de\/#website\"},\"datePublished\":\"2015-07-06T19:08:30+00:00\",\"dateModified\":\"2015-07-11T22:56:36+00:00\",\"breadcrumb\":{\"@id\":\"https:\/\/odysseus-contests.eu\/2016\/nl\/rules\/eligibility\/#breadcrumb\"},\"inLanguage\":\"nl\",\"potentialAction\":[{\"@type\":\"ReadAction\",\"target\":[\"https:\/\/odysseus-contests.eu\/2016\/nl\/rules\/eligibility\/\"]}]},{\"@type\":\"BreadcrumbList\",\"@id\":\"https:\/\/odysseus-contests.eu\/2016\/nl\/rules\/eligibility\/#breadcrumb\",\"itemListElement\":[{\"@type\":\"ListItem\",\"position\":1,\"name\":\"Home\",\"item\":\"https:\/\/odysseus-contests.eu\/2016\/nl\/\"},{\"@type\":\"ListItem\",\"position\":2,\"name\":\"Reglement\",\"item\":\"https:\/\/odysseus-contests.eu\/2016\/nl\/rules\/\"},{\"@type\":\"ListItem\",\"position\":3,\"name\":\"Ontvankelijkheid\"}]},{\"@type\":\"WebSite\",\"@id\":\"https:\/\/odysseus-contests.eu\/2016\/de\/#website\",\"url\":\"https:\/\/odysseus-contests.eu\/2016\/de\/\",\"name\":\"ODYSSEUS II\",\"description\":\"European Youth Space Contest\",\"potentialAction\":[{\"@type\":\"SearchAction\",\"target\":{\"@type\":\"EntryPoint\",\"urlTemplate\":\"https:\/\/odysseus-contests.eu\/2016\/de\/?s={search_term_string}\"},\"query-input\":\"required name=search_term_string\"}],\"inLanguage\":\"nl\"}]}<\/script>\n<!-- \/ Yoast SEO plugin. -->","yoast_head_json":{"title":"Ontvankelijkheid - ODYSSEUS II","robots":{"index":"index","follow":"follow","max-snippet":"max-snippet:-1","max-image-preview":"max-image-preview:large","max-video-preview":"max-video-preview:-1"},"canonical":"https:\/\/odysseus-contests.eu\/2016\/nl\/rules\/eligibility\/","og_locale":"nl_NL","og_type":"article","og_title":"Ontvankelijkheid - ODYSSEUS II","og_description":"De wedstrijd is bestemd voor leerlingen en bachelorstudenten tussen 7 en 22 jaar oud. Om in aanmerking te komen, moeten de leerlingen\/studenten tot de gespecificeerde leeftijdscategorie behoren op de laatste dag van de inzendingen voor de \u201cSkywalker\u201d-categorie (31 maart 2016): Skywalkers: van 7 tot 13 jaar oud (schoolgaande leerlingen geboren op of tussen 1 april [&hellip;]","og_url":"https:\/\/odysseus-contests.eu\/2016\/nl\/rules\/eligibility\/","og_site_name":"ODYSSEUS II","article_modified_time":"2015-07-11T22:56:36+00:00","twitter_card":"summary_large_image","twitter_misc":{"Geschatte leestijd":"2 minuten"},"schema":{"@context":"https:\/\/schema.org","@graph":[{"@type":"WebPage","@id":"https:\/\/odysseus-contests.eu\/2016\/nl\/rules\/eligibility\/","url":"https:\/\/odysseus-contests.eu\/2016\/nl\/rules\/eligibility\/","name":"Ontvankelijkheid - ODYSSEUS II","isPartOf":{"@id":"https:\/\/odysseus-contests.eu\/2016\/de\/#website"},"datePublished":"2015-07-06T19:08:30+00:00","dateModified":"2015-07-11T22:56:36+00:00","breadcrumb":{"@id":"https:\/\/odysseus-contests.eu\/2016\/nl\/rules\/eligibility\/#breadcrumb"},"inLanguage":"nl","potentialAction":[{"@type":"ReadAction","target":["https:\/\/odysseus-contests.eu\/2016\/nl\/rules\/eligibility\/"]}]},{"@type":"BreadcrumbList","@id":"https:\/\/odysseus-contests.eu\/2016\/nl\/rules\/eligibility\/#breadcrumb","itemListElement":[{"@type":"ListItem","position":1,"name":"Home","item":"https:\/\/odysseus-contests.eu\/2016\/nl\/"},{"@type":"ListItem","position":2,"name":"Reglement","item":"https:\/\/odysseus-contests.eu\/2016\/nl\/rules\/"},{"@type":"ListItem","position":3,"name":"Ontvankelijkheid"}]},{"@type":"WebSite","@id":"https:\/\/odysseus-contests.eu\/2016\/de\/#website","url":"https:\/\/odysseus-contests.eu\/2016\/de\/","name":"ODYSSEUS II","description":"European Youth Space Contest","potentialAction":[{"@type":"SearchAction","target":{"@type":"EntryPoint","urlTemplate":"https:\/\/odysseus-contests.eu\/2016\/de\/?s={search_term_string}"},"query-input":"required name=search_term_string"}],"inLanguage":"nl"}]}},"_links":{"self":[{"href":"https:\/\/odysseus-contests.eu\/2016\/nl\/wp-json\/wp\/v2\/pages\/2045"}],"collection":[{"href":"https:\/\/odysseus-contests.eu\/2016\/nl\/wp-json\/wp\/v2\/pages"}],"about":[{"href":"https:\/\/odysseus-contests.eu\/2016\/nl\/wp-json\/wp\/v2\/types\/page"}],"author":[{"embeddable":true,"href":"https:\/\/odysseus-contests.eu\/2016\/nl\/wp-json\/wp\/v2\/users\/1"}],"replies":[{"embeddable":true,"href":"https:\/\/odysseus-contests.eu\/2016\/nl\/wp-json\/wp\/v2\/comments?post=2045"}],"version-history":[{"count":0,"href":"https:\/\/odysseus-contests.eu\/2016\/nl\/wp-json\/wp\/v2\/pages\/2045\/revisions"}],"up":[{"embeddable":true,"href":"https:\/\/odysseus-contests.eu\/2016\/nl\/wp-json\/wp\/v2\/pages\/2043"}],"wp:attachment":[{"href":"https:\/\/odysseus-contests.eu\/2016\/nl\/wp-json\/wp\/v2\/media?parent=2045"}],"curies":[{"name":"wp","href":"https:\/\/api.w.org\/{rel}","templated":true}]}}