{"id":1995,"date":"2015-07-06T21:58:37","date_gmt":"2015-07-06T18:58:37","guid":{"rendered":"http:\/\/odysseus-contests.eu\/2016\/?page_id=1995"},"modified":"2015-07-12T01:41:26","modified_gmt":"2015-07-11T22:41:26","slug":"adviesraad","status":"publish","type":"page","link":"https:\/\/odysseus-contests.eu\/2016\/nl\/het-odysseus-ii-project\/adviesraad\/","title":{"rendered":"Adviesraad"},"content":{"rendered":"<p style=\"text-align: justify;\"><b><img decoding=\"async\" loading=\"lazy\" class=\"alignleft size-full wp-image-419\" src=\"http:\/\/odysseus-contests.eu\/2016\/wp-content\/uploads\/2015\/05\/image001.png\" alt=\"image001\" width=\"155\" height=\"215\" \/><strong>Jean-Pierre Swings\u00a0<\/strong><\/b>is Professor emeritus aan de Universiteit van Luik (Belgi\u00eb), waar hij zijn Master in ruimtevaartengineering alsook zijn PhD en DSc in astrofysica behaalde. Hij is onder andere geboeid door zonnefysica en voorwerpen met een emissielijn en\/of infrarood excess voorwerpen. Hij is stapsgewijs overgegaan van observationele astrofysica naar de \u201castropolitiek\u201d als secretaris-generaal van de Internationale Astronomische Unie, lid van talrijke comit\u00e9s van het Europese Ruimteagentschap, lid van de raad van de Europese Zuidelijke Sterrenwacht en lid van de European Astronomical Society, waarvan hij een van de oprichters is.Jean-Pierre Swings is vandaag voorzitter van het Europees comit\u00e9 voor ruimtewetenschap van de Europese stichting voor wetenschappen en lid van de Space Advisory Group van het 7<sup>e<\/sup> kaderprogramma van de Europese Commissie.(Odysseus-lid van de internationale jury 2012-2013).<b><br \/>\n<\/b><\/p>\n<p style=\"text-align: justify;\"><b><img decoding=\"async\" loading=\"lazy\" class=\"alignleft size-full wp-image-425\" src=\"http:\/\/odysseus-contests.eu\/2016\/wp-content\/uploads\/2015\/05\/image003.png\" alt=\"image003\" width=\"149\" height=\"215\" \/><\/b><\/p>\n<p><strong>Athena Coustenis <\/strong>is directrice van het onderzoeksdepartementaan het Fransnationaal centrum voor wetenschappelijk onderzoek (CNRS). Zij heeft zich gespecialiseerd in planeetkunde (studie van het zonnestelsel van op de Aarde en vanuit de ruimte). Haar astronomieonderzoek wijdt zich aan de studie van planeetatmosferen en \u2013oppervlakten, in het bijzonder wat betreft Titan, de satelliet van Saturnus, aangezien deze veel gelijkenissen vertoont met de satelliet van onze eigen planeet. Zij bestudeert ook exoplaneten. De afgelopen jaren heeft zij het voortouw genomen in het kader van inspanningen ten voordele van toekomstige ruimtemissies. (Odysseus-lid van de internationalejury 2012-2013).<\/p>\n<p>&nbsp;<\/p>\n<p style=\"text-align: justify;\"><b><img decoding=\"async\" loading=\"lazy\" class=\"alignleft size-full wp-image-430\" src=\"http:\/\/odysseus-contests.eu\/2016\/wp-content\/uploads\/2015\/05\/image005.png\" alt=\"image005\" width=\"155\" height=\"203\" \/><\/b><\/p>\n<p><strong>Frank De Winne<\/strong> is een ESA-astronaut. Alvorens lid te worden van het Astronautenkorps van het Europees Ruimteagentschap was hij een ervaren testpiloot bij de Belgische luchtmacht. In 2002 nam De Winne deel aan de Odissea-missie, een ondersteunende vlucht naar het Internationaal Ruimtestation ISS. Tijdens deze missie van 11 dagen voerde hij een programma uit van 23\u00a0experimenten. De tweede missie van De Winne was de OasISS-missie, een ruimtevlucht van lange duur naar het ISS. Deze vond plaats van mei tot december 2009. Tijdens deze vlucht werd De Winne de eerste Europese commandant van het ISS. In het kader van deze missie werd een uitgebreid benuttings- en hulpverleningsprogramma uitgevoerd toegewijd aan wetenschappen. Op 1 augustus 2012 werd De Winne hoofd van het Europese Astronautencentrum. (Odysseus-lid van de internationale jury 2012-2013).<\/p>\n<p style=\"text-align: justify;\"><b>\u00a0<\/b><\/p>\n<p><b><img decoding=\"async\" loading=\"lazy\" class=\"alignleft size-full wp-image-436\" src=\"http:\/\/odysseus-contests.eu\/2016\/wp-content\/uploads\/2015\/05\/image007.png\" alt=\"image007\" width=\"155\" height=\"215\" \/><\/b><\/p>\n<p><strong>Manolis K. Georgoulis\u00a0<\/strong>is onderzoeker aan het onderzoekscentrum voor astronomie en toegepaste wiskunde aan de Academie van Athene. Daarnaast is hij de Griekse nationale afgevaardigde van het Science Programme Committee van het Europees Ruimteagentschap (ESA\/SPC) (2011 \u2013 heden) en is hij vicevoorzitter van de European Solar Physics Division (ESPD) van de European Physical Society (EPS) (2011 \u2013 2014) en benoemd lid van de Grieksenationale commissie voor astronomie (GNCA) (2012 \u2013 heden). Tot slot heeft hij als onderzoeker van de Europese Commissie een Marie Curie-beurs(2010 \u2013 2014). Hij bezit een B.Sc. (fysica) aan de Aristotle-universiteit van Thessaloniki (1993) en een Ph.D. (zonneplasmafysica) aan dezelfde instelling (2000). Hij was lid van het wetenschapsteam van drie ruimtemissies van de NASA en aan twee ruimtemissies van het ESA. (Odysseus-lid van de internationale jury 2012-2013).<\/p>\n<p style=\"text-align: justify;\"><b><img decoding=\"async\" loading=\"lazy\" class=\"alignleft wp-image-441\" src=\"http:\/\/odysseus-contests.eu\/2016\/wp-content\/uploads\/2015\/05\/image009.jpg\" alt=\"image009\" width=\"170\" height=\"187\" srcset=\"https:\/\/odysseus-contests.eu\/2016\/wp-content\/uploads\/2015\/05\/image009.jpg 282w, https:\/\/odysseus-contests.eu\/2016\/wp-content\/uploads\/2015\/05\/image009-272x300.jpg 272w\" sizes=\"(max-width: 170px) 100vw, 170px\" \/><strong>Ya\u00ebl Naz\u00e9<\/strong> <\/b>is wetenschappelijk onderzoekster aan de Universiteit van Luik (Belgi\u00eb). Zij bestudeert zware sterren door middel van multigolflengtewaarnemingen vanuit observatoria van op de Aarde en in de ruimte (sinds maart 2014: 39 publicaties als eerste auteur die door een referee werden beoordeeld, 49 publicatie als medeauteur, h-index=25). Zij heeft gewerkt als deskundige in de stellaire panels van verschillende observatoria (ESA, ESO, NASA) en als referee voor astrofysische vakbladen. Zij is ook betrokken bij multidisciplinair onderzoek en dienstverlenende activiteiten (incl. 9 gepubliceerde boeken).<b><br \/>\n<\/b><\/p>\n<p>\u00a0 \u00a0\u00a0<b><img decoding=\"async\" loading=\"lazy\" class=\"alignleft size-full wp-image-446\" src=\"http:\/\/odysseus-contests.eu\/2016\/wp-content\/uploads\/2015\/05\/image011.jpg\" alt=\"image011\" width=\"184\" height=\"207\" \/><strong>Rosa M. Ros Ferr\u00e9<\/strong> <\/b>is vicevoorzitter van de Internationale Astronomische Unie (IAU) Comm. 46. Bovendien is ze ook vicevoorzitster van de European Association for Astronomy Education (EAAE) en programmadirectrice van \u201cCiencia en Acci\u00f3n\u201d en \u201cAdopta una Estrella\u201d. Ze geeft ook wiskunde aan ingenieurs in luchtvaartkunde, telematica en telecommunicatie aan de Escola Polit\u00e8cnica Superior de Castelldefels. Ze is publicatieverantwoordelijke van de \u201cJunta Directiva\u201d aan de \u201cAsociaci\u00f3n para la Ense\u00f1anza de la Astronom\u00eda\u201d (ApEA), ze is lid van de onderwijscommissie van \u201cUniverse Awareness\u201d(UNAWE), ze is raadgevend lid van het uitvoerend comit\u00e9 van EIROforum en lid van het \u201cAdvisory Panel\u201d van \u201cPysics Education\u201d. Sinds 1994 is zij de Spaanse nationale vertegenwoordigster bij de IAU Comm. 46 en sinds 1999 de Spaanse nationale vertegenwoordigster voor \u201cPhysics on Stage\u201den \u201cScience on Stage\u201d. Tot slot is ze sinds 2006 ook nog de Spaanse nationale vertegenwoordigster voor \u201cUNAWE \u2013 Explora el Universo\u201d<b><br \/>\n<\/b><\/p>\n","protected":false},"excerpt":{"rendered":"<p>Jean-Pierre Swings\u00a0is Professor emeritus aan de Universiteit van Luik (Belgi\u00eb), waar hij zijn Master in ruimtevaartengineering alsook zijn PhD en DSc in astrofysica behaalde. Hij is onder andere geboeid door zonnefysica en voorwerpen met een emissielijn en\/of infrarood excess voorwerpen. Hij is stapsgewijs overgegaan van observationele astrofysica naar de \u201castropolitiek\u201d als secretaris-generaal van de Internationale [&hellip;]<\/p>\n","protected":false},"author":1,"featured_media":0,"parent":1991,"menu_order":40,"comment_status":"closed","ping_status":"closed","template":"","meta":[],"acf":[],"yoast_head":"<!-- This site is optimized with the Yoast SEO plugin v19.14 - https:\/\/yoast.com\/wordpress\/plugins\/seo\/ -->\n<title>Adviesraad - ODYSSEUS II<\/title>\n<meta name=\"robots\" content=\"index, follow, max-snippet:-1, max-image-preview:large, max-video-preview:-1\" \/>\n<link rel=\"canonical\" href=\"https:\/\/odysseus-contests.eu\/2016\/nl\/het-odysseus-ii-project\/adviesraad\/\" \/>\n<meta property=\"og:locale\" content=\"nl_NL\" \/>\n<meta property=\"og:type\" content=\"article\" \/>\n<meta property=\"og:title\" content=\"Adviesraad - ODYSSEUS II\" \/>\n<meta property=\"og:description\" content=\"Jean-Pierre Swings\u00a0is Professor emeritus aan de Universiteit van Luik (Belgi\u00eb), waar hij zijn Master in ruimtevaartengineering alsook zijn PhD en DSc in astrofysica behaalde. Hij is onder andere geboeid door zonnefysica en voorwerpen met een emissielijn en\/of infrarood excess voorwerpen. Hij is stapsgewijs overgegaan van observationele astrofysica naar de \u201castropolitiek\u201d als secretaris-generaal van de Internationale [&hellip;]\" \/>\n<meta property=\"og:url\" content=\"https:\/\/odysseus-contests.eu\/2016\/nl\/het-odysseus-ii-project\/adviesraad\/\" \/>\n<meta property=\"og:site_name\" content=\"ODYSSEUS II\" \/>\n<meta property=\"article:modified_time\" content=\"2015-07-11T22:41:26+00:00\" \/>\n<meta property=\"og:image\" content=\"http:\/\/odysseus-contests.eu\/2016\/wp-content\/uploads\/2015\/05\/image001.png\" \/>\n<meta name=\"twitter:card\" content=\"summary_large_image\" \/>\n<meta name=\"twitter:label1\" content=\"Geschatte leestijd\" \/>\n\t<meta name=\"twitter:data1\" content=\"3 minuten\" \/>\n<script type=\"application\/ld+json\" class=\"yoast-schema-graph\">{\"@context\":\"https:\/\/schema.org\",\"@graph\":[{\"@type\":\"WebPage\",\"@id\":\"https:\/\/odysseus-contests.eu\/2016\/nl\/het-odysseus-ii-project\/adviesraad\/\",\"url\":\"https:\/\/odysseus-contests.eu\/2016\/nl\/het-odysseus-ii-project\/adviesraad\/\",\"name\":\"Adviesraad - ODYSSEUS II\",\"isPartOf\":{\"@id\":\"https:\/\/odysseus-contests.eu\/2016\/de\/#website\"},\"datePublished\":\"2015-07-06T18:58:37+00:00\",\"dateModified\":\"2015-07-11T22:41:26+00:00\",\"breadcrumb\":{\"@id\":\"https:\/\/odysseus-contests.eu\/2016\/nl\/het-odysseus-ii-project\/adviesraad\/#breadcrumb\"},\"inLanguage\":\"nl\",\"potentialAction\":[{\"@type\":\"ReadAction\",\"target\":[\"https:\/\/odysseus-contests.eu\/2016\/nl\/het-odysseus-ii-project\/adviesraad\/\"]}]},{\"@type\":\"BreadcrumbList\",\"@id\":\"https:\/\/odysseus-contests.eu\/2016\/nl\/het-odysseus-ii-project\/adviesraad\/#breadcrumb\",\"itemListElement\":[{\"@type\":\"ListItem\",\"position\":1,\"name\":\"Home\",\"item\":\"https:\/\/odysseus-contests.eu\/2016\/nl\/\"},{\"@type\":\"ListItem\",\"position\":2,\"name\":\"Het Odysseus II-project\",\"item\":\"https:\/\/odysseus-contests.eu\/2016\/nl\/het-odysseus-ii-project\/\"},{\"@type\":\"ListItem\",\"position\":3,\"name\":\"Adviesraad\"}]},{\"@type\":\"WebSite\",\"@id\":\"https:\/\/odysseus-contests.eu\/2016\/de\/#website\",\"url\":\"https:\/\/odysseus-contests.eu\/2016\/de\/\",\"name\":\"ODYSSEUS II\",\"description\":\"European Youth Space Contest\",\"potentialAction\":[{\"@type\":\"SearchAction\",\"target\":{\"@type\":\"EntryPoint\",\"urlTemplate\":\"https:\/\/odysseus-contests.eu\/2016\/de\/?s={search_term_string}\"},\"query-input\":\"required name=search_term_string\"}],\"inLanguage\":\"nl\"}]}<\/script>\n<!-- \/ Yoast SEO plugin. -->","yoast_head_json":{"title":"Adviesraad - ODYSSEUS II","robots":{"index":"index","follow":"follow","max-snippet":"max-snippet:-1","max-image-preview":"max-image-preview:large","max-video-preview":"max-video-preview:-1"},"canonical":"https:\/\/odysseus-contests.eu\/2016\/nl\/het-odysseus-ii-project\/adviesraad\/","og_locale":"nl_NL","og_type":"article","og_title":"Adviesraad - ODYSSEUS II","og_description":"Jean-Pierre Swings\u00a0is Professor emeritus aan de Universiteit van Luik (Belgi\u00eb), waar hij zijn Master in ruimtevaartengineering alsook zijn PhD en DSc in astrofysica behaalde. Hij is onder andere geboeid door zonnefysica en voorwerpen met een emissielijn en\/of infrarood excess voorwerpen. Hij is stapsgewijs overgegaan van observationele astrofysica naar de \u201castropolitiek\u201d als secretaris-generaal van de Internationale [&hellip;]","og_url":"https:\/\/odysseus-contests.eu\/2016\/nl\/het-odysseus-ii-project\/adviesraad\/","og_site_name":"ODYSSEUS II","article_modified_time":"2015-07-11T22:41:26+00:00","og_image":[{"url":"http:\/\/odysseus-contests.eu\/2016\/wp-content\/uploads\/2015\/05\/image001.png"}],"twitter_card":"summary_large_image","twitter_misc":{"Geschatte leestijd":"3 minuten"},"schema":{"@context":"https:\/\/schema.org","@graph":[{"@type":"WebPage","@id":"https:\/\/odysseus-contests.eu\/2016\/nl\/het-odysseus-ii-project\/adviesraad\/","url":"https:\/\/odysseus-contests.eu\/2016\/nl\/het-odysseus-ii-project\/adviesraad\/","name":"Adviesraad - ODYSSEUS II","isPartOf":{"@id":"https:\/\/odysseus-contests.eu\/2016\/de\/#website"},"datePublished":"2015-07-06T18:58:37+00:00","dateModified":"2015-07-11T22:41:26+00:00","breadcrumb":{"@id":"https:\/\/odysseus-contests.eu\/2016\/nl\/het-odysseus-ii-project\/adviesraad\/#breadcrumb"},"inLanguage":"nl","potentialAction":[{"@type":"ReadAction","target":["https:\/\/odysseus-contests.eu\/2016\/nl\/het-odysseus-ii-project\/adviesraad\/"]}]},{"@type":"BreadcrumbList","@id":"https:\/\/odysseus-contests.eu\/2016\/nl\/het-odysseus-ii-project\/adviesraad\/#breadcrumb","itemListElement":[{"@type":"ListItem","position":1,"name":"Home","item":"https:\/\/odysseus-contests.eu\/2016\/nl\/"},{"@type":"ListItem","position":2,"name":"Het Odysseus II-project","item":"https:\/\/odysseus-contests.eu\/2016\/nl\/het-odysseus-ii-project\/"},{"@type":"ListItem","position":3,"name":"Adviesraad"}]},{"@type":"WebSite","@id":"https:\/\/odysseus-contests.eu\/2016\/de\/#website","url":"https:\/\/odysseus-contests.eu\/2016\/de\/","name":"ODYSSEUS II","description":"European Youth Space Contest","potentialAction":[{"@type":"SearchAction","target":{"@type":"EntryPoint","urlTemplate":"https:\/\/odysseus-contests.eu\/2016\/de\/?s={search_term_string}"},"query-input":"required name=search_term_string"}],"inLanguage":"nl"}]}},"_links":{"self":[{"href":"https:\/\/odysseus-contests.eu\/2016\/nl\/wp-json\/wp\/v2\/pages\/1995"}],"collection":[{"href":"https:\/\/odysseus-contests.eu\/2016\/nl\/wp-json\/wp\/v2\/pages"}],"about":[{"href":"https:\/\/odysseus-contests.eu\/2016\/nl\/wp-json\/wp\/v2\/types\/page"}],"author":[{"embeddable":true,"href":"https:\/\/odysseus-contests.eu\/2016\/nl\/wp-json\/wp\/v2\/users\/1"}],"replies":[{"embeddable":true,"href":"https:\/\/odysseus-contests.eu\/2016\/nl\/wp-json\/wp\/v2\/comments?post=1995"}],"version-history":[{"count":0,"href":"https:\/\/odysseus-contests.eu\/2016\/nl\/wp-json\/wp\/v2\/pages\/1995\/revisions"}],"up":[{"embeddable":true,"href":"https:\/\/odysseus-contests.eu\/2016\/nl\/wp-json\/wp\/v2\/pages\/1991"}],"wp:attachment":[{"href":"https:\/\/odysseus-contests.eu\/2016\/nl\/wp-json\/wp\/v2\/media?parent=1995"}],"curies":[{"name":"wp","href":"https:\/\/api.w.org\/{rel}","templated":true}]}}