{"id":1919,"date":"2015-07-06T21:18:15","date_gmt":"2015-07-06T18:18:15","guid":{"rendered":"http:\/\/odysseus-contests.eu\/2016\/?page_id=1919"},"modified":"2015-07-12T01:37:54","modified_gmt":"2015-07-11T22:37:54","slug":"reglement","status":"publish","type":"page","link":"https:\/\/odysseus-contests.eu\/2016\/nl\/pioneers-3\/reglement\/","title":{"rendered":"Reglement"},"content":{"rendered":"<ul>\n<li>De wedstrijd is bestemd voor leerlingen uit het secundair onderwijs tussen veertien (14) en achttien (18) jaar oud. Het gaat dus om leerlingen geboren op of tussen 1\u00a0april\u00a01997 en 31\u00a0maart\u00a02002.<\/li>\n<li>De \u201cPioneers\u201d werken in teams van twee (2) of drie (3) en worden begeleid door een leerkracht-leider. In eenzelfde team kunnen de leerlingen uit verschillende scholen binnen eenzelfde land afkomstig zijn of uit verschillende klassen\/graden binnen eenzelfde school, zolang het leeftijdscriterium wordt gerespecteerd. Elk team kan ook een mentor hebben die het team op technisch of wetenschappelijk vlak bijstaat (<em>Hyperlink naar de relevante sectie bij het woord mentor<\/em>).<\/li>\n<li>Elk team van Pioneers moet een leerkracht-leider hebben om het team te leiden en de inschrijving en inzending van het project te ondersteunen, raad te geven tijdens het project en tijdens de reis naar de halve finale en de finale.<\/li>\n<li>Elk team kan slechts \u00e9\u00e9n project indienen en elke deelnemer kan slechts in \u00e9\u00e9n team actief zijn.<\/li>\n<li>De teams moeten een unieke, identificerende naam hebben die de educatieve, wetenschappelijke of maatschappelijke doelen van de wedstrijd weergeeft.<\/li>\n<li>Alle deelnemers of teams moeten een origineel ruimtewetenschapsproject indienen dat gebaseerd is op de thema\u2019s en uitdagingen die voor hun leeftijdscategorie werden vastgelegd.<\/li>\n<li>De deelnemers van de Pioneer-categorie kunnen hun inzending digitaal indienen tussen 1\u00a0september\u00a02015 en 15 januari\u00a02016.<\/li>\n<li>Alle ingediende inzendingen moeten het werk zijn van de deelnemers zelf en moeten specifiek voor deze wedstrijd worden opgesteld.<\/li>\n<li>De projecten van de Pioneers zullen in drie fasen worden ge\u00ebvalueerd:\n<ul>\n<li>Nationaal, door een jury afkomstig uit het land van de deelnemers, op basis van de online inzendingen. Dit zal plaatsvinden tussen 16 januari 2016 en 26\u00a0februari\u00a02016. De nationale winnaars zullen op 28\u00a0februari\u00a02016 worden bekendgemaakt. De inzendingen afkomstig uit landen die niet tot de EU behoren, zullen door de organisatoren worden toegewezen aan \u00e9\u00e9n van de jury\u2019s in overeenstemming met de taal gekozen door de deelnemers.<\/li>\n<li>Regionaal, door een selectie van juryleden van de vorige ronde, gekozen uit alle deelnemende landen uit de regio. De beoordeling zal plaatsvinden tijdens de halve finales die in elke regio worden georganiseerd. Tijdens deze halve finales nemen alle nationale winnaars van de regio het tegen elkaar op. De teams die de halve finales halen, zullen hun inzending in levende lijve voorstellen aan de juryleden. De regionale halve finales zullen plaatsvinden tussen 15 maart en 26 april 2016. De exacte data per regio zullen op de Odysseus-website worden aangekondigd.<\/li>\n<li>Internationaal, door een panel van vooraanstaande ruimteonderzoekers, opleiders en beroemdheden uit de wetenschappelijke wereld. De winnaars van de regionale finales zullen naar Brussel of Toulouse reizen om hun project aan de juryleden voor te stellen. De internationale finale zal plaatsvinden tussen 4 en 7 juli 2016.<\/li>\n<\/ul>\n<\/li>\n<li>Tijdens de beoordeling op nationaal niveau zal het aantal winnaars dat naar de volgende ronde gaat, worden bepaald door de relatieve bevolking van de deelnemende landen alsook door het aantal inzendingen uit elke regio en in elke themacategorie. De organisatoren van de Odysseus II-wedstrijd zullen het aantal winnaars dat naar de halve finales mag, via de offici\u00eble website aankondigen. De tien beste teams op regionaal niveau zullen deelnemen aan de Internationale finale.<\/li>\n<li>Tijdens de selectie van de beste projecten op Europees niveau wordt geen rekening gehouden met het burgerschap of de woonplaats van de finalisten. Met andere woorden, er zijn geen op voorhand vastgelegde quota\u2019s op basis van de bevolking of het deelnamepercentage aan de wedstrijd.<\/li>\n<li>De juryleden die de ruimteprojecten beoordelen, zullen op basis van de volgende criteria punten toekennen:\n<ul>\n<li>Academische uitmuntendheid (nauwkeurigheid, moeilijkheidsgraad)<\/li>\n<li>Relevantie ten opzichte van het vastgelegde thema<\/li>\n<li>Bekwaamheid om problemen op te lossen<\/li>\n<li>Originaliteit<\/li>\n<li>Maatschappelijke relevantie<\/li>\n<li>Presentatie<\/li>\n<li>Technische verdienste en praktische bekwaamheden<\/li>\n<li>Duurzaamheid en milieubewustzijn<\/li>\n<\/ul>\n<\/li>\n<li>Elk team zal een samenvatting krijgen van de evaluatie van zijn project door de juryleden op het ogenblik van de beoordeling. Latere verzoeken tot evaluatie zullen niet worden beantwoord.<\/li>\n<li>De jury zal in elke fase ook een reeks speciale vermeldingen maken van teams die niet hebben gewonnen, bijvoorbeeld:\n<ul>\n<li>Meest opvallende grafische voorstelling<\/li>\n<li>Meest origineel probleem<\/li>\n<li>Meest professionele presentatie<\/li>\n<li>Meest artistieke inzending<\/li>\n<li>Beste gebruik van muziek in een wetenschappelijk project<\/li>\n<li>Meest innoverende benadering ten opzichte van het vooropgestelde thema<\/li>\n<li>Meest milieubewuste project<\/li>\n<li>Meest innoverende oplossing voor het probleem<\/li>\n<li>Beste gebruik van basiskennis over de ruimte<\/li>\n<\/ul>\n<\/li>\n<li>Elk Pioneer-team zal een diploma ontvangen als bewijs van zijn deelname aan de Odysseus II-wedstrijd. Ook de leerkracht-leiders van elk team zullen een dergelijk diploma ontvangen.<\/li>\n<li>Alle winnende projecten zullen in hun geheel worden tentoongesteld in de \u201cHall of fame\u201d van de Odysseus II-website. De leden van elk winnend team ontvangen een medaille.<\/li>\n<li>De deelname aan de wedstrijd is vrijblijvend. De reiskosten (vliegtuig- en treintickets, overnachting, dagmenu\u2019s en verzekering) in het kader van een deelname aan een regionale of een Europese finale zullen binnen aanvaardbare grenzen door de organisatoren van de Odysseus II-wedstrijd worden gedekt. Betaalde reizen naar de regionale en internationale finale zijn bestemd voor \u00e9\u00e9n leerkracht-leider en maximum drie deelnemers.<\/li>\n<li>Zowel tijdens de regionale finale als tijdens de internationale finale zullen de finalisten deelnemen aan een reeks ruimtegebonden activiteiten, evenementen en reizen georganiseerd en betaald door de organisatoren van de Odysseus II-wedstrijd.<\/li>\n<li>Het is de verantwoordelijkheid van de leerkracht-leider van elke groep om volledige en juiste inlichtingen over te maken van elk groepslid via het inschrijvingsformulier op de website van de Odysseus II-wedstrijd.<\/li>\n<li>Elke deelnemer die jonger is dan achttien (18) jaar moet in het bezit zijn van een ondertekend formulier \u201cOuderlijke toestemming\u201d om aan de wedstrijd deel te nemen.<\/li>\n<li>Elke deelnemer jonger dan achttien (18) jaar is verplicht een formulier \u201cOuderlijke toestemming\u201d voor te leggen in het kader van de reizen naar en de deelname aan de regionale en Europese finale.<\/li>\n<li>Het is de verantwoordelijkheid van de leerkracht-leider om voor elke deelnemer aan de wedstrijd een ondertekend formulier \u201cOuderlijke toestemming\u201d over te maken aan de organisatoren.<\/li>\n<li>Elke leerkracht-leider mag maximum 4 groepen begeleiden in het kader van de wedstrijd.<\/li>\n<\/ul>\n","protected":false},"excerpt":{"rendered":"<p>De wedstrijd is bestemd voor leerlingen uit het secundair onderwijs tussen veertien (14) en achttien (18) jaar oud. Het gaat dus om leerlingen geboren op of tussen 1\u00a0april\u00a01997 en 31\u00a0maart\u00a02002. De \u201cPioneers\u201d werken in teams van twee (2) of drie (3) en worden begeleid door een leerkracht-leider. In eenzelfde team kunnen de leerlingen uit verschillende [&hellip;]<\/p>\n","protected":false},"author":1,"featured_media":0,"parent":1916,"menu_order":20,"comment_status":"closed","ping_status":"closed","template":"","meta":[],"acf":[],"yoast_head":"<!-- This site is optimized with the Yoast SEO plugin v19.14 - https:\/\/yoast.com\/wordpress\/plugins\/seo\/ -->\n<title>Reglement - ODYSSEUS II<\/title>\n<meta name=\"robots\" content=\"index, follow, max-snippet:-1, max-image-preview:large, max-video-preview:-1\" \/>\n<link rel=\"canonical\" href=\"https:\/\/odysseus-contests.eu\/2016\/nl\/pioneers-3\/reglement\/\" \/>\n<meta property=\"og:locale\" content=\"nl_NL\" \/>\n<meta property=\"og:type\" content=\"article\" \/>\n<meta property=\"og:title\" content=\"Reglement - ODYSSEUS II\" \/>\n<meta property=\"og:description\" content=\"De wedstrijd is bestemd voor leerlingen uit het secundair onderwijs tussen veertien (14) en achttien (18) jaar oud. Het gaat dus om leerlingen geboren op of tussen 1\u00a0april\u00a01997 en 31\u00a0maart\u00a02002. De \u201cPioneers\u201d werken in teams van twee (2) of drie (3) en worden begeleid door een leerkracht-leider. In eenzelfde team kunnen de leerlingen uit verschillende [&hellip;]\" \/>\n<meta property=\"og:url\" content=\"https:\/\/odysseus-contests.eu\/2016\/nl\/pioneers-3\/reglement\/\" \/>\n<meta property=\"og:site_name\" content=\"ODYSSEUS II\" \/>\n<meta property=\"article:modified_time\" content=\"2015-07-11T22:37:54+00:00\" \/>\n<meta name=\"twitter:card\" content=\"summary_large_image\" \/>\n<meta name=\"twitter:label1\" content=\"Geschatte leestijd\" \/>\n\t<meta name=\"twitter:data1\" content=\"5 minuten\" \/>\n<script type=\"application\/ld+json\" class=\"yoast-schema-graph\">{\"@context\":\"https:\/\/schema.org\",\"@graph\":[{\"@type\":\"WebPage\",\"@id\":\"https:\/\/odysseus-contests.eu\/2016\/nl\/pioneers-3\/reglement\/\",\"url\":\"https:\/\/odysseus-contests.eu\/2016\/nl\/pioneers-3\/reglement\/\",\"name\":\"Reglement - ODYSSEUS II\",\"isPartOf\":{\"@id\":\"https:\/\/odysseus-contests.eu\/2016\/de\/#website\"},\"datePublished\":\"2015-07-06T18:18:15+00:00\",\"dateModified\":\"2015-07-11T22:37:54+00:00\",\"breadcrumb\":{\"@id\":\"https:\/\/odysseus-contests.eu\/2016\/nl\/pioneers-3\/reglement\/#breadcrumb\"},\"inLanguage\":\"nl\",\"potentialAction\":[{\"@type\":\"ReadAction\",\"target\":[\"https:\/\/odysseus-contests.eu\/2016\/nl\/pioneers-3\/reglement\/\"]}]},{\"@type\":\"BreadcrumbList\",\"@id\":\"https:\/\/odysseus-contests.eu\/2016\/nl\/pioneers-3\/reglement\/#breadcrumb\",\"itemListElement\":[{\"@type\":\"ListItem\",\"position\":1,\"name\":\"Home\",\"item\":\"https:\/\/odysseus-contests.eu\/2016\/nl\/\"},{\"@type\":\"ListItem\",\"position\":2,\"name\":\"Pioneers\",\"item\":\"https:\/\/odysseus-contests.eu\/2016\/nl\/pioneers-3\/\"},{\"@type\":\"ListItem\",\"position\":3,\"name\":\"Reglement\"}]},{\"@type\":\"WebSite\",\"@id\":\"https:\/\/odysseus-contests.eu\/2016\/de\/#website\",\"url\":\"https:\/\/odysseus-contests.eu\/2016\/de\/\",\"name\":\"ODYSSEUS II\",\"description\":\"European Youth Space Contest\",\"potentialAction\":[{\"@type\":\"SearchAction\",\"target\":{\"@type\":\"EntryPoint\",\"urlTemplate\":\"https:\/\/odysseus-contests.eu\/2016\/de\/?s={search_term_string}\"},\"query-input\":\"required name=search_term_string\"}],\"inLanguage\":\"nl\"}]}<\/script>\n<!-- \/ Yoast SEO plugin. -->","yoast_head_json":{"title":"Reglement - ODYSSEUS II","robots":{"index":"index","follow":"follow","max-snippet":"max-snippet:-1","max-image-preview":"max-image-preview:large","max-video-preview":"max-video-preview:-1"},"canonical":"https:\/\/odysseus-contests.eu\/2016\/nl\/pioneers-3\/reglement\/","og_locale":"nl_NL","og_type":"article","og_title":"Reglement - ODYSSEUS II","og_description":"De wedstrijd is bestemd voor leerlingen uit het secundair onderwijs tussen veertien (14) en achttien (18) jaar oud. Het gaat dus om leerlingen geboren op of tussen 1\u00a0april\u00a01997 en 31\u00a0maart\u00a02002. De \u201cPioneers\u201d werken in teams van twee (2) of drie (3) en worden begeleid door een leerkracht-leider. In eenzelfde team kunnen de leerlingen uit verschillende [&hellip;]","og_url":"https:\/\/odysseus-contests.eu\/2016\/nl\/pioneers-3\/reglement\/","og_site_name":"ODYSSEUS II","article_modified_time":"2015-07-11T22:37:54+00:00","twitter_card":"summary_large_image","twitter_misc":{"Geschatte leestijd":"5 minuten"},"schema":{"@context":"https:\/\/schema.org","@graph":[{"@type":"WebPage","@id":"https:\/\/odysseus-contests.eu\/2016\/nl\/pioneers-3\/reglement\/","url":"https:\/\/odysseus-contests.eu\/2016\/nl\/pioneers-3\/reglement\/","name":"Reglement - ODYSSEUS II","isPartOf":{"@id":"https:\/\/odysseus-contests.eu\/2016\/de\/#website"},"datePublished":"2015-07-06T18:18:15+00:00","dateModified":"2015-07-11T22:37:54+00:00","breadcrumb":{"@id":"https:\/\/odysseus-contests.eu\/2016\/nl\/pioneers-3\/reglement\/#breadcrumb"},"inLanguage":"nl","potentialAction":[{"@type":"ReadAction","target":["https:\/\/odysseus-contests.eu\/2016\/nl\/pioneers-3\/reglement\/"]}]},{"@type":"BreadcrumbList","@id":"https:\/\/odysseus-contests.eu\/2016\/nl\/pioneers-3\/reglement\/#breadcrumb","itemListElement":[{"@type":"ListItem","position":1,"name":"Home","item":"https:\/\/odysseus-contests.eu\/2016\/nl\/"},{"@type":"ListItem","position":2,"name":"Pioneers","item":"https:\/\/odysseus-contests.eu\/2016\/nl\/pioneers-3\/"},{"@type":"ListItem","position":3,"name":"Reglement"}]},{"@type":"WebSite","@id":"https:\/\/odysseus-contests.eu\/2016\/de\/#website","url":"https:\/\/odysseus-contests.eu\/2016\/de\/","name":"ODYSSEUS II","description":"European Youth Space Contest","potentialAction":[{"@type":"SearchAction","target":{"@type":"EntryPoint","urlTemplate":"https:\/\/odysseus-contests.eu\/2016\/de\/?s={search_term_string}"},"query-input":"required name=search_term_string"}],"inLanguage":"nl"}]}},"_links":{"self":[{"href":"https:\/\/odysseus-contests.eu\/2016\/nl\/wp-json\/wp\/v2\/pages\/1919"}],"collection":[{"href":"https:\/\/odysseus-contests.eu\/2016\/nl\/wp-json\/wp\/v2\/pages"}],"about":[{"href":"https:\/\/odysseus-contests.eu\/2016\/nl\/wp-json\/wp\/v2\/types\/page"}],"author":[{"embeddable":true,"href":"https:\/\/odysseus-contests.eu\/2016\/nl\/wp-json\/wp\/v2\/users\/1"}],"replies":[{"embeddable":true,"href":"https:\/\/odysseus-contests.eu\/2016\/nl\/wp-json\/wp\/v2\/comments?post=1919"}],"version-history":[{"count":0,"href":"https:\/\/odysseus-contests.eu\/2016\/nl\/wp-json\/wp\/v2\/pages\/1919\/revisions"}],"up":[{"embeddable":true,"href":"https:\/\/odysseus-contests.eu\/2016\/nl\/wp-json\/wp\/v2\/pages\/1916"}],"wp:attachment":[{"href":"https:\/\/odysseus-contests.eu\/2016\/nl\/wp-json\/wp\/v2\/media?parent=1919"}],"curies":[{"name":"wp","href":"https:\/\/api.w.org\/{rel}","templated":true}]}}