{"id":1874,"date":"2015-07-06T21:00:01","date_gmt":"2015-07-06T18:00:01","guid":{"rendered":"http:\/\/odysseus-contests.eu\/2016\/?page_id=1874"},"modified":"2015-07-12T01:43:40","modified_gmt":"2015-07-11T22:43:40","slug":"prijzen","status":"publish","type":"page","link":"https:\/\/odysseus-contests.eu\/2016\/nl\/explorers\/prijzen\/","title":{"rendered":"Prijzen"},"content":{"rendered":"<p><img decoding=\"async\" loading=\"lazy\" class=\"img-responsive alignleft wp-image-331 size-full\" src=\"http:\/\/odysseus-contests.eu\/2016\/wp-content\/uploads\/2015\/05\/content-prizes-explorers1.jpg\" alt=\"content-prizes-explorers\" width=\"700\" height=\"400\" srcset=\"https:\/\/odysseus-contests.eu\/2016\/wp-content\/uploads\/2015\/05\/content-prizes-explorers1.jpg 700w, https:\/\/odysseus-contests.eu\/2016\/wp-content\/uploads\/2015\/05\/content-prizes-explorers1-300x171.jpg 300w\" sizes=\"(max-width: 700px) 100vw, 700px\" \/><\/p>\n<p><strong>Nationale fase<\/strong><\/p>\n<p>Alle deelnemerszullen een diploma ontvangen dat aantoont dat zij hebben deelgenomen aan de Odysseus II-wedstrijd.<\/p>\n<p>De beste deelnemers op nationaal niveau ontvangen een medaille en een Odysseus II-souvenir. Bovendien wordt hun project volledig tentoongesteld in de Hall of Fame van de Odysseus II-website. De beste deelnemers nemen deel aan de regionale halve finales, in het kader waarvan ze aan een reeks activiteiten, evenementen en reizen in verband met de ruimte deelnemen die in \u00e9\u00e9n van de volgende landen zullen worden<\/p>\n<p>georganiseerd: Oostenrijk, Belgi\u00eb, Tsjechi\u00eb, Denemarken, Frankrijk, Griekenland, Itali\u00eb, Polen, Spanje en het Verenigd Koninkrijk.<\/p>\n<p><strong>Regionale fase<\/strong><\/p>\n<p>De deelnemers die hebben bijgedragen tot de winnende projecten uit elke regionale halve finale krijgen een kwaliteitsvolle geautomatiseerde telescoop (Celestron Nexstar of een gelijkaardige telescoop). Zij gaan door naar de internationale finale. In het kader daarvan zullen zij naar Brussel of Toulouse reizen.<\/p>\n<p><strong>Eindfase<\/strong><\/p>\n<p>De deelnemers van het winnende project van de internationale finale winnen een reis naar het Centre spatial guyanais, waar ze zullen deelnemen aan activiteiten en rondleidingen over de ruimte en een \u201cEuropean Youth Space Ambassador\u201d diploma zullen ontvangen dat tijdens de finale wordt gepresenteerd.<\/p>\n<p>De vijf (5) beste deelnemers krijgen een stage bij het ESA of in een Europese onderneming uit de lucht- en ruimtevaartindustrie. Deze stages duren tussen drie en zes maanden. Dereiskosten en de gezondheidsverzekering van de studenten worden terugbetaald. Tot slot ontvangen ze een maandelijkse uitkering die hun verblijfskosten dekt.<\/p>\n<p>De prijzen kunnen niet worden ingeruild voor contant geld.<\/p>\n","protected":false},"excerpt":{"rendered":"<p>Nationale fase Alle deelnemerszullen een diploma ontvangen dat aantoont dat zij hebben deelgenomen aan de Odysseus II-wedstrijd. De beste deelnemers op nationaal niveau ontvangen een medaille en een Odysseus II-souvenir. Bovendien wordt hun project volledig tentoongesteld in de Hall of Fame van de Odysseus II-website. De beste deelnemers nemen deel aan de regionale halve finales, [&hellip;]<\/p>\n","protected":false},"author":1,"featured_media":0,"parent":1870,"menu_order":40,"comment_status":"closed","ping_status":"closed","template":"","meta":[],"acf":[],"yoast_head":"<!-- This site is optimized with the Yoast SEO plugin v19.14 - https:\/\/yoast.com\/wordpress\/plugins\/seo\/ -->\n<title>Prijzen - ODYSSEUS II<\/title>\n<meta name=\"robots\" content=\"index, follow, max-snippet:-1, max-image-preview:large, max-video-preview:-1\" \/>\n<link rel=\"canonical\" href=\"https:\/\/odysseus-contests.eu\/2016\/nl\/explorers\/prijzen\/\" \/>\n<meta property=\"og:locale\" content=\"nl_NL\" \/>\n<meta property=\"og:type\" content=\"article\" \/>\n<meta property=\"og:title\" content=\"Prijzen - ODYSSEUS II\" \/>\n<meta property=\"og:description\" content=\"Nationale fase Alle deelnemerszullen een diploma ontvangen dat aantoont dat zij hebben deelgenomen aan de Odysseus II-wedstrijd. De beste deelnemers op nationaal niveau ontvangen een medaille en een Odysseus II-souvenir. Bovendien wordt hun project volledig tentoongesteld in de Hall of Fame van de Odysseus II-website. De beste deelnemers nemen deel aan de regionale halve finales, [&hellip;]\" \/>\n<meta property=\"og:url\" content=\"https:\/\/odysseus-contests.eu\/2016\/nl\/explorers\/prijzen\/\" \/>\n<meta property=\"og:site_name\" content=\"ODYSSEUS II\" \/>\n<meta property=\"article:modified_time\" content=\"2015-07-11T22:43:40+00:00\" \/>\n<meta property=\"og:image\" content=\"http:\/\/odysseus-contests.eu\/2016\/wp-content\/uploads\/2015\/05\/content-prizes-explorers1.jpg\" \/>\n<meta name=\"twitter:card\" content=\"summary_large_image\" \/>\n<meta name=\"twitter:label1\" content=\"Geschatte leestijd\" \/>\n\t<meta name=\"twitter:data1\" content=\"1 minuut\" \/>\n<script type=\"application\/ld+json\" class=\"yoast-schema-graph\">{\"@context\":\"https:\/\/schema.org\",\"@graph\":[{\"@type\":\"WebPage\",\"@id\":\"https:\/\/odysseus-contests.eu\/2016\/nl\/explorers\/prijzen\/\",\"url\":\"https:\/\/odysseus-contests.eu\/2016\/nl\/explorers\/prijzen\/\",\"name\":\"Prijzen - ODYSSEUS II\",\"isPartOf\":{\"@id\":\"https:\/\/odysseus-contests.eu\/2016\/de\/#website\"},\"datePublished\":\"2015-07-06T18:00:01+00:00\",\"dateModified\":\"2015-07-11T22:43:40+00:00\",\"breadcrumb\":{\"@id\":\"https:\/\/odysseus-contests.eu\/2016\/nl\/explorers\/prijzen\/#breadcrumb\"},\"inLanguage\":\"nl\",\"potentialAction\":[{\"@type\":\"ReadAction\",\"target\":[\"https:\/\/odysseus-contests.eu\/2016\/nl\/explorers\/prijzen\/\"]}]},{\"@type\":\"BreadcrumbList\",\"@id\":\"https:\/\/odysseus-contests.eu\/2016\/nl\/explorers\/prijzen\/#breadcrumb\",\"itemListElement\":[{\"@type\":\"ListItem\",\"position\":1,\"name\":\"Home\",\"item\":\"https:\/\/odysseus-contests.eu\/2016\/nl\/\"},{\"@type\":\"ListItem\",\"position\":2,\"name\":\"Explorers\",\"item\":\"https:\/\/odysseus-contests.eu\/2016\/nl\/explorers\/\"},{\"@type\":\"ListItem\",\"position\":3,\"name\":\"Prijzen\"}]},{\"@type\":\"WebSite\",\"@id\":\"https:\/\/odysseus-contests.eu\/2016\/de\/#website\",\"url\":\"https:\/\/odysseus-contests.eu\/2016\/de\/\",\"name\":\"ODYSSEUS II\",\"description\":\"European Youth Space Contest\",\"potentialAction\":[{\"@type\":\"SearchAction\",\"target\":{\"@type\":\"EntryPoint\",\"urlTemplate\":\"https:\/\/odysseus-contests.eu\/2016\/de\/?s={search_term_string}\"},\"query-input\":\"required name=search_term_string\"}],\"inLanguage\":\"nl\"}]}<\/script>\n<!-- \/ Yoast SEO plugin. -->","yoast_head_json":{"title":"Prijzen - ODYSSEUS II","robots":{"index":"index","follow":"follow","max-snippet":"max-snippet:-1","max-image-preview":"max-image-preview:large","max-video-preview":"max-video-preview:-1"},"canonical":"https:\/\/odysseus-contests.eu\/2016\/nl\/explorers\/prijzen\/","og_locale":"nl_NL","og_type":"article","og_title":"Prijzen - ODYSSEUS II","og_description":"Nationale fase Alle deelnemerszullen een diploma ontvangen dat aantoont dat zij hebben deelgenomen aan de Odysseus II-wedstrijd. De beste deelnemers op nationaal niveau ontvangen een medaille en een Odysseus II-souvenir. Bovendien wordt hun project volledig tentoongesteld in de Hall of Fame van de Odysseus II-website. De beste deelnemers nemen deel aan de regionale halve finales, [&hellip;]","og_url":"https:\/\/odysseus-contests.eu\/2016\/nl\/explorers\/prijzen\/","og_site_name":"ODYSSEUS II","article_modified_time":"2015-07-11T22:43:40+00:00","og_image":[{"url":"http:\/\/odysseus-contests.eu\/2016\/wp-content\/uploads\/2015\/05\/content-prizes-explorers1.jpg"}],"twitter_card":"summary_large_image","twitter_misc":{"Geschatte leestijd":"1 minuut"},"schema":{"@context":"https:\/\/schema.org","@graph":[{"@type":"WebPage","@id":"https:\/\/odysseus-contests.eu\/2016\/nl\/explorers\/prijzen\/","url":"https:\/\/odysseus-contests.eu\/2016\/nl\/explorers\/prijzen\/","name":"Prijzen - ODYSSEUS II","isPartOf":{"@id":"https:\/\/odysseus-contests.eu\/2016\/de\/#website"},"datePublished":"2015-07-06T18:00:01+00:00","dateModified":"2015-07-11T22:43:40+00:00","breadcrumb":{"@id":"https:\/\/odysseus-contests.eu\/2016\/nl\/explorers\/prijzen\/#breadcrumb"},"inLanguage":"nl","potentialAction":[{"@type":"ReadAction","target":["https:\/\/odysseus-contests.eu\/2016\/nl\/explorers\/prijzen\/"]}]},{"@type":"BreadcrumbList","@id":"https:\/\/odysseus-contests.eu\/2016\/nl\/explorers\/prijzen\/#breadcrumb","itemListElement":[{"@type":"ListItem","position":1,"name":"Home","item":"https:\/\/odysseus-contests.eu\/2016\/nl\/"},{"@type":"ListItem","position":2,"name":"Explorers","item":"https:\/\/odysseus-contests.eu\/2016\/nl\/explorers\/"},{"@type":"ListItem","position":3,"name":"Prijzen"}]},{"@type":"WebSite","@id":"https:\/\/odysseus-contests.eu\/2016\/de\/#website","url":"https:\/\/odysseus-contests.eu\/2016\/de\/","name":"ODYSSEUS II","description":"European Youth Space Contest","potentialAction":[{"@type":"SearchAction","target":{"@type":"EntryPoint","urlTemplate":"https:\/\/odysseus-contests.eu\/2016\/de\/?s={search_term_string}"},"query-input":"required name=search_term_string"}],"inLanguage":"nl"}]}},"_links":{"self":[{"href":"https:\/\/odysseus-contests.eu\/2016\/nl\/wp-json\/wp\/v2\/pages\/1874"}],"collection":[{"href":"https:\/\/odysseus-contests.eu\/2016\/nl\/wp-json\/wp\/v2\/pages"}],"about":[{"href":"https:\/\/odysseus-contests.eu\/2016\/nl\/wp-json\/wp\/v2\/types\/page"}],"author":[{"embeddable":true,"href":"https:\/\/odysseus-contests.eu\/2016\/nl\/wp-json\/wp\/v2\/users\/1"}],"replies":[{"embeddable":true,"href":"https:\/\/odysseus-contests.eu\/2016\/nl\/wp-json\/wp\/v2\/comments?post=1874"}],"version-history":[{"count":0,"href":"https:\/\/odysseus-contests.eu\/2016\/nl\/wp-json\/wp\/v2\/pages\/1874\/revisions"}],"up":[{"embeddable":true,"href":"https:\/\/odysseus-contests.eu\/2016\/nl\/wp-json\/wp\/v2\/pages\/1870"}],"wp:attachment":[{"href":"https:\/\/odysseus-contests.eu\/2016\/nl\/wp-json\/wp\/v2\/media?parent=1874"}],"curies":[{"name":"wp","href":"https:\/\/api.w.org\/{rel}","templated":true}]}}