{"id":2259,"date":"2015-07-07T02:03:03","date_gmt":"2015-07-06T23:03:03","guid":{"rendered":"http:\/\/odysseus-contests.eu\/2016\/?page_id=2259"},"modified":"2015-07-07T02:03:03","modified_gmt":"2015-07-06T23:03:03","slug":"organizzatori","status":"publish","type":"page","link":"https:\/\/odysseus-contests.eu\/2016\/it\/regole\/organizzatori\/","title":{"rendered":"Organizzatori"},"content":{"rendered":"<ul>\n<li>Il concorso Odysseus II \u00e8 un progetto, organizzato da un consorzio internazionale di istituzioni di 10 paesi UE, finanziato dalla Commisione Europea nell\u2019ambito del programma Horizon 2020.<\/li>\n<li>Il progetto \u00e8 coordinato e gestito dalla societ\u00e0 di consulenza Signosis con sede a Bruxelles. La lista completa dei membri del consorzio \u00e8 riportata alla pagina &#8230;. del sito (hyperlink), cos\u00ec come canali di informazione e social media scelti dagli organizzatori per le comunicazioni.<\/li>\n<li>Gli organizzatori forniscono l\u2019infrastruttura web mediante la quale i concorrenti possono registrarsi e sottomettere i propri elaborati. Tale infrastruttura sar\u00e0 utilizzabile anche per votare on-line gli elaborati della categoria Skywalker.<\/li>\n<li>Gli organizzatori a livello regionale elaboreranno il network di mentori quale risorse esterna per iconcorrenti nelle categorie \u201cPioneer\u201ded \u201cExplorer\u201d.<\/li>\n<li>Gli organizzatori richiederanno dati sull\u2019et\u00e0, nazionalit\u00e0 e sesso dei concorrenti ma solo per analisi statistiche.Nel modo pi\u00f9 assoluto questi dati non influenzeranno le valutazioni.<\/li>\n<li>I dati statistici cos\u00ec elaboratisaranno successivamente resi pubblici sul sito web.<\/li>\n<li>Gli organizzatori si riservano il diritto di modificare i premi, le regole, i termini e le condizioni del concorso in ogni momento, se questo \u00e8 dovuto a una giusta causa.<\/li>\n<\/ul>\n","protected":false},"excerpt":{"rendered":"<p>Il concorso Odysseus II \u00e8 un progetto, organizzato da un consorzio internazionale di istituzioni di 10 paesi UE, finanziato dalla Commisione Europea nell\u2019ambito del programma Horizon 2020. Il progetto \u00e8 coordinato e gestito dalla societ\u00e0 di consulenza Signosis con sede a Bruxelles. La lista completa dei membri del consorzio \u00e8 riportata alla pagina &#8230;. del [&hellip;]<\/p>\n","protected":false},"author":1,"featured_media":0,"parent":2235,"menu_order":140,"comment_status":"closed","ping_status":"closed","template":"","meta":[],"acf":[],"yoast_head":"<!-- This site is optimized with the Yoast SEO plugin v19.14 - https:\/\/yoast.com\/wordpress\/plugins\/seo\/ -->\n<title>Organizzatori - ODYSSEUS II<\/title>\n<meta name=\"robots\" content=\"index, follow, max-snippet:-1, max-image-preview:large, max-video-preview:-1\" \/>\n<link rel=\"canonical\" href=\"https:\/\/odysseus-contests.eu\/2016\/it\/regole\/organizzatori\/\" \/>\n<meta property=\"og:locale\" content=\"it_IT\" \/>\n<meta property=\"og:type\" content=\"article\" \/>\n<meta property=\"og:title\" content=\"Organizzatori - ODYSSEUS II\" \/>\n<meta property=\"og:description\" content=\"Il concorso Odysseus II \u00e8 un progetto, organizzato da un consorzio internazionale di istituzioni di 10 paesi UE, finanziato dalla Commisione Europea nell\u2019ambito del programma Horizon 2020. Il progetto \u00e8 coordinato e gestito dalla societ\u00e0 di consulenza Signosis con sede a Bruxelles. La lista completa dei membri del consorzio \u00e8 riportata alla pagina &#8230;. del [&hellip;]\" \/>\n<meta property=\"og:url\" content=\"https:\/\/odysseus-contests.eu\/2016\/it\/regole\/organizzatori\/\" \/>\n<meta property=\"og:site_name\" content=\"ODYSSEUS II\" \/>\n<meta name=\"twitter:card\" content=\"summary_large_image\" \/>\n<meta name=\"twitter:label1\" content=\"Tempo di lettura stimato\" \/>\n\t<meta name=\"twitter:data1\" content=\"1 minuto\" \/>\n<script type=\"application\/ld+json\" class=\"yoast-schema-graph\">{\"@context\":\"https:\/\/schema.org\",\"@graph\":[{\"@type\":\"WebPage\",\"@id\":\"https:\/\/odysseus-contests.eu\/2016\/it\/regole\/organizzatori\/\",\"url\":\"https:\/\/odysseus-contests.eu\/2016\/it\/regole\/organizzatori\/\",\"name\":\"Organizzatori - ODYSSEUS II\",\"isPartOf\":{\"@id\":\"https:\/\/odysseus-contests.eu\/2016\/de\/#website\"},\"datePublished\":\"2015-07-06T23:03:03+00:00\",\"dateModified\":\"2015-07-06T23:03:03+00:00\",\"breadcrumb\":{\"@id\":\"https:\/\/odysseus-contests.eu\/2016\/it\/regole\/organizzatori\/#breadcrumb\"},\"inLanguage\":\"it-IT\",\"potentialAction\":[{\"@type\":\"ReadAction\",\"target\":[\"https:\/\/odysseus-contests.eu\/2016\/it\/regole\/organizzatori\/\"]}]},{\"@type\":\"BreadcrumbList\",\"@id\":\"https:\/\/odysseus-contests.eu\/2016\/it\/regole\/organizzatori\/#breadcrumb\",\"itemListElement\":[{\"@type\":\"ListItem\",\"position\":1,\"name\":\"Home\",\"item\":\"https:\/\/odysseus-contests.eu\/2016\/it\/\"},{\"@type\":\"ListItem\",\"position\":2,\"name\":\"Regole\",\"item\":\"https:\/\/odysseus-contests.eu\/2016\/it\/regole\/\"},{\"@type\":\"ListItem\",\"position\":3,\"name\":\"Organizzatori\"}]},{\"@type\":\"WebSite\",\"@id\":\"https:\/\/odysseus-contests.eu\/2016\/de\/#website\",\"url\":\"https:\/\/odysseus-contests.eu\/2016\/de\/\",\"name\":\"ODYSSEUS II\",\"description\":\"European Youth Space Contest\",\"potentialAction\":[{\"@type\":\"SearchAction\",\"target\":{\"@type\":\"EntryPoint\",\"urlTemplate\":\"https:\/\/odysseus-contests.eu\/2016\/de\/?s={search_term_string}\"},\"query-input\":\"required name=search_term_string\"}],\"inLanguage\":\"it-IT\"}]}<\/script>\n<!-- \/ Yoast SEO plugin. -->","yoast_head_json":{"title":"Organizzatori - ODYSSEUS II","robots":{"index":"index","follow":"follow","max-snippet":"max-snippet:-1","max-image-preview":"max-image-preview:large","max-video-preview":"max-video-preview:-1"},"canonical":"https:\/\/odysseus-contests.eu\/2016\/it\/regole\/organizzatori\/","og_locale":"it_IT","og_type":"article","og_title":"Organizzatori - ODYSSEUS II","og_description":"Il concorso Odysseus II \u00e8 un progetto, organizzato da un consorzio internazionale di istituzioni di 10 paesi UE, finanziato dalla Commisione Europea nell\u2019ambito del programma Horizon 2020. Il progetto \u00e8 coordinato e gestito dalla societ\u00e0 di consulenza Signosis con sede a Bruxelles. La lista completa dei membri del consorzio \u00e8 riportata alla pagina &#8230;. del [&hellip;]","og_url":"https:\/\/odysseus-contests.eu\/2016\/it\/regole\/organizzatori\/","og_site_name":"ODYSSEUS II","twitter_card":"summary_large_image","twitter_misc":{"Tempo di lettura stimato":"1 minuto"},"schema":{"@context":"https:\/\/schema.org","@graph":[{"@type":"WebPage","@id":"https:\/\/odysseus-contests.eu\/2016\/it\/regole\/organizzatori\/","url":"https:\/\/odysseus-contests.eu\/2016\/it\/regole\/organizzatori\/","name":"Organizzatori - ODYSSEUS II","isPartOf":{"@id":"https:\/\/odysseus-contests.eu\/2016\/de\/#website"},"datePublished":"2015-07-06T23:03:03+00:00","dateModified":"2015-07-06T23:03:03+00:00","breadcrumb":{"@id":"https:\/\/odysseus-contests.eu\/2016\/it\/regole\/organizzatori\/#breadcrumb"},"inLanguage":"it-IT","potentialAction":[{"@type":"ReadAction","target":["https:\/\/odysseus-contests.eu\/2016\/it\/regole\/organizzatori\/"]}]},{"@type":"BreadcrumbList","@id":"https:\/\/odysseus-contests.eu\/2016\/it\/regole\/organizzatori\/#breadcrumb","itemListElement":[{"@type":"ListItem","position":1,"name":"Home","item":"https:\/\/odysseus-contests.eu\/2016\/it\/"},{"@type":"ListItem","position":2,"name":"Regole","item":"https:\/\/odysseus-contests.eu\/2016\/it\/regole\/"},{"@type":"ListItem","position":3,"name":"Organizzatori"}]},{"@type":"WebSite","@id":"https:\/\/odysseus-contests.eu\/2016\/de\/#website","url":"https:\/\/odysseus-contests.eu\/2016\/de\/","name":"ODYSSEUS II","description":"European Youth Space Contest","potentialAction":[{"@type":"SearchAction","target":{"@type":"EntryPoint","urlTemplate":"https:\/\/odysseus-contests.eu\/2016\/de\/?s={search_term_string}"},"query-input":"required name=search_term_string"}],"inLanguage":"it-IT"}]}},"_links":{"self":[{"href":"https:\/\/odysseus-contests.eu\/2016\/it\/wp-json\/wp\/v2\/pages\/2259"}],"collection":[{"href":"https:\/\/odysseus-contests.eu\/2016\/it\/wp-json\/wp\/v2\/pages"}],"about":[{"href":"https:\/\/odysseus-contests.eu\/2016\/it\/wp-json\/wp\/v2\/types\/page"}],"author":[{"embeddable":true,"href":"https:\/\/odysseus-contests.eu\/2016\/it\/wp-json\/wp\/v2\/users\/1"}],"replies":[{"embeddable":true,"href":"https:\/\/odysseus-contests.eu\/2016\/it\/wp-json\/wp\/v2\/comments?post=2259"}],"version-history":[{"count":0,"href":"https:\/\/odysseus-contests.eu\/2016\/it\/wp-json\/wp\/v2\/pages\/2259\/revisions"}],"up":[{"embeddable":true,"href":"https:\/\/odysseus-contests.eu\/2016\/it\/wp-json\/wp\/v2\/pages\/2235"}],"wp:attachment":[{"href":"https:\/\/odysseus-contests.eu\/2016\/it\/wp-json\/wp\/v2\/media?parent=2259"}],"curies":[{"name":"wp","href":"https:\/\/api.w.org\/{rel}","templated":true}]}}