{"id":2252,"date":"2015-07-07T02:01:11","date_gmt":"2015-07-06T23:01:11","guid":{"rendered":"http:\/\/odysseus-contests.eu\/2016\/?page_id=2252"},"modified":"2015-07-07T02:01:11","modified_gmt":"2015-07-06T23:01:11","slug":"rights-and-protection-of-minors","status":"publish","type":"page","link":"https:\/\/odysseus-contests.eu\/2016\/it\/regole\/rights-and-protection-of-minors\/","title":{"rendered":"Diritti e protezione dei minori"},"content":{"rendered":"<ul>\n<li>\u00c8 responsabilit\u00e0 dell\u2019insegnante-leader del team fornire complete e corrette informazioni sui partecipanti al concorso al momento della registrazione.<\/li>\n<li>Ogni partecipante sotto i18 anni dovr\u00e0fornire il consenso parentale firmato per partecipare al concorso. Un analogo consensodovr\u00e0 essere fornito per il viaggio alle finali regionali e internazionale.<\/li>\n<li>\u00c8 responsabilit\u00e0 dell\u2019insegnante-leader fornire il consenso parentale firmato.<\/li>\n<li>Tutti i vincitori ad ogni livello saranno inclusi in fotografie di gruppo o individuali e dovranno fornire il loro consenso affinch\u00e8queste fotografie possano essere pubblicate sul sito web Odysseus Contest e altri siti web dedicati alla diffusione scientificao stampate su materiali informativi.<\/li>\n<\/ul>\n","protected":false},"excerpt":{"rendered":"<p>\u00c8 responsabilit\u00e0 dell\u2019insegnante-leader del team fornire complete e corrette informazioni sui partecipanti al concorso al momento della registrazione. Ogni partecipante sotto i18 anni dovr\u00e0fornire il consenso parentale firmato per partecipare al concorso. Un analogo consensodovr\u00e0 essere fornito per il viaggio alle finali regionali e internazionale. \u00c8 responsabilit\u00e0 dell\u2019insegnante-leader fornire il consenso parentale firmato. Tutti i [&hellip;]<\/p>\n","protected":false},"author":1,"featured_media":0,"parent":2235,"menu_order":0,"comment_status":"closed","ping_status":"closed","template":"","meta":[],"acf":[],"yoast_head":"<!-- This site is optimized with the Yoast SEO plugin v19.14 - https:\/\/yoast.com\/wordpress\/plugins\/seo\/ -->\n<title>Diritti e protezione dei minori - ODYSSEUS II<\/title>\n<meta name=\"robots\" content=\"index, follow, max-snippet:-1, max-image-preview:large, max-video-preview:-1\" \/>\n<link rel=\"canonical\" href=\"https:\/\/odysseus-contests.eu\/2016\/it\/regole\/rights-and-protection-of-minors\/\" \/>\n<meta property=\"og:locale\" content=\"it_IT\" \/>\n<meta property=\"og:type\" content=\"article\" \/>\n<meta property=\"og:title\" content=\"Diritti e protezione dei minori - ODYSSEUS II\" \/>\n<meta property=\"og:description\" content=\"\u00c8 responsabilit\u00e0 dell\u2019insegnante-leader del team fornire complete e corrette informazioni sui partecipanti al concorso al momento della registrazione. Ogni partecipante sotto i18 anni dovr\u00e0fornire il consenso parentale firmato per partecipare al concorso. Un analogo consensodovr\u00e0 essere fornito per il viaggio alle finali regionali e internazionale. \u00c8 responsabilit\u00e0 dell\u2019insegnante-leader fornire il consenso parentale firmato. Tutti i [&hellip;]\" \/>\n<meta property=\"og:url\" content=\"https:\/\/odysseus-contests.eu\/2016\/it\/regole\/rights-and-protection-of-minors\/\" \/>\n<meta property=\"og:site_name\" content=\"ODYSSEUS II\" \/>\n<meta name=\"twitter:card\" content=\"summary_large_image\" \/>\n<script type=\"application\/ld+json\" class=\"yoast-schema-graph\">{\"@context\":\"https:\/\/schema.org\",\"@graph\":[{\"@type\":\"WebPage\",\"@id\":\"https:\/\/odysseus-contests.eu\/2016\/it\/regole\/rights-and-protection-of-minors\/\",\"url\":\"https:\/\/odysseus-contests.eu\/2016\/it\/regole\/rights-and-protection-of-minors\/\",\"name\":\"Diritti e protezione dei minori - ODYSSEUS II\",\"isPartOf\":{\"@id\":\"https:\/\/odysseus-contests.eu\/2016\/de\/#website\"},\"datePublished\":\"2015-07-06T23:01:11+00:00\",\"dateModified\":\"2015-07-06T23:01:11+00:00\",\"breadcrumb\":{\"@id\":\"https:\/\/odysseus-contests.eu\/2016\/it\/regole\/rights-and-protection-of-minors\/#breadcrumb\"},\"inLanguage\":\"it-IT\",\"potentialAction\":[{\"@type\":\"ReadAction\",\"target\":[\"https:\/\/odysseus-contests.eu\/2016\/it\/regole\/rights-and-protection-of-minors\/\"]}]},{\"@type\":\"BreadcrumbList\",\"@id\":\"https:\/\/odysseus-contests.eu\/2016\/it\/regole\/rights-and-protection-of-minors\/#breadcrumb\",\"itemListElement\":[{\"@type\":\"ListItem\",\"position\":1,\"name\":\"Home\",\"item\":\"https:\/\/odysseus-contests.eu\/2016\/it\/\"},{\"@type\":\"ListItem\",\"position\":2,\"name\":\"Regole\",\"item\":\"https:\/\/odysseus-contests.eu\/2016\/it\/regole\/\"},{\"@type\":\"ListItem\",\"position\":3,\"name\":\"Diritti e protezione dei minori\"}]},{\"@type\":\"WebSite\",\"@id\":\"https:\/\/odysseus-contests.eu\/2016\/de\/#website\",\"url\":\"https:\/\/odysseus-contests.eu\/2016\/de\/\",\"name\":\"ODYSSEUS II\",\"description\":\"European Youth Space Contest\",\"potentialAction\":[{\"@type\":\"SearchAction\",\"target\":{\"@type\":\"EntryPoint\",\"urlTemplate\":\"https:\/\/odysseus-contests.eu\/2016\/de\/?s={search_term_string}\"},\"query-input\":\"required name=search_term_string\"}],\"inLanguage\":\"it-IT\"}]}<\/script>\n<!-- \/ Yoast SEO plugin. -->","yoast_head_json":{"title":"Diritti e protezione dei minori - ODYSSEUS II","robots":{"index":"index","follow":"follow","max-snippet":"max-snippet:-1","max-image-preview":"max-image-preview:large","max-video-preview":"max-video-preview:-1"},"canonical":"https:\/\/odysseus-contests.eu\/2016\/it\/regole\/rights-and-protection-of-minors\/","og_locale":"it_IT","og_type":"article","og_title":"Diritti e protezione dei minori - ODYSSEUS II","og_description":"\u00c8 responsabilit\u00e0 dell\u2019insegnante-leader del team fornire complete e corrette informazioni sui partecipanti al concorso al momento della registrazione. Ogni partecipante sotto i18 anni dovr\u00e0fornire il consenso parentale firmato per partecipare al concorso. Un analogo consensodovr\u00e0 essere fornito per il viaggio alle finali regionali e internazionale. \u00c8 responsabilit\u00e0 dell\u2019insegnante-leader fornire il consenso parentale firmato. Tutti i [&hellip;]","og_url":"https:\/\/odysseus-contests.eu\/2016\/it\/regole\/rights-and-protection-of-minors\/","og_site_name":"ODYSSEUS II","twitter_card":"summary_large_image","schema":{"@context":"https:\/\/schema.org","@graph":[{"@type":"WebPage","@id":"https:\/\/odysseus-contests.eu\/2016\/it\/regole\/rights-and-protection-of-minors\/","url":"https:\/\/odysseus-contests.eu\/2016\/it\/regole\/rights-and-protection-of-minors\/","name":"Diritti e protezione dei minori - ODYSSEUS II","isPartOf":{"@id":"https:\/\/odysseus-contests.eu\/2016\/de\/#website"},"datePublished":"2015-07-06T23:01:11+00:00","dateModified":"2015-07-06T23:01:11+00:00","breadcrumb":{"@id":"https:\/\/odysseus-contests.eu\/2016\/it\/regole\/rights-and-protection-of-minors\/#breadcrumb"},"inLanguage":"it-IT","potentialAction":[{"@type":"ReadAction","target":["https:\/\/odysseus-contests.eu\/2016\/it\/regole\/rights-and-protection-of-minors\/"]}]},{"@type":"BreadcrumbList","@id":"https:\/\/odysseus-contests.eu\/2016\/it\/regole\/rights-and-protection-of-minors\/#breadcrumb","itemListElement":[{"@type":"ListItem","position":1,"name":"Home","item":"https:\/\/odysseus-contests.eu\/2016\/it\/"},{"@type":"ListItem","position":2,"name":"Regole","item":"https:\/\/odysseus-contests.eu\/2016\/it\/regole\/"},{"@type":"ListItem","position":3,"name":"Diritti e protezione dei minori"}]},{"@type":"WebSite","@id":"https:\/\/odysseus-contests.eu\/2016\/de\/#website","url":"https:\/\/odysseus-contests.eu\/2016\/de\/","name":"ODYSSEUS II","description":"European Youth Space Contest","potentialAction":[{"@type":"SearchAction","target":{"@type":"EntryPoint","urlTemplate":"https:\/\/odysseus-contests.eu\/2016\/de\/?s={search_term_string}"},"query-input":"required name=search_term_string"}],"inLanguage":"it-IT"}]}},"_links":{"self":[{"href":"https:\/\/odysseus-contests.eu\/2016\/it\/wp-json\/wp\/v2\/pages\/2252"}],"collection":[{"href":"https:\/\/odysseus-contests.eu\/2016\/it\/wp-json\/wp\/v2\/pages"}],"about":[{"href":"https:\/\/odysseus-contests.eu\/2016\/it\/wp-json\/wp\/v2\/types\/page"}],"author":[{"embeddable":true,"href":"https:\/\/odysseus-contests.eu\/2016\/it\/wp-json\/wp\/v2\/users\/1"}],"replies":[{"embeddable":true,"href":"https:\/\/odysseus-contests.eu\/2016\/it\/wp-json\/wp\/v2\/comments?post=2252"}],"version-history":[{"count":0,"href":"https:\/\/odysseus-contests.eu\/2016\/it\/wp-json\/wp\/v2\/pages\/2252\/revisions"}],"up":[{"embeddable":true,"href":"https:\/\/odysseus-contests.eu\/2016\/it\/wp-json\/wp\/v2\/pages\/2235"}],"wp:attachment":[{"href":"https:\/\/odysseus-contests.eu\/2016\/it\/wp-json\/wp\/v2\/media?parent=2252"}],"curies":[{"name":"wp","href":"https:\/\/api.w.org\/{rel}","templated":true}]}}