{"id":2241,"date":"2015-07-07T01:55:35","date_gmt":"2015-07-06T22:55:35","guid":{"rendered":"http:\/\/odysseus-contests.eu\/2016\/?page_id=2241"},"modified":"2015-07-07T01:55:35","modified_gmt":"2015-07-06T22:55:35","slug":"registrazione","status":"publish","type":"page","link":"https:\/\/odysseus-contests.eu\/2016\/it\/regole\/registrazione\/","title":{"rendered":"Registrazione"},"content":{"rendered":"<ul>\n<li>La registrazione al concorso Odysseus II pu\u00f2 essere fatta solo on-line attraverso il sito web: <a href=\"http:\/\/www.odysseus-contest.eu\">odysseus-contest.eu<\/a><\/li>\n<li>Il periodo in cui fare la registrazione \u00e8: 1<sup>o<\/sup> Settembre 2015 &#8211; 15 Gennaio 2016.<\/li>\n<li>Registrandosi al concorso Odysseus II ogni concorrente o insegnante-leader accetta le regole dl concorso come definite in queso document e sul sito web dedicato al concorso.<\/li>\n<li>I concorrenti, o l\u2019insegnante-leader, dovranno fornire agli organizzatori le informazioni come definite nell\u2019apposito modulo.<\/li>\n<li>Gli organizzatori forniranno un account sicuro per i concorrenti in tutte le categorie. Quindi, ogni scolaro o team o studente ricever\u00e0 uno username ed una password per accedere al proprio account (cio\u00e8 vi sar\u00e0 un solo account per ogni imagine, progetto).<\/li>\n<li>L\u2019insegnante-leader dovr\u00e0 avere l\u2019autorit\u00e0 per confermare e assicurare l\u2019accuratezza di tutte le informazioni personali richieste,\u00e8 dichiarare di accettare che gli organizzatori possano utilizzare le informazioni fornite per verificare l\u2019autorit\u00e0 ad agire come insegnante-leader.La stessa responsabilit\u00e0 \u00e8 richiesta agli studenti che si registreranno come concorrenti.<\/li>\n<li>Gli organizzatori possono chiudere un account e bloccarne l\u2019uso se la registrazione \u00e8 incompleta, se i dati non sono rispondenti al vero (o se gli organizzatori li ritengono tali), inaccurati, non aggiornati o forniti in modo tale che non possano essere verificati..<\/li>\n<li>I concorrenti e l\u2019insegnante-leader sono tenuti a mantenere la sicurezza del proprio account e per tutte le attivit\u00e0 svolte utilizzandolo. L\u2019insegnante-leader dovr\u00e0 immediatamente notificare agli organizzatori ogni utilizzo non autorizzato dell\u2019account da parte dei membri dei team da lui seguiti, o ogni sospetto diutilizzo improprio da parte di estranei.<\/li>\n<\/ul>\n","protected":false},"excerpt":{"rendered":"<p>La registrazione al concorso Odysseus II pu\u00f2 essere fatta solo on-line attraverso il sito web: odysseus-contest.eu Il periodo in cui fare la registrazione \u00e8: 1o Settembre 2015 &#8211; 15 Gennaio 2016. Registrandosi al concorso Odysseus II ogni concorrente o insegnante-leader accetta le regole dl concorso come definite in queso document e sul sito web dedicato [&hellip;]<\/p>\n","protected":false},"author":1,"featured_media":0,"parent":2235,"menu_order":40,"comment_status":"closed","ping_status":"closed","template":"","meta":[],"acf":[],"yoast_head":"<!-- This site is optimized with the Yoast SEO plugin v19.14 - https:\/\/yoast.com\/wordpress\/plugins\/seo\/ -->\n<title>Registrazione - ODYSSEUS II<\/title>\n<meta name=\"robots\" content=\"index, follow, max-snippet:-1, max-image-preview:large, max-video-preview:-1\" \/>\n<link rel=\"canonical\" href=\"https:\/\/odysseus-contests.eu\/2016\/it\/regole\/registrazione\/\" \/>\n<meta property=\"og:locale\" content=\"it_IT\" \/>\n<meta property=\"og:type\" content=\"article\" \/>\n<meta property=\"og:title\" content=\"Registrazione - ODYSSEUS II\" \/>\n<meta property=\"og:description\" content=\"La registrazione al concorso Odysseus II pu\u00f2 essere fatta solo on-line attraverso il sito web: odysseus-contest.eu Il periodo in cui fare la registrazione \u00e8: 1o Settembre 2015 &#8211; 15 Gennaio 2016. Registrandosi al concorso Odysseus II ogni concorrente o insegnante-leader accetta le regole dl concorso come definite in queso document e sul sito web dedicato [&hellip;]\" \/>\n<meta property=\"og:url\" content=\"https:\/\/odysseus-contests.eu\/2016\/it\/regole\/registrazione\/\" \/>\n<meta property=\"og:site_name\" content=\"ODYSSEUS II\" \/>\n<meta name=\"twitter:card\" content=\"summary_large_image\" \/>\n<meta name=\"twitter:label1\" content=\"Tempo di lettura stimato\" \/>\n\t<meta name=\"twitter:data1\" content=\"1 minuto\" \/>\n<script type=\"application\/ld+json\" class=\"yoast-schema-graph\">{\"@context\":\"https:\/\/schema.org\",\"@graph\":[{\"@type\":\"WebPage\",\"@id\":\"https:\/\/odysseus-contests.eu\/2016\/it\/regole\/registrazione\/\",\"url\":\"https:\/\/odysseus-contests.eu\/2016\/it\/regole\/registrazione\/\",\"name\":\"Registrazione - ODYSSEUS II\",\"isPartOf\":{\"@id\":\"https:\/\/odysseus-contests.eu\/2016\/de\/#website\"},\"datePublished\":\"2015-07-06T22:55:35+00:00\",\"dateModified\":\"2015-07-06T22:55:35+00:00\",\"breadcrumb\":{\"@id\":\"https:\/\/odysseus-contests.eu\/2016\/it\/regole\/registrazione\/#breadcrumb\"},\"inLanguage\":\"it-IT\",\"potentialAction\":[{\"@type\":\"ReadAction\",\"target\":[\"https:\/\/odysseus-contests.eu\/2016\/it\/regole\/registrazione\/\"]}]},{\"@type\":\"BreadcrumbList\",\"@id\":\"https:\/\/odysseus-contests.eu\/2016\/it\/regole\/registrazione\/#breadcrumb\",\"itemListElement\":[{\"@type\":\"ListItem\",\"position\":1,\"name\":\"Home\",\"item\":\"https:\/\/odysseus-contests.eu\/2016\/it\/\"},{\"@type\":\"ListItem\",\"position\":2,\"name\":\"Regole\",\"item\":\"https:\/\/odysseus-contests.eu\/2016\/it\/regole\/\"},{\"@type\":\"ListItem\",\"position\":3,\"name\":\"Registrazione\"}]},{\"@type\":\"WebSite\",\"@id\":\"https:\/\/odysseus-contests.eu\/2016\/de\/#website\",\"url\":\"https:\/\/odysseus-contests.eu\/2016\/de\/\",\"name\":\"ODYSSEUS II\",\"description\":\"European Youth Space Contest\",\"potentialAction\":[{\"@type\":\"SearchAction\",\"target\":{\"@type\":\"EntryPoint\",\"urlTemplate\":\"https:\/\/odysseus-contests.eu\/2016\/de\/?s={search_term_string}\"},\"query-input\":\"required name=search_term_string\"}],\"inLanguage\":\"it-IT\"}]}<\/script>\n<!-- \/ Yoast SEO plugin. -->","yoast_head_json":{"title":"Registrazione - ODYSSEUS II","robots":{"index":"index","follow":"follow","max-snippet":"max-snippet:-1","max-image-preview":"max-image-preview:large","max-video-preview":"max-video-preview:-1"},"canonical":"https:\/\/odysseus-contests.eu\/2016\/it\/regole\/registrazione\/","og_locale":"it_IT","og_type":"article","og_title":"Registrazione - ODYSSEUS II","og_description":"La registrazione al concorso Odysseus II pu\u00f2 essere fatta solo on-line attraverso il sito web: odysseus-contest.eu Il periodo in cui fare la registrazione \u00e8: 1o Settembre 2015 &#8211; 15 Gennaio 2016. Registrandosi al concorso Odysseus II ogni concorrente o insegnante-leader accetta le regole dl concorso come definite in queso document e sul sito web dedicato [&hellip;]","og_url":"https:\/\/odysseus-contests.eu\/2016\/it\/regole\/registrazione\/","og_site_name":"ODYSSEUS II","twitter_card":"summary_large_image","twitter_misc":{"Tempo di lettura stimato":"1 minuto"},"schema":{"@context":"https:\/\/schema.org","@graph":[{"@type":"WebPage","@id":"https:\/\/odysseus-contests.eu\/2016\/it\/regole\/registrazione\/","url":"https:\/\/odysseus-contests.eu\/2016\/it\/regole\/registrazione\/","name":"Registrazione - ODYSSEUS II","isPartOf":{"@id":"https:\/\/odysseus-contests.eu\/2016\/de\/#website"},"datePublished":"2015-07-06T22:55:35+00:00","dateModified":"2015-07-06T22:55:35+00:00","breadcrumb":{"@id":"https:\/\/odysseus-contests.eu\/2016\/it\/regole\/registrazione\/#breadcrumb"},"inLanguage":"it-IT","potentialAction":[{"@type":"ReadAction","target":["https:\/\/odysseus-contests.eu\/2016\/it\/regole\/registrazione\/"]}]},{"@type":"BreadcrumbList","@id":"https:\/\/odysseus-contests.eu\/2016\/it\/regole\/registrazione\/#breadcrumb","itemListElement":[{"@type":"ListItem","position":1,"name":"Home","item":"https:\/\/odysseus-contests.eu\/2016\/it\/"},{"@type":"ListItem","position":2,"name":"Regole","item":"https:\/\/odysseus-contests.eu\/2016\/it\/regole\/"},{"@type":"ListItem","position":3,"name":"Registrazione"}]},{"@type":"WebSite","@id":"https:\/\/odysseus-contests.eu\/2016\/de\/#website","url":"https:\/\/odysseus-contests.eu\/2016\/de\/","name":"ODYSSEUS II","description":"European Youth Space Contest","potentialAction":[{"@type":"SearchAction","target":{"@type":"EntryPoint","urlTemplate":"https:\/\/odysseus-contests.eu\/2016\/de\/?s={search_term_string}"},"query-input":"required name=search_term_string"}],"inLanguage":"it-IT"}]}},"_links":{"self":[{"href":"https:\/\/odysseus-contests.eu\/2016\/it\/wp-json\/wp\/v2\/pages\/2241"}],"collection":[{"href":"https:\/\/odysseus-contests.eu\/2016\/it\/wp-json\/wp\/v2\/pages"}],"about":[{"href":"https:\/\/odysseus-contests.eu\/2016\/it\/wp-json\/wp\/v2\/types\/page"}],"author":[{"embeddable":true,"href":"https:\/\/odysseus-contests.eu\/2016\/it\/wp-json\/wp\/v2\/users\/1"}],"replies":[{"embeddable":true,"href":"https:\/\/odysseus-contests.eu\/2016\/it\/wp-json\/wp\/v2\/comments?post=2241"}],"version-history":[{"count":0,"href":"https:\/\/odysseus-contests.eu\/2016\/it\/wp-json\/wp\/v2\/pages\/2241\/revisions"}],"up":[{"embeddable":true,"href":"https:\/\/odysseus-contests.eu\/2016\/it\/wp-json\/wp\/v2\/pages\/2235"}],"wp:attachment":[{"href":"https:\/\/odysseus-contests.eu\/2016\/it\/wp-json\/wp\/v2\/media?parent=2241"}],"curies":[{"name":"wp","href":"https:\/\/api.w.org\/{rel}","templated":true}]}}