{"id":2165,"date":"2015-07-07T01:09:59","date_gmt":"2015-07-06T22:09:59","guid":{"rendered":"http:\/\/odysseus-contests.eu\/2016\/?page_id=2165"},"modified":"2015-07-11T21:55:05","modified_gmt":"2015-07-11T18:55:05","slug":"domande-frequenti","status":"publish","type":"page","link":"https:\/\/odysseus-contests.eu\/2016\/it\/pioneers-4\/domande-frequenti\/","title":{"rendered":"Domande Frequenti"},"content":{"rendered":"<h3>D:\u00a0 Cosa \u00e8 Odysseus II?<\/h3>\n<p>R: Odysseus II \u00e8 un progetto finanziato dalla Commissione Europea, il cui obiettivo \u00e8 l\u2019organizzazione di un concorso pan-europeo, per scolari e studenti di et\u00e0 compresa tra sette(7) e ventidue (22) anni, avente come tema di riferimento l\u2019Esplorazione Spaziale e la Scienza dello Spazio. Anche se finanziato dall\u2019Unione Europea, al concorso possono partecipare anche gli scolari e studenti residenti in paesi non-EU.<\/p>\n<h3>D:\u00a0 Desidero registrare un team al concorso \u2013 Come posso fare?<\/h3>\n<p>R:\u00a0 Ci si pu\u00f2 registrare sul sito web Odysseus II sottomettendo la e-mail e selezionando un\u2019opportuna password (<em>hyperlink: <strong>Enter the Odysseus contest section<\/strong><\/em>).\u00a0 Successivamente si deve selezionare la categoria Pioneers e accettare le regole del concorso. Si potr\u00e0 verificare il proprio account cliccando sul link che sar\u00e0 fornito nella e-mail di conferma della registrazione. Si potranno quindi inserire i dettagli di chi effettua la registrazione e del partecipante mediante i formati predisposti.Ogni team deve consistere di due (2)o tre (3)membri con un insegnante come leader. Nota: ogni team deve essere registrato dal proprio insegnante-leader.(si veda la sezione \u201cRegole\u201d).<\/p>\n<h3>D:\u00a0\u00a0 Quanti anni bisogna avere per partecipare come \u201cPioneers\u201d?<\/h3>\n<p>R:\u00a0 I partecipanti devono avere un\u2019et\u00e0 compresa tra quattordici(14) e diciotto (18) anni (studenti di scuola secondaria nati tra il 1<sup>o<\/sup> Aprile 1997 e il 31 Marzo 2002).<\/p>\n<h3>D:\u00a0\u00a0 Devo soddisfare ad ulteriori requisiti per partecipare al concorso?<\/h3>\n<p>R:\u00a0 S\u00ec, il genitore o tutoredeve firmare e fornire all\u2019insegnante-leader il consenso parentale per la partecipazione al concorso e l\u2019accettazione delle regole dello stesso. Per poter partecipare al concorso la registrazione deve avvenire entro il 15 Gennaio 2016.<\/p>\n<h3>Q:\u00a0 Posso essere aiutato nel formare un team?<\/h3>\n<p>R:\u00a0 S\u00ec pu\u00f2 utilizzare il blog che si trova sul sito web Odysseus II per porsi in comunicazione con altri partecipanti e verificare la disponiblit\u00e0 di possibili partner con competenze specifiche.<\/p>\n<h3>D:\u00a0\u00a0 Il team pu\u00f2 essere formato da studenti di scuole differenti?<\/h3>\n<p>R:\u00a0 S\u00ec, il team pu\u00f2 essere formato da studenti di diverse scuole, purch\u00e8 tutte all\u2019interno della stessa nazione.<\/p>\n<h3>Q:\u00a0\u00a0 Una volta completata la registrazione si pu\u00f2 aggiungere un membro al team?<\/h3>\n<p>A:\u00a0 S\u00ec; l\u2019insegnante leader pu\u00f2 aggiungere dei partecipanti fino al 15 Gennaio 2016 purch\u00e8 non si ecceda il limite di tre studenti per team.<\/p>\n<h3>D:\u00a0\u00a0 Posso fare parte di pi\u00f9 di un team?<\/h3>\n<p>R:\u00a0 No; ogni studente pu\u00f2 competere in un solo team.<\/p>\n<h3>D:\u00a0\u00a0 In quale lingua deve essere sottomesso l\u2019elaborato?<\/h3>\n<p>R:\u00a0 In una qualsiasi delle 24 dell\u2019Unione Europea. I team dei paesi non aderenti alla UE possono scegliere una qualsiasi di queste 24.<\/p>\n<p>Se il team viene selezionato per la finale internazionale esso dovr\u00e0 tradurre l\u2019elaborato \/ progetto in inglese se sottomesso in una lingua differente.<\/p>\n<h3>D:\u00a0 Sono disponibili informazioni su come creare un progetto?<\/h3>\n<p>R: Si \u00e8 liberi di selezionare il settore tematico nel cui ambito sviluppare il progetto. Si \u00e8 poi liberi di scegliere la struttura dello stesso e la modalit\u00e0 della sua presentazione (testo, presentazione power point, video, prototipo, elaborato multimediale, esperimento, etc.). Bisogna comunque includere un \u201cProject Worksheet\u201d, come dal formato fornito, che descriva le fondamenta su cui il progetto \u00e8 basato.\u00a0 Si \u00e8 liberi di sottomettere tutti i file che si ritengono necessari alla piena comprensione del progetto. Per visionare alcuni esempi di elaborati e link a risorse utili del web consultare la sezione <strong>Libreria<\/strong> del sito web<em>(hyperlink)<\/em>.<\/p>\n<h3>D:\u00a0 Come posso sottomettere un elaborato?<\/h3>\n<p>R:\u00a0 Ci si deve registrare nel sito, quindi collegarsi con i propri username e password e caricare il file cliccando sul link \u201cSottometti l\u2019Elaborato\u201d.<\/p>\n<h3>D:\u00a0 Il mio team pu\u00f2 sottomettere pi\u00f9 di un progetto?<\/h3>\n<p>R:\u00a0 No.\u00a0 Ogni team pu\u00f2 sottomettere un solo progetto.<\/p>\n<h3>D:\u00a0 Cosa succede se dimentico la password?<\/h3>\n<p>R:\u00a0 C\u2019\u00e8 un apposito link \u201cHo dimenticato la Password\u201d nella pagina web di Log. Cliccando su questo si ricever\u00e0 tramite posta elettronica una nuova password.<\/p>\n<h3>D:\u00a0 Quando posso sottomettere un elaborato?<\/h3>\n<p>R: Gli elaborate dovranno essere sottomessi nel periodo tra il 1<sup>o<\/sup> Settembre 2015 fino alla mezzanotte del 31 Marzo 2016. Gli organizzatori raccomandano di sottomettere l\u2019elaborato appena completato e non aspettare la vicinanza della data di termine del concorso.<\/p>\n<h3>D:\u00a0\u00a0 Posso ricevere aiuto per caricare l\u2019elaborato nella piattaforma Odysseus II?<\/h3>\n<p>R:\u00a0 S\u00ec, seguendo le istruzioni fornite nel link \u201c<strong>Sottometti il tuo progetto\u201d<\/strong>.\u00a0 Se questo non \u00e8 sufficiente e si necessita di supporto ulteriore vi preghiamo di compilare e sottomettere agli organizzatori il \u201c<em>modulo di contatto<\/em>\u201d.<\/p>\n<h3>D:\u00a0 Si ricever\u00e0 un riscontro dai valutatori?<\/h3>\n<p>R:\u00a0 Ogni team ricever\u00e0 un sommario della valutazione dei giudici al termine della fase di valutazione.<\/p>\n<h3>D:\u00a0 Quali criteri di valutazione saranno utilizzati?<\/h3>\n<p>R:\u00a0 Per idettagli relativiai criteri di valutazione si rimanda alla sezione\u00a0<em><a href=\"http:\/\/odysseus-contests.eu\/2016\/it\/valutazione-e-criteri\/\" target=\"_blank\">Valutazione e Criteri<\/a><\/em><strong><em>\u00a0<\/em><\/strong>della pagina Pioneers<em>.<\/em><\/p>\n<h3>D:\u00a0\u00a0 Quanti team saranno selezionati per le semi-finali regionali e per la finale internazionale?<\/h3>\n<p>R: A livello nazionale il numero dei vincitori che accederanno alla fase regionale sar\u00e0 determinato in base alla popolazione del paese e al numero di progetti presentati. Gli organizzatori annunceranno il numero dei vincitori che accederanno alla fase regionale successivamente alla data limite di sottomissione degli elaborati tramite il sito web. Tutti i vincitori della fase regionale accederanno alla finale internazionale.<\/p>\n<p>A livello regionale e finale le valutazioni e l\u2019assegnazione dei premi si svolgeranno senza tenere in alcuna considerazione la cittadinanza o ilpaese di provenienza dei concorrenti; non sono quindi previste quote fissate a-priori di assegnazione dei premi.<\/p>\n<h3>D:\u00a0 Potr\u00f2 vedere gli altri elaborati sottomessi per il concorso Odysseus II?<\/h3>\n<p>R:\u00a0 Si, tutti gli elaborati sottoposti saranno visibili sul sito web di Odysseus II nella \u201c<a href=\"http:\/\/odysseus-contests.eu\/2016\/it\/media-gallery\/\" target=\"_blank\">Gallery page<\/a>\u201d, successivamente alla data limite di sottomissione degli elaborati.<\/p>\n<h3>D:\u00a0\u00a0 Quando sapr\u00f2 se il mio team \u00e8 stato selezionato per la semi-finale regionale?<\/h3>\n<p>R:\u00a0 I vincitori a livello nazionale saranno annunciati sul sito web dopo il 28 Febbraio 2016.<\/p>\n<h3>D:\u00a0\u00a0 Come sar\u00f2 informato se il mio team vince la semi-finale regionale?<\/h3>\n<p>R:\u00a0 Il team vincente della semi-finale regionale sar\u00e0 annunciato al termine dell\u2019evento stesso. Inoltre i finalisti saranno annunciati sul sito web il 30 Aprile 2016.<\/p>\n<h3>D:\u00a0 Quali sono i premi?<\/h3>\n<p>R: Per il dettaglio dei premi consultare la sezione <a href=\"http:\/\/odysseus-contests.eu\/2016\/it\/premi\/\" target=\"_blank\">Premi<\/a><strong>\u00a0<\/strong>della pagina Pioneers.<\/p>\n","protected":false},"excerpt":{"rendered":"<p>D:\u00a0 Cosa \u00e8 Odysseus II? R: Odysseus II \u00e8 un progetto finanziato dalla Commissione Europea, il cui obiettivo \u00e8 l\u2019organizzazione di un concorso pan-europeo, per scolari e studenti di et\u00e0 compresa tra sette(7) e ventidue (22) anni, avente come tema di riferimento l\u2019Esplorazione Spaziale e la Scienza dello Spazio. Anche se finanziato dall\u2019Unione Europea, al [&hellip;]<\/p>\n","protected":false},"author":1,"featured_media":0,"parent":2276,"menu_order":100,"comment_status":"closed","ping_status":"closed","template":"","meta":[],"acf":[],"yoast_head":"<!-- This site is optimized with the Yoast SEO plugin v19.14 - https:\/\/yoast.com\/wordpress\/plugins\/seo\/ -->\n<title>Domande Frequenti - ODYSSEUS II<\/title>\n<meta name=\"robots\" content=\"index, follow, max-snippet:-1, max-image-preview:large, max-video-preview:-1\" \/>\n<link rel=\"canonical\" href=\"https:\/\/odysseus-contests.eu\/2016\/it\/pioneers-4\/domande-frequenti\/\" \/>\n<meta property=\"og:locale\" content=\"it_IT\" \/>\n<meta property=\"og:type\" content=\"article\" \/>\n<meta property=\"og:title\" content=\"Domande Frequenti - ODYSSEUS II\" \/>\n<meta property=\"og:description\" content=\"D:\u00a0 Cosa \u00e8 Odysseus II? R: Odysseus II \u00e8 un progetto finanziato dalla Commissione Europea, il cui obiettivo \u00e8 l\u2019organizzazione di un concorso pan-europeo, per scolari e studenti di et\u00e0 compresa tra sette(7) e ventidue (22) anni, avente come tema di riferimento l\u2019Esplorazione Spaziale e la Scienza dello Spazio. Anche se finanziato dall\u2019Unione Europea, al [&hellip;]\" \/>\n<meta property=\"og:url\" content=\"https:\/\/odysseus-contests.eu\/2016\/it\/pioneers-4\/domande-frequenti\/\" \/>\n<meta property=\"og:site_name\" content=\"ODYSSEUS II\" \/>\n<meta property=\"article:modified_time\" content=\"2015-07-11T18:55:05+00:00\" \/>\n<meta name=\"twitter:card\" content=\"summary_large_image\" \/>\n<meta name=\"twitter:label1\" content=\"Tempo di lettura stimato\" \/>\n\t<meta name=\"twitter:data1\" content=\"5 minuti\" \/>\n<script type=\"application\/ld+json\" class=\"yoast-schema-graph\">{\"@context\":\"https:\/\/schema.org\",\"@graph\":[{\"@type\":\"WebPage\",\"@id\":\"https:\/\/odysseus-contests.eu\/2016\/it\/pioneers-4\/domande-frequenti\/\",\"url\":\"https:\/\/odysseus-contests.eu\/2016\/it\/pioneers-4\/domande-frequenti\/\",\"name\":\"Domande Frequenti - ODYSSEUS II\",\"isPartOf\":{\"@id\":\"https:\/\/odysseus-contests.eu\/2016\/de\/#website\"},\"datePublished\":\"2015-07-06T22:09:59+00:00\",\"dateModified\":\"2015-07-11T18:55:05+00:00\",\"breadcrumb\":{\"@id\":\"https:\/\/odysseus-contests.eu\/2016\/it\/pioneers-4\/domande-frequenti\/#breadcrumb\"},\"inLanguage\":\"it-IT\",\"potentialAction\":[{\"@type\":\"ReadAction\",\"target\":[\"https:\/\/odysseus-contests.eu\/2016\/it\/pioneers-4\/domande-frequenti\/\"]}]},{\"@type\":\"BreadcrumbList\",\"@id\":\"https:\/\/odysseus-contests.eu\/2016\/it\/pioneers-4\/domande-frequenti\/#breadcrumb\",\"itemListElement\":[{\"@type\":\"ListItem\",\"position\":1,\"name\":\"Home\",\"item\":\"https:\/\/odysseus-contests.eu\/2016\/it\/\"},{\"@type\":\"ListItem\",\"position\":2,\"name\":\"Pioneers\",\"item\":\"https:\/\/odysseus-contests.eu\/2016\/it\/pioneers-4\/\"},{\"@type\":\"ListItem\",\"position\":3,\"name\":\"Domande Frequenti\"}]},{\"@type\":\"WebSite\",\"@id\":\"https:\/\/odysseus-contests.eu\/2016\/de\/#website\",\"url\":\"https:\/\/odysseus-contests.eu\/2016\/de\/\",\"name\":\"ODYSSEUS II\",\"description\":\"European Youth Space Contest\",\"potentialAction\":[{\"@type\":\"SearchAction\",\"target\":{\"@type\":\"EntryPoint\",\"urlTemplate\":\"https:\/\/odysseus-contests.eu\/2016\/de\/?s={search_term_string}\"},\"query-input\":\"required name=search_term_string\"}],\"inLanguage\":\"it-IT\"}]}<\/script>\n<!-- \/ Yoast SEO plugin. -->","yoast_head_json":{"title":"Domande Frequenti - ODYSSEUS II","robots":{"index":"index","follow":"follow","max-snippet":"max-snippet:-1","max-image-preview":"max-image-preview:large","max-video-preview":"max-video-preview:-1"},"canonical":"https:\/\/odysseus-contests.eu\/2016\/it\/pioneers-4\/domande-frequenti\/","og_locale":"it_IT","og_type":"article","og_title":"Domande Frequenti - ODYSSEUS II","og_description":"D:\u00a0 Cosa \u00e8 Odysseus II? R: Odysseus II \u00e8 un progetto finanziato dalla Commissione Europea, il cui obiettivo \u00e8 l\u2019organizzazione di un concorso pan-europeo, per scolari e studenti di et\u00e0 compresa tra sette(7) e ventidue (22) anni, avente come tema di riferimento l\u2019Esplorazione Spaziale e la Scienza dello Spazio. Anche se finanziato dall\u2019Unione Europea, al [&hellip;]","og_url":"https:\/\/odysseus-contests.eu\/2016\/it\/pioneers-4\/domande-frequenti\/","og_site_name":"ODYSSEUS II","article_modified_time":"2015-07-11T18:55:05+00:00","twitter_card":"summary_large_image","twitter_misc":{"Tempo di lettura stimato":"5 minuti"},"schema":{"@context":"https:\/\/schema.org","@graph":[{"@type":"WebPage","@id":"https:\/\/odysseus-contests.eu\/2016\/it\/pioneers-4\/domande-frequenti\/","url":"https:\/\/odysseus-contests.eu\/2016\/it\/pioneers-4\/domande-frequenti\/","name":"Domande Frequenti - ODYSSEUS II","isPartOf":{"@id":"https:\/\/odysseus-contests.eu\/2016\/de\/#website"},"datePublished":"2015-07-06T22:09:59+00:00","dateModified":"2015-07-11T18:55:05+00:00","breadcrumb":{"@id":"https:\/\/odysseus-contests.eu\/2016\/it\/pioneers-4\/domande-frequenti\/#breadcrumb"},"inLanguage":"it-IT","potentialAction":[{"@type":"ReadAction","target":["https:\/\/odysseus-contests.eu\/2016\/it\/pioneers-4\/domande-frequenti\/"]}]},{"@type":"BreadcrumbList","@id":"https:\/\/odysseus-contests.eu\/2016\/it\/pioneers-4\/domande-frequenti\/#breadcrumb","itemListElement":[{"@type":"ListItem","position":1,"name":"Home","item":"https:\/\/odysseus-contests.eu\/2016\/it\/"},{"@type":"ListItem","position":2,"name":"Pioneers","item":"https:\/\/odysseus-contests.eu\/2016\/it\/pioneers-4\/"},{"@type":"ListItem","position":3,"name":"Domande Frequenti"}]},{"@type":"WebSite","@id":"https:\/\/odysseus-contests.eu\/2016\/de\/#website","url":"https:\/\/odysseus-contests.eu\/2016\/de\/","name":"ODYSSEUS II","description":"European Youth Space Contest","potentialAction":[{"@type":"SearchAction","target":{"@type":"EntryPoint","urlTemplate":"https:\/\/odysseus-contests.eu\/2016\/de\/?s={search_term_string}"},"query-input":"required name=search_term_string"}],"inLanguage":"it-IT"}]}},"_links":{"self":[{"href":"https:\/\/odysseus-contests.eu\/2016\/it\/wp-json\/wp\/v2\/pages\/2165"}],"collection":[{"href":"https:\/\/odysseus-contests.eu\/2016\/it\/wp-json\/wp\/v2\/pages"}],"about":[{"href":"https:\/\/odysseus-contests.eu\/2016\/it\/wp-json\/wp\/v2\/types\/page"}],"author":[{"embeddable":true,"href":"https:\/\/odysseus-contests.eu\/2016\/it\/wp-json\/wp\/v2\/users\/1"}],"replies":[{"embeddable":true,"href":"https:\/\/odysseus-contests.eu\/2016\/it\/wp-json\/wp\/v2\/comments?post=2165"}],"version-history":[{"count":0,"href":"https:\/\/odysseus-contests.eu\/2016\/it\/wp-json\/wp\/v2\/pages\/2165\/revisions"}],"up":[{"embeddable":true,"href":"https:\/\/odysseus-contests.eu\/2016\/it\/wp-json\/wp\/v2\/pages\/2276"}],"wp:attachment":[{"href":"https:\/\/odysseus-contests.eu\/2016\/it\/wp-json\/wp\/v2\/media?parent=2165"}],"curies":[{"name":"wp","href":"https:\/\/api.w.org\/{rel}","templated":true}]}}