{"id":2159,"date":"2015-07-07T00:56:08","date_gmt":"2015-07-06T21:56:08","guid":{"rendered":"http:\/\/odysseus-contests.eu\/2016\/?page_id=2159"},"modified":"2015-07-11T21:37:33","modified_gmt":"2015-07-11T18:37:33","slug":"regole","status":"publish","type":"page","link":"https:\/\/odysseus-contests.eu\/2016\/it\/pioneers-4\/regole\/","title":{"rendered":"Regole"},"content":{"rendered":"<ul>\n<li>Il concorso \u00e8 aperto agli studenti della scuola secondaria di primo e secondo grado di et\u00e0 compresa tra quattordici (14) e diciotto (18) anni; cio\u00e8 nati tra il 1<sup>o<\/sup>Aprile 1997 e 31Marzo 2002.<\/li>\n<li>I team \u201cPioneers\u201dsono costituiti da due (2) o tre (3) membri, guidati da un insegnante-leader. Gli studenti possono provenire anche da scuole differenti, purch\u00e8 della stessa nazione, l\u2019importante \u00e8 che siano rispettati i limiti di et\u00e0. Il team pu\u00f2 avere un mentore che guidi il team per gli aspetti tecnici e scientifici fuori dalla portata degli studenti (<em>hyperlink<\/em>).<\/li>\n<li>Ogni team \u201cPioneers\u201d deve avere un insegnante-leader per la guida del team, la registrazione al concorso, la sottomissione dell\u2019elaborato oltre che fornire l\u2019accompagnamento durante gli eventuali viaggi di partecipazione alle semi-finali, alla finale e al viaggio premio.<\/li>\n<li>Tutti i team possono presentare un unico progetto e ogni concorrente pu\u00f2 competere in un solo team.<\/li>\n<li>I team devono scegliersi un nome di riferimento unico, identificativo e che rifletta gli obiettivi educazionali, scientifici o sociali del concorso e del progetto elaborato.<\/li>\n<li>Tutti i team concorrenti devono sottomettere un progetto originale collegato ai temi dello spazio come definiti per la categoria di et\u00e0 di appartenenza.<\/li>\n<li>I team \u201cPioneers\u201d devono sottomettere i loro elaboratitra il 1<sup>o<\/sup>Settembre 2015 e il 15 Gennaio 2016.<\/li>\n<li>Gli elaborati devono essere costituiti dal lavoro dei partecipanti al team e realizzati appositamente per il concorso.<\/li>\n<li>I progetti \u201cPioneers\u201d saranno valutati a tre livelli\/fasi:\n<ul>\n<li>Nazionale, da una giuria costituita da esperti del proprio paese e basata sul materiale sottomesso elettronicamente.Questa valutazione sar\u00e0 svolta nel periodo compreso tra il 16 Gennaio 2016 e il 26 Febbraio 2016. I vincitori di questo livello saranno annunciati sul sito web entro il 28 Febbraio 2016. I lavori provenienti da paesi non aderenti all\u2019Unione Europea saranno assegnati dagli organizzatori ad una o pi\u00f9 giurie in accordo alla lingua scelta per la sottomissione.<\/li>\n<li>Regionale, da una giuria formata da selezionati giudici che hanno partecipato alle valutazioni del livello precedente. Le votazioni avranno luogo durante le semi-finali che saranno organizzate in ciascuna Regione e si baseranno sulla presentazione che i team faranno in pubblico ai giudici.Le semi-finali regionali si terranno tra il 15 Marzo 2016 e il 26 Aprile 2016. Le date esatte per cascuna regione saranno annunciate sul sito Odysseus II.<\/li>\n<li>Internazionale, da una giuria formata da ricercatori, educatori e personalit\u00e0 di spicco del mondo della scienza. A tale livello saranno giudicati i vincitori di quello precedente. Le votazioni avranno luogo durante la finale che si svolger\u00e0 a Bruxelleso a Tolosa e si baseranno sulla presentazione che i team faranno in pubblico ai giudici. La finale internazionale si svolger\u00e0 tra il 4 e il 7 Luglio 2016.<\/li>\n<\/ul>\n<\/li>\n<li>A livello nazionale il numero dei vincitori che accederanno alla fase regionale sar\u00e0 determinato in base alla popolazione del paese e al numero di progetti presentati. Gli organizzatori annunceranno il numero dei vincitori che accederanno alla fase regionale successivamente alla data limite di sottomissione degli elaborati tramite il sito web. Tutti i vincitori della fase regionale accederanno alla finale internazionale.<\/li>\n<li>A livello regionale e finale le valutazioni e l\u2019assegnazione dei premi si svolgeranno senza tenere in alcuna considerazione la cittadinanza dei concorrenti; cio\u00e8 non sono previste quote fissate a-priori di assegnazione dei premi.<\/li>\n<li>I giudizi saranno basati in accordo ai seguenti criteri di valutazione:\n<ul>\n<li>Eccellenza educativa (accuratezza, difficolt\u00e0)<\/li>\n<li>Rilevanza rispetto al tema scelto<\/li>\n<li>Abilit\u00e0 nel trovare soluzioni ai problemi incontrati nell\u2019esecuzione del progetto<\/li>\n<li>Originalit\u00e0<\/li>\n<li>Rilevanza degli aspetti sociali considerati<\/li>\n<li>Modalit\u00e0 di presentazione del materiale<\/li>\n<li>Meriti tecnici e di realizzazione<\/li>\n<li>Consapevolezza della sostenibilit\u00e0 economica e ambientale<\/li>\n<\/ul>\n<\/li>\n<li>Ad ogni team sar\u00e0 dato un sommario elaborato dai giudici relativamente alla valutazione del prodotto sviluppato, nel periodo immediatamente successivo alla valutazione stessa.<\/li>\n<li>I giudici esprimeranno anche speciali citazioni ai team non vincitori relativamente a specifici aspetti del lavoro, come ad esempio:\n<ul>\n<li>Migliori grafici dal punto di vista dell\u2019elaborazione grafica<\/li>\n<li>Il problema pi\u00f9 originale<\/li>\n<li>La presentazione pi\u00f9 professionale<\/li>\n<li>La presentazione di miglior resa artistica<\/li>\n<li>L\u2019approccio pi\u00f9 innovativonell\u2019affrontare il problema<\/li>\n<li>Il progetto con la maggiore attenzione all\u2019ambiente<\/li>\n<li>Il miglior utilizzo delle conoscenze specifiche riguardo allo spazio<\/li>\n<\/ul>\n<\/li>\n<li>Ogni team \u201cPioneer\u201d ricever\u00e0 un diploma di partecipazione al concorso, cos\u00ec come l\u2019insegnante-leader.<\/li>\n<li>Tutti iprogetti vincenti saranno pubblicati in completo nella \u201cHall of Fame\u201d del sito web Odysseus II e ai concorrenti sar\u00e0 consegnata una medaglia.<\/li>\n<li>La partecipazione al concorso \u00e8 gratuita e le spese di viaggio per partecipare alle semi-finali e alle finali (biglietti aerei o ferroviari, albergo, pranzi e assicurazioni) saranno a carico degli Organizzatori (entro limiti ragionevoli). Dei costi di cui sopra sono considerati a carico degli organizzatori quelli per l\u2019insegnante-leader e un massimo di tre componenti del team.<\/li>\n<li>Durante le semi-finali regionali e le finali i concorrenti parteciperanno a un insieme variegato di attivit\u00e0 (visite guidate, attivit\u00e0 di laboratorio, seminari) legate all\u2019ambito spaziale. Questi eventi saranno organizzati e le spese di partecipazione coperte dagli organizzatori del concorso.<\/li>\n<li>\u00c8 responsabilit\u00e0 dell\u2019insegnante-leader il fornire informazioni corrette, e in accordo al dettaglio richiesto, riguardo ai partecipanti al team attraverso la compilazione della richiesta di registrazione al concorso.<\/li>\n<li>Per ogni partecipante al concorso di et\u00e0 inferiore ai diciotto (18)anni dovr\u00e0 essere fornito il consenso parentale alla partecipazione al concorso.<\/li>\n<li>Analogamente il consenso parentale dovr\u00e0 essere fornito per la partecipazione alle semi-finali e alla finale, e per il relativo viaggio, per ogni concorrente di et\u00e0 inferiore ai (18)anni.<\/li>\n<li>\u00c8 responsabilit\u00e0 dell\u2019insegnante-leader fornire tale consenso parentale debitamente firmato.<\/li>\n<li>Ogni insegnante-leader pu\u00f2 guidare fino ad un massimo di 4 team.<\/li>\n<\/ul>\n","protected":false},"excerpt":{"rendered":"<p>Il concorso \u00e8 aperto agli studenti della scuola secondaria di primo e secondo grado di et\u00e0 compresa tra quattordici (14) e diciotto (18) anni; cio\u00e8 nati tra il 1oAprile 1997 e 31Marzo 2002. I team \u201cPioneers\u201dsono costituiti da due (2) o tre (3) membri, guidati da un insegnante-leader. Gli studenti possono provenire anche da scuole [&hellip;]<\/p>\n","protected":false},"author":1,"featured_media":0,"parent":2276,"menu_order":20,"comment_status":"closed","ping_status":"closed","template":"","meta":[],"acf":[],"yoast_head":"<!-- This site is optimized with the Yoast SEO plugin v19.14 - https:\/\/yoast.com\/wordpress\/plugins\/seo\/ -->\n<title>Regole - ODYSSEUS II<\/title>\n<meta name=\"robots\" content=\"index, follow, max-snippet:-1, max-image-preview:large, max-video-preview:-1\" \/>\n<link rel=\"canonical\" href=\"https:\/\/odysseus-contests.eu\/2016\/it\/pioneers-4\/regole\/\" \/>\n<meta property=\"og:locale\" content=\"it_IT\" \/>\n<meta property=\"og:type\" content=\"article\" \/>\n<meta property=\"og:title\" content=\"Regole - ODYSSEUS II\" \/>\n<meta property=\"og:description\" content=\"Il concorso \u00e8 aperto agli studenti della scuola secondaria di primo e secondo grado di et\u00e0 compresa tra quattordici (14) e diciotto (18) anni; cio\u00e8 nati tra il 1oAprile 1997 e 31Marzo 2002. I team \u201cPioneers\u201dsono costituiti da due (2) o tre (3) membri, guidati da un insegnante-leader. Gli studenti possono provenire anche da scuole [&hellip;]\" \/>\n<meta property=\"og:url\" content=\"https:\/\/odysseus-contests.eu\/2016\/it\/pioneers-4\/regole\/\" \/>\n<meta property=\"og:site_name\" content=\"ODYSSEUS II\" \/>\n<meta property=\"article:modified_time\" content=\"2015-07-11T18:37:33+00:00\" \/>\n<meta name=\"twitter:card\" content=\"summary_large_image\" \/>\n<meta name=\"twitter:label1\" content=\"Tempo di lettura stimato\" \/>\n\t<meta name=\"twitter:data1\" content=\"4 minuti\" \/>\n<script type=\"application\/ld+json\" class=\"yoast-schema-graph\">{\"@context\":\"https:\/\/schema.org\",\"@graph\":[{\"@type\":\"WebPage\",\"@id\":\"https:\/\/odysseus-contests.eu\/2016\/it\/pioneers-4\/regole\/\",\"url\":\"https:\/\/odysseus-contests.eu\/2016\/it\/pioneers-4\/regole\/\",\"name\":\"Regole - ODYSSEUS II\",\"isPartOf\":{\"@id\":\"https:\/\/odysseus-contests.eu\/2016\/de\/#website\"},\"datePublished\":\"2015-07-06T21:56:08+00:00\",\"dateModified\":\"2015-07-11T18:37:33+00:00\",\"breadcrumb\":{\"@id\":\"https:\/\/odysseus-contests.eu\/2016\/it\/pioneers-4\/regole\/#breadcrumb\"},\"inLanguage\":\"it-IT\",\"potentialAction\":[{\"@type\":\"ReadAction\",\"target\":[\"https:\/\/odysseus-contests.eu\/2016\/it\/pioneers-4\/regole\/\"]}]},{\"@type\":\"BreadcrumbList\",\"@id\":\"https:\/\/odysseus-contests.eu\/2016\/it\/pioneers-4\/regole\/#breadcrumb\",\"itemListElement\":[{\"@type\":\"ListItem\",\"position\":1,\"name\":\"Home\",\"item\":\"https:\/\/odysseus-contests.eu\/2016\/it\/\"},{\"@type\":\"ListItem\",\"position\":2,\"name\":\"Pioneers\",\"item\":\"https:\/\/odysseus-contests.eu\/2016\/it\/pioneers-4\/\"},{\"@type\":\"ListItem\",\"position\":3,\"name\":\"Regole\"}]},{\"@type\":\"WebSite\",\"@id\":\"https:\/\/odysseus-contests.eu\/2016\/de\/#website\",\"url\":\"https:\/\/odysseus-contests.eu\/2016\/de\/\",\"name\":\"ODYSSEUS II\",\"description\":\"European Youth Space Contest\",\"potentialAction\":[{\"@type\":\"SearchAction\",\"target\":{\"@type\":\"EntryPoint\",\"urlTemplate\":\"https:\/\/odysseus-contests.eu\/2016\/de\/?s={search_term_string}\"},\"query-input\":\"required name=search_term_string\"}],\"inLanguage\":\"it-IT\"}]}<\/script>\n<!-- \/ Yoast SEO plugin. -->","yoast_head_json":{"title":"Regole - ODYSSEUS II","robots":{"index":"index","follow":"follow","max-snippet":"max-snippet:-1","max-image-preview":"max-image-preview:large","max-video-preview":"max-video-preview:-1"},"canonical":"https:\/\/odysseus-contests.eu\/2016\/it\/pioneers-4\/regole\/","og_locale":"it_IT","og_type":"article","og_title":"Regole - ODYSSEUS II","og_description":"Il concorso \u00e8 aperto agli studenti della scuola secondaria di primo e secondo grado di et\u00e0 compresa tra quattordici (14) e diciotto (18) anni; cio\u00e8 nati tra il 1oAprile 1997 e 31Marzo 2002. I team \u201cPioneers\u201dsono costituiti da due (2) o tre (3) membri, guidati da un insegnante-leader. Gli studenti possono provenire anche da scuole [&hellip;]","og_url":"https:\/\/odysseus-contests.eu\/2016\/it\/pioneers-4\/regole\/","og_site_name":"ODYSSEUS II","article_modified_time":"2015-07-11T18:37:33+00:00","twitter_card":"summary_large_image","twitter_misc":{"Tempo di lettura stimato":"4 minuti"},"schema":{"@context":"https:\/\/schema.org","@graph":[{"@type":"WebPage","@id":"https:\/\/odysseus-contests.eu\/2016\/it\/pioneers-4\/regole\/","url":"https:\/\/odysseus-contests.eu\/2016\/it\/pioneers-4\/regole\/","name":"Regole - ODYSSEUS II","isPartOf":{"@id":"https:\/\/odysseus-contests.eu\/2016\/de\/#website"},"datePublished":"2015-07-06T21:56:08+00:00","dateModified":"2015-07-11T18:37:33+00:00","breadcrumb":{"@id":"https:\/\/odysseus-contests.eu\/2016\/it\/pioneers-4\/regole\/#breadcrumb"},"inLanguage":"it-IT","potentialAction":[{"@type":"ReadAction","target":["https:\/\/odysseus-contests.eu\/2016\/it\/pioneers-4\/regole\/"]}]},{"@type":"BreadcrumbList","@id":"https:\/\/odysseus-contests.eu\/2016\/it\/pioneers-4\/regole\/#breadcrumb","itemListElement":[{"@type":"ListItem","position":1,"name":"Home","item":"https:\/\/odysseus-contests.eu\/2016\/it\/"},{"@type":"ListItem","position":2,"name":"Pioneers","item":"https:\/\/odysseus-contests.eu\/2016\/it\/pioneers-4\/"},{"@type":"ListItem","position":3,"name":"Regole"}]},{"@type":"WebSite","@id":"https:\/\/odysseus-contests.eu\/2016\/de\/#website","url":"https:\/\/odysseus-contests.eu\/2016\/de\/","name":"ODYSSEUS II","description":"European Youth Space Contest","potentialAction":[{"@type":"SearchAction","target":{"@type":"EntryPoint","urlTemplate":"https:\/\/odysseus-contests.eu\/2016\/de\/?s={search_term_string}"},"query-input":"required name=search_term_string"}],"inLanguage":"it-IT"}]}},"_links":{"self":[{"href":"https:\/\/odysseus-contests.eu\/2016\/it\/wp-json\/wp\/v2\/pages\/2159"}],"collection":[{"href":"https:\/\/odysseus-contests.eu\/2016\/it\/wp-json\/wp\/v2\/pages"}],"about":[{"href":"https:\/\/odysseus-contests.eu\/2016\/it\/wp-json\/wp\/v2\/types\/page"}],"author":[{"embeddable":true,"href":"https:\/\/odysseus-contests.eu\/2016\/it\/wp-json\/wp\/v2\/users\/1"}],"replies":[{"embeddable":true,"href":"https:\/\/odysseus-contests.eu\/2016\/it\/wp-json\/wp\/v2\/comments?post=2159"}],"version-history":[{"count":0,"href":"https:\/\/odysseus-contests.eu\/2016\/it\/wp-json\/wp\/v2\/pages\/2159\/revisions"}],"up":[{"embeddable":true,"href":"https:\/\/odysseus-contests.eu\/2016\/it\/wp-json\/wp\/v2\/pages\/2276"}],"wp:attachment":[{"href":"https:\/\/odysseus-contests.eu\/2016\/it\/wp-json\/wp\/v2\/media?parent=2159"}],"curies":[{"name":"wp","href":"https:\/\/api.w.org\/{rel}","templated":true}]}}