{"id":2118,"date":"2015-07-07T00:29:05","date_gmt":"2015-07-06T21:29:05","guid":{"rendered":"http:\/\/odysseus-contests.eu\/2016\/?page_id=2118"},"modified":"2015-07-07T00:29:05","modified_gmt":"2015-07-06T21:29:05","slug":"note-legali-privacy","status":"publish","type":"page","link":"https:\/\/odysseus-contests.eu\/2016\/it\/note-legali-privacy\/","title":{"rendered":"Note Legali | Privacy"},"content":{"rendered":"<p>Grazie per aver visitato il sito del concorso Odysseus II. \u00a0L\u2019accesso al sito comporta l\u2019accettazione dei seguenti termini, condizioni e leggi applicabili.<\/p>\n<p>Se non diversamente dichiarato, i contenuti di questo sito inclusi, ma non limitati a, testi e immagini, sono di propriet\u00e0 del Consorzio Odysseus II. Tutti i marchi usati o a cui ci si riferisce sono di propriet\u00e0 dei rispettivi proprietari.<\/p>\n<p>L\u2019uso dei contenuto del sito Odysseus II Contest \u00e8 a proprio rischio. Quando si utilizzano i contenuti del sito si dichiara implicitamente di rispettare ogni legge e regolamento relativia: copyright, marchi registrati, segreti industriali, propriet\u00e0 intellettuale e quant\u2019altro esplicitamente dichiarato in materiale specifico.<\/p>\n<p>Nel rispetto di quanto sopra, \u00e8 permesso scaricare, pubblicare, copiare, distribuire, mostrare e trasmettere qualunque porzione di talicontenuti per scopi e educativi e noncommerciali.<\/p>\n<p>Per quanto non espresso esplicitamente, ci si dichiara d\u2019accordo nel non permettere a terzi di pubblicare, copiare, trasmettere, trasferire, vendere, riprodurre, dare in sotto-licenza, creare lavori derivati o sfruttare economicamente parti o nella sua completezza i contenuti del sito del concorso Odysseus II in modo incompatibilecon i termini d\u2019uso e le leggi applicabili.<\/p>\n<p>Possono essere attivati collegamential sito del concorso Odysseus II solo per scopi educativie non commerciali. Ci si riserva il diritto di proibire a qualunque ente o individuo di stabilire collegamential sito.<\/p>\n<p>Il sito Odysseus II pu\u00f2 includere collegamentiad altri siti. Quando si accede a tali siti esterni ci si disconnette dal sito Odysseus II essendo questi al di fuori del controllo degli organizzatori del concorso e si accetta che il consorzio non \u00e8 responsabile n\u00e8 li sostiene.<\/p>\n<p>Il sito del concorso Odysseus II \u00e8 fornito per l\u2019uso senza alcuna garanzia, espressao implicita.Usando il sito l&#8217;utente accetta di assumersi tutti i rischi associati con l&#8217;uso del sito del concorso Odysseus. L&#8217;utente accetta inoltre di tenere indenne Signosis Sprl., i suoi funzionari, direttori, impiegati e agenti da tutti le rivalse derivanti da o correlate all&#8217;uso di, o dall&#8217;impossibilit\u00e0 di utilizzare, questo sito web o siti web a cui questo sito \u00e8 collegato.<\/p>\n<p>L&#8217;utente accetta che n\u00e9 Signosis Sprl n\u00e9 alcuna degli altri partner del Consorzio Odysseus II sar\u00e0 responsabile per eventuali danni o perdite causate o presumibilmente causate dalle informazioni contenute nel sito web. In nessun caso Signosis Sprl., i suoi funzionari, direttori, dipendenti o agenti sar\u00e0 responsabile per eventuali danni diretti, indiretti, incidentali, punitivi o conseguenti di qualsiasi natura relativi all&#8217;uso del sito contest Odysseus II. Questa esclusione e rinuncia o responsabilit\u00e0 si applica a tutte le cause, basato su contratti, garanzia, torto o qualsiasi altra teoria legale.<\/p>\n<p>Si accetta che tali informazioni e materiali possano contenere delle inaccuratezze o errori e Signosis Sprl espressamente esclude ogni responsabilit\u00e0 legale inaccuratezze ed errori per quanto permesso dalla legge.<\/p>\n<p>Tentativi non autorizzati di caricare o cambiare informazioni o comunque di danneggiare il sito del concorso sonorigorosamente proibiti e perseguibili a norma di legge. Per assicurare la sicurezzadel sito e che questo servizio rimanga disponible a tutti gli utilizzatori, il sistema utilizza programmi software per monitorare il traffico di rete e identificare possibili tentativi non autorizzati di caricare o modificare contenuti o comunque di danneggiamento delle informazioni.<\/p>\n<p>Le informazioni disponibili in questo sito sono gratuite e solo per scopi informativi e il loro utilizzo non comporta la creazione di una relazione di affari o fornitura di servizi tra l\u2019utilizzatore e i parter del concorso Odysseus II. I collegamenti presenti possono trasferire a siti o servizi non operati o gestiti dai partner del consorzio Odysseus II.<\/p>\n<p>L\u2019utilizzatore \u00e8 responsabile per il rispetto da parte sua delle leggi definite dalla giurisdizione del paese da cui \u00e8 effettuato l\u2019accesso al sito e accetta di non utilizzare le informazioni di questo sito in violazione di tali leggi.Se non espresso esplicitamente ogni informazione da voi fornita \u00e8 ritenuta non-confidenziale e non-proprietaria. Si assume dichiarato implicitamente che l\u2019utente abbia le autorizzazioni di legge di sottomettere le informazioni fornite e si accetta di non sottomettere informazioni di cui non si abbia l\u2019autorit\u00e0 legale. Considerando la natura aperta di internet si raccomanda di non fornire informazioni considerate confidenziali.<\/p>\n<p>Se si incontra qualunque difficolt\u00e0 o problema tecnico nell\u2019utilizzo del sito inviare una e-mail a <a href=\"mailto:info@signosis.eu\">info@signosis.eu<\/a><\/p>\n","protected":false},"excerpt":{"rendered":"<p>Grazie per aver visitato il sito del concorso Odysseus II. \u00a0L\u2019accesso al sito comporta l\u2019accettazione dei seguenti termini, condizioni e leggi applicabili. Se non diversamente dichiarato, i contenuti di questo sito inclusi, ma non limitati a, testi e immagini, sono di propriet\u00e0 del Consorzio Odysseus II. Tutti i marchi usati o a cui ci si [&hellip;]<\/p>\n","protected":false},"author":1,"featured_media":0,"parent":0,"menu_order":0,"comment_status":"closed","ping_status":"closed","template":"","meta":[],"acf":[],"yoast_head":"<!-- This site is optimized with the Yoast SEO plugin v19.14 - https:\/\/yoast.com\/wordpress\/plugins\/seo\/ -->\n<title>Note Legali | Privacy - ODYSSEUS II<\/title>\n<meta name=\"robots\" content=\"index, follow, max-snippet:-1, max-image-preview:large, max-video-preview:-1\" \/>\n<link rel=\"canonical\" href=\"https:\/\/odysseus-contests.eu\/2016\/it\/note-legali-privacy\/\" \/>\n<meta property=\"og:locale\" content=\"it_IT\" \/>\n<meta property=\"og:type\" content=\"article\" \/>\n<meta property=\"og:title\" content=\"Note Legali | Privacy - ODYSSEUS II\" \/>\n<meta property=\"og:description\" content=\"Grazie per aver visitato il sito del concorso Odysseus II. \u00a0L\u2019accesso al sito comporta l\u2019accettazione dei seguenti termini, condizioni e leggi applicabili. Se non diversamente dichiarato, i contenuti di questo sito inclusi, ma non limitati a, testi e immagini, sono di propriet\u00e0 del Consorzio Odysseus II. Tutti i marchi usati o a cui ci si [&hellip;]\" \/>\n<meta property=\"og:url\" content=\"https:\/\/odysseus-contests.eu\/2016\/it\/note-legali-privacy\/\" \/>\n<meta property=\"og:site_name\" content=\"ODYSSEUS II\" \/>\n<meta name=\"twitter:card\" content=\"summary_large_image\" \/>\n<meta name=\"twitter:label1\" content=\"Tempo di lettura stimato\" \/>\n\t<meta name=\"twitter:data1\" content=\"3 minuti\" \/>\n<script type=\"application\/ld+json\" class=\"yoast-schema-graph\">{\"@context\":\"https:\/\/schema.org\",\"@graph\":[{\"@type\":\"WebPage\",\"@id\":\"https:\/\/odysseus-contests.eu\/2016\/it\/note-legali-privacy\/\",\"url\":\"https:\/\/odysseus-contests.eu\/2016\/it\/note-legali-privacy\/\",\"name\":\"Note Legali | Privacy - ODYSSEUS II\",\"isPartOf\":{\"@id\":\"https:\/\/odysseus-contests.eu\/2016\/de\/#website\"},\"datePublished\":\"2015-07-06T21:29:05+00:00\",\"dateModified\":\"2015-07-06T21:29:05+00:00\",\"breadcrumb\":{\"@id\":\"https:\/\/odysseus-contests.eu\/2016\/it\/note-legali-privacy\/#breadcrumb\"},\"inLanguage\":\"it-IT\",\"potentialAction\":[{\"@type\":\"ReadAction\",\"target\":[\"https:\/\/odysseus-contests.eu\/2016\/it\/note-legali-privacy\/\"]}]},{\"@type\":\"BreadcrumbList\",\"@id\":\"https:\/\/odysseus-contests.eu\/2016\/it\/note-legali-privacy\/#breadcrumb\",\"itemListElement\":[{\"@type\":\"ListItem\",\"position\":1,\"name\":\"Home\",\"item\":\"https:\/\/odysseus-contests.eu\/2016\/it\/\"},{\"@type\":\"ListItem\",\"position\":2,\"name\":\"Note Legali | Privacy\"}]},{\"@type\":\"WebSite\",\"@id\":\"https:\/\/odysseus-contests.eu\/2016\/de\/#website\",\"url\":\"https:\/\/odysseus-contests.eu\/2016\/de\/\",\"name\":\"ODYSSEUS II\",\"description\":\"European Youth Space Contest\",\"potentialAction\":[{\"@type\":\"SearchAction\",\"target\":{\"@type\":\"EntryPoint\",\"urlTemplate\":\"https:\/\/odysseus-contests.eu\/2016\/de\/?s={search_term_string}\"},\"query-input\":\"required name=search_term_string\"}],\"inLanguage\":\"it-IT\"}]}<\/script>\n<!-- \/ Yoast SEO plugin. -->","yoast_head_json":{"title":"Note Legali | Privacy - ODYSSEUS II","robots":{"index":"index","follow":"follow","max-snippet":"max-snippet:-1","max-image-preview":"max-image-preview:large","max-video-preview":"max-video-preview:-1"},"canonical":"https:\/\/odysseus-contests.eu\/2016\/it\/note-legali-privacy\/","og_locale":"it_IT","og_type":"article","og_title":"Note Legali | Privacy - ODYSSEUS II","og_description":"Grazie per aver visitato il sito del concorso Odysseus II. \u00a0L\u2019accesso al sito comporta l\u2019accettazione dei seguenti termini, condizioni e leggi applicabili. Se non diversamente dichiarato, i contenuti di questo sito inclusi, ma non limitati a, testi e immagini, sono di propriet\u00e0 del Consorzio Odysseus II. Tutti i marchi usati o a cui ci si [&hellip;]","og_url":"https:\/\/odysseus-contests.eu\/2016\/it\/note-legali-privacy\/","og_site_name":"ODYSSEUS II","twitter_card":"summary_large_image","twitter_misc":{"Tempo di lettura stimato":"3 minuti"},"schema":{"@context":"https:\/\/schema.org","@graph":[{"@type":"WebPage","@id":"https:\/\/odysseus-contests.eu\/2016\/it\/note-legali-privacy\/","url":"https:\/\/odysseus-contests.eu\/2016\/it\/note-legali-privacy\/","name":"Note Legali | Privacy - ODYSSEUS II","isPartOf":{"@id":"https:\/\/odysseus-contests.eu\/2016\/de\/#website"},"datePublished":"2015-07-06T21:29:05+00:00","dateModified":"2015-07-06T21:29:05+00:00","breadcrumb":{"@id":"https:\/\/odysseus-contests.eu\/2016\/it\/note-legali-privacy\/#breadcrumb"},"inLanguage":"it-IT","potentialAction":[{"@type":"ReadAction","target":["https:\/\/odysseus-contests.eu\/2016\/it\/note-legali-privacy\/"]}]},{"@type":"BreadcrumbList","@id":"https:\/\/odysseus-contests.eu\/2016\/it\/note-legali-privacy\/#breadcrumb","itemListElement":[{"@type":"ListItem","position":1,"name":"Home","item":"https:\/\/odysseus-contests.eu\/2016\/it\/"},{"@type":"ListItem","position":2,"name":"Note Legali | Privacy"}]},{"@type":"WebSite","@id":"https:\/\/odysseus-contests.eu\/2016\/de\/#website","url":"https:\/\/odysseus-contests.eu\/2016\/de\/","name":"ODYSSEUS II","description":"European Youth Space Contest","potentialAction":[{"@type":"SearchAction","target":{"@type":"EntryPoint","urlTemplate":"https:\/\/odysseus-contests.eu\/2016\/de\/?s={search_term_string}"},"query-input":"required name=search_term_string"}],"inLanguage":"it-IT"}]}},"_links":{"self":[{"href":"https:\/\/odysseus-contests.eu\/2016\/it\/wp-json\/wp\/v2\/pages\/2118"}],"collection":[{"href":"https:\/\/odysseus-contests.eu\/2016\/it\/wp-json\/wp\/v2\/pages"}],"about":[{"href":"https:\/\/odysseus-contests.eu\/2016\/it\/wp-json\/wp\/v2\/types\/page"}],"author":[{"embeddable":true,"href":"https:\/\/odysseus-contests.eu\/2016\/it\/wp-json\/wp\/v2\/users\/1"}],"replies":[{"embeddable":true,"href":"https:\/\/odysseus-contests.eu\/2016\/it\/wp-json\/wp\/v2\/comments?post=2118"}],"version-history":[{"count":0,"href":"https:\/\/odysseus-contests.eu\/2016\/it\/wp-json\/wp\/v2\/pages\/2118\/revisions"}],"wp:attachment":[{"href":"https:\/\/odysseus-contests.eu\/2016\/it\/wp-json\/wp\/v2\/media?parent=2118"}],"curies":[{"name":"wp","href":"https:\/\/api.w.org\/{rel}","templated":true}]}}