{"id":2096,"date":"2015-07-07T00:11:07","date_gmt":"2015-07-06T21:11:07","guid":{"rendered":"http:\/\/odysseus-contests.eu\/2016\/?page_id=2096"},"modified":"2015-08-29T14:35:36","modified_gmt":"2015-08-29T11:35:36","slug":"valutazione-ecriteri","status":"publish","type":"page","link":"https:\/\/odysseus-contests.eu\/2016\/it\/explorers\/valutazione-ecriteri\/","title":{"rendered":"Valutazione e Criteri"},"content":{"rendered":"<p style=\"text-align: justify;\">I progetti sottomessi saranno prima valutati a livello nazionale. Questo avverr\u00e0 online nel periodo compreso tra il 16 Gennaio e il 28 Febbraio 2016. Se il progetto \u00e8 selezionato per partecipare al livello regionale, i concorrenti saranno invitati a prendere parte alle semi-finali regionali con gli altri concorrenti vincitori del livello nazionale nella regione di riferimento.\u00a0\u00a0 Nelle semi-finali regionali i vincitori nazionali presenteranno i loro progetti ad una giuria. Le semi-finali regionali si terranno tra il 15 Marzo e il 26 Aprile 2016. I vincitori delle semi-finali regionali si incontreranno quindi a Bruxelleso Tolosa per presentare i loro progetti ad una giuria internazionale durante la finale. La finale si terr\u00e0 tra il 4 ed il 7 Luglio 2016.<\/p>\n<p style=\"text-align: justify;\">Iprogetti saranno giudicati con un punteggio basato sui seguenti criteri di valutazione:<\/p>\n<ul style=\"text-align: justify;\">\n<li><strong>Eccellenza accademica<\/strong> (peso 20%)<\/li>\n<\/ul>\n<p style=\"padding-left: 30px; text-align: justify;\">Il contributo sottoposto alla competizione dimostra eccellenza accademica se contiene argomentazioni ben documentate, utilizza metodi scientifici credibili e verificabili, include citazioni, fa uso critico di risorse scientifiche e pedagogiche ed evidenzia casi in cui i partecipanti hanno acquisito conoscenza dei contesti pertinenti al tema ed hanno approfondito i concetti e le questioni fondamentali relativi al loro progetto.<\/p>\n<ul style=\"text-align: justify;\">\n<li><strong>Pertinenza al tema<\/strong> (peso 10%)<\/li>\n<\/ul>\n<p style=\"padding-left: 30px; text-align: justify;\">Entro questo criterio si valuta la misura in cui il progetto proposto \u00e8 pertinente alla categoria tematica selezionata e alle finalit\u00e0 dell\u2019argomento. Teoria e letteratura relative al tema fissato devono essere adeguatamente utilizzate.<\/p>\n<ul style=\"text-align: justify;\">\n<li><strong>Capacit\u00e0 di soluzione dei problemi <\/strong>(peso 15%)<\/li>\n<\/ul>\n<p style=\"padding-left: 30px; text-align: justify;\">Entro questo criterio si valutano i processi mentali con cui i candidati affrontano l\u2019argomento scelto in termini di descrizione del problema, di identificazione dei dati e dell\u2019informazione da reperire, di pianificazione e svolgimento della soluzione o del ricorso a soluzioni alternative e di valutazione delle soluzioni individuate.<\/p>\n<ul style=\"text-align: justify;\">\n<li><strong>Originalit\u00e0<\/strong> (peso 20%)<\/li>\n<\/ul>\n<p style=\"padding-left: 30px; text-align: justify;\">Criterio chiave per valutare l\u2019originalit\u00e0 del contributo \u00e8 che il progetto sia il prodotto del lavoro e delle idee del team e che sia unico o nuovo o non convenzionale. Anche se il contributo si basa si lavoro di altri, esso sar\u00e0 comunque considerato originale se il team genera un\u2019idea nuova, produce una presentazione originale del problema, adotta un approccio o un metodo nuovi o li implementa in modo innovativo.<\/p>\n<ul style=\"text-align: justify;\">\n<li><strong>Rilevanza sociale (peso 10%)<\/strong><\/li>\n<\/ul>\n<p style=\"padding-left: 30px; text-align: justify;\">Si valuta come, e in che misura, il contributo propone soluzioni e idee che producono benefici sociali a lungo termine diretti o indiretti e\/o in che misura esso fa riferimento a sfide attuali per le nostre societ\u00e0 (es. mutamenti climatici, scarsit\u00e0 di energia, acqua e cibo).<\/p>\n<ul style=\"text-align: justify;\">\n<li><strong>Presentazione (peso 10%)<\/strong><\/li>\n<\/ul>\n<p style=\"padding-left: 30px; text-align: justify;\">Entro questo criterio si valutano la struttura e il formato del progetto complessivo e se i suoi obiettivi, metodologie e risultati sono presentati con chiarezza. Si valutano anche l\u2019organizzazione logica e la connessione delle idee, la chiarezza d\u2019espressione e l\u2019utilizzo di materiali e tecnologie di supporto idonei (fotografie, disegni, diapositive, audio, video, ecc&#8230;)<\/p>\n<ul style=\"text-align: justify;\">\n<li><strong>Qualit\u00e0 tecnica e abilit\u00e0 pratiche <\/strong>(peso 10%)<\/li>\n<\/ul>\n<p style=\"padding-left: 30px; text-align: justify;\">Un contributo dimostra qualit\u00e0 tecnica se delinea una chiara struttura concettuale o una teoria che si appoggiano sulla pertinente letteratura informando la concezione e le variabili chiave del progetto. I valutatori giudicheranno anche le abilit\u00e0 pratiche, incluse osservazione, precisione, comunicazione, capacit\u00e0 di raccogliere e classificare risultati, uso di strumenti tecnologici nonch\u00e9 pure capacit\u00e0 manuali come costruire, saldare, lavorare il legno \u2026<\/p>\n<ul style=\"text-align: justify;\">\n<li><strong>Sostenibilit\u00e0 e consapevolezza ambientale<\/strong> (peso 5%)<\/li>\n<\/ul>\n<p style=\"padding-left: 30px; text-align: justify;\">Entro questo criterio si valuta come le questioni ambientali sono integrate nel contributo tramite, per esempio, l\u2019analisi e le discussione della sostenibilit\u00e0 del progetto o attraverso l\u2019uso di materiali ecologici o di metodi per l\u2019implementazione o la presentazione del progetto .<\/p>\n<p style=\"text-align: justify;\">Inoltre, i progetti non vincenti di ogni fase del concorso potranno essere selezionati per un ampio numero di citazioni speciali da parte dei giudici; le citazioni potranno essere, ad esempio, per: lagrafica pi\u00f9 accattivante , il problema pi\u00f9 originale , la presentazione pi\u00f9 professionale , quella pi\u00f9 artistica , il miglior uso della musica o il progetto pi\u00f9 consapevole delle problematiche ambientali.<\/p>\n<p style=\"text-align: justify;\">Ad ogni squadra di concorrenti sar\u00e0 fornita la sintesi della valutazione elaborata dai giudici del progetto proposto.<\/p>\n","protected":false},"excerpt":{"rendered":"<p>I progetti sottomessi saranno prima valutati a livello nazionale. Questo avverr\u00e0 online nel periodo compreso tra il 16 Gennaio e il 28 Febbraio 2016. Se il progetto \u00e8 selezionato per partecipare al livello regionale, i concorrenti saranno invitati a prendere parte alle semi-finali regionali con gli altri concorrenti vincitori del livello nazionale nella regione di [&hellip;]<\/p>\n","protected":false},"author":1,"featured_media":0,"parent":2091,"menu_order":50,"comment_status":"closed","ping_status":"closed","template":"","meta":[],"acf":[],"yoast_head":"<!-- This site is optimized with the Yoast SEO plugin v19.14 - https:\/\/yoast.com\/wordpress\/plugins\/seo\/ -->\n<title>Valutazione e Criteri - ODYSSEUS II<\/title>\n<meta name=\"robots\" content=\"index, follow, max-snippet:-1, max-image-preview:large, max-video-preview:-1\" \/>\n<link rel=\"canonical\" href=\"https:\/\/odysseus-contests.eu\/2016\/it\/explorers\/valutazione-ecriteri\/\" \/>\n<meta property=\"og:locale\" content=\"it_IT\" \/>\n<meta property=\"og:type\" content=\"article\" \/>\n<meta property=\"og:title\" content=\"Valutazione e Criteri - ODYSSEUS II\" \/>\n<meta property=\"og:description\" content=\"I progetti sottomessi saranno prima valutati a livello nazionale. Questo avverr\u00e0 online nel periodo compreso tra il 16 Gennaio e il 28 Febbraio 2016. Se il progetto \u00e8 selezionato per partecipare al livello regionale, i concorrenti saranno invitati a prendere parte alle semi-finali regionali con gli altri concorrenti vincitori del livello nazionale nella regione di [&hellip;]\" \/>\n<meta property=\"og:url\" content=\"https:\/\/odysseus-contests.eu\/2016\/it\/explorers\/valutazione-ecriteri\/\" \/>\n<meta property=\"og:site_name\" content=\"ODYSSEUS II\" \/>\n<meta property=\"article:modified_time\" content=\"2015-08-29T11:35:36+00:00\" \/>\n<meta name=\"twitter:card\" content=\"summary_large_image\" \/>\n<meta name=\"twitter:label1\" content=\"Tempo di lettura stimato\" \/>\n\t<meta name=\"twitter:data1\" content=\"3 minuti\" \/>\n<script type=\"application\/ld+json\" class=\"yoast-schema-graph\">{\"@context\":\"https:\/\/schema.org\",\"@graph\":[{\"@type\":\"WebPage\",\"@id\":\"https:\/\/odysseus-contests.eu\/2016\/it\/explorers\/valutazione-ecriteri\/\",\"url\":\"https:\/\/odysseus-contests.eu\/2016\/it\/explorers\/valutazione-ecriteri\/\",\"name\":\"Valutazione e Criteri - ODYSSEUS II\",\"isPartOf\":{\"@id\":\"https:\/\/odysseus-contests.eu\/2016\/de\/#website\"},\"datePublished\":\"2015-07-06T21:11:07+00:00\",\"dateModified\":\"2015-08-29T11:35:36+00:00\",\"breadcrumb\":{\"@id\":\"https:\/\/odysseus-contests.eu\/2016\/it\/explorers\/valutazione-ecriteri\/#breadcrumb\"},\"inLanguage\":\"it-IT\",\"potentialAction\":[{\"@type\":\"ReadAction\",\"target\":[\"https:\/\/odysseus-contests.eu\/2016\/it\/explorers\/valutazione-ecriteri\/\"]}]},{\"@type\":\"BreadcrumbList\",\"@id\":\"https:\/\/odysseus-contests.eu\/2016\/it\/explorers\/valutazione-ecriteri\/#breadcrumb\",\"itemListElement\":[{\"@type\":\"ListItem\",\"position\":1,\"name\":\"Home\",\"item\":\"https:\/\/odysseus-contests.eu\/2016\/it\/\"},{\"@type\":\"ListItem\",\"position\":2,\"name\":\"Explorers\",\"item\":\"https:\/\/odysseus-contests.eu\/2016\/it\/explorers\/\"},{\"@type\":\"ListItem\",\"position\":3,\"name\":\"Valutazione e Criteri\"}]},{\"@type\":\"WebSite\",\"@id\":\"https:\/\/odysseus-contests.eu\/2016\/de\/#website\",\"url\":\"https:\/\/odysseus-contests.eu\/2016\/de\/\",\"name\":\"ODYSSEUS II\",\"description\":\"European Youth Space Contest\",\"potentialAction\":[{\"@type\":\"SearchAction\",\"target\":{\"@type\":\"EntryPoint\",\"urlTemplate\":\"https:\/\/odysseus-contests.eu\/2016\/de\/?s={search_term_string}\"},\"query-input\":\"required name=search_term_string\"}],\"inLanguage\":\"it-IT\"}]}<\/script>\n<!-- \/ Yoast SEO plugin. -->","yoast_head_json":{"title":"Valutazione e Criteri - ODYSSEUS II","robots":{"index":"index","follow":"follow","max-snippet":"max-snippet:-1","max-image-preview":"max-image-preview:large","max-video-preview":"max-video-preview:-1"},"canonical":"https:\/\/odysseus-contests.eu\/2016\/it\/explorers\/valutazione-ecriteri\/","og_locale":"it_IT","og_type":"article","og_title":"Valutazione e Criteri - ODYSSEUS II","og_description":"I progetti sottomessi saranno prima valutati a livello nazionale. Questo avverr\u00e0 online nel periodo compreso tra il 16 Gennaio e il 28 Febbraio 2016. Se il progetto \u00e8 selezionato per partecipare al livello regionale, i concorrenti saranno invitati a prendere parte alle semi-finali regionali con gli altri concorrenti vincitori del livello nazionale nella regione di [&hellip;]","og_url":"https:\/\/odysseus-contests.eu\/2016\/it\/explorers\/valutazione-ecriteri\/","og_site_name":"ODYSSEUS II","article_modified_time":"2015-08-29T11:35:36+00:00","twitter_card":"summary_large_image","twitter_misc":{"Tempo di lettura stimato":"3 minuti"},"schema":{"@context":"https:\/\/schema.org","@graph":[{"@type":"WebPage","@id":"https:\/\/odysseus-contests.eu\/2016\/it\/explorers\/valutazione-ecriteri\/","url":"https:\/\/odysseus-contests.eu\/2016\/it\/explorers\/valutazione-ecriteri\/","name":"Valutazione e Criteri - ODYSSEUS II","isPartOf":{"@id":"https:\/\/odysseus-contests.eu\/2016\/de\/#website"},"datePublished":"2015-07-06T21:11:07+00:00","dateModified":"2015-08-29T11:35:36+00:00","breadcrumb":{"@id":"https:\/\/odysseus-contests.eu\/2016\/it\/explorers\/valutazione-ecriteri\/#breadcrumb"},"inLanguage":"it-IT","potentialAction":[{"@type":"ReadAction","target":["https:\/\/odysseus-contests.eu\/2016\/it\/explorers\/valutazione-ecriteri\/"]}]},{"@type":"BreadcrumbList","@id":"https:\/\/odysseus-contests.eu\/2016\/it\/explorers\/valutazione-ecriteri\/#breadcrumb","itemListElement":[{"@type":"ListItem","position":1,"name":"Home","item":"https:\/\/odysseus-contests.eu\/2016\/it\/"},{"@type":"ListItem","position":2,"name":"Explorers","item":"https:\/\/odysseus-contests.eu\/2016\/it\/explorers\/"},{"@type":"ListItem","position":3,"name":"Valutazione e Criteri"}]},{"@type":"WebSite","@id":"https:\/\/odysseus-contests.eu\/2016\/de\/#website","url":"https:\/\/odysseus-contests.eu\/2016\/de\/","name":"ODYSSEUS II","description":"European Youth Space Contest","potentialAction":[{"@type":"SearchAction","target":{"@type":"EntryPoint","urlTemplate":"https:\/\/odysseus-contests.eu\/2016\/de\/?s={search_term_string}"},"query-input":"required name=search_term_string"}],"inLanguage":"it-IT"}]}},"_links":{"self":[{"href":"https:\/\/odysseus-contests.eu\/2016\/it\/wp-json\/wp\/v2\/pages\/2096"}],"collection":[{"href":"https:\/\/odysseus-contests.eu\/2016\/it\/wp-json\/wp\/v2\/pages"}],"about":[{"href":"https:\/\/odysseus-contests.eu\/2016\/it\/wp-json\/wp\/v2\/types\/page"}],"author":[{"embeddable":true,"href":"https:\/\/odysseus-contests.eu\/2016\/it\/wp-json\/wp\/v2\/users\/1"}],"replies":[{"embeddable":true,"href":"https:\/\/odysseus-contests.eu\/2016\/it\/wp-json\/wp\/v2\/comments?post=2096"}],"version-history":[{"count":0,"href":"https:\/\/odysseus-contests.eu\/2016\/it\/wp-json\/wp\/v2\/pages\/2096\/revisions"}],"up":[{"embeddable":true,"href":"https:\/\/odysseus-contests.eu\/2016\/it\/wp-json\/wp\/v2\/pages\/2091"}],"wp:attachment":[{"href":"https:\/\/odysseus-contests.eu\/2016\/it\/wp-json\/wp\/v2\/media?parent=2096"}],"curies":[{"name":"wp","href":"https:\/\/api.w.org\/{rel}","templated":true}]}}