{"id":1399,"date":"2015-06-30T23:27:42","date_gmt":"2015-06-30T20:27:42","guid":{"rendered":"http:\/\/odysseus-contests.eu\/2016\/?page_id=1399"},"modified":"2015-06-30T23:27:42","modified_gmt":"2015-06-30T20:27:42","slug":"publication-et-publicite","status":"publish","type":"page","link":"https:\/\/odysseus-contests.eu\/2016\/fr\/reglement\/publication-et-publicite\/","title":{"rendered":"Publication et publicit\u00e9"},"content":{"rendered":"<ul>\n<li>Les \u00e9l\u00e9ments du dossier ne seront pas restitu\u00e9s et, en tant que \u00ab\u00a0propri\u00e9t\u00e9 du projet Odysseus II\u00a0\u00bb, ils pourront \u00eatre utilis\u00e9s \u00e0 des fins publicitaires, d&rsquo;exposition publique, de faire-savoir et \u00e0 toutes autres fins \u00e0 but non lucratif.<\/li>\n<li>Apr\u00e8s la cl\u00f4ture des soumissions, tous les dossiers seront mis \u00e0 disposition du public via le portail Web du concours Odysseus.<\/li>\n<li>L&rsquo;inscription d&rsquo;une \u00e9quipe donne au concours Odysseus le droit de publier le nom, l&rsquo;\u00e2ge et la nationalit\u00e9 des membres de l&rsquo;\u00e9quipe gagnant sur le site Web d&rsquo;Odysseus.<\/li>\n<li>Les organisateurs du concours pourront demander \u00e0 une \u00e9quipe d&rsquo;envoyer les objets physiques associ\u00e9s \u00e0 leur dossier \u00e0 Bruxelles pour une exposition. Le co\u00fbt de transport des objets sera pris en charge par les organisateurs.<\/li>\n<li>Les membres des \u00e9quipes gagnantes issus de la finale internationale agiront en tant que \u00ab\u00a0Jeunes Ambassadeurs Europ\u00e9ens de l&rsquo;Espace\u00a0\u00bb et participeront \u00e0 des activit\u00e9s de promotion imm\u00e9diatement apr\u00e8s la finale. Ces activit\u00e9s incluront des interviews et des articles pour le site Web du concours Odysseuset d&rsquo;autres initiatives europ\u00e9ennes de promotion.<\/li>\n<\/ul>\n","protected":false},"excerpt":{"rendered":"<p>Les \u00e9l\u00e9ments du dossier ne seront pas restitu\u00e9s et, en tant que \u00ab\u00a0propri\u00e9t\u00e9 du projet Odysseus II\u00a0\u00bb, ils pourront \u00eatre utilis\u00e9s \u00e0 des fins publicitaires, d&rsquo;exposition publique, de faire-savoir et \u00e0 toutes autres fins \u00e0 but non lucratif. Apr\u00e8s la cl\u00f4ture des soumissions, tous les dossiers seront mis \u00e0 disposition du public via le portail [&hellip;]<\/p>\n","protected":false},"author":1,"featured_media":0,"parent":1380,"menu_order":90,"comment_status":"closed","ping_status":"closed","template":"","meta":[],"acf":[],"yoast_head":"<!-- This site is optimized with the Yoast SEO plugin v19.14 - https:\/\/yoast.com\/wordpress\/plugins\/seo\/ -->\n<title>Publication et publicit\u00e9 - ODYSSEUS II<\/title>\n<meta name=\"robots\" content=\"index, follow, max-snippet:-1, max-image-preview:large, max-video-preview:-1\" \/>\n<link rel=\"canonical\" href=\"https:\/\/odysseus-contests.eu\/2016\/fr\/reglement\/publication-et-publicite\/\" \/>\n<meta property=\"og:locale\" content=\"fr_FR\" \/>\n<meta property=\"og:type\" content=\"article\" \/>\n<meta property=\"og:title\" content=\"Publication et publicit\u00e9 - ODYSSEUS II\" \/>\n<meta property=\"og:description\" content=\"Les \u00e9l\u00e9ments du dossier ne seront pas restitu\u00e9s et, en tant que \u00ab\u00a0propri\u00e9t\u00e9 du projet Odysseus II\u00a0\u00bb, ils pourront \u00eatre utilis\u00e9s \u00e0 des fins publicitaires, d&rsquo;exposition publique, de faire-savoir et \u00e0 toutes autres fins \u00e0 but non lucratif. Apr\u00e8s la cl\u00f4ture des soumissions, tous les dossiers seront mis \u00e0 disposition du public via le portail [&hellip;]\" \/>\n<meta property=\"og:url\" content=\"https:\/\/odysseus-contests.eu\/2016\/fr\/reglement\/publication-et-publicite\/\" \/>\n<meta property=\"og:site_name\" content=\"ODYSSEUS II\" \/>\n<meta name=\"twitter:card\" content=\"summary_large_image\" \/>\n<meta name=\"twitter:label1\" content=\"Dur\u00e9e de lecture estim\u00e9e\" \/>\n\t<meta name=\"twitter:data1\" content=\"1 minute\" \/>\n<script type=\"application\/ld+json\" class=\"yoast-schema-graph\">{\"@context\":\"https:\/\/schema.org\",\"@graph\":[{\"@type\":\"WebPage\",\"@id\":\"https:\/\/odysseus-contests.eu\/2016\/fr\/reglement\/publication-et-publicite\/\",\"url\":\"https:\/\/odysseus-contests.eu\/2016\/fr\/reglement\/publication-et-publicite\/\",\"name\":\"Publication et publicit\u00e9 - ODYSSEUS II\",\"isPartOf\":{\"@id\":\"https:\/\/odysseus-contests.eu\/2016\/de\/#website\"},\"datePublished\":\"2015-06-30T20:27:42+00:00\",\"dateModified\":\"2015-06-30T20:27:42+00:00\",\"breadcrumb\":{\"@id\":\"https:\/\/odysseus-contests.eu\/2016\/fr\/reglement\/publication-et-publicite\/#breadcrumb\"},\"inLanguage\":\"fr-FR\",\"potentialAction\":[{\"@type\":\"ReadAction\",\"target\":[\"https:\/\/odysseus-contests.eu\/2016\/fr\/reglement\/publication-et-publicite\/\"]}]},{\"@type\":\"BreadcrumbList\",\"@id\":\"https:\/\/odysseus-contests.eu\/2016\/fr\/reglement\/publication-et-publicite\/#breadcrumb\",\"itemListElement\":[{\"@type\":\"ListItem\",\"position\":1,\"name\":\"Home\",\"item\":\"https:\/\/odysseus-contests.eu\/2016\/fr\/\"},{\"@type\":\"ListItem\",\"position\":2,\"name\":\"R\u00e8glement\",\"item\":\"https:\/\/odysseus-contests.eu\/2016\/fr\/reglement\/\"},{\"@type\":\"ListItem\",\"position\":3,\"name\":\"Publication et publicit\u00e9\"}]},{\"@type\":\"WebSite\",\"@id\":\"https:\/\/odysseus-contests.eu\/2016\/de\/#website\",\"url\":\"https:\/\/odysseus-contests.eu\/2016\/de\/\",\"name\":\"ODYSSEUS II\",\"description\":\"Concours spatial des jeunes\",\"potentialAction\":[{\"@type\":\"SearchAction\",\"target\":{\"@type\":\"EntryPoint\",\"urlTemplate\":\"https:\/\/odysseus-contests.eu\/2016\/de\/?s={search_term_string}\"},\"query-input\":\"required name=search_term_string\"}],\"inLanguage\":\"fr-FR\"}]}<\/script>\n<!-- \/ Yoast SEO plugin. -->","yoast_head_json":{"title":"Publication et publicit\u00e9 - ODYSSEUS II","robots":{"index":"index","follow":"follow","max-snippet":"max-snippet:-1","max-image-preview":"max-image-preview:large","max-video-preview":"max-video-preview:-1"},"canonical":"https:\/\/odysseus-contests.eu\/2016\/fr\/reglement\/publication-et-publicite\/","og_locale":"fr_FR","og_type":"article","og_title":"Publication et publicit\u00e9 - ODYSSEUS II","og_description":"Les \u00e9l\u00e9ments du dossier ne seront pas restitu\u00e9s et, en tant que \u00ab\u00a0propri\u00e9t\u00e9 du projet Odysseus II\u00a0\u00bb, ils pourront \u00eatre utilis\u00e9s \u00e0 des fins publicitaires, d&rsquo;exposition publique, de faire-savoir et \u00e0 toutes autres fins \u00e0 but non lucratif. Apr\u00e8s la cl\u00f4ture des soumissions, tous les dossiers seront mis \u00e0 disposition du public via le portail [&hellip;]","og_url":"https:\/\/odysseus-contests.eu\/2016\/fr\/reglement\/publication-et-publicite\/","og_site_name":"ODYSSEUS II","twitter_card":"summary_large_image","twitter_misc":{"Dur\u00e9e de lecture estim\u00e9e":"1 minute"},"schema":{"@context":"https:\/\/schema.org","@graph":[{"@type":"WebPage","@id":"https:\/\/odysseus-contests.eu\/2016\/fr\/reglement\/publication-et-publicite\/","url":"https:\/\/odysseus-contests.eu\/2016\/fr\/reglement\/publication-et-publicite\/","name":"Publication et publicit\u00e9 - ODYSSEUS II","isPartOf":{"@id":"https:\/\/odysseus-contests.eu\/2016\/de\/#website"},"datePublished":"2015-06-30T20:27:42+00:00","dateModified":"2015-06-30T20:27:42+00:00","breadcrumb":{"@id":"https:\/\/odysseus-contests.eu\/2016\/fr\/reglement\/publication-et-publicite\/#breadcrumb"},"inLanguage":"fr-FR","potentialAction":[{"@type":"ReadAction","target":["https:\/\/odysseus-contests.eu\/2016\/fr\/reglement\/publication-et-publicite\/"]}]},{"@type":"BreadcrumbList","@id":"https:\/\/odysseus-contests.eu\/2016\/fr\/reglement\/publication-et-publicite\/#breadcrumb","itemListElement":[{"@type":"ListItem","position":1,"name":"Home","item":"https:\/\/odysseus-contests.eu\/2016\/fr\/"},{"@type":"ListItem","position":2,"name":"R\u00e8glement","item":"https:\/\/odysseus-contests.eu\/2016\/fr\/reglement\/"},{"@type":"ListItem","position":3,"name":"Publication et publicit\u00e9"}]},{"@type":"WebSite","@id":"https:\/\/odysseus-contests.eu\/2016\/de\/#website","url":"https:\/\/odysseus-contests.eu\/2016\/de\/","name":"ODYSSEUS II","description":"Concours spatial des jeunes","potentialAction":[{"@type":"SearchAction","target":{"@type":"EntryPoint","urlTemplate":"https:\/\/odysseus-contests.eu\/2016\/de\/?s={search_term_string}"},"query-input":"required name=search_term_string"}],"inLanguage":"fr-FR"}]}},"_links":{"self":[{"href":"https:\/\/odysseus-contests.eu\/2016\/fr\/wp-json\/wp\/v2\/pages\/1399"}],"collection":[{"href":"https:\/\/odysseus-contests.eu\/2016\/fr\/wp-json\/wp\/v2\/pages"}],"about":[{"href":"https:\/\/odysseus-contests.eu\/2016\/fr\/wp-json\/wp\/v2\/types\/page"}],"author":[{"embeddable":true,"href":"https:\/\/odysseus-contests.eu\/2016\/fr\/wp-json\/wp\/v2\/users\/1"}],"replies":[{"embeddable":true,"href":"https:\/\/odysseus-contests.eu\/2016\/fr\/wp-json\/wp\/v2\/comments?post=1399"}],"version-history":[{"count":0,"href":"https:\/\/odysseus-contests.eu\/2016\/fr\/wp-json\/wp\/v2\/pages\/1399\/revisions"}],"up":[{"embeddable":true,"href":"https:\/\/odysseus-contests.eu\/2016\/fr\/wp-json\/wp\/v2\/pages\/1380"}],"wp:attachment":[{"href":"https:\/\/odysseus-contests.eu\/2016\/fr\/wp-json\/wp\/v2\/media?parent=1399"}],"curies":[{"name":"wp","href":"https:\/\/api.w.org\/{rel}","templated":true}]}}