{"id":1388,"date":"2015-06-30T23:08:40","date_gmt":"2015-06-30T20:08:40","guid":{"rendered":"http:\/\/odysseus-contests.eu\/2016\/?page_id=1388"},"modified":"2015-06-30T23:08:40","modified_gmt":"2015-06-30T20:08:40","slug":"equipes","status":"publish","type":"page","link":"https:\/\/odysseus-contests.eu\/2016\/fr\/reglement\/equipes\/","title":{"rendered":"\u00c9quipes"},"content":{"rendered":"<ul>\n<li>Les Skywalkers soumettent les images qu&rsquo;ils ont cr\u00e9\u00e9es individuellement.<\/li>\n<li>Les Pioneers travaillent en \u00e9quipes de 2 \u00e0 3 membres, dirig\u00e9es par un professeur-tuteur. Les \u00e9l\u00e8ves au sein d&rsquo;une \u00e9quipe peuvent \u00eatre issus d&rsquo;\u00e9coles diff\u00e9rentes, sous r\u00e9serve que le crit\u00e8re d&rsquo;\u00e2ge soit respect\u00e9. Chaque \u00e9quipe pourra avoir un mentor pour les encadrer techniquement ou scientifiquement (voir ci-dessous pour les mentors).<\/li>\n<li>Les Explorers concourent individuellement, ou en bin\u00f4me, et n&rsquo;auront pas de professeur-tuteur, bien qu&rsquo;ils puissent choisir d&rsquo;\u00eatre conseill\u00e9 par un mentor (voir ci-dessous pour les mentors).<\/li>\n<li>Pour de plus amples informations sur les \u00e9quipes, reportez-vous aux pages Pioneers et Explorers<em>(qui incluent des hyperliens)<\/em>.<\/li>\n<\/ul>\n","protected":false},"excerpt":{"rendered":"<p>Les Skywalkers soumettent les images qu&rsquo;ils ont cr\u00e9\u00e9es individuellement. Les Pioneers travaillent en \u00e9quipes de 2 \u00e0 3 membres, dirig\u00e9es par un professeur-tuteur. Les \u00e9l\u00e8ves au sein d&rsquo;une \u00e9quipe peuvent \u00eatre issus d&rsquo;\u00e9coles diff\u00e9rentes, sous r\u00e9serve que le crit\u00e8re d&rsquo;\u00e2ge soit respect\u00e9. Chaque \u00e9quipe pourra avoir un mentor pour les encadrer techniquement ou scientifiquement (voir [&hellip;]<\/p>\n","protected":false},"author":1,"featured_media":0,"parent":1380,"menu_order":0,"comment_status":"closed","ping_status":"closed","template":"","meta":[],"acf":[],"yoast_head":"<!-- This site is optimized with the Yoast SEO plugin v19.14 - https:\/\/yoast.com\/wordpress\/plugins\/seo\/ -->\n<title>\u00c9quipes - ODYSSEUS II<\/title>\n<meta name=\"robots\" content=\"index, follow, max-snippet:-1, max-image-preview:large, max-video-preview:-1\" \/>\n<link rel=\"canonical\" href=\"https:\/\/odysseus-contests.eu\/2016\/fr\/reglement\/equipes\/\" \/>\n<meta property=\"og:locale\" content=\"fr_FR\" \/>\n<meta property=\"og:type\" content=\"article\" \/>\n<meta property=\"og:title\" content=\"\u00c9quipes - ODYSSEUS II\" \/>\n<meta property=\"og:description\" content=\"Les Skywalkers soumettent les images qu&rsquo;ils ont cr\u00e9\u00e9es individuellement. Les Pioneers travaillent en \u00e9quipes de 2 \u00e0 3 membres, dirig\u00e9es par un professeur-tuteur. Les \u00e9l\u00e8ves au sein d&rsquo;une \u00e9quipe peuvent \u00eatre issus d&rsquo;\u00e9coles diff\u00e9rentes, sous r\u00e9serve que le crit\u00e8re d&rsquo;\u00e2ge soit respect\u00e9. Chaque \u00e9quipe pourra avoir un mentor pour les encadrer techniquement ou scientifiquement (voir [&hellip;]\" \/>\n<meta property=\"og:url\" content=\"https:\/\/odysseus-contests.eu\/2016\/fr\/reglement\/equipes\/\" \/>\n<meta property=\"og:site_name\" content=\"ODYSSEUS II\" \/>\n<meta name=\"twitter:card\" content=\"summary_large_image\" \/>\n<meta name=\"twitter:label1\" content=\"Dur\u00e9e de lecture estim\u00e9e\" \/>\n\t<meta name=\"twitter:data1\" content=\"1 minute\" \/>\n<script type=\"application\/ld+json\" class=\"yoast-schema-graph\">{\"@context\":\"https:\/\/schema.org\",\"@graph\":[{\"@type\":\"WebPage\",\"@id\":\"https:\/\/odysseus-contests.eu\/2016\/fr\/reglement\/equipes\/\",\"url\":\"https:\/\/odysseus-contests.eu\/2016\/fr\/reglement\/equipes\/\",\"name\":\"\u00c9quipes - ODYSSEUS II\",\"isPartOf\":{\"@id\":\"https:\/\/odysseus-contests.eu\/2016\/de\/#website\"},\"datePublished\":\"2015-06-30T20:08:40+00:00\",\"dateModified\":\"2015-06-30T20:08:40+00:00\",\"breadcrumb\":{\"@id\":\"https:\/\/odysseus-contests.eu\/2016\/fr\/reglement\/equipes\/#breadcrumb\"},\"inLanguage\":\"fr-FR\",\"potentialAction\":[{\"@type\":\"ReadAction\",\"target\":[\"https:\/\/odysseus-contests.eu\/2016\/fr\/reglement\/equipes\/\"]}]},{\"@type\":\"BreadcrumbList\",\"@id\":\"https:\/\/odysseus-contests.eu\/2016\/fr\/reglement\/equipes\/#breadcrumb\",\"itemListElement\":[{\"@type\":\"ListItem\",\"position\":1,\"name\":\"Home\",\"item\":\"https:\/\/odysseus-contests.eu\/2016\/fr\/\"},{\"@type\":\"ListItem\",\"position\":2,\"name\":\"R\u00e8glement\",\"item\":\"https:\/\/odysseus-contests.eu\/2016\/fr\/reglement\/\"},{\"@type\":\"ListItem\",\"position\":3,\"name\":\"\u00c9quipes\"}]},{\"@type\":\"WebSite\",\"@id\":\"https:\/\/odysseus-contests.eu\/2016\/de\/#website\",\"url\":\"https:\/\/odysseus-contests.eu\/2016\/de\/\",\"name\":\"ODYSSEUS II\",\"description\":\"Concours spatial des jeunes\",\"potentialAction\":[{\"@type\":\"SearchAction\",\"target\":{\"@type\":\"EntryPoint\",\"urlTemplate\":\"https:\/\/odysseus-contests.eu\/2016\/de\/?s={search_term_string}\"},\"query-input\":\"required name=search_term_string\"}],\"inLanguage\":\"fr-FR\"}]}<\/script>\n<!-- \/ Yoast SEO plugin. -->","yoast_head_json":{"title":"\u00c9quipes - ODYSSEUS II","robots":{"index":"index","follow":"follow","max-snippet":"max-snippet:-1","max-image-preview":"max-image-preview:large","max-video-preview":"max-video-preview:-1"},"canonical":"https:\/\/odysseus-contests.eu\/2016\/fr\/reglement\/equipes\/","og_locale":"fr_FR","og_type":"article","og_title":"\u00c9quipes - ODYSSEUS II","og_description":"Les Skywalkers soumettent les images qu&rsquo;ils ont cr\u00e9\u00e9es individuellement. Les Pioneers travaillent en \u00e9quipes de 2 \u00e0 3 membres, dirig\u00e9es par un professeur-tuteur. Les \u00e9l\u00e8ves au sein d&rsquo;une \u00e9quipe peuvent \u00eatre issus d&rsquo;\u00e9coles diff\u00e9rentes, sous r\u00e9serve que le crit\u00e8re d&rsquo;\u00e2ge soit respect\u00e9. Chaque \u00e9quipe pourra avoir un mentor pour les encadrer techniquement ou scientifiquement (voir [&hellip;]","og_url":"https:\/\/odysseus-contests.eu\/2016\/fr\/reglement\/equipes\/","og_site_name":"ODYSSEUS II","twitter_card":"summary_large_image","twitter_misc":{"Dur\u00e9e de lecture estim\u00e9e":"1 minute"},"schema":{"@context":"https:\/\/schema.org","@graph":[{"@type":"WebPage","@id":"https:\/\/odysseus-contests.eu\/2016\/fr\/reglement\/equipes\/","url":"https:\/\/odysseus-contests.eu\/2016\/fr\/reglement\/equipes\/","name":"\u00c9quipes - ODYSSEUS II","isPartOf":{"@id":"https:\/\/odysseus-contests.eu\/2016\/de\/#website"},"datePublished":"2015-06-30T20:08:40+00:00","dateModified":"2015-06-30T20:08:40+00:00","breadcrumb":{"@id":"https:\/\/odysseus-contests.eu\/2016\/fr\/reglement\/equipes\/#breadcrumb"},"inLanguage":"fr-FR","potentialAction":[{"@type":"ReadAction","target":["https:\/\/odysseus-contests.eu\/2016\/fr\/reglement\/equipes\/"]}]},{"@type":"BreadcrumbList","@id":"https:\/\/odysseus-contests.eu\/2016\/fr\/reglement\/equipes\/#breadcrumb","itemListElement":[{"@type":"ListItem","position":1,"name":"Home","item":"https:\/\/odysseus-contests.eu\/2016\/fr\/"},{"@type":"ListItem","position":2,"name":"R\u00e8glement","item":"https:\/\/odysseus-contests.eu\/2016\/fr\/reglement\/"},{"@type":"ListItem","position":3,"name":"\u00c9quipes"}]},{"@type":"WebSite","@id":"https:\/\/odysseus-contests.eu\/2016\/de\/#website","url":"https:\/\/odysseus-contests.eu\/2016\/de\/","name":"ODYSSEUS II","description":"Concours spatial des jeunes","potentialAction":[{"@type":"SearchAction","target":{"@type":"EntryPoint","urlTemplate":"https:\/\/odysseus-contests.eu\/2016\/de\/?s={search_term_string}"},"query-input":"required name=search_term_string"}],"inLanguage":"fr-FR"}]}},"_links":{"self":[{"href":"https:\/\/odysseus-contests.eu\/2016\/fr\/wp-json\/wp\/v2\/pages\/1388"}],"collection":[{"href":"https:\/\/odysseus-contests.eu\/2016\/fr\/wp-json\/wp\/v2\/pages"}],"about":[{"href":"https:\/\/odysseus-contests.eu\/2016\/fr\/wp-json\/wp\/v2\/types\/page"}],"author":[{"embeddable":true,"href":"https:\/\/odysseus-contests.eu\/2016\/fr\/wp-json\/wp\/v2\/users\/1"}],"replies":[{"embeddable":true,"href":"https:\/\/odysseus-contests.eu\/2016\/fr\/wp-json\/wp\/v2\/comments?post=1388"}],"version-history":[{"count":0,"href":"https:\/\/odysseus-contests.eu\/2016\/fr\/wp-json\/wp\/v2\/pages\/1388\/revisions"}],"up":[{"embeddable":true,"href":"https:\/\/odysseus-contests.eu\/2016\/fr\/wp-json\/wp\/v2\/pages\/1380"}],"wp:attachment":[{"href":"https:\/\/odysseus-contests.eu\/2016\/fr\/wp-json\/wp\/v2\/media?parent=1388"}],"curies":[{"name":"wp","href":"https:\/\/api.w.org\/{rel}","templated":true}]}}