{"id":1357,"date":"2015-06-30T22:47:43","date_gmt":"2015-06-30T19:47:43","guid":{"rendered":"http:\/\/odysseus-contests.eu\/2016\/?page_id=1357"},"modified":"2015-06-30T22:47:43","modified_gmt":"2015-06-30T19:47:43","slug":"commission-consultative","status":"publish","type":"page","link":"https:\/\/odysseus-contests.eu\/2016\/fr\/le-projet-odysseus-ii\/commission-consultative\/","title":{"rendered":"Commission consultative"},"content":{"rendered":"<p style=\"text-align: justify;\"><b><img decoding=\"async\" loading=\"lazy\" class=\"alignleft size-full wp-image-419\" src=\"http:\/\/odysseus-contests.eu\/2016\/wp-content\/uploads\/2015\/05\/image001.png\" alt=\"image001\" width=\"155\" height=\"215\" \/><\/b><\/p>\n<p><strong>Jean-Pierre Swings<\/strong> est Professeur Honoraire \u00e0 l&rsquo;Universit\u00e9 de Li\u00e8ge (Belgique) o\u00f9 il a obtenu son Master en Ing\u00e9nierie Spatiale, et un Doctorat en Astrophysique. Ses sujets d&rsquo;int\u00e9r\u00eat sont, entre autres, la physique solaire et les objets massifs. Il est progressivement pass\u00e9 de l&rsquo;astrophysique observationnelle \u00e0 \u00ab\u00a0l&rsquo;astropolitique\u00a0\u00bb, en tant que Secr\u00e9taire g\u00e9n\u00e9ral de l&rsquo;Union Astronomique Internationale, membre des nombreux comit\u00e9s de l&rsquo;Agence Spatiale Europ\u00e9enne, membre du Conseil de l&rsquo;Observatoire de l&rsquo;Europe du Sud (ESO), et membre de la Soci\u00e9t\u00e9 Astronomique Europ\u00e9enne dont il a \u00e9t\u00e9 l&rsquo;un des quatre fondateurs. Jean-Pierre Swings est actuellement Pr\u00e9sident du Comit\u00e9 Europ\u00e9en des Sciences de l&rsquo;Espace, et membre du Groupe Consultatif de l&rsquo;Espace du 7<sup>\u00e8me<\/sup> programme cadre de la Commission Europ\u00e9enne (Membre Odysseus du Jury International 2012-2013).<\/p>\n<p style=\"text-align: justify;\"><b><\/b><b><img decoding=\"async\" loading=\"lazy\" class=\"alignleft size-full wp-image-425\" src=\"http:\/\/odysseus-contests.eu\/2016\/wp-content\/uploads\/2015\/05\/image003.png\" alt=\"image003\" width=\"149\" height=\"215\" \/><\/b><strong>Athena Coustenis<\/strong> est Directeur de recherche aupr\u00e8s du Centre National de la Recherche Scientifique (CNRS) fran\u00e7ais. Sa sp\u00e9cialit\u00e9 est la plan\u00e9tologie (exploration du Syst\u00e8me Solaire \u00e0 partir d&rsquo;observations terrestres ou spatiales). Ses recherches en astronomie sont consacr\u00e9es \u00e0 l&rsquo;\u00e9tude des atmosph\u00e8res et des surfaces plan\u00e9taires, plus particuli\u00e8rement sur Titan (un satellite de Saturne) ayant des nombreuses similitudes avec notre propre plan\u00e8te. Elle travaille \u00e9galement sur les exoplan\u00e8tes. Ces derni\u00e8res ann\u00e9es, elle a dirig\u00e9 le travail qui aboutit aux futures missions spatiales. (Membre Odysseus du Jury international 2012-2013).<\/p>\n<p>\u00a0 \u00a0<b><img decoding=\"async\" loading=\"lazy\" class=\"alignleft size-full wp-image-430\" src=\"http:\/\/odysseus-contests.eu\/2016\/wp-content\/uploads\/2015\/05\/image005.png\" alt=\"image005\" width=\"155\" height=\"203\" \/><strong>Frank De Winne<\/strong> <\/b>est un astronaute de l&rsquo;ESA. C&rsquo;est un pilote d&rsquo;essai exp\u00e9riment\u00e9 de l&rsquo;Arm\u00e9e de l&rsquo;Air belge qui a rejoint le Corps Europ\u00e9en d&rsquo;Astronautes de l&rsquo;Agence Spatiale Europ\u00e9enne. En 2002, De Winne a particip\u00e9 \u00e0 la mission Odissea, un vol de soutien \u00e0 la Station Spatiale Internationale (ISS). Au cours de cette mission de onze jours, il a r\u00e9alis\u00e9 un programme de 23 exp\u00e9riences. La seconde mission de Frank De Winne s&rsquo;est d\u00e9roul\u00e9e de mai \u00e0 d\u00e9cembre 2009, un vol spatial de longue dur\u00e9e dans l&rsquo;ISS appel\u00e9 OasISS. Au cours de ce vol, Frank De Winne est devenu le premier Commandant europ\u00e9en de l&rsquo;ISS. Au cours de la mission, un programme complet d&rsquo;exploitation et de vulgarisation a \u00e9t\u00e9 mis en \u0153uvre et consacr\u00e9 \u00e0 la science. Le 1<sup>er<\/sup> ao\u00fbt 2012, Frank De Winne est devenu Chef du D\u00e9partement du Centre Europ\u00e9en d\u2019Entrainement des Astronautes. (Membre Odysseus du jury international 2012-2013).<b><br \/>\n<\/b><\/p>\n<p><b><img decoding=\"async\" loading=\"lazy\" class=\"alignleft size-full wp-image-436\" src=\"http:\/\/odysseus-contests.eu\/2016\/wp-content\/uploads\/2015\/05\/image007.png\" alt=\"image007\" width=\"155\" height=\"215\" \/><\/b><\/p>\n<p style=\"text-align: justify;\"><strong>Manolis K. Georgoulis<\/strong> est chercheur au Centre de Recherche en Astronomie et Math\u00e9matiques Appliqu\u00e9es de l&rsquo;Acad\u00e9mie d&rsquo;Ath\u00e8nes. En outre, il est le D\u00e9l\u00e9gu\u00e9 National grec du Comit\u00e9 du Programme Scientifique de l&rsquo;Agence Spatiale Europ\u00e9enne (ESA\/SPC) (de 2011 \u00e0 ce jour), Vice-pr\u00e9sident de la Division Europ\u00e9enne de la Physique Solaire (ESPD) de la Soci\u00e9t\u00e9 Europ\u00e9enne de Physique (EPS) (2011 \u2013 2014), nomm\u00e9 membre du Comit\u00e9 National Grec d&rsquo;Astronomie (GNCA) (de 2012 \u00e0 ce jour), et Marie Curie Fellow de la Commission Europ\u00e9enne (2010 \u2013 2014). Il est titulaire d&rsquo;une licence de physique de l&rsquo;Universit\u00e9 Aristote de Thessalonique (1993), d&rsquo;un Doctorat en Physique du Plasma solaire de la m\u00eame institution (2000). Il a particip\u00e9 \u00e0 l&rsquo;\u00e9quipe scientifique de trois missions de la NASA et de deux missions spatiales de l&rsquo;ESA. <em>(Membre Odysseus du Jury International 2012-2013).<\/em><\/p>\n<p style=\"text-align: justify;\">\u00a0<b><img decoding=\"async\" loading=\"lazy\" class=\"alignleft wp-image-441\" src=\"http:\/\/odysseus-contests.eu\/2016\/wp-content\/uploads\/2015\/05\/image009.jpg\" alt=\"image009\" width=\"170\" height=\"187\" srcset=\"https:\/\/odysseus-contests.eu\/2016\/wp-content\/uploads\/2015\/05\/image009.jpg 282w, https:\/\/odysseus-contests.eu\/2016\/wp-content\/uploads\/2015\/05\/image009-272x300.jpg 272w\" sizes=\"(max-width: 170px) 100vw, 170px\" \/>Ya\u00ebl Naz\u00e9<\/b> est associ\u00e9e de recherche au FNRS \u00e0 l&rsquo;Universit\u00e9 de Li\u00e8ge (Belgique). Elle \u00e9tudie les \u00e9toiles massives par l&rsquo;observation des longueurs d&rsquo;onde multiples obtenues par des observatoires terrestres et spatiaux (\u00e0 la date du mois de mars 2014 : 39 publications \u00e9valu\u00e9es par des pairs en tant que premier auteur, 49 en tant que co-auteur, h-index = 25). Elle a travaill\u00e9 en tant qu&rsquo;expert dans plusieurs observatoires (ESA, ESO, NASA) et en tant que r\u00e9f\u00e9rent de revues d&rsquo;astrophysique. Elle est \u00e9galement impliqu\u00e9e dans des recherchespluridisciplinaires et dans les activit\u00e9s de vulgarisation (avec 9 ouvrages publi\u00e9s).<\/p>\n<p>\u00a0 \u00a0\u00a0<b><img decoding=\"async\" loading=\"lazy\" class=\"alignleft size-full wp-image-446\" src=\"http:\/\/odysseus-contests.eu\/2016\/wp-content\/uploads\/2015\/05\/image011.jpg\" alt=\"image011\" width=\"184\" height=\"207\" \/><strong>Rosa M. Ros Ferr\u00e9<\/strong> <\/b>est vice-pr\u00e9sidente de la Comm. 46 de l&rsquo;Union astronomique Internationale (IAU). Elle est \u00e9galement Vice-pr\u00e9sidente de l&rsquo;Association Europ\u00e9enne de l&rsquo;Enseignement de l&rsquo;Astronomie (EAAE) et Directrice des Programmes de \u201cCiencia en Acci\u00f3n\u201d et \u201cAdopta unaEstrella\u201d. Elle enseigne les math\u00e9matiques pour les futurs ing\u00e9nieurs en a\u00e9ronautique, t\u00e9l\u00e9matique et t\u00e9l\u00e9communications \u00e0 l&rsquo;EscolaPolit\u00e8cnica Superior de Castelldefels. Elle occupe une chaire de publications de la \u201cJuntaDirectiva\u201d de l&rsquo;\u201cAsociaci\u00f3n para la Ense\u00f1anza de la Astronom\u00eda\u201d (ApEA). Elle est membre du Comit\u00e9 de l&rsquo;Education du programme \u201cUniverseAwareness\u201d(UNAWE), membre consultant du Comit\u00e9 Directeur de l&rsquo;EIROforum et membre du Comit\u00e9 Consultatif de l&rsquo;Enseignement de la Physique. Elle est la repr\u00e9sentante nationale espagnole de la Comm. 46 de l&rsquo;IAU depuis 1994, la repr\u00e9sentante nationale espagnole de la <em>Physics on Stage<\/em> et la <em>Science on Stage<\/em> depuis 1999, et repr\u00e9sentante nationale espagnole de \u201cUNAWE \u2013 Explora el Universo\u201d depuis 2006.<b><br \/>\n<\/b><\/p>\n","protected":false},"excerpt":{"rendered":"<p>Jean-Pierre Swings est Professeur Honoraire \u00e0 l&rsquo;Universit\u00e9 de Li\u00e8ge (Belgique) o\u00f9 il a obtenu son Master en Ing\u00e9nierie Spatiale, et un Doctorat en Astrophysique. Ses sujets d&rsquo;int\u00e9r\u00eat sont, entre autres, la physique solaire et les objets massifs. Il est progressivement pass\u00e9 de l&rsquo;astrophysique observationnelle \u00e0 \u00ab\u00a0l&rsquo;astropolitique\u00a0\u00bb, en tant que Secr\u00e9taire g\u00e9n\u00e9ral de l&rsquo;Union Astronomique Internationale, [&hellip;]<\/p>\n","protected":false},"author":1,"featured_media":0,"parent":1348,"menu_order":40,"comment_status":"closed","ping_status":"closed","template":"","meta":[],"acf":[],"yoast_head":"<!-- This site is optimized with the Yoast SEO plugin v19.14 - https:\/\/yoast.com\/wordpress\/plugins\/seo\/ -->\n<title>Commission consultative - ODYSSEUS II<\/title>\n<meta name=\"robots\" content=\"index, follow, max-snippet:-1, max-image-preview:large, max-video-preview:-1\" \/>\n<link rel=\"canonical\" href=\"https:\/\/odysseus-contests.eu\/2016\/fr\/le-projet-odysseus-ii\/commission-consultative\/\" \/>\n<meta property=\"og:locale\" content=\"fr_FR\" \/>\n<meta property=\"og:type\" content=\"article\" \/>\n<meta property=\"og:title\" content=\"Commission consultative - ODYSSEUS II\" \/>\n<meta property=\"og:description\" content=\"Jean-Pierre Swings est Professeur Honoraire \u00e0 l&rsquo;Universit\u00e9 de Li\u00e8ge (Belgique) o\u00f9 il a obtenu son Master en Ing\u00e9nierie Spatiale, et un Doctorat en Astrophysique. Ses sujets d&rsquo;int\u00e9r\u00eat sont, entre autres, la physique solaire et les objets massifs. Il est progressivement pass\u00e9 de l&rsquo;astrophysique observationnelle \u00e0 \u00ab\u00a0l&rsquo;astropolitique\u00a0\u00bb, en tant que Secr\u00e9taire g\u00e9n\u00e9ral de l&rsquo;Union Astronomique Internationale, [&hellip;]\" \/>\n<meta property=\"og:url\" content=\"https:\/\/odysseus-contests.eu\/2016\/fr\/le-projet-odysseus-ii\/commission-consultative\/\" \/>\n<meta property=\"og:site_name\" content=\"ODYSSEUS II\" \/>\n<meta property=\"og:image\" content=\"http:\/\/odysseus-contests.eu\/2016\/wp-content\/uploads\/2015\/05\/image001.png\" \/>\n<meta name=\"twitter:card\" content=\"summary_large_image\" \/>\n<meta name=\"twitter:label1\" content=\"Dur\u00e9e de lecture estim\u00e9e\" \/>\n\t<meta name=\"twitter:data1\" content=\"4 minutes\" \/>\n<script type=\"application\/ld+json\" class=\"yoast-schema-graph\">{\"@context\":\"https:\/\/schema.org\",\"@graph\":[{\"@type\":\"WebPage\",\"@id\":\"https:\/\/odysseus-contests.eu\/2016\/fr\/le-projet-odysseus-ii\/commission-consultative\/\",\"url\":\"https:\/\/odysseus-contests.eu\/2016\/fr\/le-projet-odysseus-ii\/commission-consultative\/\",\"name\":\"Commission consultative - ODYSSEUS II\",\"isPartOf\":{\"@id\":\"https:\/\/odysseus-contests.eu\/2016\/de\/#website\"},\"datePublished\":\"2015-06-30T19:47:43+00:00\",\"dateModified\":\"2015-06-30T19:47:43+00:00\",\"breadcrumb\":{\"@id\":\"https:\/\/odysseus-contests.eu\/2016\/fr\/le-projet-odysseus-ii\/commission-consultative\/#breadcrumb\"},\"inLanguage\":\"fr-FR\",\"potentialAction\":[{\"@type\":\"ReadAction\",\"target\":[\"https:\/\/odysseus-contests.eu\/2016\/fr\/le-projet-odysseus-ii\/commission-consultative\/\"]}]},{\"@type\":\"BreadcrumbList\",\"@id\":\"https:\/\/odysseus-contests.eu\/2016\/fr\/le-projet-odysseus-ii\/commission-consultative\/#breadcrumb\",\"itemListElement\":[{\"@type\":\"ListItem\",\"position\":1,\"name\":\"Home\",\"item\":\"https:\/\/odysseus-contests.eu\/2016\/fr\/\"},{\"@type\":\"ListItem\",\"position\":2,\"name\":\"Le Projet Odysseus II\",\"item\":\"https:\/\/odysseus-contests.eu\/2016\/fr\/le-projet-odysseus-ii\/\"},{\"@type\":\"ListItem\",\"position\":3,\"name\":\"Commission consultative\"}]},{\"@type\":\"WebSite\",\"@id\":\"https:\/\/odysseus-contests.eu\/2016\/de\/#website\",\"url\":\"https:\/\/odysseus-contests.eu\/2016\/de\/\",\"name\":\"ODYSSEUS II\",\"description\":\"Concours spatial des jeunes\",\"potentialAction\":[{\"@type\":\"SearchAction\",\"target\":{\"@type\":\"EntryPoint\",\"urlTemplate\":\"https:\/\/odysseus-contests.eu\/2016\/de\/?s={search_term_string}\"},\"query-input\":\"required name=search_term_string\"}],\"inLanguage\":\"fr-FR\"}]}<\/script>\n<!-- \/ Yoast SEO plugin. -->","yoast_head_json":{"title":"Commission consultative - ODYSSEUS II","robots":{"index":"index","follow":"follow","max-snippet":"max-snippet:-1","max-image-preview":"max-image-preview:large","max-video-preview":"max-video-preview:-1"},"canonical":"https:\/\/odysseus-contests.eu\/2016\/fr\/le-projet-odysseus-ii\/commission-consultative\/","og_locale":"fr_FR","og_type":"article","og_title":"Commission consultative - ODYSSEUS II","og_description":"Jean-Pierre Swings est Professeur Honoraire \u00e0 l&rsquo;Universit\u00e9 de Li\u00e8ge (Belgique) o\u00f9 il a obtenu son Master en Ing\u00e9nierie Spatiale, et un Doctorat en Astrophysique. Ses sujets d&rsquo;int\u00e9r\u00eat sont, entre autres, la physique solaire et les objets massifs. Il est progressivement pass\u00e9 de l&rsquo;astrophysique observationnelle \u00e0 \u00ab\u00a0l&rsquo;astropolitique\u00a0\u00bb, en tant que Secr\u00e9taire g\u00e9n\u00e9ral de l&rsquo;Union Astronomique Internationale, [&hellip;]","og_url":"https:\/\/odysseus-contests.eu\/2016\/fr\/le-projet-odysseus-ii\/commission-consultative\/","og_site_name":"ODYSSEUS II","og_image":[{"url":"http:\/\/odysseus-contests.eu\/2016\/wp-content\/uploads\/2015\/05\/image001.png"}],"twitter_card":"summary_large_image","twitter_misc":{"Dur\u00e9e de lecture estim\u00e9e":"4 minutes"},"schema":{"@context":"https:\/\/schema.org","@graph":[{"@type":"WebPage","@id":"https:\/\/odysseus-contests.eu\/2016\/fr\/le-projet-odysseus-ii\/commission-consultative\/","url":"https:\/\/odysseus-contests.eu\/2016\/fr\/le-projet-odysseus-ii\/commission-consultative\/","name":"Commission consultative - ODYSSEUS II","isPartOf":{"@id":"https:\/\/odysseus-contests.eu\/2016\/de\/#website"},"datePublished":"2015-06-30T19:47:43+00:00","dateModified":"2015-06-30T19:47:43+00:00","breadcrumb":{"@id":"https:\/\/odysseus-contests.eu\/2016\/fr\/le-projet-odysseus-ii\/commission-consultative\/#breadcrumb"},"inLanguage":"fr-FR","potentialAction":[{"@type":"ReadAction","target":["https:\/\/odysseus-contests.eu\/2016\/fr\/le-projet-odysseus-ii\/commission-consultative\/"]}]},{"@type":"BreadcrumbList","@id":"https:\/\/odysseus-contests.eu\/2016\/fr\/le-projet-odysseus-ii\/commission-consultative\/#breadcrumb","itemListElement":[{"@type":"ListItem","position":1,"name":"Home","item":"https:\/\/odysseus-contests.eu\/2016\/fr\/"},{"@type":"ListItem","position":2,"name":"Le Projet Odysseus II","item":"https:\/\/odysseus-contests.eu\/2016\/fr\/le-projet-odysseus-ii\/"},{"@type":"ListItem","position":3,"name":"Commission consultative"}]},{"@type":"WebSite","@id":"https:\/\/odysseus-contests.eu\/2016\/de\/#website","url":"https:\/\/odysseus-contests.eu\/2016\/de\/","name":"ODYSSEUS II","description":"Concours spatial des jeunes","potentialAction":[{"@type":"SearchAction","target":{"@type":"EntryPoint","urlTemplate":"https:\/\/odysseus-contests.eu\/2016\/de\/?s={search_term_string}"},"query-input":"required name=search_term_string"}],"inLanguage":"fr-FR"}]}},"_links":{"self":[{"href":"https:\/\/odysseus-contests.eu\/2016\/fr\/wp-json\/wp\/v2\/pages\/1357"}],"collection":[{"href":"https:\/\/odysseus-contests.eu\/2016\/fr\/wp-json\/wp\/v2\/pages"}],"about":[{"href":"https:\/\/odysseus-contests.eu\/2016\/fr\/wp-json\/wp\/v2\/types\/page"}],"author":[{"embeddable":true,"href":"https:\/\/odysseus-contests.eu\/2016\/fr\/wp-json\/wp\/v2\/users\/1"}],"replies":[{"embeddable":true,"href":"https:\/\/odysseus-contests.eu\/2016\/fr\/wp-json\/wp\/v2\/comments?post=1357"}],"version-history":[{"count":0,"href":"https:\/\/odysseus-contests.eu\/2016\/fr\/wp-json\/wp\/v2\/pages\/1357\/revisions"}],"up":[{"embeddable":true,"href":"https:\/\/odysseus-contests.eu\/2016\/fr\/wp-json\/wp\/v2\/pages\/1348"}],"wp:attachment":[{"href":"https:\/\/odysseus-contests.eu\/2016\/fr\/wp-json\/wp\/v2\/media?parent=1357"}],"curies":[{"name":"wp","href":"https:\/\/api.w.org\/{rel}","templated":true}]}}