{"id":1342,"date":"2015-06-30T22:40:05","date_gmt":"2015-06-30T19:40:05","guid":{"rendered":"http:\/\/odysseus-contests.eu\/2016\/?page_id=1342"},"modified":"2016-02-04T22:15:56","modified_gmt":"2016-02-04T19:15:56","slug":"foire-aux-questions","status":"publish","type":"page","link":"https:\/\/odysseus-contests.eu\/2016\/fr\/skywalkers-2\/foire-aux-questions\/","title":{"rendered":"Foire aux Questions"},"content":{"rendered":"<p><strong>Q\u00a0: Qu&rsquo;est-ce qu&rsquo;Odysseus II ?<\/strong><\/p>\n<p>R\u00a0: Odysseus II est un projet europ\u00e9en, financ\u00e9 par la Commission Europ\u00e9enne. Son principal objectif est l&rsquo;organisation d&rsquo;un concours pan-europ\u00e9en pour les \u00e9l\u00e8ves et les \u00e9tudiants entre sept (7) et vingt-deux (22) ans, portant sur l&rsquo;exploration et les sciences spatiales. Bien qu&rsquo;il s&rsquo;agisse d&rsquo;un concours pan-europ\u00e9en, les \u00e9l\u00e8ves et \u00e9tudiants de pays hors de l&rsquo;UE pourront \u00e9galement participer.<\/p>\n<p><strong>Q\u00a0: Je veux inscrire un \u00e9l\u00e8ve au concours : Comment puis-je participer \u00e0 Odysseus\u00a0?<\/strong><\/p>\n<p>R\u00a0: Vous pouvez inscrire un \u00e9l\u00e8ve en saisissant votre email et votre mot de passe dans la section concern\u00e9e du site Web du concours Odysseus (<em>hyperlien vers Aller dans la section du Concours Europ\u00e9en<\/em>). Apr\u00e8s avoir saisi votre email et votre mot de passe, vous devez s\u00e9lectionner la cat\u00e9gorie Skywalker et accepter les r\u00e8gles du concours. Vous devez v\u00e9rifier votre compte en cliquant sur le lien que vous recevrez automatiquement par email. Vous devrez alors vous connecter et remplir vos coordonn\u00e9es et ceux de l&rsquo;\u00e9l\u00e8ve sur le formulaire fourni.<\/p>\n<p><strong>Q\u00a0: Est-ce que je dois fournir des \u00e9l\u00e9ments suppl\u00e9mentaires pour inscrire un \u00e9l\u00e8ve au concours Odysseus\u00a0?<\/strong><\/p>\n<p>R\u00a0: Oui, le parent ou le tuteur l\u00e9gal devra signer et fournir un formulaire d&rsquo;autorisation parentale permettant \u00e0 l&rsquo;\u00e9l\u00e8ve de participer au concours Odysseus, et accepter les r\u00e8gles du concours. Pour qu&rsquo;un \u00e9l\u00e8ve puisse participer, l&rsquo;inscription devra \u00eatre effectu\u00e9e avant le <u>31 mars 2016<\/u>.<\/p>\n<p><strong>Q\u00a0: Quel doit \u00eatre l&rsquo;\u00e2ge de l&rsquo;\u00e9l\u00e8ve pour participer au concours Odysseus?<\/strong><\/p>\n<p>R\u00a0: Les participants dans la cat\u00e9gorie Skywalker devront \u00eatre n\u00e9s entre le 1<sup>er<\/sup> avril 2002 et le 31 mars 2009 inclus.<\/p>\n<p><strong>Q\u00a0: Comment puis-je d\u00e9poser un dossier ?<\/strong><\/p>\n<p>R\u00a0: Vous devez \u00eatre inscrit et vous \u00eatre connect\u00e9 pour t\u00e9l\u00e9charger le dossier en cliquant sur le lien <strong>D\u00e9posez votre Dossier<\/strong>.<\/p>\n<p><strong>Q\u00a0: Puis-je d\u00e9poser plusieurs dossiers ?<\/strong><\/p>\n<p>R\u00a0: Non, vous ne pouvez d\u00e9poser qu&rsquo;un seul dossier par candidat. Cependant, vous pouvez d\u00e9poser jusqu&rsquo;\u00e0 cinquante (50) images de cinquante (50) candidats Skywalkers, sous r\u00e9serve que l&rsquo;autorisation parentale soit accord\u00e9e pour chaque candidat. Cela s&rsquo;applique parfaitement aux professeurs ayant beaucoup d&rsquo;\u00e9l\u00e8ves.<\/p>\n<p><strong>Q\u00a0: Que dois-faire si j&rsquo;oublie mon mot de passe d&rsquo;acc\u00e8s \u00e0 la plateforme Odysseus II ?<\/strong><\/p>\n<p>R\u00a0: Il y a un lien Mot de passe perdu\u00a0?sur la page de connexion. Cliquez sur ce lien et un nouveau mot de passe sera envoy\u00e9 \u00e0 l\u2019adresse email enregistr\u00e9e pour votre compte Odysseus.<\/p>\n<p><strong>Q\u00a0: Quand dois-je d\u00e9poser mon dossier ?<\/strong><\/p>\n<p>R\u00a0: Vous devez d\u00e9poser le dossier entre le 1<sup>er<\/sup> septembre 2015 et le 31 mars 2016 \u00e0 23h 59mn et 59s inclus (HNEC). Les organisateurs d&rsquo;Odysseusvous recommandent de d\u00e9poser votre dossier d\u00e8s sa finalisation sans attendre la date d&rsquo;\u00e9ch\u00e9ance.<\/p>\n<p><strong>Q\u00a0: Pouvez-vous m&rsquo;aider \u00e0 t\u00e9l\u00e9charger un dossier sur le Portail Odysseus II ?<\/strong><\/p>\n<p>R\u00a0: Oui, vous devez suivre les instructions fournies dans le lien <strong>D\u00e9posez votre dossier<\/strong>. Si vous avez des questions \u00e0 poser ou si vous avez besoin d&rsquo;aide pour t\u00e9l\u00e9charger un dossier, remplissez et envoyez le formulaire de contact, et les organisateurs feront en sorte que le dossier soit correctement t\u00e9l\u00e9charg\u00e9.<\/p>\n<p><strong>Q\u00a0: Puis-je consulter les autres dossiers du concours Odysseus ?<\/strong><\/p>\n<p>R\u00a0: Oui, tous les dossiers pourront \u00eatre consult\u00e9s sur le site Web d&rsquo;Odysseus sur la page <strong>Galerie<\/strong>, apr\u00e8s la date limite de d\u00e9p\u00f4t des dossiers.<\/p>\n<p><strong>Q\u00a0: Comment se d\u00e9roulera le vote par les participants ?<\/strong><\/p>\n<p>R\u00a0: Chaque participant aura la possibilit\u00e9 de voter via le Portail d&rsquo;Odysseuspour leur image pr\u00e9f\u00e9r\u00e9e, mais ils ne pourront pas voter pour leurs propres r\u00e9alisations. Une seule voix sera attribu\u00e9e \u00e0 chaque participant. Les candidats voteront uniquement pour les images dans leur propre pays et cat\u00e9gorie d&rsquo;\u00e2ge.<\/p>\n<p><strong>Q\u00a0: Comment serai-je averti si un dossier que j&rsquo;ai d\u00e9pos\u00e9 a \u00e9t\u00e9 s\u00e9lectionn\u00e9 ?<\/strong><\/p>\n<p>R\u00a0: Les gagnants seront publi\u00e9s sur le site Web d&rsquo;Odysseus.<\/p>\n<p><strong>Q\u00a0: Quels sont les prix ?<\/strong><\/p>\n<p>R\u00a0: Les gagnants des cat\u00e9gories Skywalker Junior et Skywalker Senior, s\u00e9lectionn\u00e9s lors de la finale internationale, recevront tous un iPad Air 2 avec des e-books et des applications li\u00e9s \u00e0 l&rsquo;espace, et un dipl\u00f4me de \u00ab\u00a0Jeune Ambassadeur Europ\u00e9en de l&rsquo;Espace\u00a0\u00bb, envoy\u00e9s directement \u00e0 leur domicile ou \u00e9cole. Pour de plus amples informations sur les prix, reportez-vous \u00e0 la section <strong><a href=\"http:\/\/odysseus-contests.eu\/2016\/fr\/skywalkers-2\/prix\/\" target=\"_blank\">Prix<\/a><\/strong> de la page Skywalkers.<\/p>\n","protected":false},"excerpt":{"rendered":"<p>Q\u00a0: Qu&rsquo;est-ce qu&rsquo;Odysseus II ? R\u00a0: Odysseus II est un projet europ\u00e9en, financ\u00e9 par la Commission Europ\u00e9enne. Son principal objectif est l&rsquo;organisation d&rsquo;un concours pan-europ\u00e9en pour les \u00e9l\u00e8ves et les \u00e9tudiants entre sept (7) et vingt-deux (22) ans, portant sur l&rsquo;exploration et les sciences spatiales. Bien qu&rsquo;il s&rsquo;agisse d&rsquo;un concours pan-europ\u00e9en, les \u00e9l\u00e8ves et \u00e9tudiants [&hellip;]<\/p>\n","protected":false},"author":1,"featured_media":0,"parent":1330,"menu_order":60,"comment_status":"closed","ping_status":"closed","template":"","meta":[],"acf":[],"yoast_head":"<!-- This site is optimized with the Yoast SEO plugin v19.14 - https:\/\/yoast.com\/wordpress\/plugins\/seo\/ -->\n<title>Foire aux Questions - ODYSSEUS II<\/title>\n<meta name=\"robots\" content=\"index, follow, max-snippet:-1, max-image-preview:large, max-video-preview:-1\" \/>\n<link rel=\"canonical\" href=\"https:\/\/odysseus-contests.eu\/2016\/fr\/skywalkers-2\/foire-aux-questions\/\" \/>\n<meta property=\"og:locale\" content=\"fr_FR\" \/>\n<meta property=\"og:type\" content=\"article\" \/>\n<meta property=\"og:title\" content=\"Foire aux Questions - ODYSSEUS II\" \/>\n<meta property=\"og:description\" content=\"Q\u00a0: Qu&rsquo;est-ce qu&rsquo;Odysseus II ? R\u00a0: Odysseus II est un projet europ\u00e9en, financ\u00e9 par la Commission Europ\u00e9enne. Son principal objectif est l&rsquo;organisation d&rsquo;un concours pan-europ\u00e9en pour les \u00e9l\u00e8ves et les \u00e9tudiants entre sept (7) et vingt-deux (22) ans, portant sur l&rsquo;exploration et les sciences spatiales. Bien qu&rsquo;il s&rsquo;agisse d&rsquo;un concours pan-europ\u00e9en, les \u00e9l\u00e8ves et \u00e9tudiants [&hellip;]\" \/>\n<meta property=\"og:url\" content=\"https:\/\/odysseus-contests.eu\/2016\/fr\/skywalkers-2\/foire-aux-questions\/\" \/>\n<meta property=\"og:site_name\" content=\"ODYSSEUS II\" \/>\n<meta property=\"article:modified_time\" content=\"2016-02-04T19:15:56+00:00\" \/>\n<meta name=\"twitter:card\" content=\"summary_large_image\" \/>\n<meta name=\"twitter:label1\" content=\"Dur\u00e9e de lecture estim\u00e9e\" \/>\n\t<meta name=\"twitter:data1\" content=\"4 minutes\" \/>\n<script type=\"application\/ld+json\" class=\"yoast-schema-graph\">{\"@context\":\"https:\/\/schema.org\",\"@graph\":[{\"@type\":\"WebPage\",\"@id\":\"https:\/\/odysseus-contests.eu\/2016\/fr\/skywalkers-2\/foire-aux-questions\/\",\"url\":\"https:\/\/odysseus-contests.eu\/2016\/fr\/skywalkers-2\/foire-aux-questions\/\",\"name\":\"Foire aux Questions - ODYSSEUS II\",\"isPartOf\":{\"@id\":\"https:\/\/odysseus-contests.eu\/2016\/de\/#website\"},\"datePublished\":\"2015-06-30T19:40:05+00:00\",\"dateModified\":\"2016-02-04T19:15:56+00:00\",\"breadcrumb\":{\"@id\":\"https:\/\/odysseus-contests.eu\/2016\/fr\/skywalkers-2\/foire-aux-questions\/#breadcrumb\"},\"inLanguage\":\"fr-FR\",\"potentialAction\":[{\"@type\":\"ReadAction\",\"target\":[\"https:\/\/odysseus-contests.eu\/2016\/fr\/skywalkers-2\/foire-aux-questions\/\"]}]},{\"@type\":\"BreadcrumbList\",\"@id\":\"https:\/\/odysseus-contests.eu\/2016\/fr\/skywalkers-2\/foire-aux-questions\/#breadcrumb\",\"itemListElement\":[{\"@type\":\"ListItem\",\"position\":1,\"name\":\"Home\",\"item\":\"https:\/\/odysseus-contests.eu\/2016\/fr\/\"},{\"@type\":\"ListItem\",\"position\":2,\"name\":\"Skywalkers\",\"item\":\"https:\/\/odysseus-contests.eu\/2016\/fr\/skywalkers-2\/\"},{\"@type\":\"ListItem\",\"position\":3,\"name\":\"Foire aux Questions\"}]},{\"@type\":\"WebSite\",\"@id\":\"https:\/\/odysseus-contests.eu\/2016\/de\/#website\",\"url\":\"https:\/\/odysseus-contests.eu\/2016\/de\/\",\"name\":\"ODYSSEUS II\",\"description\":\"Concours spatial des jeunes\",\"potentialAction\":[{\"@type\":\"SearchAction\",\"target\":{\"@type\":\"EntryPoint\",\"urlTemplate\":\"https:\/\/odysseus-contests.eu\/2016\/de\/?s={search_term_string}\"},\"query-input\":\"required name=search_term_string\"}],\"inLanguage\":\"fr-FR\"}]}<\/script>\n<!-- \/ Yoast SEO plugin. -->","yoast_head_json":{"title":"Foire aux Questions - ODYSSEUS II","robots":{"index":"index","follow":"follow","max-snippet":"max-snippet:-1","max-image-preview":"max-image-preview:large","max-video-preview":"max-video-preview:-1"},"canonical":"https:\/\/odysseus-contests.eu\/2016\/fr\/skywalkers-2\/foire-aux-questions\/","og_locale":"fr_FR","og_type":"article","og_title":"Foire aux Questions - ODYSSEUS II","og_description":"Q\u00a0: Qu&rsquo;est-ce qu&rsquo;Odysseus II ? R\u00a0: Odysseus II est un projet europ\u00e9en, financ\u00e9 par la Commission Europ\u00e9enne. Son principal objectif est l&rsquo;organisation d&rsquo;un concours pan-europ\u00e9en pour les \u00e9l\u00e8ves et les \u00e9tudiants entre sept (7) et vingt-deux (22) ans, portant sur l&rsquo;exploration et les sciences spatiales. Bien qu&rsquo;il s&rsquo;agisse d&rsquo;un concours pan-europ\u00e9en, les \u00e9l\u00e8ves et \u00e9tudiants [&hellip;]","og_url":"https:\/\/odysseus-contests.eu\/2016\/fr\/skywalkers-2\/foire-aux-questions\/","og_site_name":"ODYSSEUS II","article_modified_time":"2016-02-04T19:15:56+00:00","twitter_card":"summary_large_image","twitter_misc":{"Dur\u00e9e de lecture estim\u00e9e":"4 minutes"},"schema":{"@context":"https:\/\/schema.org","@graph":[{"@type":"WebPage","@id":"https:\/\/odysseus-contests.eu\/2016\/fr\/skywalkers-2\/foire-aux-questions\/","url":"https:\/\/odysseus-contests.eu\/2016\/fr\/skywalkers-2\/foire-aux-questions\/","name":"Foire aux Questions - ODYSSEUS II","isPartOf":{"@id":"https:\/\/odysseus-contests.eu\/2016\/de\/#website"},"datePublished":"2015-06-30T19:40:05+00:00","dateModified":"2016-02-04T19:15:56+00:00","breadcrumb":{"@id":"https:\/\/odysseus-contests.eu\/2016\/fr\/skywalkers-2\/foire-aux-questions\/#breadcrumb"},"inLanguage":"fr-FR","potentialAction":[{"@type":"ReadAction","target":["https:\/\/odysseus-contests.eu\/2016\/fr\/skywalkers-2\/foire-aux-questions\/"]}]},{"@type":"BreadcrumbList","@id":"https:\/\/odysseus-contests.eu\/2016\/fr\/skywalkers-2\/foire-aux-questions\/#breadcrumb","itemListElement":[{"@type":"ListItem","position":1,"name":"Home","item":"https:\/\/odysseus-contests.eu\/2016\/fr\/"},{"@type":"ListItem","position":2,"name":"Skywalkers","item":"https:\/\/odysseus-contests.eu\/2016\/fr\/skywalkers-2\/"},{"@type":"ListItem","position":3,"name":"Foire aux Questions"}]},{"@type":"WebSite","@id":"https:\/\/odysseus-contests.eu\/2016\/de\/#website","url":"https:\/\/odysseus-contests.eu\/2016\/de\/","name":"ODYSSEUS II","description":"Concours spatial des jeunes","potentialAction":[{"@type":"SearchAction","target":{"@type":"EntryPoint","urlTemplate":"https:\/\/odysseus-contests.eu\/2016\/de\/?s={search_term_string}"},"query-input":"required name=search_term_string"}],"inLanguage":"fr-FR"}]}},"_links":{"self":[{"href":"https:\/\/odysseus-contests.eu\/2016\/fr\/wp-json\/wp\/v2\/pages\/1342"}],"collection":[{"href":"https:\/\/odysseus-contests.eu\/2016\/fr\/wp-json\/wp\/v2\/pages"}],"about":[{"href":"https:\/\/odysseus-contests.eu\/2016\/fr\/wp-json\/wp\/v2\/types\/page"}],"author":[{"embeddable":true,"href":"https:\/\/odysseus-contests.eu\/2016\/fr\/wp-json\/wp\/v2\/users\/1"}],"replies":[{"embeddable":true,"href":"https:\/\/odysseus-contests.eu\/2016\/fr\/wp-json\/wp\/v2\/comments?post=1342"}],"version-history":[{"count":2,"href":"https:\/\/odysseus-contests.eu\/2016\/fr\/wp-json\/wp\/v2\/pages\/1342\/revisions"}],"predecessor-version":[{"id":7866,"href":"https:\/\/odysseus-contests.eu\/2016\/fr\/wp-json\/wp\/v2\/pages\/1342\/revisions\/7866"}],"up":[{"embeddable":true,"href":"https:\/\/odysseus-contests.eu\/2016\/fr\/wp-json\/wp\/v2\/pages\/1330"}],"wp:attachment":[{"href":"https:\/\/odysseus-contests.eu\/2016\/fr\/wp-json\/wp\/v2\/media?parent=1342"}],"curies":[{"name":"wp","href":"https:\/\/api.w.org\/{rel}","templated":true}]}}