{"id":1338,"date":"2015-06-30T22:35:58","date_gmt":"2015-06-30T19:35:58","guid":{"rendered":"http:\/\/odysseus-contests.eu\/2016\/?page_id=1338"},"modified":"2015-07-11T13:56:44","modified_gmt":"2015-07-11T10:56:44","slug":"prix","status":"publish","type":"page","link":"https:\/\/odysseus-contests.eu\/2016\/fr\/skywalkers-2\/prix\/","title":{"rendered":"Prix"},"content":{"rendered":"<p><img decoding=\"async\" loading=\"lazy\" class=\"img-responsive alignleft wp-image-337 size-full\" src=\"http:\/\/odysseus-contests.eu\/2016\/wp-content\/uploads\/2015\/05\/content-prizes-skywalkers1.jpg\" alt=\"content-prizes-skywalkers\" width=\"700\" height=\"400\" srcset=\"https:\/\/odysseus-contests.eu\/2016\/wp-content\/uploads\/2015\/05\/content-prizes-skywalkers1.jpg 700w, https:\/\/odysseus-contests.eu\/2016\/wp-content\/uploads\/2015\/05\/content-prizes-skywalkers1-300x171.jpg 300w\" sizes=\"(max-width: 700px) 100vw, 700px\" \/><\/p>\n<p>Les gagnants nationaux (1 vainqueur et deux seconds pour chaque cat\u00e9gorie) du concours d&rsquo;image des Skywalkers Junior et Skywalkers Senior auront leur r\u00e9alisation expos\u00e9e dans le Hall of Fame. Ils recevront \u00e9galement une m\u00e9daille et une maquette de fus\u00e9e \u00e0 monter, envoy\u00e9s directement \u00e0 leur \u00e9cole ou \u00e0 leur domicile par les organisateurs.<\/p>\n<p>Les gagnants de la finale internationale du concours d&rsquo;images Skywalker, recevront un iPad Air 2 avec des e-books et des applications li\u00e9s \u00e0 l&rsquo;espace, ainsi qu&rsquo;un dipl\u00f4me du \u00ab\u00a0Jeune Ambassadeur Europ\u00e9en de l&rsquo;Espace\u00a0\u00bb envoy\u00e9 directement \u00e0 leur \u00e9cole ou \u00e0 leur domicile.<\/p>\n","protected":false},"excerpt":{"rendered":"<p>Les gagnants nationaux (1 vainqueur et deux seconds pour chaque cat\u00e9gorie) du concours d&rsquo;image des Skywalkers Junior et Skywalkers Senior auront leur r\u00e9alisation expos\u00e9e dans le Hall of Fame. Ils recevront \u00e9galement une m\u00e9daille et une maquette de fus\u00e9e \u00e0 monter, envoy\u00e9s directement \u00e0 leur \u00e9cole ou \u00e0 leur domicile par les organisateurs. Les gagnants [&hellip;]<\/p>\n","protected":false},"author":1,"featured_media":0,"parent":1330,"menu_order":40,"comment_status":"closed","ping_status":"closed","template":"","meta":[],"acf":[],"yoast_head":"<!-- This site is optimized with the Yoast SEO plugin v19.14 - https:\/\/yoast.com\/wordpress\/plugins\/seo\/ -->\n<title>Prix - ODYSSEUS II<\/title>\n<meta name=\"robots\" content=\"index, follow, max-snippet:-1, max-image-preview:large, max-video-preview:-1\" \/>\n<link rel=\"canonical\" href=\"https:\/\/odysseus-contests.eu\/2016\/fr\/skywalkers-2\/prix\/\" \/>\n<meta property=\"og:locale\" content=\"fr_FR\" \/>\n<meta property=\"og:type\" content=\"article\" \/>\n<meta property=\"og:title\" content=\"Prix - ODYSSEUS II\" \/>\n<meta property=\"og:description\" content=\"Les gagnants nationaux (1 vainqueur et deux seconds pour chaque cat\u00e9gorie) du concours d&rsquo;image des Skywalkers Junior et Skywalkers Senior auront leur r\u00e9alisation expos\u00e9e dans le Hall of Fame. Ils recevront \u00e9galement une m\u00e9daille et une maquette de fus\u00e9e \u00e0 monter, envoy\u00e9s directement \u00e0 leur \u00e9cole ou \u00e0 leur domicile par les organisateurs. Les gagnants [&hellip;]\" \/>\n<meta property=\"og:url\" content=\"https:\/\/odysseus-contests.eu\/2016\/fr\/skywalkers-2\/prix\/\" \/>\n<meta property=\"og:site_name\" content=\"ODYSSEUS II\" \/>\n<meta property=\"article:modified_time\" content=\"2015-07-11T10:56:44+00:00\" \/>\n<meta property=\"og:image\" content=\"http:\/\/odysseus-contests.eu\/2016\/wp-content\/uploads\/2015\/05\/content-prizes-skywalkers1.jpg\" \/>\n<meta name=\"twitter:card\" content=\"summary_large_image\" \/>\n<script type=\"application\/ld+json\" class=\"yoast-schema-graph\">{\"@context\":\"https:\/\/schema.org\",\"@graph\":[{\"@type\":\"WebPage\",\"@id\":\"https:\/\/odysseus-contests.eu\/2016\/fr\/skywalkers-2\/prix\/\",\"url\":\"https:\/\/odysseus-contests.eu\/2016\/fr\/skywalkers-2\/prix\/\",\"name\":\"Prix - ODYSSEUS II\",\"isPartOf\":{\"@id\":\"https:\/\/odysseus-contests.eu\/2016\/de\/#website\"},\"datePublished\":\"2015-06-30T19:35:58+00:00\",\"dateModified\":\"2015-07-11T10:56:44+00:00\",\"breadcrumb\":{\"@id\":\"https:\/\/odysseus-contests.eu\/2016\/fr\/skywalkers-2\/prix\/#breadcrumb\"},\"inLanguage\":\"fr-FR\",\"potentialAction\":[{\"@type\":\"ReadAction\",\"target\":[\"https:\/\/odysseus-contests.eu\/2016\/fr\/skywalkers-2\/prix\/\"]}]},{\"@type\":\"BreadcrumbList\",\"@id\":\"https:\/\/odysseus-contests.eu\/2016\/fr\/skywalkers-2\/prix\/#breadcrumb\",\"itemListElement\":[{\"@type\":\"ListItem\",\"position\":1,\"name\":\"Home\",\"item\":\"https:\/\/odysseus-contests.eu\/2016\/fr\/\"},{\"@type\":\"ListItem\",\"position\":2,\"name\":\"Skywalkers\",\"item\":\"https:\/\/odysseus-contests.eu\/2016\/fr\/skywalkers-2\/\"},{\"@type\":\"ListItem\",\"position\":3,\"name\":\"Prix\"}]},{\"@type\":\"WebSite\",\"@id\":\"https:\/\/odysseus-contests.eu\/2016\/de\/#website\",\"url\":\"https:\/\/odysseus-contests.eu\/2016\/de\/\",\"name\":\"ODYSSEUS II\",\"description\":\"Concours spatial des jeunes\",\"potentialAction\":[{\"@type\":\"SearchAction\",\"target\":{\"@type\":\"EntryPoint\",\"urlTemplate\":\"https:\/\/odysseus-contests.eu\/2016\/de\/?s={search_term_string}\"},\"query-input\":\"required name=search_term_string\"}],\"inLanguage\":\"fr-FR\"}]}<\/script>\n<!-- \/ Yoast SEO plugin. -->","yoast_head_json":{"title":"Prix - ODYSSEUS II","robots":{"index":"index","follow":"follow","max-snippet":"max-snippet:-1","max-image-preview":"max-image-preview:large","max-video-preview":"max-video-preview:-1"},"canonical":"https:\/\/odysseus-contests.eu\/2016\/fr\/skywalkers-2\/prix\/","og_locale":"fr_FR","og_type":"article","og_title":"Prix - ODYSSEUS II","og_description":"Les gagnants nationaux (1 vainqueur et deux seconds pour chaque cat\u00e9gorie) du concours d&rsquo;image des Skywalkers Junior et Skywalkers Senior auront leur r\u00e9alisation expos\u00e9e dans le Hall of Fame. Ils recevront \u00e9galement une m\u00e9daille et une maquette de fus\u00e9e \u00e0 monter, envoy\u00e9s directement \u00e0 leur \u00e9cole ou \u00e0 leur domicile par les organisateurs. Les gagnants [&hellip;]","og_url":"https:\/\/odysseus-contests.eu\/2016\/fr\/skywalkers-2\/prix\/","og_site_name":"ODYSSEUS II","article_modified_time":"2015-07-11T10:56:44+00:00","og_image":[{"url":"http:\/\/odysseus-contests.eu\/2016\/wp-content\/uploads\/2015\/05\/content-prizes-skywalkers1.jpg"}],"twitter_card":"summary_large_image","schema":{"@context":"https:\/\/schema.org","@graph":[{"@type":"WebPage","@id":"https:\/\/odysseus-contests.eu\/2016\/fr\/skywalkers-2\/prix\/","url":"https:\/\/odysseus-contests.eu\/2016\/fr\/skywalkers-2\/prix\/","name":"Prix - ODYSSEUS II","isPartOf":{"@id":"https:\/\/odysseus-contests.eu\/2016\/de\/#website"},"datePublished":"2015-06-30T19:35:58+00:00","dateModified":"2015-07-11T10:56:44+00:00","breadcrumb":{"@id":"https:\/\/odysseus-contests.eu\/2016\/fr\/skywalkers-2\/prix\/#breadcrumb"},"inLanguage":"fr-FR","potentialAction":[{"@type":"ReadAction","target":["https:\/\/odysseus-contests.eu\/2016\/fr\/skywalkers-2\/prix\/"]}]},{"@type":"BreadcrumbList","@id":"https:\/\/odysseus-contests.eu\/2016\/fr\/skywalkers-2\/prix\/#breadcrumb","itemListElement":[{"@type":"ListItem","position":1,"name":"Home","item":"https:\/\/odysseus-contests.eu\/2016\/fr\/"},{"@type":"ListItem","position":2,"name":"Skywalkers","item":"https:\/\/odysseus-contests.eu\/2016\/fr\/skywalkers-2\/"},{"@type":"ListItem","position":3,"name":"Prix"}]},{"@type":"WebSite","@id":"https:\/\/odysseus-contests.eu\/2016\/de\/#website","url":"https:\/\/odysseus-contests.eu\/2016\/de\/","name":"ODYSSEUS II","description":"Concours spatial des jeunes","potentialAction":[{"@type":"SearchAction","target":{"@type":"EntryPoint","urlTemplate":"https:\/\/odysseus-contests.eu\/2016\/de\/?s={search_term_string}"},"query-input":"required name=search_term_string"}],"inLanguage":"fr-FR"}]}},"_links":{"self":[{"href":"https:\/\/odysseus-contests.eu\/2016\/fr\/wp-json\/wp\/v2\/pages\/1338"}],"collection":[{"href":"https:\/\/odysseus-contests.eu\/2016\/fr\/wp-json\/wp\/v2\/pages"}],"about":[{"href":"https:\/\/odysseus-contests.eu\/2016\/fr\/wp-json\/wp\/v2\/types\/page"}],"author":[{"embeddable":true,"href":"https:\/\/odysseus-contests.eu\/2016\/fr\/wp-json\/wp\/v2\/users\/1"}],"replies":[{"embeddable":true,"href":"https:\/\/odysseus-contests.eu\/2016\/fr\/wp-json\/wp\/v2\/comments?post=1338"}],"version-history":[{"count":0,"href":"https:\/\/odysseus-contests.eu\/2016\/fr\/wp-json\/wp\/v2\/pages\/1338\/revisions"}],"up":[{"embeddable":true,"href":"https:\/\/odysseus-contests.eu\/2016\/fr\/wp-json\/wp\/v2\/pages\/1330"}],"wp:attachment":[{"href":"https:\/\/odysseus-contests.eu\/2016\/fr\/wp-json\/wp\/v2\/media?parent=1338"}],"curies":[{"name":"wp","href":"https:\/\/api.w.org\/{rel}","templated":true}]}}