{"id":1334,"date":"2015-06-30T22:34:44","date_gmt":"2015-06-30T19:34:44","guid":{"rendered":"http:\/\/odysseus-contests.eu\/2016\/?page_id=1334"},"modified":"2015-06-30T22:34:44","modified_gmt":"2015-06-30T19:34:44","slug":"reglement","status":"publish","type":"page","link":"https:\/\/odysseus-contests.eu\/2016\/fr\/skywalkers-2\/reglement\/","title":{"rendered":"R\u00e8glement"},"content":{"rendered":"<ul>\n<li>Le concours est ouvert aux \u00e9l\u00e8ves de sept (7) \u00e0 treize (13) ans. Il concerne les \u00e9coliers n\u00e9s entre le 1<sup>er<\/sup> avril 2002 et le 31 mars 2009.<\/li>\n<li>Les Skywalkers soumettront les images qu&rsquo;ils ont cr\u00e9\u00e9es individuellement. Le terme \u00ab\u00a0image\u00a0\u00bb peut s&rsquo;appliquer \u00e0 des images cr\u00e9\u00e9es par tout moyen, soit manuellement (dessin, peinture, mosa\u00efque, etc.), soit \u00e9lectroniquement (photographies, dessins r\u00e9alis\u00e9s \u00e0 l&rsquo;aide de logiciels graphiques, etc.). Les images qui ne sont pas cr\u00e9\u00e9es \u00e9lectroniquement doivent \u00eatre scann\u00e9es et t\u00e9l\u00e9charg\u00e9s dans l&rsquo;un des formats approuv\u00e9s.<\/li>\n<li>Les Skywalkers ne concourent pas en \u00e9quipes mais ils doivent \u00eatre aid\u00e9s pour leur inscription et le d\u00e9p\u00f4t du dossier par un adulte (professeur, membre de la famille, ou animateurs de groupes de jeunes).<\/li>\n<li>Chaque Skywalker participant au concours ne peut soumettre qu&rsquo;une seule image pour le concours.<\/li>\n<li>Tous les candidats doivent soumettre une image originale li\u00e9e aux sciences spatiales sur les th\u00e8mes et les d\u00e9fis pr\u00e9cis\u00e9s pour leur cat\u00e9gorie d&rsquo;\u00e2ge.<\/li>\n<li>Les candidats pourront d\u00e9poser un dossier num\u00e9rique \u00e0 partir du 1<sup>er<\/sup> septembre 2015 jusqu&rsquo;au 31 mars 2016 inclus.<\/li>\n<li>Tous les \u00e9l\u00e9ments d\u00e9pos\u00e9s doivent avoir \u00e9t\u00e9 r\u00e9alis\u00e9s par les candidats, sp\u00e9cifiquement pour ce concours.<\/li>\n<li>Pour les images dans la cat\u00e9gorie Skywalker, toutes les r\u00e9alisations de chaque groupe d\u2019\u00e2ge et de chaque pays feront l\u2019objet d\u2019une pr\u00e9-s\u00e9lection par les juges du concours. Les images s\u00e9lectionn\u00e9es seront ensuite soumises au vote en ligne des candidats. Cela permet d\u2019obtenir un nombre g\u00e9rable d\u2019images \u00e0 pr\u00e9senter aux Skywalkers pour qu\u2019ils puissent les \u00e9valuer.<\/li>\n<li>Les images des Skywalkers peuvent \u00eatre soumises par des pays hors UE. Ces pays formeront un seul bloc entre eux, inclus dans la \u00a0r\u00e9gion qui leur est attribu\u00e9e, et feront l&rsquo;objet d&rsquo;une pr\u00e9s\u00e9lection puis d&rsquo;un vote comme s&rsquo;ils constituaient un seul et m\u00eame pays.<\/li>\n<li>A l\u2019issue du vote en ligne, un gagnant, ainsi que deux finalistes, seront s\u00e9lectionn\u00e9s dans chaque pays de l\u2019UE participant et chaque bloc de pays hors UE, dans chacun des deux groupes d&rsquo;\u00e2ge : de sept (7) ans \u00e0 dix (10) ans (Skywalkers junior) et de onze (11) \u00e0 treize (13) ans (Skywalkers Senior). Les attributions des groupes d&rsquo;\u00e2ge seront d\u00e9termin\u00e9es par l&rsquo;\u00e2ge de chaque candidat Skywalker au dernier jour de la soumission (31 mars 2016). La cat\u00e9gorie des Skywalker junior concerne les \u00e9coliers n\u00e9s entre le 1<sup>er<\/sup> avril 2002 et le 31 mars 2005 inclus. La cat\u00e9gorie Skywalker senior concerne les \u00e9coliers n\u00e9s entre le 1<sup>er<\/sup> avril 2005 et le 31 mars 2009.<\/li>\n<li>Les candidats Skywalkers voteront uniquement pour les images de leur propre pays et groupe d&rsquo;\u00e2ge.<\/li>\n<li>Le nom des gagnants nationaux du concours d&rsquo;images Skywalker sera annonc\u00e9 le 3 juin 2016.<\/li>\n<li>Le vote en ligne effectu\u00e9 par les gagnants nationaux commencera apr\u00e8s l&rsquo;annonce des finalistes et durera jusqu&rsquo;au 3 juillet 2016. Les trois gagnants de la cat\u00e9gorie Skywalker seront annonc\u00e9s au cours de la c\u00e9r\u00e9monie des r\u00e9compenses du concours Odysseus, le 7 juillet 2016.<\/li>\n<li>Les Skywalkers participant au concours d&rsquo;images ne participeront pas aux demi-finales r\u00e9gionales, ni ne se rendront \u00e0 la finale internationale \u00e0 Bruxelles ou Toulouse, mais les gagnants nationaux seront annonc\u00e9s, et leurs images expos\u00e9es, lors de la finale \u00e0 Bruxelles.<\/li>\n<li>Chaque participant doit fournir un formulaire d&rsquo;autorisation parentale sign\u00e9 pour participer au concours.<\/li>\n<li>Chaque candidat Skywalker devra \u00eatre accompagn\u00e9 d&rsquo;un adulte (professeur, membre de la famille ou animateur de groupes de jeunes) pour l&rsquo;assister.<\/li>\n<li>Chaque adulte (professeur, parent, ou tuteur) pourra soumettre un maximum de cinquante (50) images de cinquante (50) candidats Skywalkers diff\u00e9rents, sous r\u00e9serve d&rsquo;une autorisation parentale pour chacun d&rsquo;eux.<\/li>\n<\/ul>\n","protected":false},"excerpt":{"rendered":"<p>Le concours est ouvert aux \u00e9l\u00e8ves de sept (7) \u00e0 treize (13) ans. Il concerne les \u00e9coliers n\u00e9s entre le 1er avril 2002 et le 31 mars 2009. Les Skywalkers soumettront les images qu&rsquo;ils ont cr\u00e9\u00e9es individuellement. Le terme \u00ab\u00a0image\u00a0\u00bb peut s&rsquo;appliquer \u00e0 des images cr\u00e9\u00e9es par tout moyen, soit manuellement (dessin, peinture, mosa\u00efque, etc.), [&hellip;]<\/p>\n","protected":false},"author":1,"featured_media":0,"parent":1330,"menu_order":20,"comment_status":"closed","ping_status":"closed","template":"","meta":[],"acf":[],"yoast_head":"<!-- This site is optimized with the Yoast SEO plugin v19.14 - https:\/\/yoast.com\/wordpress\/plugins\/seo\/ -->\n<title>R\u00e8glement - ODYSSEUS II<\/title>\n<meta name=\"robots\" content=\"index, follow, max-snippet:-1, max-image-preview:large, max-video-preview:-1\" \/>\n<link rel=\"canonical\" href=\"https:\/\/odysseus-contests.eu\/2016\/fr\/skywalkers-2\/reglement\/\" \/>\n<meta property=\"og:locale\" content=\"fr_FR\" \/>\n<meta property=\"og:type\" content=\"article\" \/>\n<meta property=\"og:title\" content=\"R\u00e8glement - ODYSSEUS II\" \/>\n<meta property=\"og:description\" content=\"Le concours est ouvert aux \u00e9l\u00e8ves de sept (7) \u00e0 treize (13) ans. Il concerne les \u00e9coliers n\u00e9s entre le 1er avril 2002 et le 31 mars 2009. Les Skywalkers soumettront les images qu&rsquo;ils ont cr\u00e9\u00e9es individuellement. Le terme \u00ab\u00a0image\u00a0\u00bb peut s&rsquo;appliquer \u00e0 des images cr\u00e9\u00e9es par tout moyen, soit manuellement (dessin, peinture, mosa\u00efque, etc.), [&hellip;]\" \/>\n<meta property=\"og:url\" content=\"https:\/\/odysseus-contests.eu\/2016\/fr\/skywalkers-2\/reglement\/\" \/>\n<meta property=\"og:site_name\" content=\"ODYSSEUS II\" \/>\n<meta name=\"twitter:card\" content=\"summary_large_image\" \/>\n<meta name=\"twitter:label1\" content=\"Dur\u00e9e de lecture estim\u00e9e\" \/>\n\t<meta name=\"twitter:data1\" content=\"3 minutes\" \/>\n<script type=\"application\/ld+json\" class=\"yoast-schema-graph\">{\"@context\":\"https:\/\/schema.org\",\"@graph\":[{\"@type\":\"WebPage\",\"@id\":\"https:\/\/odysseus-contests.eu\/2016\/fr\/skywalkers-2\/reglement\/\",\"url\":\"https:\/\/odysseus-contests.eu\/2016\/fr\/skywalkers-2\/reglement\/\",\"name\":\"R\u00e8glement - ODYSSEUS II\",\"isPartOf\":{\"@id\":\"https:\/\/odysseus-contests.eu\/2016\/de\/#website\"},\"datePublished\":\"2015-06-30T19:34:44+00:00\",\"dateModified\":\"2015-06-30T19:34:44+00:00\",\"breadcrumb\":{\"@id\":\"https:\/\/odysseus-contests.eu\/2016\/fr\/skywalkers-2\/reglement\/#breadcrumb\"},\"inLanguage\":\"fr-FR\",\"potentialAction\":[{\"@type\":\"ReadAction\",\"target\":[\"https:\/\/odysseus-contests.eu\/2016\/fr\/skywalkers-2\/reglement\/\"]}]},{\"@type\":\"BreadcrumbList\",\"@id\":\"https:\/\/odysseus-contests.eu\/2016\/fr\/skywalkers-2\/reglement\/#breadcrumb\",\"itemListElement\":[{\"@type\":\"ListItem\",\"position\":1,\"name\":\"Home\",\"item\":\"https:\/\/odysseus-contests.eu\/2016\/fr\/\"},{\"@type\":\"ListItem\",\"position\":2,\"name\":\"Skywalkers\",\"item\":\"https:\/\/odysseus-contests.eu\/2016\/fr\/skywalkers-2\/\"},{\"@type\":\"ListItem\",\"position\":3,\"name\":\"R\u00e8glement\"}]},{\"@type\":\"WebSite\",\"@id\":\"https:\/\/odysseus-contests.eu\/2016\/de\/#website\",\"url\":\"https:\/\/odysseus-contests.eu\/2016\/de\/\",\"name\":\"ODYSSEUS II\",\"description\":\"Concours spatial des jeunes\",\"potentialAction\":[{\"@type\":\"SearchAction\",\"target\":{\"@type\":\"EntryPoint\",\"urlTemplate\":\"https:\/\/odysseus-contests.eu\/2016\/de\/?s={search_term_string}\"},\"query-input\":\"required name=search_term_string\"}],\"inLanguage\":\"fr-FR\"}]}<\/script>\n<!-- \/ Yoast SEO plugin. -->","yoast_head_json":{"title":"R\u00e8glement - ODYSSEUS II","robots":{"index":"index","follow":"follow","max-snippet":"max-snippet:-1","max-image-preview":"max-image-preview:large","max-video-preview":"max-video-preview:-1"},"canonical":"https:\/\/odysseus-contests.eu\/2016\/fr\/skywalkers-2\/reglement\/","og_locale":"fr_FR","og_type":"article","og_title":"R\u00e8glement - ODYSSEUS II","og_description":"Le concours est ouvert aux \u00e9l\u00e8ves de sept (7) \u00e0 treize (13) ans. Il concerne les \u00e9coliers n\u00e9s entre le 1er avril 2002 et le 31 mars 2009. Les Skywalkers soumettront les images qu&rsquo;ils ont cr\u00e9\u00e9es individuellement. Le terme \u00ab\u00a0image\u00a0\u00bb peut s&rsquo;appliquer \u00e0 des images cr\u00e9\u00e9es par tout moyen, soit manuellement (dessin, peinture, mosa\u00efque, etc.), [&hellip;]","og_url":"https:\/\/odysseus-contests.eu\/2016\/fr\/skywalkers-2\/reglement\/","og_site_name":"ODYSSEUS II","twitter_card":"summary_large_image","twitter_misc":{"Dur\u00e9e de lecture estim\u00e9e":"3 minutes"},"schema":{"@context":"https:\/\/schema.org","@graph":[{"@type":"WebPage","@id":"https:\/\/odysseus-contests.eu\/2016\/fr\/skywalkers-2\/reglement\/","url":"https:\/\/odysseus-contests.eu\/2016\/fr\/skywalkers-2\/reglement\/","name":"R\u00e8glement - ODYSSEUS II","isPartOf":{"@id":"https:\/\/odysseus-contests.eu\/2016\/de\/#website"},"datePublished":"2015-06-30T19:34:44+00:00","dateModified":"2015-06-30T19:34:44+00:00","breadcrumb":{"@id":"https:\/\/odysseus-contests.eu\/2016\/fr\/skywalkers-2\/reglement\/#breadcrumb"},"inLanguage":"fr-FR","potentialAction":[{"@type":"ReadAction","target":["https:\/\/odysseus-contests.eu\/2016\/fr\/skywalkers-2\/reglement\/"]}]},{"@type":"BreadcrumbList","@id":"https:\/\/odysseus-contests.eu\/2016\/fr\/skywalkers-2\/reglement\/#breadcrumb","itemListElement":[{"@type":"ListItem","position":1,"name":"Home","item":"https:\/\/odysseus-contests.eu\/2016\/fr\/"},{"@type":"ListItem","position":2,"name":"Skywalkers","item":"https:\/\/odysseus-contests.eu\/2016\/fr\/skywalkers-2\/"},{"@type":"ListItem","position":3,"name":"R\u00e8glement"}]},{"@type":"WebSite","@id":"https:\/\/odysseus-contests.eu\/2016\/de\/#website","url":"https:\/\/odysseus-contests.eu\/2016\/de\/","name":"ODYSSEUS II","description":"Concours spatial des jeunes","potentialAction":[{"@type":"SearchAction","target":{"@type":"EntryPoint","urlTemplate":"https:\/\/odysseus-contests.eu\/2016\/de\/?s={search_term_string}"},"query-input":"required name=search_term_string"}],"inLanguage":"fr-FR"}]}},"_links":{"self":[{"href":"https:\/\/odysseus-contests.eu\/2016\/fr\/wp-json\/wp\/v2\/pages\/1334"}],"collection":[{"href":"https:\/\/odysseus-contests.eu\/2016\/fr\/wp-json\/wp\/v2\/pages"}],"about":[{"href":"https:\/\/odysseus-contests.eu\/2016\/fr\/wp-json\/wp\/v2\/types\/page"}],"author":[{"embeddable":true,"href":"https:\/\/odysseus-contests.eu\/2016\/fr\/wp-json\/wp\/v2\/users\/1"}],"replies":[{"embeddable":true,"href":"https:\/\/odysseus-contests.eu\/2016\/fr\/wp-json\/wp\/v2\/comments?post=1334"}],"version-history":[{"count":0,"href":"https:\/\/odysseus-contests.eu\/2016\/fr\/wp-json\/wp\/v2\/pages\/1334\/revisions"}],"up":[{"embeddable":true,"href":"https:\/\/odysseus-contests.eu\/2016\/fr\/wp-json\/wp\/v2\/pages\/1330"}],"wp:attachment":[{"href":"https:\/\/odysseus-contests.eu\/2016\/fr\/wp-json\/wp\/v2\/media?parent=1334"}],"curies":[{"name":"wp","href":"https:\/\/api.w.org\/{rel}","templated":true}]}}