{"id":1332,"date":"2015-06-30T22:33:40","date_gmt":"2015-06-30T19:33:40","guid":{"rendered":"http:\/\/odysseus-contests.eu\/2016\/?page_id=1332"},"modified":"2015-06-30T22:33:40","modified_gmt":"2015-06-30T19:33:40","slug":"instructions","status":"publish","type":"page","link":"https:\/\/odysseus-contests.eu\/2016\/fr\/skywalkers-2\/instructions\/","title":{"rendered":"Instructions"},"content":{"rendered":"<p>Les \u00e9l\u00e8ves n\u00e9s entre le 1er avril 2002 et le 31 mars 2009 sont invit\u00e9s \u00e0 pr\u00e9parer individuellement une \u00ab\u00a0image\u00a0\u00bb portant sur les th\u00e8mes suivants :<\/p>\n<ol>\n<li>Le Syst\u00e8me Solaire et les sciences spatiales (ex. : \u00e0 quoi ressemble la Terre vue de la de la Lune ou de V\u00e9nus ?)<\/li>\n<li>L&rsquo;Europe dans l&rsquo;espace (ex. : Marcher sur une com\u00e8te)<\/li>\n<li>Des humains sur Mars (ex. : Phobos, un satellite de Mars, s&rsquo;\u00e9crase sur Mars)<\/li>\n<li>L&rsquo;Astrobiologie : La recherche de la vie dans l&rsquo;Univers (ex. : Faire un dessin d&rsquo;une civilisation qui a d\u00e9velopp\u00e9 un tr\u00e8s haut niveau de technologie)<\/li>\n<\/ol>\n<p>* Cette liste n&rsquo;est pas exhaustive et toute extrapolation d&rsquo;id\u00e9es dans le cadre des th\u00e8mes choisis pourra \u00eatre affich\u00e9e en fonction de l&rsquo;imagination des \u00e9l\u00e8ves.<\/p>\n<p>Le terme \u201cimage\u201d peut s&rsquo;appliquer \u00e0 des images cr\u00e9\u00e9es par n&rsquo;importe quel moyen, manuellement (dessin, peinture, mosa\u00efque, etc.) ou \u00e9lectroniquement (photographies, des dessins r\u00e9alis\u00e9s \u00e0 l&rsquo;aide de logiciels graphiques, etc.). Les images qui ne sont pas cr\u00e9\u00e9es \u00e9lectroniquement doivent \u00eatre scann\u00e9es et t\u00e9l\u00e9charg\u00e9es dans l&rsquo;un des formats approuv\u00e9s.<\/p>\n<p>Les inscriptions doivent \u00eatre effectu\u00e9es en ligne par un adulte (le professeur, un membre de la famille ou un animateur de groupes de jeunes) via le site Web Odysseus.<\/p>\n","protected":false},"excerpt":{"rendered":"<p>Les \u00e9l\u00e8ves n\u00e9s entre le 1er avril 2002 et le 31 mars 2009 sont invit\u00e9s \u00e0 pr\u00e9parer individuellement une \u00ab\u00a0image\u00a0\u00bb portant sur les th\u00e8mes suivants : Le Syst\u00e8me Solaire et les sciences spatiales (ex. : \u00e0 quoi ressemble la Terre vue de la de la Lune ou de V\u00e9nus ?) L&rsquo;Europe dans l&rsquo;espace (ex. : [&hellip;]<\/p>\n","protected":false},"author":1,"featured_media":0,"parent":1330,"menu_order":10,"comment_status":"closed","ping_status":"closed","template":"","meta":[],"acf":[],"yoast_head":"<!-- This site is optimized with the Yoast SEO plugin v19.14 - https:\/\/yoast.com\/wordpress\/plugins\/seo\/ -->\n<title>Instructions - ODYSSEUS II<\/title>\n<meta name=\"robots\" content=\"index, follow, max-snippet:-1, max-image-preview:large, max-video-preview:-1\" \/>\n<link rel=\"canonical\" href=\"https:\/\/odysseus-contests.eu\/2016\/fr\/skywalkers-2\/instructions\/\" \/>\n<meta property=\"og:locale\" content=\"fr_FR\" \/>\n<meta property=\"og:type\" content=\"article\" \/>\n<meta property=\"og:title\" content=\"Instructions - ODYSSEUS II\" \/>\n<meta property=\"og:description\" content=\"Les \u00e9l\u00e8ves n\u00e9s entre le 1er avril 2002 et le 31 mars 2009 sont invit\u00e9s \u00e0 pr\u00e9parer individuellement une \u00ab\u00a0image\u00a0\u00bb portant sur les th\u00e8mes suivants : Le Syst\u00e8me Solaire et les sciences spatiales (ex. : \u00e0 quoi ressemble la Terre vue de la de la Lune ou de V\u00e9nus ?) L&rsquo;Europe dans l&rsquo;espace (ex. : [&hellip;]\" \/>\n<meta property=\"og:url\" content=\"https:\/\/odysseus-contests.eu\/2016\/fr\/skywalkers-2\/instructions\/\" \/>\n<meta property=\"og:site_name\" content=\"ODYSSEUS II\" \/>\n<meta name=\"twitter:card\" content=\"summary_large_image\" \/>\n<meta name=\"twitter:label1\" content=\"Dur\u00e9e de lecture estim\u00e9e\" \/>\n\t<meta name=\"twitter:data1\" content=\"1 minute\" \/>\n<script type=\"application\/ld+json\" class=\"yoast-schema-graph\">{\"@context\":\"https:\/\/schema.org\",\"@graph\":[{\"@type\":\"WebPage\",\"@id\":\"https:\/\/odysseus-contests.eu\/2016\/fr\/skywalkers-2\/instructions\/\",\"url\":\"https:\/\/odysseus-contests.eu\/2016\/fr\/skywalkers-2\/instructions\/\",\"name\":\"Instructions - ODYSSEUS II\",\"isPartOf\":{\"@id\":\"https:\/\/odysseus-contests.eu\/2016\/de\/#website\"},\"datePublished\":\"2015-06-30T19:33:40+00:00\",\"dateModified\":\"2015-06-30T19:33:40+00:00\",\"breadcrumb\":{\"@id\":\"https:\/\/odysseus-contests.eu\/2016\/fr\/skywalkers-2\/instructions\/#breadcrumb\"},\"inLanguage\":\"fr-FR\",\"potentialAction\":[{\"@type\":\"ReadAction\",\"target\":[\"https:\/\/odysseus-contests.eu\/2016\/fr\/skywalkers-2\/instructions\/\"]}]},{\"@type\":\"BreadcrumbList\",\"@id\":\"https:\/\/odysseus-contests.eu\/2016\/fr\/skywalkers-2\/instructions\/#breadcrumb\",\"itemListElement\":[{\"@type\":\"ListItem\",\"position\":1,\"name\":\"Home\",\"item\":\"https:\/\/odysseus-contests.eu\/2016\/fr\/\"},{\"@type\":\"ListItem\",\"position\":2,\"name\":\"Skywalkers\",\"item\":\"https:\/\/odysseus-contests.eu\/2016\/fr\/skywalkers-2\/\"},{\"@type\":\"ListItem\",\"position\":3,\"name\":\"Instructions\"}]},{\"@type\":\"WebSite\",\"@id\":\"https:\/\/odysseus-contests.eu\/2016\/de\/#website\",\"url\":\"https:\/\/odysseus-contests.eu\/2016\/de\/\",\"name\":\"ODYSSEUS II\",\"description\":\"Concours spatial des jeunes\",\"potentialAction\":[{\"@type\":\"SearchAction\",\"target\":{\"@type\":\"EntryPoint\",\"urlTemplate\":\"https:\/\/odysseus-contests.eu\/2016\/de\/?s={search_term_string}\"},\"query-input\":\"required name=search_term_string\"}],\"inLanguage\":\"fr-FR\"}]}<\/script>\n<!-- \/ Yoast SEO plugin. -->","yoast_head_json":{"title":"Instructions - ODYSSEUS II","robots":{"index":"index","follow":"follow","max-snippet":"max-snippet:-1","max-image-preview":"max-image-preview:large","max-video-preview":"max-video-preview:-1"},"canonical":"https:\/\/odysseus-contests.eu\/2016\/fr\/skywalkers-2\/instructions\/","og_locale":"fr_FR","og_type":"article","og_title":"Instructions - ODYSSEUS II","og_description":"Les \u00e9l\u00e8ves n\u00e9s entre le 1er avril 2002 et le 31 mars 2009 sont invit\u00e9s \u00e0 pr\u00e9parer individuellement une \u00ab\u00a0image\u00a0\u00bb portant sur les th\u00e8mes suivants : Le Syst\u00e8me Solaire et les sciences spatiales (ex. : \u00e0 quoi ressemble la Terre vue de la de la Lune ou de V\u00e9nus ?) L&rsquo;Europe dans l&rsquo;espace (ex. : [&hellip;]","og_url":"https:\/\/odysseus-contests.eu\/2016\/fr\/skywalkers-2\/instructions\/","og_site_name":"ODYSSEUS II","twitter_card":"summary_large_image","twitter_misc":{"Dur\u00e9e de lecture estim\u00e9e":"1 minute"},"schema":{"@context":"https:\/\/schema.org","@graph":[{"@type":"WebPage","@id":"https:\/\/odysseus-contests.eu\/2016\/fr\/skywalkers-2\/instructions\/","url":"https:\/\/odysseus-contests.eu\/2016\/fr\/skywalkers-2\/instructions\/","name":"Instructions - ODYSSEUS II","isPartOf":{"@id":"https:\/\/odysseus-contests.eu\/2016\/de\/#website"},"datePublished":"2015-06-30T19:33:40+00:00","dateModified":"2015-06-30T19:33:40+00:00","breadcrumb":{"@id":"https:\/\/odysseus-contests.eu\/2016\/fr\/skywalkers-2\/instructions\/#breadcrumb"},"inLanguage":"fr-FR","potentialAction":[{"@type":"ReadAction","target":["https:\/\/odysseus-contests.eu\/2016\/fr\/skywalkers-2\/instructions\/"]}]},{"@type":"BreadcrumbList","@id":"https:\/\/odysseus-contests.eu\/2016\/fr\/skywalkers-2\/instructions\/#breadcrumb","itemListElement":[{"@type":"ListItem","position":1,"name":"Home","item":"https:\/\/odysseus-contests.eu\/2016\/fr\/"},{"@type":"ListItem","position":2,"name":"Skywalkers","item":"https:\/\/odysseus-contests.eu\/2016\/fr\/skywalkers-2\/"},{"@type":"ListItem","position":3,"name":"Instructions"}]},{"@type":"WebSite","@id":"https:\/\/odysseus-contests.eu\/2016\/de\/#website","url":"https:\/\/odysseus-contests.eu\/2016\/de\/","name":"ODYSSEUS II","description":"Concours spatial des jeunes","potentialAction":[{"@type":"SearchAction","target":{"@type":"EntryPoint","urlTemplate":"https:\/\/odysseus-contests.eu\/2016\/de\/?s={search_term_string}"},"query-input":"required name=search_term_string"}],"inLanguage":"fr-FR"}]}},"_links":{"self":[{"href":"https:\/\/odysseus-contests.eu\/2016\/fr\/wp-json\/wp\/v2\/pages\/1332"}],"collection":[{"href":"https:\/\/odysseus-contests.eu\/2016\/fr\/wp-json\/wp\/v2\/pages"}],"about":[{"href":"https:\/\/odysseus-contests.eu\/2016\/fr\/wp-json\/wp\/v2\/types\/page"}],"author":[{"embeddable":true,"href":"https:\/\/odysseus-contests.eu\/2016\/fr\/wp-json\/wp\/v2\/users\/1"}],"replies":[{"embeddable":true,"href":"https:\/\/odysseus-contests.eu\/2016\/fr\/wp-json\/wp\/v2\/comments?post=1332"}],"version-history":[{"count":0,"href":"https:\/\/odysseus-contests.eu\/2016\/fr\/wp-json\/wp\/v2\/pages\/1332\/revisions"}],"up":[{"embeddable":true,"href":"https:\/\/odysseus-contests.eu\/2016\/fr\/wp-json\/wp\/v2\/pages\/1330"}],"wp:attachment":[{"href":"https:\/\/odysseus-contests.eu\/2016\/fr\/wp-json\/wp\/v2\/media?parent=1332"}],"curies":[{"name":"wp","href":"https:\/\/api.w.org\/{rel}","templated":true}]}}