{"id":1326,"date":"2015-06-30T22:30:31","date_gmt":"2015-06-30T19:30:31","guid":{"rendered":"http:\/\/odysseus-contests.eu\/2016\/?page_id=1326"},"modified":"2015-06-30T22:30:31","modified_gmt":"2015-06-30T19:30:31","slug":"evaluateurs","status":"publish","type":"page","link":"https:\/\/odysseus-contests.eu\/2016\/fr\/ressources\/evaluateurs\/","title":{"rendered":"\u00c9valuateurs"},"content":{"rendered":"<p>Tous les dossiers seront jug\u00e9s par leur jury national respectif constitu\u00e9 d&rsquo;\u00e9valuateurs hautement exp\u00e9riment\u00e9s. Plus sp\u00e9cifiquement, chaque jury national est compos\u00e9 d&rsquo;enseignants ensciences, d&rsquo;experts de l&rsquo;exploration spatiale et de professionnels de l&rsquo;\u00e9ducation travaillant dans une \u00e9cole secondaire, une universit\u00e9 ou tout autre cursus \u00e9ducatif avec un contexte scientifique.<\/p>\n<p>Les juges au niveau r\u00e9gional seront \u00e9galement des b\u00e9n\u00e9voles ayant un contexte de recherche spatiale, d&rsquo;ing\u00e9nierie et d&rsquo;\u00e9ducation. Leurs frais de d\u00e9placement pour leur pr\u00e9sence aux demi-finales et aux finales seront support\u00e9s par le projet Odysseus II.<\/p>\n<p>Le comit\u00e9 scientifique europ\u00e9en est compos\u00e9 d&rsquo;experts de l&rsquo;exploration spatiale et de professionnels de l&rsquo;\u00e9ducation ayant une exp\u00e9rience scientifique. Les professeurs-tuteurs des \u00e9quipes inscrites au concours Odysseus ne sont pas autoris\u00e9s \u00e0 participer en tant que juges.<\/p>\n","protected":false},"excerpt":{"rendered":"<p>Tous les dossiers seront jug\u00e9s par leur jury national respectif constitu\u00e9 d&rsquo;\u00e9valuateurs hautement exp\u00e9riment\u00e9s. Plus sp\u00e9cifiquement, chaque jury national est compos\u00e9 d&rsquo;enseignants ensciences, d&rsquo;experts de l&rsquo;exploration spatiale et de professionnels de l&rsquo;\u00e9ducation travaillant dans une \u00e9cole secondaire, une universit\u00e9 ou tout autre cursus \u00e9ducatif avec un contexte scientifique. Les juges au niveau r\u00e9gional seront \u00e9galement [&hellip;]<\/p>\n","protected":false},"author":1,"featured_media":0,"parent":1322,"menu_order":0,"comment_status":"closed","ping_status":"closed","template":"template_evaluators.php","meta":[],"acf":[],"yoast_head":"<!-- This site is optimized with the Yoast SEO plugin v19.14 - https:\/\/yoast.com\/wordpress\/plugins\/seo\/ -->\n<title>\u00c9valuateurs - ODYSSEUS II<\/title>\n<meta name=\"robots\" content=\"index, follow, max-snippet:-1, max-image-preview:large, max-video-preview:-1\" \/>\n<link rel=\"canonical\" href=\"https:\/\/odysseus-contests.eu\/2016\/fr\/ressources\/evaluateurs\/\" \/>\n<meta property=\"og:locale\" content=\"fr_FR\" \/>\n<meta property=\"og:type\" content=\"article\" \/>\n<meta property=\"og:title\" content=\"\u00c9valuateurs - ODYSSEUS II\" \/>\n<meta property=\"og:description\" content=\"Tous les dossiers seront jug\u00e9s par leur jury national respectif constitu\u00e9 d&rsquo;\u00e9valuateurs hautement exp\u00e9riment\u00e9s. Plus sp\u00e9cifiquement, chaque jury national est compos\u00e9 d&rsquo;enseignants ensciences, d&rsquo;experts de l&rsquo;exploration spatiale et de professionnels de l&rsquo;\u00e9ducation travaillant dans une \u00e9cole secondaire, une universit\u00e9 ou tout autre cursus \u00e9ducatif avec un contexte scientifique. Les juges au niveau r\u00e9gional seront \u00e9galement [&hellip;]\" \/>\n<meta property=\"og:url\" content=\"https:\/\/odysseus-contests.eu\/2016\/fr\/ressources\/evaluateurs\/\" \/>\n<meta property=\"og:site_name\" content=\"ODYSSEUS II\" \/>\n<meta name=\"twitter:card\" content=\"summary_large_image\" \/>\n<meta name=\"twitter:label1\" content=\"Dur\u00e9e de lecture estim\u00e9e\" \/>\n\t<meta name=\"twitter:data1\" content=\"1 minute\" \/>\n<script type=\"application\/ld+json\" class=\"yoast-schema-graph\">{\"@context\":\"https:\/\/schema.org\",\"@graph\":[{\"@type\":\"WebPage\",\"@id\":\"https:\/\/odysseus-contests.eu\/2016\/fr\/ressources\/evaluateurs\/\",\"url\":\"https:\/\/odysseus-contests.eu\/2016\/fr\/ressources\/evaluateurs\/\",\"name\":\"\u00c9valuateurs - ODYSSEUS II\",\"isPartOf\":{\"@id\":\"https:\/\/odysseus-contests.eu\/2016\/de\/#website\"},\"datePublished\":\"2015-06-30T19:30:31+00:00\",\"dateModified\":\"2015-06-30T19:30:31+00:00\",\"breadcrumb\":{\"@id\":\"https:\/\/odysseus-contests.eu\/2016\/fr\/ressources\/evaluateurs\/#breadcrumb\"},\"inLanguage\":\"fr-FR\",\"potentialAction\":[{\"@type\":\"ReadAction\",\"target\":[\"https:\/\/odysseus-contests.eu\/2016\/fr\/ressources\/evaluateurs\/\"]}]},{\"@type\":\"BreadcrumbList\",\"@id\":\"https:\/\/odysseus-contests.eu\/2016\/fr\/ressources\/evaluateurs\/#breadcrumb\",\"itemListElement\":[{\"@type\":\"ListItem\",\"position\":1,\"name\":\"Home\",\"item\":\"https:\/\/odysseus-contests.eu\/2016\/fr\/\"},{\"@type\":\"ListItem\",\"position\":2,\"name\":\"Ressources\",\"item\":\"https:\/\/odysseus-contests.eu\/2016\/fr\/ressources\/\"},{\"@type\":\"ListItem\",\"position\":3,\"name\":\"\u00c9valuateurs\"}]},{\"@type\":\"WebSite\",\"@id\":\"https:\/\/odysseus-contests.eu\/2016\/de\/#website\",\"url\":\"https:\/\/odysseus-contests.eu\/2016\/de\/\",\"name\":\"ODYSSEUS II\",\"description\":\"Concours spatial des jeunes\",\"potentialAction\":[{\"@type\":\"SearchAction\",\"target\":{\"@type\":\"EntryPoint\",\"urlTemplate\":\"https:\/\/odysseus-contests.eu\/2016\/de\/?s={search_term_string}\"},\"query-input\":\"required name=search_term_string\"}],\"inLanguage\":\"fr-FR\"}]}<\/script>\n<!-- \/ Yoast SEO plugin. -->","yoast_head_json":{"title":"\u00c9valuateurs - ODYSSEUS II","robots":{"index":"index","follow":"follow","max-snippet":"max-snippet:-1","max-image-preview":"max-image-preview:large","max-video-preview":"max-video-preview:-1"},"canonical":"https:\/\/odysseus-contests.eu\/2016\/fr\/ressources\/evaluateurs\/","og_locale":"fr_FR","og_type":"article","og_title":"\u00c9valuateurs - ODYSSEUS II","og_description":"Tous les dossiers seront jug\u00e9s par leur jury national respectif constitu\u00e9 d&rsquo;\u00e9valuateurs hautement exp\u00e9riment\u00e9s. Plus sp\u00e9cifiquement, chaque jury national est compos\u00e9 d&rsquo;enseignants ensciences, d&rsquo;experts de l&rsquo;exploration spatiale et de professionnels de l&rsquo;\u00e9ducation travaillant dans une \u00e9cole secondaire, une universit\u00e9 ou tout autre cursus \u00e9ducatif avec un contexte scientifique. Les juges au niveau r\u00e9gional seront \u00e9galement [&hellip;]","og_url":"https:\/\/odysseus-contests.eu\/2016\/fr\/ressources\/evaluateurs\/","og_site_name":"ODYSSEUS II","twitter_card":"summary_large_image","twitter_misc":{"Dur\u00e9e de lecture estim\u00e9e":"1 minute"},"schema":{"@context":"https:\/\/schema.org","@graph":[{"@type":"WebPage","@id":"https:\/\/odysseus-contests.eu\/2016\/fr\/ressources\/evaluateurs\/","url":"https:\/\/odysseus-contests.eu\/2016\/fr\/ressources\/evaluateurs\/","name":"\u00c9valuateurs - ODYSSEUS II","isPartOf":{"@id":"https:\/\/odysseus-contests.eu\/2016\/de\/#website"},"datePublished":"2015-06-30T19:30:31+00:00","dateModified":"2015-06-30T19:30:31+00:00","breadcrumb":{"@id":"https:\/\/odysseus-contests.eu\/2016\/fr\/ressources\/evaluateurs\/#breadcrumb"},"inLanguage":"fr-FR","potentialAction":[{"@type":"ReadAction","target":["https:\/\/odysseus-contests.eu\/2016\/fr\/ressources\/evaluateurs\/"]}]},{"@type":"BreadcrumbList","@id":"https:\/\/odysseus-contests.eu\/2016\/fr\/ressources\/evaluateurs\/#breadcrumb","itemListElement":[{"@type":"ListItem","position":1,"name":"Home","item":"https:\/\/odysseus-contests.eu\/2016\/fr\/"},{"@type":"ListItem","position":2,"name":"Ressources","item":"https:\/\/odysseus-contests.eu\/2016\/fr\/ressources\/"},{"@type":"ListItem","position":3,"name":"\u00c9valuateurs"}]},{"@type":"WebSite","@id":"https:\/\/odysseus-contests.eu\/2016\/de\/#website","url":"https:\/\/odysseus-contests.eu\/2016\/de\/","name":"ODYSSEUS II","description":"Concours spatial des jeunes","potentialAction":[{"@type":"SearchAction","target":{"@type":"EntryPoint","urlTemplate":"https:\/\/odysseus-contests.eu\/2016\/de\/?s={search_term_string}"},"query-input":"required name=search_term_string"}],"inLanguage":"fr-FR"}]}},"_links":{"self":[{"href":"https:\/\/odysseus-contests.eu\/2016\/fr\/wp-json\/wp\/v2\/pages\/1326"}],"collection":[{"href":"https:\/\/odysseus-contests.eu\/2016\/fr\/wp-json\/wp\/v2\/pages"}],"about":[{"href":"https:\/\/odysseus-contests.eu\/2016\/fr\/wp-json\/wp\/v2\/types\/page"}],"author":[{"embeddable":true,"href":"https:\/\/odysseus-contests.eu\/2016\/fr\/wp-json\/wp\/v2\/users\/1"}],"replies":[{"embeddable":true,"href":"https:\/\/odysseus-contests.eu\/2016\/fr\/wp-json\/wp\/v2\/comments?post=1326"}],"version-history":[{"count":0,"href":"https:\/\/odysseus-contests.eu\/2016\/fr\/wp-json\/wp\/v2\/pages\/1326\/revisions"}],"up":[{"embeddable":true,"href":"https:\/\/odysseus-contests.eu\/2016\/fr\/wp-json\/wp\/v2\/pages\/1322"}],"wp:attachment":[{"href":"https:\/\/odysseus-contests.eu\/2016\/fr\/wp-json\/wp\/v2\/media?parent=1326"}],"curies":[{"name":"wp","href":"https:\/\/api.w.org\/{rel}","templated":true}]}}