{"id":1324,"date":"2015-06-30T22:29:37","date_gmt":"2015-06-30T19:29:37","guid":{"rendered":"http:\/\/odysseus-contests.eu\/2016\/?page_id=1324"},"modified":"2015-07-11T13:54:11","modified_gmt":"2015-07-11T10:54:11","slug":"dossiers-deposes","status":"publish","type":"page","link":"https:\/\/odysseus-contests.eu\/2016\/fr\/ressources\/dossiers-deposes\/","title":{"rendered":"Dossiers D\u00e9pos\u00e9s"},"content":{"rendered":"<p><em>Tous les dossiers seront pr\u00e9sent\u00e9s sur le site Web d&rsquo;Odysseus apr\u00e8s la date limite de d\u00e9p\u00f4t des dossiers (janvier 2016).<\/em><\/p>\n","protected":false},"excerpt":{"rendered":"<p>Tous les dossiers seront pr\u00e9sent\u00e9s sur le site Web d&rsquo;Odysseus apr\u00e8s la date limite de d\u00e9p\u00f4t des dossiers (janvier 2016).<\/p>\n","protected":false},"author":1,"featured_media":0,"parent":1322,"menu_order":0,"comment_status":"closed","ping_status":"closed","template":"","meta":[],"acf":[],"yoast_head":"<!-- This site is optimized with the Yoast SEO plugin v19.14 - https:\/\/yoast.com\/wordpress\/plugins\/seo\/ -->\n<title>Dossiers D\u00e9pos\u00e9s - ODYSSEUS II<\/title>\n<meta name=\"robots\" content=\"index, follow, max-snippet:-1, max-image-preview:large, max-video-preview:-1\" \/>\n<link rel=\"canonical\" href=\"https:\/\/odysseus-contests.eu\/2016\/fr\/ressources\/dossiers-deposes\/\" \/>\n<meta property=\"og:locale\" content=\"fr_FR\" \/>\n<meta property=\"og:type\" content=\"article\" \/>\n<meta property=\"og:title\" content=\"Dossiers D\u00e9pos\u00e9s - ODYSSEUS II\" \/>\n<meta property=\"og:description\" content=\"Tous les dossiers seront pr\u00e9sent\u00e9s sur le site Web d&rsquo;Odysseus apr\u00e8s la date limite de d\u00e9p\u00f4t des dossiers (janvier 2016).\" \/>\n<meta property=\"og:url\" content=\"https:\/\/odysseus-contests.eu\/2016\/fr\/ressources\/dossiers-deposes\/\" \/>\n<meta property=\"og:site_name\" content=\"ODYSSEUS II\" \/>\n<meta property=\"article:modified_time\" content=\"2015-07-11T10:54:11+00:00\" \/>\n<meta name=\"twitter:card\" content=\"summary_large_image\" \/>\n<script type=\"application\/ld+json\" class=\"yoast-schema-graph\">{\"@context\":\"https:\/\/schema.org\",\"@graph\":[{\"@type\":\"WebPage\",\"@id\":\"https:\/\/odysseus-contests.eu\/2016\/fr\/ressources\/dossiers-deposes\/\",\"url\":\"https:\/\/odysseus-contests.eu\/2016\/fr\/ressources\/dossiers-deposes\/\",\"name\":\"Dossiers D\u00e9pos\u00e9s - ODYSSEUS II\",\"isPartOf\":{\"@id\":\"https:\/\/odysseus-contests.eu\/2016\/de\/#website\"},\"datePublished\":\"2015-06-30T19:29:37+00:00\",\"dateModified\":\"2015-07-11T10:54:11+00:00\",\"breadcrumb\":{\"@id\":\"https:\/\/odysseus-contests.eu\/2016\/fr\/ressources\/dossiers-deposes\/#breadcrumb\"},\"inLanguage\":\"fr-FR\",\"potentialAction\":[{\"@type\":\"ReadAction\",\"target\":[\"https:\/\/odysseus-contests.eu\/2016\/fr\/ressources\/dossiers-deposes\/\"]}]},{\"@type\":\"BreadcrumbList\",\"@id\":\"https:\/\/odysseus-contests.eu\/2016\/fr\/ressources\/dossiers-deposes\/#breadcrumb\",\"itemListElement\":[{\"@type\":\"ListItem\",\"position\":1,\"name\":\"Home\",\"item\":\"https:\/\/odysseus-contests.eu\/2016\/fr\/\"},{\"@type\":\"ListItem\",\"position\":2,\"name\":\"Ressources\",\"item\":\"https:\/\/odysseus-contests.eu\/2016\/fr\/ressources\/\"},{\"@type\":\"ListItem\",\"position\":3,\"name\":\"Dossiers D\u00e9pos\u00e9s\"}]},{\"@type\":\"WebSite\",\"@id\":\"https:\/\/odysseus-contests.eu\/2016\/de\/#website\",\"url\":\"https:\/\/odysseus-contests.eu\/2016\/de\/\",\"name\":\"ODYSSEUS II\",\"description\":\"Concours spatial des jeunes\",\"potentialAction\":[{\"@type\":\"SearchAction\",\"target\":{\"@type\":\"EntryPoint\",\"urlTemplate\":\"https:\/\/odysseus-contests.eu\/2016\/de\/?s={search_term_string}\"},\"query-input\":\"required name=search_term_string\"}],\"inLanguage\":\"fr-FR\"}]}<\/script>\n<!-- \/ Yoast SEO plugin. -->","yoast_head_json":{"title":"Dossiers D\u00e9pos\u00e9s - ODYSSEUS II","robots":{"index":"index","follow":"follow","max-snippet":"max-snippet:-1","max-image-preview":"max-image-preview:large","max-video-preview":"max-video-preview:-1"},"canonical":"https:\/\/odysseus-contests.eu\/2016\/fr\/ressources\/dossiers-deposes\/","og_locale":"fr_FR","og_type":"article","og_title":"Dossiers D\u00e9pos\u00e9s - ODYSSEUS II","og_description":"Tous les dossiers seront pr\u00e9sent\u00e9s sur le site Web d&rsquo;Odysseus apr\u00e8s la date limite de d\u00e9p\u00f4t des dossiers (janvier 2016).","og_url":"https:\/\/odysseus-contests.eu\/2016\/fr\/ressources\/dossiers-deposes\/","og_site_name":"ODYSSEUS II","article_modified_time":"2015-07-11T10:54:11+00:00","twitter_card":"summary_large_image","schema":{"@context":"https:\/\/schema.org","@graph":[{"@type":"WebPage","@id":"https:\/\/odysseus-contests.eu\/2016\/fr\/ressources\/dossiers-deposes\/","url":"https:\/\/odysseus-contests.eu\/2016\/fr\/ressources\/dossiers-deposes\/","name":"Dossiers D\u00e9pos\u00e9s - ODYSSEUS II","isPartOf":{"@id":"https:\/\/odysseus-contests.eu\/2016\/de\/#website"},"datePublished":"2015-06-30T19:29:37+00:00","dateModified":"2015-07-11T10:54:11+00:00","breadcrumb":{"@id":"https:\/\/odysseus-contests.eu\/2016\/fr\/ressources\/dossiers-deposes\/#breadcrumb"},"inLanguage":"fr-FR","potentialAction":[{"@type":"ReadAction","target":["https:\/\/odysseus-contests.eu\/2016\/fr\/ressources\/dossiers-deposes\/"]}]},{"@type":"BreadcrumbList","@id":"https:\/\/odysseus-contests.eu\/2016\/fr\/ressources\/dossiers-deposes\/#breadcrumb","itemListElement":[{"@type":"ListItem","position":1,"name":"Home","item":"https:\/\/odysseus-contests.eu\/2016\/fr\/"},{"@type":"ListItem","position":2,"name":"Ressources","item":"https:\/\/odysseus-contests.eu\/2016\/fr\/ressources\/"},{"@type":"ListItem","position":3,"name":"Dossiers D\u00e9pos\u00e9s"}]},{"@type":"WebSite","@id":"https:\/\/odysseus-contests.eu\/2016\/de\/#website","url":"https:\/\/odysseus-contests.eu\/2016\/de\/","name":"ODYSSEUS II","description":"Concours spatial des jeunes","potentialAction":[{"@type":"SearchAction","target":{"@type":"EntryPoint","urlTemplate":"https:\/\/odysseus-contests.eu\/2016\/de\/?s={search_term_string}"},"query-input":"required name=search_term_string"}],"inLanguage":"fr-FR"}]}},"_links":{"self":[{"href":"https:\/\/odysseus-contests.eu\/2016\/fr\/wp-json\/wp\/v2\/pages\/1324"}],"collection":[{"href":"https:\/\/odysseus-contests.eu\/2016\/fr\/wp-json\/wp\/v2\/pages"}],"about":[{"href":"https:\/\/odysseus-contests.eu\/2016\/fr\/wp-json\/wp\/v2\/types\/page"}],"author":[{"embeddable":true,"href":"https:\/\/odysseus-contests.eu\/2016\/fr\/wp-json\/wp\/v2\/users\/1"}],"replies":[{"embeddable":true,"href":"https:\/\/odysseus-contests.eu\/2016\/fr\/wp-json\/wp\/v2\/comments?post=1324"}],"version-history":[{"count":0,"href":"https:\/\/odysseus-contests.eu\/2016\/fr\/wp-json\/wp\/v2\/pages\/1324\/revisions"}],"up":[{"embeddable":true,"href":"https:\/\/odysseus-contests.eu\/2016\/fr\/wp-json\/wp\/v2\/pages\/1322"}],"wp:attachment":[{"href":"https:\/\/odysseus-contests.eu\/2016\/fr\/wp-json\/wp\/v2\/media?parent=1324"}],"curies":[{"name":"wp","href":"https:\/\/api.w.org\/{rel}","templated":true}]}}