{"id":1317,"date":"2015-06-30T22:21:55","date_gmt":"2015-06-30T19:21:55","guid":{"rendered":"http:\/\/odysseus-contests.eu\/2016\/?page_id=1317"},"modified":"2015-07-03T20:39:48","modified_gmt":"2015-07-03T17:39:48","slug":"categories-explorers","status":"publish","type":"page","link":"https:\/\/odysseus-contests.eu\/2016\/fr\/prix\/categories-explorers\/","title":{"rendered":"Cat\u00e9gorie Explorers"},"content":{"rendered":"<p><em><u>Grand Prix :<\/u><\/em><\/p>\n<ul>\n<li>D\u00e9placement \u00e0 destination du Centre Spatial Guyanais (billet d&rsquo;avion, h\u00e9bergement h\u00f4telier, repas, assurance, participation aux \u00e9v\u00e9nements, visites and visites guid\u00e9es du Centre Spatial et autres attractions)<\/li>\n<li>Dipl\u00f4me de \u00ab\u00a0Jeune Ambassadeur Europ\u00e9en de l&rsquo;Espace\u00a0\u00bb<\/li>\n<\/ul>\n<p><em><u>Prix suppl\u00e9mentaire\u00a0:<\/u><\/em><\/p>\n<ul>\n<li>Cinq (5) stages \u00e0 l&rsquo;ESA ou dans une industrie a\u00e9rospatiale europ\u00e9enne. Les stages pourront durer de trois \u00e0 six mois, et les \u00e9tudiants b\u00e9n\u00e9ficieront de frais de d\u00e9placement, d&rsquo;une assurance-maladie, et d&rsquo;une allocation mensuelle couvrant les frais de subsistance.<\/li>\n<\/ul>\n<p><em><u>Prix des Finalistes\u00a0:<\/u><\/em><\/p>\n<ul>\n<li>Un t\u00e9lescope de grande qualit\u00e9 (CelestronNexStar) pour les 10 \u00e9tudiants finalistes \u2013 gagnants des demi-finales r\u00e9gionales.<\/li>\n<li>Un d\u00e9placement \u00e0 destination du lieu de la finale internationale (frais de d\u00e9placement, h\u00e9bergement h\u00f4telier, repas, assurance, visites et participation \u00e0 des \u00e9v\u00e9nements).<\/li>\n<\/ul>\n<p><em><u>Gagnants nationaux : <\/u><\/em><\/p>\n<ul>\n<li>D\u00e9placement \u00e0 destination du lieu des demi-finales r\u00e9gionales\u00a0(frais de d\u00e9placement, h\u00e9bergement h\u00f4telier, repas, assurance, visites et participation \u00e0 des \u00e9v\u00e9nements pour tous les membres de l&rsquo;\u00e9quipe et de leur professeur-tuteur).<\/li>\n<li>Ensemble de souvenirs du concours Odysseus<\/li>\n<li>M\u00e9daille<\/li>\n<\/ul>\n<p>Tous les candidats recevront un certificat de participation au concours Odysseus.<\/p>\n<p>&nbsp;<\/p>\n","protected":false},"excerpt":{"rendered":"<p>Grand Prix : D\u00e9placement \u00e0 destination du Centre Spatial Guyanais (billet d&rsquo;avion, h\u00e9bergement h\u00f4telier, repas, assurance, participation aux \u00e9v\u00e9nements, visites and visites guid\u00e9es du Centre Spatial et autres attractions) Dipl\u00f4me de \u00ab\u00a0Jeune Ambassadeur Europ\u00e9en de l&rsquo;Espace\u00a0\u00bb Prix suppl\u00e9mentaire\u00a0: Cinq (5) stages \u00e0 l&rsquo;ESA ou dans une industrie a\u00e9rospatiale europ\u00e9enne. Les stages pourront durer de trois [&hellip;]<\/p>\n","protected":false},"author":1,"featured_media":370,"parent":1315,"menu_order":0,"comment_status":"closed","ping_status":"closed","template":"","meta":[],"acf":[],"yoast_head":"<!-- This site is optimized with the Yoast SEO plugin v19.14 - https:\/\/yoast.com\/wordpress\/plugins\/seo\/ -->\n<title>Cat\u00e9gorie Explorers - ODYSSEUS II<\/title>\n<meta name=\"robots\" content=\"index, follow, max-snippet:-1, max-image-preview:large, max-video-preview:-1\" \/>\n<link rel=\"canonical\" href=\"https:\/\/odysseus-contests.eu\/2016\/fr\/prix\/categories-explorers\/\" \/>\n<meta property=\"og:locale\" content=\"fr_FR\" \/>\n<meta property=\"og:type\" content=\"article\" \/>\n<meta property=\"og:title\" content=\"Cat\u00e9gorie Explorers - ODYSSEUS II\" \/>\n<meta property=\"og:description\" content=\"Grand Prix : D\u00e9placement \u00e0 destination du Centre Spatial Guyanais (billet d&rsquo;avion, h\u00e9bergement h\u00f4telier, repas, assurance, participation aux \u00e9v\u00e9nements, visites and visites guid\u00e9es du Centre Spatial et autres attractions) Dipl\u00f4me de \u00ab\u00a0Jeune Ambassadeur Europ\u00e9en de l&rsquo;Espace\u00a0\u00bb Prix suppl\u00e9mentaire\u00a0: Cinq (5) stages \u00e0 l&rsquo;ESA ou dans une industrie a\u00e9rospatiale europ\u00e9enne. Les stages pourront durer de trois [&hellip;]\" \/>\n<meta property=\"og:url\" content=\"https:\/\/odysseus-contests.eu\/2016\/fr\/prix\/categories-explorers\/\" \/>\n<meta property=\"og:site_name\" content=\"ODYSSEUS II\" \/>\n<meta property=\"article:modified_time\" content=\"2015-07-03T17:39:48+00:00\" \/>\n<meta property=\"og:image\" content=\"https:\/\/odysseus-contests.eu\/2016\/wp-content\/uploads\/2015\/05\/about-prizes-pioneers-main.jpg\" \/>\n\t<meta property=\"og:image:width\" content=\"1920\" \/>\n\t<meta property=\"og:image:height\" content=\"666\" \/>\n\t<meta property=\"og:image:type\" content=\"image\/jpeg\" \/>\n<meta name=\"twitter:card\" content=\"summary_large_image\" \/>\n<meta name=\"twitter:label1\" content=\"Dur\u00e9e de lecture estim\u00e9e\" \/>\n\t<meta name=\"twitter:data1\" content=\"1 minute\" \/>\n<script type=\"application\/ld+json\" class=\"yoast-schema-graph\">{\"@context\":\"https:\/\/schema.org\",\"@graph\":[{\"@type\":\"WebPage\",\"@id\":\"https:\/\/odysseus-contests.eu\/2016\/fr\/prix\/categories-explorers\/\",\"url\":\"https:\/\/odysseus-contests.eu\/2016\/fr\/prix\/categories-explorers\/\",\"name\":\"Cat\u00e9gorie Explorers - ODYSSEUS II\",\"isPartOf\":{\"@id\":\"https:\/\/odysseus-contests.eu\/2016\/de\/#website\"},\"datePublished\":\"2015-06-30T19:21:55+00:00\",\"dateModified\":\"2015-07-03T17:39:48+00:00\",\"breadcrumb\":{\"@id\":\"https:\/\/odysseus-contests.eu\/2016\/fr\/prix\/categories-explorers\/#breadcrumb\"},\"inLanguage\":\"fr-FR\",\"potentialAction\":[{\"@type\":\"ReadAction\",\"target\":[\"https:\/\/odysseus-contests.eu\/2016\/fr\/prix\/categories-explorers\/\"]}]},{\"@type\":\"BreadcrumbList\",\"@id\":\"https:\/\/odysseus-contests.eu\/2016\/fr\/prix\/categories-explorers\/#breadcrumb\",\"itemListElement\":[{\"@type\":\"ListItem\",\"position\":1,\"name\":\"Home\",\"item\":\"https:\/\/odysseus-contests.eu\/2016\/fr\/\"},{\"@type\":\"ListItem\",\"position\":2,\"name\":\"Prix\",\"item\":\"https:\/\/odysseus-contests.eu\/2016\/fr\/prix\/\"},{\"@type\":\"ListItem\",\"position\":3,\"name\":\"Cat\u00e9gorie Explorers\"}]},{\"@type\":\"WebSite\",\"@id\":\"https:\/\/odysseus-contests.eu\/2016\/de\/#website\",\"url\":\"https:\/\/odysseus-contests.eu\/2016\/de\/\",\"name\":\"ODYSSEUS II\",\"description\":\"Concours spatial des jeunes\",\"potentialAction\":[{\"@type\":\"SearchAction\",\"target\":{\"@type\":\"EntryPoint\",\"urlTemplate\":\"https:\/\/odysseus-contests.eu\/2016\/de\/?s={search_term_string}\"},\"query-input\":\"required name=search_term_string\"}],\"inLanguage\":\"fr-FR\"}]}<\/script>\n<!-- \/ Yoast SEO plugin. -->","yoast_head_json":{"title":"Cat\u00e9gorie Explorers - ODYSSEUS II","robots":{"index":"index","follow":"follow","max-snippet":"max-snippet:-1","max-image-preview":"max-image-preview:large","max-video-preview":"max-video-preview:-1"},"canonical":"https:\/\/odysseus-contests.eu\/2016\/fr\/prix\/categories-explorers\/","og_locale":"fr_FR","og_type":"article","og_title":"Cat\u00e9gorie Explorers - ODYSSEUS II","og_description":"Grand Prix : D\u00e9placement \u00e0 destination du Centre Spatial Guyanais (billet d&rsquo;avion, h\u00e9bergement h\u00f4telier, repas, assurance, participation aux \u00e9v\u00e9nements, visites and visites guid\u00e9es du Centre Spatial et autres attractions) Dipl\u00f4me de \u00ab\u00a0Jeune Ambassadeur Europ\u00e9en de l&rsquo;Espace\u00a0\u00bb Prix suppl\u00e9mentaire\u00a0: Cinq (5) stages \u00e0 l&rsquo;ESA ou dans une industrie a\u00e9rospatiale europ\u00e9enne. Les stages pourront durer de trois [&hellip;]","og_url":"https:\/\/odysseus-contests.eu\/2016\/fr\/prix\/categories-explorers\/","og_site_name":"ODYSSEUS II","article_modified_time":"2015-07-03T17:39:48+00:00","og_image":[{"width":1920,"height":666,"url":"https:\/\/odysseus-contests.eu\/2016\/wp-content\/uploads\/2015\/05\/about-prizes-pioneers-main.jpg","type":"image\/jpeg"}],"twitter_card":"summary_large_image","twitter_misc":{"Dur\u00e9e de lecture estim\u00e9e":"1 minute"},"schema":{"@context":"https:\/\/schema.org","@graph":[{"@type":"WebPage","@id":"https:\/\/odysseus-contests.eu\/2016\/fr\/prix\/categories-explorers\/","url":"https:\/\/odysseus-contests.eu\/2016\/fr\/prix\/categories-explorers\/","name":"Cat\u00e9gorie Explorers - ODYSSEUS II","isPartOf":{"@id":"https:\/\/odysseus-contests.eu\/2016\/de\/#website"},"datePublished":"2015-06-30T19:21:55+00:00","dateModified":"2015-07-03T17:39:48+00:00","breadcrumb":{"@id":"https:\/\/odysseus-contests.eu\/2016\/fr\/prix\/categories-explorers\/#breadcrumb"},"inLanguage":"fr-FR","potentialAction":[{"@type":"ReadAction","target":["https:\/\/odysseus-contests.eu\/2016\/fr\/prix\/categories-explorers\/"]}]},{"@type":"BreadcrumbList","@id":"https:\/\/odysseus-contests.eu\/2016\/fr\/prix\/categories-explorers\/#breadcrumb","itemListElement":[{"@type":"ListItem","position":1,"name":"Home","item":"https:\/\/odysseus-contests.eu\/2016\/fr\/"},{"@type":"ListItem","position":2,"name":"Prix","item":"https:\/\/odysseus-contests.eu\/2016\/fr\/prix\/"},{"@type":"ListItem","position":3,"name":"Cat\u00e9gorie Explorers"}]},{"@type":"WebSite","@id":"https:\/\/odysseus-contests.eu\/2016\/de\/#website","url":"https:\/\/odysseus-contests.eu\/2016\/de\/","name":"ODYSSEUS II","description":"Concours spatial des jeunes","potentialAction":[{"@type":"SearchAction","target":{"@type":"EntryPoint","urlTemplate":"https:\/\/odysseus-contests.eu\/2016\/de\/?s={search_term_string}"},"query-input":"required name=search_term_string"}],"inLanguage":"fr-FR"}]}},"_links":{"self":[{"href":"https:\/\/odysseus-contests.eu\/2016\/fr\/wp-json\/wp\/v2\/pages\/1317"}],"collection":[{"href":"https:\/\/odysseus-contests.eu\/2016\/fr\/wp-json\/wp\/v2\/pages"}],"about":[{"href":"https:\/\/odysseus-contests.eu\/2016\/fr\/wp-json\/wp\/v2\/types\/page"}],"author":[{"embeddable":true,"href":"https:\/\/odysseus-contests.eu\/2016\/fr\/wp-json\/wp\/v2\/users\/1"}],"replies":[{"embeddable":true,"href":"https:\/\/odysseus-contests.eu\/2016\/fr\/wp-json\/wp\/v2\/comments?post=1317"}],"version-history":[{"count":0,"href":"https:\/\/odysseus-contests.eu\/2016\/fr\/wp-json\/wp\/v2\/pages\/1317\/revisions"}],"up":[{"embeddable":true,"href":"https:\/\/odysseus-contests.eu\/2016\/fr\/wp-json\/wp\/v2\/pages\/1315"}],"wp:featuredmedia":[{"embeddable":true,"href":"https:\/\/odysseus-contests.eu\/2016\/fr\/wp-json\/wp\/v2\/media\/370"}],"wp:attachment":[{"href":"https:\/\/odysseus-contests.eu\/2016\/fr\/wp-json\/wp\/v2\/media?parent=1317"}],"curies":[{"name":"wp","href":"https:\/\/api.w.org\/{rel}","templated":true}]}}