{"id":1308,"date":"2015-06-30T22:04:42","date_gmt":"2015-06-30T19:04:42","guid":{"rendered":"http:\/\/odysseus-contests.eu\/2016\/?page_id=1308"},"modified":"2015-07-03T20:28:13","modified_gmt":"2015-07-03T17:28:13","slug":"bibliotheque","status":"publish","type":"page","link":"https:\/\/odysseus-contests.eu\/2016\/fr\/bibliotheque\/","title":{"rendered":"Biblioth\u00e8que"},"content":{"rendered":"<p>La biblioth\u00e8que d\u2019Odysseus propose aux \u00e9l\u00e8ves et \u00e9tudiants des ressources sur les sciences et technologies spatiales. La biblioth\u00e8que d\u2019Odysseus \u00e0 pour but de divertir et d\u2019\u00e9duquer en m\u00eame temps, en sugg\u00e9rant des liens int\u00e9ressants sur l\u2019espace et en pr\u00e9sentant des contenus afin d\u2019encourager les participants \u00e0 s\u2019informer pour d\u00e9velopper des projets gagnants. Les\u00a0 participants du concours Odysseus sont fortement encourag\u00e9s \u00e0 conduire leurs propres recherches pour enrichir et documenter leurs id\u00e9es. Les participants peuvent utiliser des id\u00e9es, des ressources et des connaissances disponibles sur Internet ou en biblioth\u00e8ques pour autant qu\u2019ils fassent sp\u00e9cifiquement r\u00e9f\u00e9rence \u00e0 eux et ne plagient ou ne copient pas le travail d\u2019autres personnes dans le projet qu\u2019ils soumettent au concours.<\/p>\n","protected":false},"excerpt":{"rendered":"<p>La biblioth\u00e8que d\u2019Odysseus propose aux \u00e9l\u00e8ves et \u00e9tudiants des ressources sur les sciences et technologies spatiales. La biblioth\u00e8que d\u2019Odysseus \u00e0 pour but de divertir et d\u2019\u00e9duquer en m\u00eame temps, en sugg\u00e9rant des liens int\u00e9ressants sur l\u2019espace et en pr\u00e9sentant des contenus afin d\u2019encourager les participants \u00e0 s\u2019informer pour d\u00e9velopper des projets gagnants. Les\u00a0 participants du [&hellip;]<\/p>\n","protected":false},"author":1,"featured_media":0,"parent":0,"menu_order":0,"comment_status":"closed","ping_status":"closed","template":"","meta":[],"acf":[],"yoast_head":"<!-- This site is optimized with the Yoast SEO plugin v19.14 - https:\/\/yoast.com\/wordpress\/plugins\/seo\/ -->\n<title>Biblioth\u00e8que - ODYSSEUS II<\/title>\n<meta name=\"robots\" content=\"index, follow, max-snippet:-1, max-image-preview:large, max-video-preview:-1\" \/>\n<link rel=\"canonical\" href=\"https:\/\/odysseus-contests.eu\/2016\/fr\/bibliotheque\/\" \/>\n<meta property=\"og:locale\" content=\"fr_FR\" \/>\n<meta property=\"og:type\" content=\"article\" \/>\n<meta property=\"og:title\" content=\"Biblioth\u00e8que - ODYSSEUS II\" \/>\n<meta property=\"og:description\" content=\"La biblioth\u00e8que d\u2019Odysseus propose aux \u00e9l\u00e8ves et \u00e9tudiants des ressources sur les sciences et technologies spatiales. La biblioth\u00e8que d\u2019Odysseus \u00e0 pour but de divertir et d\u2019\u00e9duquer en m\u00eame temps, en sugg\u00e9rant des liens int\u00e9ressants sur l\u2019espace et en pr\u00e9sentant des contenus afin d\u2019encourager les participants \u00e0 s\u2019informer pour d\u00e9velopper des projets gagnants. Les\u00a0 participants du [&hellip;]\" \/>\n<meta property=\"og:url\" content=\"https:\/\/odysseus-contests.eu\/2016\/fr\/bibliotheque\/\" \/>\n<meta property=\"og:site_name\" content=\"ODYSSEUS II\" \/>\n<meta property=\"article:modified_time\" content=\"2015-07-03T17:28:13+00:00\" \/>\n<meta name=\"twitter:card\" content=\"summary_large_image\" \/>\n<meta name=\"twitter:label1\" content=\"Dur\u00e9e de lecture estim\u00e9e\" \/>\n\t<meta name=\"twitter:data1\" content=\"1 minute\" \/>\n<script type=\"application\/ld+json\" class=\"yoast-schema-graph\">{\"@context\":\"https:\/\/schema.org\",\"@graph\":[{\"@type\":\"WebPage\",\"@id\":\"https:\/\/odysseus-contests.eu\/2016\/fr\/bibliotheque\/\",\"url\":\"https:\/\/odysseus-contests.eu\/2016\/fr\/bibliotheque\/\",\"name\":\"Biblioth\u00e8que - ODYSSEUS II\",\"isPartOf\":{\"@id\":\"https:\/\/odysseus-contests.eu\/2016\/de\/#website\"},\"datePublished\":\"2015-06-30T19:04:42+00:00\",\"dateModified\":\"2015-07-03T17:28:13+00:00\",\"breadcrumb\":{\"@id\":\"https:\/\/odysseus-contests.eu\/2016\/fr\/bibliotheque\/#breadcrumb\"},\"inLanguage\":\"fr-FR\",\"potentialAction\":[{\"@type\":\"ReadAction\",\"target\":[\"https:\/\/odysseus-contests.eu\/2016\/fr\/bibliotheque\/\"]}]},{\"@type\":\"BreadcrumbList\",\"@id\":\"https:\/\/odysseus-contests.eu\/2016\/fr\/bibliotheque\/#breadcrumb\",\"itemListElement\":[{\"@type\":\"ListItem\",\"position\":1,\"name\":\"Home\",\"item\":\"https:\/\/odysseus-contests.eu\/2016\/fr\/\"},{\"@type\":\"ListItem\",\"position\":2,\"name\":\"Biblioth\u00e8que\"}]},{\"@type\":\"WebSite\",\"@id\":\"https:\/\/odysseus-contests.eu\/2016\/de\/#website\",\"url\":\"https:\/\/odysseus-contests.eu\/2016\/de\/\",\"name\":\"ODYSSEUS II\",\"description\":\"Concours spatial des jeunes\",\"potentialAction\":[{\"@type\":\"SearchAction\",\"target\":{\"@type\":\"EntryPoint\",\"urlTemplate\":\"https:\/\/odysseus-contests.eu\/2016\/de\/?s={search_term_string}\"},\"query-input\":\"required name=search_term_string\"}],\"inLanguage\":\"fr-FR\"}]}<\/script>\n<!-- \/ Yoast SEO plugin. -->","yoast_head_json":{"title":"Biblioth\u00e8que - ODYSSEUS II","robots":{"index":"index","follow":"follow","max-snippet":"max-snippet:-1","max-image-preview":"max-image-preview:large","max-video-preview":"max-video-preview:-1"},"canonical":"https:\/\/odysseus-contests.eu\/2016\/fr\/bibliotheque\/","og_locale":"fr_FR","og_type":"article","og_title":"Biblioth\u00e8que - ODYSSEUS II","og_description":"La biblioth\u00e8que d\u2019Odysseus propose aux \u00e9l\u00e8ves et \u00e9tudiants des ressources sur les sciences et technologies spatiales. La biblioth\u00e8que d\u2019Odysseus \u00e0 pour but de divertir et d\u2019\u00e9duquer en m\u00eame temps, en sugg\u00e9rant des liens int\u00e9ressants sur l\u2019espace et en pr\u00e9sentant des contenus afin d\u2019encourager les participants \u00e0 s\u2019informer pour d\u00e9velopper des projets gagnants. Les\u00a0 participants du [&hellip;]","og_url":"https:\/\/odysseus-contests.eu\/2016\/fr\/bibliotheque\/","og_site_name":"ODYSSEUS II","article_modified_time":"2015-07-03T17:28:13+00:00","twitter_card":"summary_large_image","twitter_misc":{"Dur\u00e9e de lecture estim\u00e9e":"1 minute"},"schema":{"@context":"https:\/\/schema.org","@graph":[{"@type":"WebPage","@id":"https:\/\/odysseus-contests.eu\/2016\/fr\/bibliotheque\/","url":"https:\/\/odysseus-contests.eu\/2016\/fr\/bibliotheque\/","name":"Biblioth\u00e8que - ODYSSEUS II","isPartOf":{"@id":"https:\/\/odysseus-contests.eu\/2016\/de\/#website"},"datePublished":"2015-06-30T19:04:42+00:00","dateModified":"2015-07-03T17:28:13+00:00","breadcrumb":{"@id":"https:\/\/odysseus-contests.eu\/2016\/fr\/bibliotheque\/#breadcrumb"},"inLanguage":"fr-FR","potentialAction":[{"@type":"ReadAction","target":["https:\/\/odysseus-contests.eu\/2016\/fr\/bibliotheque\/"]}]},{"@type":"BreadcrumbList","@id":"https:\/\/odysseus-contests.eu\/2016\/fr\/bibliotheque\/#breadcrumb","itemListElement":[{"@type":"ListItem","position":1,"name":"Home","item":"https:\/\/odysseus-contests.eu\/2016\/fr\/"},{"@type":"ListItem","position":2,"name":"Biblioth\u00e8que"}]},{"@type":"WebSite","@id":"https:\/\/odysseus-contests.eu\/2016\/de\/#website","url":"https:\/\/odysseus-contests.eu\/2016\/de\/","name":"ODYSSEUS II","description":"Concours spatial des jeunes","potentialAction":[{"@type":"SearchAction","target":{"@type":"EntryPoint","urlTemplate":"https:\/\/odysseus-contests.eu\/2016\/de\/?s={search_term_string}"},"query-input":"required name=search_term_string"}],"inLanguage":"fr-FR"}]}},"_links":{"self":[{"href":"https:\/\/odysseus-contests.eu\/2016\/fr\/wp-json\/wp\/v2\/pages\/1308"}],"collection":[{"href":"https:\/\/odysseus-contests.eu\/2016\/fr\/wp-json\/wp\/v2\/pages"}],"about":[{"href":"https:\/\/odysseus-contests.eu\/2016\/fr\/wp-json\/wp\/v2\/types\/page"}],"author":[{"embeddable":true,"href":"https:\/\/odysseus-contests.eu\/2016\/fr\/wp-json\/wp\/v2\/users\/1"}],"replies":[{"embeddable":true,"href":"https:\/\/odysseus-contests.eu\/2016\/fr\/wp-json\/wp\/v2\/comments?post=1308"}],"version-history":[{"count":0,"href":"https:\/\/odysseus-contests.eu\/2016\/fr\/wp-json\/wp\/v2\/pages\/1308\/revisions"}],"wp:attachment":[{"href":"https:\/\/odysseus-contests.eu\/2016\/fr\/wp-json\/wp\/v2\/media?parent=1308"}],"curies":[{"name":"wp","href":"https:\/\/api.w.org\/{rel}","templated":true}]}}