{"id":1304,"date":"2015-06-30T21:59:44","date_gmt":"2015-06-30T18:59:44","guid":{"rendered":"http:\/\/odysseus-contests.eu\/2016\/?page_id=1304"},"modified":"2015-09-07T10:49:42","modified_gmt":"2015-09-07T07:49:42","slug":"quelques-astuces-pour-reussir","status":"publish","type":"page","link":"https:\/\/odysseus-contests.eu\/2016\/fr\/pioneers\/quelques-astuces-pour-reussir\/","title":{"rendered":"Quelques astuces pour r\u00e9ussir"},"content":{"rendered":"<ul>\n<li style=\"text-align: justify;\">Comprenez bien le concours. Lisez soigneusement la pr\u00e9sentation et les \u00e9l\u00e9ments du concours.<\/li>\n<li style=\"text-align: justify;\">Portez vos efforts sur la r\u00e9ponse aux crit\u00e8res sp\u00e9cifiques d&rsquo;\u00e9valuation. Le Comit\u00e9 Scientifique est constitu\u00e9 de scientifiques professionnels, de chercheurs et d&rsquo;\u00e9ducateurs. Ils \u00e9valuent chaque dossier en fonction des crit\u00e8res d&rsquo;\u00e9valuation sp\u00e9cifiques \u00e0 ce concours. Le contenu, y compris la pr\u00e9cision et l&rsquo;excellence scientifique, guideront leurs d\u00e9cisions. Essayez d&rsquo;\u00eatre pr\u00e9cis et ne r\u00e9digez pas un texte dont vous n&rsquo;auriez pas v\u00e9rifi\u00e9 au pr\u00e9alable la pr\u00e9cision et, plus important encore, n&rsquo;\u00e9crivez pas un texte que vous ne comprenez pas. Essayez d&rsquo;\u00eatre coh\u00e9rent et ne diluez pas trop votre projet. Les projets concis ont le plus de chance d&rsquo;\u00eatre retenus car ils sont plus m\u00e9thodiques et explicites. Essayez d&rsquo;organiser votre projet de telle sorte qu&rsquo;il ait une s\u00e9quence et une structure rationnelles. De m\u00eame, essayez de cr\u00e9er une pr\u00e9sentation attrayante.<\/li>\n<li style=\"text-align: justify;\">Travaillez sur les fondamentaux. L&rsquo;apparence physique d&rsquo;un dossier est souvent un indicateur des efforts s\u00e9rieux des \u00e9tudiants. Des dossiers soign\u00e9s, bien r\u00e9dig\u00e9s et lisibles, sans erreurs d&rsquo;orthographe, sont des dossiers les plus comp\u00e9titifs. Si votre dossier est un essai, il est recommand\u00e9 de le faire relire par une personne autre que les cr\u00e9ateurs eux-m\u00eames.<\/li>\n<li style=\"text-align: justify;\">Faites un plan de votre projet, en soulignant votre principal ligne d&rsquo;action. G\u00e9rez votre temps de telle sorte que votre calendrier de travail vous laisse le temps de revoir et de r\u00e9viser votre proposition.<\/li>\n<li style=\"text-align: justify;\">Trouvez un professeur-tuteur. Un professeur-tuteur \u00e0 l&rsquo;esprit ouvert peut constituer une formidable ressource dans l&rsquo;\u00e9valuation de votre cr\u00e9ation, avant que vous ne commenciez \u00e0 d\u00e9velopper le projet, r\u00e9visez vos exp\u00e9riences, documents imprim\u00e9s, vid\u00e9os, prototypes, etc. et sera un r\u00e9f\u00e9rent pour les questions et les conseils. Votre professeur-tuteur peut \u00eatre un professeur de sciences, ou un professeur d&rsquo;une autre \u00e9cole ou d&rsquo;une universit\u00e9 locale ayant une l&rsquo;exp\u00e9rience de votre sujet ou des m\u00e9thodes de recherche. N&rsquo;oubliez pas, cependant, que le travail effectif du projet, y compris la conception du projet et l&rsquo;analyse des donn\u00e9es, doit \u00eatre le fruit de votre propre travail. Si vous ne ma\u00eetrisez pas l&rsquo;anglais et que vous souhaitez d\u00e9poser ou traduire votre dossier en anglais et\/ou vous avez besoin d&rsquo;aide pour utiliser les ouvrages et d&rsquo;autres ressources en anglais, vous devrez \u00e9galement demander \u00e0 un professeur d&rsquo;anglais d&rsquo;aider votre \u00e9quipe. En fonction de la nature de votre projet, vous pourriez impliquer- en dehors des professeurs de sciences des professeurs de technologie, d&rsquo;arts et d&rsquo;autres mati\u00e8res, dont vous pourriez estimer qu&rsquo;ils sauraient vous aider \u00e0 \u00e9laborer un projet r\u00e9ussi.<\/li>\n<li style=\"text-align: justify;\">Constituez une \u00e9quipe. Le concours Odysseus est destin\u00e9 \u00e0 des \u00e9quipes de 2 \u00e0 3 \u00e9tudiants. Trouvez d&rsquo;autres membres pour former une bonne \u00e9quipe et r\u00e9partissez les responsabilit\u00e9s entre tous les membres de l&rsquo;\u00e9quipe.<\/li>\n<li style=\"text-align: justify;\">Sollicitez le soutien d&rsquo;un Mentor. Consultez la <a href=\"http:\/\/odysseus-contests.eu\/2016\/fr\/ressources\/reseau-de-mentors\/\" target=\"_blank\">page Web d&rsquo;Odysseus<\/a> pour choisir un Mentor dans votre pays.<\/li>\n<li style=\"text-align: justify;\">Explorez les sujets potentiellement int\u00e9ressants avec vos \u00e9quipiers, professeurs ou membres de la famille, et nommez certains sujets afin d&rsquo;identifier des sujets qui int\u00e9ressent votre \u00e9quipe.<\/li>\n<li style=\"text-align: justify;\">Utilisez le mod\u00e8le fourni par les organisateurs pour soutenir et documenter votre projet.<\/li>\n<li style=\"text-align: justify;\">Choisissez un sujet qui a du sens pour vous. Vous pourrez plus facilement vous concentrer sur votre projet et y consacrer du temps.<\/li>\n<li style=\"text-align: justify;\">\u00c9laborez une question de recherche qui vous permettra de d\u00e9finir ce \u00e0 quoi votre dossier peut r\u00e9pondre. Posez-vous des questions sur la relation entre le c\u0153ur de votre projet et les r\u00e9sultats qui vous int\u00e9ressent. Consid\u00e9rez-la comme votre objectif ou comme une hypoth\u00e8se formul\u00e9e comme une question.<\/li>\n<li style=\"text-align: justify;\">Faites des diagrammes ou des organigrammes pour organiser les informations que vous pourriez r\u00e9unir sur l&rsquo;espace et, en particulier, sur votre sujet, et vous permettre de r\u00e9fl\u00e9chir \u00e0 la fa\u00e7on de traduire ces informations en un projet significatif.<\/li>\n<li style=\"text-align: justify;\">Demandez aux organisateurs de clarifier certaines questions en utilisant le formulaire de contact concern\u00e9.<\/li>\n<li style=\"text-align: justify;\">Organisez les outils, mat\u00e9riaux et fournitures pour le concours.<\/li>\n<li style=\"text-align: justify;\">Trouver des sites Web utiles sur l&rsquo;espace et les sources de documentation pertinentes pour votre projet, mais limitez-vous \u00e0 des sources connues et dignes de confiance (ex. : les sites Web de l&rsquo;ESA ou la NASA et ceux avec le suffixe .edu). Consultez la <a href=\"http:\/\/odysseus-contests.eu\/2016\/fr\/explorers\/ressources\/\" target=\"_blank\">page Web ressources <\/a>d&rsquo;Odysseus<em>.<\/em><\/li>\n<li style=\"text-align: justify;\">Consacrez beaucoup de temps aux informations de fond sur votre sujet.<\/li>\n<li style=\"text-align: justify;\">Assurez-vous que toutes les assertions que vous faites dans votre argumentaire sont v\u00e9rifiables par des sources dignes de confiance avant de les consid\u00e9rer comme valables.<\/li>\n<li style=\"text-align: justify;\">Faites des recherches en profondeur. Essayez d&rsquo;apprendre les concepts scientifiques et soyez aussi d\u00e9taill\u00e9 que possible.<\/li>\n<li style=\"text-align: justify;\">Ne vous d\u00e9couragez pas si vous rencontrez des probl\u00e8mes pendant la cr\u00e9ation de votre projet.<\/li>\n<li style=\"text-align: justify;\">Amusez-vous ! Profitez de votre aventure spatiale\u00a0!<\/li>\n<\/ul>\n","protected":false},"excerpt":{"rendered":"<p>Comprenez bien le concours. Lisez soigneusement la pr\u00e9sentation et les \u00e9l\u00e9ments du concours. Portez vos efforts sur la r\u00e9ponse aux crit\u00e8res sp\u00e9cifiques d&rsquo;\u00e9valuation. Le Comit\u00e9 Scientifique est constitu\u00e9 de scientifiques professionnels, de chercheurs et d&rsquo;\u00e9ducateurs. Ils \u00e9valuent chaque dossier en fonction des crit\u00e8res d&rsquo;\u00e9valuation sp\u00e9cifiques \u00e0 ce concours. Le contenu, y compris la pr\u00e9cision et [&hellip;]<\/p>\n","protected":false},"author":1,"featured_media":0,"parent":1282,"menu_order":80,"comment_status":"closed","ping_status":"closed","template":"","meta":[],"acf":[],"yoast_head":"<!-- This site is optimized with the Yoast SEO plugin v19.14 - https:\/\/yoast.com\/wordpress\/plugins\/seo\/ -->\n<title>Quelques astuces pour r\u00e9ussir - ODYSSEUS II<\/title>\n<meta name=\"robots\" content=\"index, follow, max-snippet:-1, max-image-preview:large, max-video-preview:-1\" \/>\n<link rel=\"canonical\" href=\"https:\/\/odysseus-contests.eu\/2016\/fr\/pioneers\/quelques-astuces-pour-reussir\/\" \/>\n<meta property=\"og:locale\" content=\"fr_FR\" \/>\n<meta property=\"og:type\" content=\"article\" \/>\n<meta property=\"og:title\" content=\"Quelques astuces pour r\u00e9ussir - ODYSSEUS II\" \/>\n<meta property=\"og:description\" content=\"Comprenez bien le concours. Lisez soigneusement la pr\u00e9sentation et les \u00e9l\u00e9ments du concours. Portez vos efforts sur la r\u00e9ponse aux crit\u00e8res sp\u00e9cifiques d&rsquo;\u00e9valuation. Le Comit\u00e9 Scientifique est constitu\u00e9 de scientifiques professionnels, de chercheurs et d&rsquo;\u00e9ducateurs. Ils \u00e9valuent chaque dossier en fonction des crit\u00e8res d&rsquo;\u00e9valuation sp\u00e9cifiques \u00e0 ce concours. Le contenu, y compris la pr\u00e9cision et [&hellip;]\" \/>\n<meta property=\"og:url\" content=\"https:\/\/odysseus-contests.eu\/2016\/fr\/pioneers\/quelques-astuces-pour-reussir\/\" \/>\n<meta property=\"og:site_name\" content=\"ODYSSEUS II\" \/>\n<meta property=\"article:modified_time\" content=\"2015-09-07T07:49:42+00:00\" \/>\n<meta name=\"twitter:card\" content=\"summary_large_image\" \/>\n<meta name=\"twitter:label1\" content=\"Dur\u00e9e de lecture estim\u00e9e\" \/>\n\t<meta name=\"twitter:data1\" content=\"4 minutes\" \/>\n<script type=\"application\/ld+json\" class=\"yoast-schema-graph\">{\"@context\":\"https:\/\/schema.org\",\"@graph\":[{\"@type\":\"WebPage\",\"@id\":\"https:\/\/odysseus-contests.eu\/2016\/fr\/pioneers\/quelques-astuces-pour-reussir\/\",\"url\":\"https:\/\/odysseus-contests.eu\/2016\/fr\/pioneers\/quelques-astuces-pour-reussir\/\",\"name\":\"Quelques astuces pour r\u00e9ussir - ODYSSEUS II\",\"isPartOf\":{\"@id\":\"https:\/\/odysseus-contests.eu\/2016\/de\/#website\"},\"datePublished\":\"2015-06-30T18:59:44+00:00\",\"dateModified\":\"2015-09-07T07:49:42+00:00\",\"breadcrumb\":{\"@id\":\"https:\/\/odysseus-contests.eu\/2016\/fr\/pioneers\/quelques-astuces-pour-reussir\/#breadcrumb\"},\"inLanguage\":\"fr-FR\",\"potentialAction\":[{\"@type\":\"ReadAction\",\"target\":[\"https:\/\/odysseus-contests.eu\/2016\/fr\/pioneers\/quelques-astuces-pour-reussir\/\"]}]},{\"@type\":\"BreadcrumbList\",\"@id\":\"https:\/\/odysseus-contests.eu\/2016\/fr\/pioneers\/quelques-astuces-pour-reussir\/#breadcrumb\",\"itemListElement\":[{\"@type\":\"ListItem\",\"position\":1,\"name\":\"Home\",\"item\":\"https:\/\/odysseus-contests.eu\/2016\/fr\/\"},{\"@type\":\"ListItem\",\"position\":2,\"name\":\"Pioneers\",\"item\":\"https:\/\/odysseus-contests.eu\/2016\/fr\/pioneers\/\"},{\"@type\":\"ListItem\",\"position\":3,\"name\":\"Quelques astuces pour r\u00e9ussir\"}]},{\"@type\":\"WebSite\",\"@id\":\"https:\/\/odysseus-contests.eu\/2016\/de\/#website\",\"url\":\"https:\/\/odysseus-contests.eu\/2016\/de\/\",\"name\":\"ODYSSEUS II\",\"description\":\"Concours spatial des jeunes\",\"potentialAction\":[{\"@type\":\"SearchAction\",\"target\":{\"@type\":\"EntryPoint\",\"urlTemplate\":\"https:\/\/odysseus-contests.eu\/2016\/de\/?s={search_term_string}\"},\"query-input\":\"required name=search_term_string\"}],\"inLanguage\":\"fr-FR\"}]}<\/script>\n<!-- \/ Yoast SEO plugin. -->","yoast_head_json":{"title":"Quelques astuces pour r\u00e9ussir - ODYSSEUS II","robots":{"index":"index","follow":"follow","max-snippet":"max-snippet:-1","max-image-preview":"max-image-preview:large","max-video-preview":"max-video-preview:-1"},"canonical":"https:\/\/odysseus-contests.eu\/2016\/fr\/pioneers\/quelques-astuces-pour-reussir\/","og_locale":"fr_FR","og_type":"article","og_title":"Quelques astuces pour r\u00e9ussir - ODYSSEUS II","og_description":"Comprenez bien le concours. Lisez soigneusement la pr\u00e9sentation et les \u00e9l\u00e9ments du concours. Portez vos efforts sur la r\u00e9ponse aux crit\u00e8res sp\u00e9cifiques d&rsquo;\u00e9valuation. Le Comit\u00e9 Scientifique est constitu\u00e9 de scientifiques professionnels, de chercheurs et d&rsquo;\u00e9ducateurs. Ils \u00e9valuent chaque dossier en fonction des crit\u00e8res d&rsquo;\u00e9valuation sp\u00e9cifiques \u00e0 ce concours. Le contenu, y compris la pr\u00e9cision et [&hellip;]","og_url":"https:\/\/odysseus-contests.eu\/2016\/fr\/pioneers\/quelques-astuces-pour-reussir\/","og_site_name":"ODYSSEUS II","article_modified_time":"2015-09-07T07:49:42+00:00","twitter_card":"summary_large_image","twitter_misc":{"Dur\u00e9e de lecture estim\u00e9e":"4 minutes"},"schema":{"@context":"https:\/\/schema.org","@graph":[{"@type":"WebPage","@id":"https:\/\/odysseus-contests.eu\/2016\/fr\/pioneers\/quelques-astuces-pour-reussir\/","url":"https:\/\/odysseus-contests.eu\/2016\/fr\/pioneers\/quelques-astuces-pour-reussir\/","name":"Quelques astuces pour r\u00e9ussir - ODYSSEUS II","isPartOf":{"@id":"https:\/\/odysseus-contests.eu\/2016\/de\/#website"},"datePublished":"2015-06-30T18:59:44+00:00","dateModified":"2015-09-07T07:49:42+00:00","breadcrumb":{"@id":"https:\/\/odysseus-contests.eu\/2016\/fr\/pioneers\/quelques-astuces-pour-reussir\/#breadcrumb"},"inLanguage":"fr-FR","potentialAction":[{"@type":"ReadAction","target":["https:\/\/odysseus-contests.eu\/2016\/fr\/pioneers\/quelques-astuces-pour-reussir\/"]}]},{"@type":"BreadcrumbList","@id":"https:\/\/odysseus-contests.eu\/2016\/fr\/pioneers\/quelques-astuces-pour-reussir\/#breadcrumb","itemListElement":[{"@type":"ListItem","position":1,"name":"Home","item":"https:\/\/odysseus-contests.eu\/2016\/fr\/"},{"@type":"ListItem","position":2,"name":"Pioneers","item":"https:\/\/odysseus-contests.eu\/2016\/fr\/pioneers\/"},{"@type":"ListItem","position":3,"name":"Quelques astuces pour r\u00e9ussir"}]},{"@type":"WebSite","@id":"https:\/\/odysseus-contests.eu\/2016\/de\/#website","url":"https:\/\/odysseus-contests.eu\/2016\/de\/","name":"ODYSSEUS II","description":"Concours spatial des jeunes","potentialAction":[{"@type":"SearchAction","target":{"@type":"EntryPoint","urlTemplate":"https:\/\/odysseus-contests.eu\/2016\/de\/?s={search_term_string}"},"query-input":"required name=search_term_string"}],"inLanguage":"fr-FR"}]}},"_links":{"self":[{"href":"https:\/\/odysseus-contests.eu\/2016\/fr\/wp-json\/wp\/v2\/pages\/1304"}],"collection":[{"href":"https:\/\/odysseus-contests.eu\/2016\/fr\/wp-json\/wp\/v2\/pages"}],"about":[{"href":"https:\/\/odysseus-contests.eu\/2016\/fr\/wp-json\/wp\/v2\/types\/page"}],"author":[{"embeddable":true,"href":"https:\/\/odysseus-contests.eu\/2016\/fr\/wp-json\/wp\/v2\/users\/1"}],"replies":[{"embeddable":true,"href":"https:\/\/odysseus-contests.eu\/2016\/fr\/wp-json\/wp\/v2\/comments?post=1304"}],"version-history":[{"count":0,"href":"https:\/\/odysseus-contests.eu\/2016\/fr\/wp-json\/wp\/v2\/pages\/1304\/revisions"}],"up":[{"embeddable":true,"href":"https:\/\/odysseus-contests.eu\/2016\/fr\/wp-json\/wp\/v2\/pages\/1282"}],"wp:attachment":[{"href":"https:\/\/odysseus-contests.eu\/2016\/fr\/wp-json\/wp\/v2\/media?parent=1304"}],"curies":[{"name":"wp","href":"https:\/\/api.w.org\/{rel}","templated":true}]}}