{"id":1293,"date":"2015-06-30T21:53:55","date_gmt":"2015-06-30T18:53:55","guid":{"rendered":"http:\/\/odysseus-contests.eu\/2016\/?page_id=1293"},"modified":"2016-04-10T12:49:20","modified_gmt":"2016-04-10T09:49:20","slug":"calendar","status":"publish","type":"page","link":"https:\/\/odysseus-contests.eu\/2016\/fr\/pioneers\/calendar\/","title":{"rendered":"Calendrier"},"content":{"rendered":"<ul>\n<li>Ouverture des inscriptions\u00a0: 1<sup>er<\/sup> septembre 2015<\/li>\n<li>Date limite de d\u00e9p\u00f4t des dossiers : Extension jusqu&rsquo;au 29 janvier 2016<\/li>\n<li>P\u00e9riode d&rsquo;\u00e9valuation\u00a0: 16 janvier 2016 \u2013 26 f\u00e9vrier 2016<\/li>\n<li>Annonce des gagnants nationaux : 28 f\u00e9vrier 2016<\/li>\n<li>Demi-finales r\u00e9gionales\u00a0:\u00a030 et 31\u00a0mars 2016 \u00e0 la Cit\u00e9 de l&rsquo;espace, \u00e0 Toulouse<\/li>\n<li>Annonce des finalistes\u00a0: 15 mai 2016<\/li>\n<li>Finale Internationale: 5 \u2013 8 juillet 2016<\/li>\n<li>C\u00e9r\u00e9monie de remise des prix\u00a0: 8 juillet 2016<\/li>\n<\/ul>\n","protected":false},"excerpt":{"rendered":"<p>Ouverture des inscriptions\u00a0: 1er septembre 2015 Date limite de d\u00e9p\u00f4t des dossiers : Extension jusqu&rsquo;au 29 janvier 2016 P\u00e9riode d&rsquo;\u00e9valuation\u00a0: 16 janvier 2016 \u2013 26 f\u00e9vrier 2016 Annonce des gagnants nationaux : 28 f\u00e9vrier 2016 Demi-finales r\u00e9gionales\u00a0:\u00a030 et 31\u00a0mars 2016 \u00e0 la Cit\u00e9 de l&rsquo;espace, \u00e0 Toulouse Annonce des finalistes\u00a0: 15 mai 2016 Finale Internationale: [&hellip;]<\/p>\n","protected":false},"author":1,"featured_media":0,"parent":1282,"menu_order":0,"comment_status":"closed","ping_status":"closed","template":"","meta":[],"acf":[],"yoast_head":"<!-- This site is optimized with the Yoast SEO plugin v19.14 - https:\/\/yoast.com\/wordpress\/plugins\/seo\/ -->\n<title>Calendrier - ODYSSEUS II<\/title>\n<meta name=\"robots\" content=\"index, follow, max-snippet:-1, max-image-preview:large, max-video-preview:-1\" \/>\n<link rel=\"canonical\" href=\"https:\/\/odysseus-contests.eu\/2016\/fr\/pioneers\/calendar\/\" \/>\n<meta property=\"og:locale\" content=\"fr_FR\" \/>\n<meta property=\"og:type\" content=\"article\" \/>\n<meta property=\"og:title\" content=\"Calendrier - ODYSSEUS II\" \/>\n<meta property=\"og:description\" content=\"Ouverture des inscriptions\u00a0: 1er septembre 2015 Date limite de d\u00e9p\u00f4t des dossiers : Extension jusqu&rsquo;au 29 janvier 2016 P\u00e9riode d&rsquo;\u00e9valuation\u00a0: 16 janvier 2016 \u2013 26 f\u00e9vrier 2016 Annonce des gagnants nationaux : 28 f\u00e9vrier 2016 Demi-finales r\u00e9gionales\u00a0:\u00a030 et 31\u00a0mars 2016 \u00e0 la Cit\u00e9 de l&rsquo;espace, \u00e0 Toulouse Annonce des finalistes\u00a0: 15 mai 2016 Finale Internationale: [&hellip;]\" \/>\n<meta property=\"og:url\" content=\"https:\/\/odysseus-contests.eu\/2016\/fr\/pioneers\/calendar\/\" \/>\n<meta property=\"og:site_name\" content=\"ODYSSEUS II\" \/>\n<meta property=\"article:modified_time\" content=\"2016-04-10T09:49:20+00:00\" \/>\n<meta name=\"twitter:card\" content=\"summary_large_image\" \/>\n<script type=\"application\/ld+json\" class=\"yoast-schema-graph\">{\"@context\":\"https:\/\/schema.org\",\"@graph\":[{\"@type\":\"WebPage\",\"@id\":\"https:\/\/odysseus-contests.eu\/2016\/fr\/pioneers\/calendar\/\",\"url\":\"https:\/\/odysseus-contests.eu\/2016\/fr\/pioneers\/calendar\/\",\"name\":\"Calendrier - ODYSSEUS II\",\"isPartOf\":{\"@id\":\"https:\/\/odysseus-contests.eu\/2016\/de\/#website\"},\"datePublished\":\"2015-06-30T18:53:55+00:00\",\"dateModified\":\"2016-04-10T09:49:20+00:00\",\"breadcrumb\":{\"@id\":\"https:\/\/odysseus-contests.eu\/2016\/fr\/pioneers\/calendar\/#breadcrumb\"},\"inLanguage\":\"fr-FR\",\"potentialAction\":[{\"@type\":\"ReadAction\",\"target\":[\"https:\/\/odysseus-contests.eu\/2016\/fr\/pioneers\/calendar\/\"]}]},{\"@type\":\"BreadcrumbList\",\"@id\":\"https:\/\/odysseus-contests.eu\/2016\/fr\/pioneers\/calendar\/#breadcrumb\",\"itemListElement\":[{\"@type\":\"ListItem\",\"position\":1,\"name\":\"Home\",\"item\":\"https:\/\/odysseus-contests.eu\/2016\/fr\/\"},{\"@type\":\"ListItem\",\"position\":2,\"name\":\"Pioneers\",\"item\":\"https:\/\/odysseus-contests.eu\/2016\/fr\/pioneers\/\"},{\"@type\":\"ListItem\",\"position\":3,\"name\":\"Calendrier\"}]},{\"@type\":\"WebSite\",\"@id\":\"https:\/\/odysseus-contests.eu\/2016\/de\/#website\",\"url\":\"https:\/\/odysseus-contests.eu\/2016\/de\/\",\"name\":\"ODYSSEUS II\",\"description\":\"Concours spatial des jeunes\",\"potentialAction\":[{\"@type\":\"SearchAction\",\"target\":{\"@type\":\"EntryPoint\",\"urlTemplate\":\"https:\/\/odysseus-contests.eu\/2016\/de\/?s={search_term_string}\"},\"query-input\":\"required name=search_term_string\"}],\"inLanguage\":\"fr-FR\"}]}<\/script>\n<!-- \/ Yoast SEO plugin. -->","yoast_head_json":{"title":"Calendrier - ODYSSEUS II","robots":{"index":"index","follow":"follow","max-snippet":"max-snippet:-1","max-image-preview":"max-image-preview:large","max-video-preview":"max-video-preview:-1"},"canonical":"https:\/\/odysseus-contests.eu\/2016\/fr\/pioneers\/calendar\/","og_locale":"fr_FR","og_type":"article","og_title":"Calendrier - ODYSSEUS II","og_description":"Ouverture des inscriptions\u00a0: 1er septembre 2015 Date limite de d\u00e9p\u00f4t des dossiers : Extension jusqu&rsquo;au 29 janvier 2016 P\u00e9riode d&rsquo;\u00e9valuation\u00a0: 16 janvier 2016 \u2013 26 f\u00e9vrier 2016 Annonce des gagnants nationaux : 28 f\u00e9vrier 2016 Demi-finales r\u00e9gionales\u00a0:\u00a030 et 31\u00a0mars 2016 \u00e0 la Cit\u00e9 de l&rsquo;espace, \u00e0 Toulouse Annonce des finalistes\u00a0: 15 mai 2016 Finale Internationale: [&hellip;]","og_url":"https:\/\/odysseus-contests.eu\/2016\/fr\/pioneers\/calendar\/","og_site_name":"ODYSSEUS II","article_modified_time":"2016-04-10T09:49:20+00:00","twitter_card":"summary_large_image","schema":{"@context":"https:\/\/schema.org","@graph":[{"@type":"WebPage","@id":"https:\/\/odysseus-contests.eu\/2016\/fr\/pioneers\/calendar\/","url":"https:\/\/odysseus-contests.eu\/2016\/fr\/pioneers\/calendar\/","name":"Calendrier - ODYSSEUS II","isPartOf":{"@id":"https:\/\/odysseus-contests.eu\/2016\/de\/#website"},"datePublished":"2015-06-30T18:53:55+00:00","dateModified":"2016-04-10T09:49:20+00:00","breadcrumb":{"@id":"https:\/\/odysseus-contests.eu\/2016\/fr\/pioneers\/calendar\/#breadcrumb"},"inLanguage":"fr-FR","potentialAction":[{"@type":"ReadAction","target":["https:\/\/odysseus-contests.eu\/2016\/fr\/pioneers\/calendar\/"]}]},{"@type":"BreadcrumbList","@id":"https:\/\/odysseus-contests.eu\/2016\/fr\/pioneers\/calendar\/#breadcrumb","itemListElement":[{"@type":"ListItem","position":1,"name":"Home","item":"https:\/\/odysseus-contests.eu\/2016\/fr\/"},{"@type":"ListItem","position":2,"name":"Pioneers","item":"https:\/\/odysseus-contests.eu\/2016\/fr\/pioneers\/"},{"@type":"ListItem","position":3,"name":"Calendrier"}]},{"@type":"WebSite","@id":"https:\/\/odysseus-contests.eu\/2016\/de\/#website","url":"https:\/\/odysseus-contests.eu\/2016\/de\/","name":"ODYSSEUS II","description":"Concours spatial des jeunes","potentialAction":[{"@type":"SearchAction","target":{"@type":"EntryPoint","urlTemplate":"https:\/\/odysseus-contests.eu\/2016\/de\/?s={search_term_string}"},"query-input":"required name=search_term_string"}],"inLanguage":"fr-FR"}]}},"_links":{"self":[{"href":"https:\/\/odysseus-contests.eu\/2016\/fr\/wp-json\/wp\/v2\/pages\/1293"}],"collection":[{"href":"https:\/\/odysseus-contests.eu\/2016\/fr\/wp-json\/wp\/v2\/pages"}],"about":[{"href":"https:\/\/odysseus-contests.eu\/2016\/fr\/wp-json\/wp\/v2\/types\/page"}],"author":[{"embeddable":true,"href":"https:\/\/odysseus-contests.eu\/2016\/fr\/wp-json\/wp\/v2\/users\/1"}],"replies":[{"embeddable":true,"href":"https:\/\/odysseus-contests.eu\/2016\/fr\/wp-json\/wp\/v2\/comments?post=1293"}],"version-history":[{"count":4,"href":"https:\/\/odysseus-contests.eu\/2016\/fr\/wp-json\/wp\/v2\/pages\/1293\/revisions"}],"predecessor-version":[{"id":9744,"href":"https:\/\/odysseus-contests.eu\/2016\/fr\/wp-json\/wp\/v2\/pages\/1293\/revisions\/9744"}],"up":[{"embeddable":true,"href":"https:\/\/odysseus-contests.eu\/2016\/fr\/wp-json\/wp\/v2\/pages\/1282"}],"wp:attachment":[{"href":"https:\/\/odysseus-contests.eu\/2016\/fr\/wp-json\/wp\/v2\/media?parent=1293"}],"curies":[{"name":"wp","href":"https:\/\/api.w.org\/{rel}","templated":true}]}}