{"id":1290,"date":"2015-06-30T21:51:31","date_gmt":"2015-06-30T18:51:31","guid":{"rendered":"http:\/\/odysseus-contests.eu\/2016\/?page_id=1290"},"modified":"2015-06-30T21:53:20","modified_gmt":"2015-06-30T18:53:20","slug":"reglement","status":"publish","type":"page","link":"https:\/\/odysseus-contests.eu\/2016\/fr\/pioneers\/reglement\/","title":{"rendered":"R\u00e8glement"},"content":{"rendered":"<ul>\n<li>Le concours est ouvert aux \u00e9l\u00e8ves des \u00e9coles secondaires de quatorze (14) \u00e0 dix-huit (18) ans. Il concerne les \u00e9l\u00e8ves des \u00e9coles secondaires n\u00e9s entre le 1<sup>er<\/sup> avril 1997 et le 31 mars 2002 inclus.<\/li>\n<li>Les Pioneers travaillent en \u00e9quipe constitu\u00e9e de deux (2) \u00e0 trois (3) membres et dirig\u00e9e par un seul professeur-tuteur. Les \u00e9l\u00e8ves au sein d&rsquo;une \u00e9quipe peuvent \u00eatre issus de diff\u00e9rentes \u00e9coles dans le m\u00eame pays ou de diff\u00e9rentes classes ou niveaux au sein d&rsquo;une m\u00eame \u00e9cole, sous r\u00e9serve que le crit\u00e8re d&rsquo;\u00e2ge soit respect\u00e9. Chaque \u00e9quipe pourra \u00e9galement avoir un <a href=\"http:\/\/odysseus-contests.eu\/2016\/fr\/reseau-de-mentors\/\">mentor<\/a> pour les guider techniquement ou scientifiquement.<\/li>\n<li>Chaque \u00e9quipe de Pioneers doit avoir un professeur-tuteur pour diriger l&rsquo;\u00e9quipe et soutenir l&rsquo;inscription et le d\u00e9p\u00f4t des dossiers, lequel assurera un encadrement au cours du projet et les d\u00e9placements sur le lieu des demi-finales et de la finale.<\/li>\n<li>Les \u00e9quipes ne peuvent d\u00e9poser qu&rsquo;un seul projet, et chaque candidat pourra concourir dans une seule \u00e9quipe.<\/li>\n<li>Les \u00e9quipes devront choisir un identifiant unique qui refl\u00e8te les objectifs \u00e9ducatifs, scientifiques ou sociaux du concours.<\/li>\n<li>Toutes \u00e9quipes doivent d\u00e9poser un projet concernant l\u2019espace bas\u00e9 sur les th\u00e8mes et les d\u00e9fis sp\u00e9cifiques \u00e0 leur cat\u00e9gorie d&rsquo;\u00e2ge<\/li>\n<li>Les candidats de la cat\u00e9gorie Pioneers pourront d\u00e9poser un dossier num\u00e9rique entre le 1er septembre 2015 et le 14 janvier 2016 inclus.<\/li>\n<li>Toutes les r\u00e9alisations doivent \u00eatre le r\u00e9sultat d&rsquo;un travail personnel des candidats, et con\u00e7ues sp\u00e9cifiquement pour ce concours.<\/li>\n<li>Les projets des Pioneers seront \u00e9valu\u00e9s en trois \u00e9tapes\u00a0:\n<ol>\n<li><strong>Nationalement<\/strong>, par un jury issu du pays des participants, sur la base des d\u00e9p\u00f4ts en ligne. Ceci aura lieu entre le 16 janvier 2016 et le 26 f\u00e9vrier 2016 inclus. Les gagnants nationaux seront annonc\u00e9s le 28 f\u00e9vrier 2016. Les dossiers des pays non membres de l&rsquo;UE seront affect\u00e9es par les organisateurs \u00e0 l&rsquo;un des jurys, en fonction de la langue choisie par les participants.<\/li>\n<li><strong>R\u00e9gionalement<\/strong>, par une s\u00e9lection de juges issus du tour pr\u00e9c\u00e9dent, \u00e0 partir de tous les pays participants de la r\u00e9gion. La d\u00e9cision sera prise lors des demi-finales qui auront lieu dans chaque r\u00e9gion et qui r\u00e9unira tous les gagnants nationaux de la r\u00e9gion. Les \u00e9quipes qualifi\u00e9es pour les demi-finales pr\u00e9senteront en direct leurs r\u00e9alisations aux juges. Les demi-finales r\u00e9gionales auront lieu entre le 15 mars et le 26 avril 2016 inclus. Les dates pr\u00e9cises par r\u00e9gion seront annonc\u00e9es sur le site Web Odysseus.<\/li>\n<li><strong>Internationalement<\/strong>, par un jury d&rsquo;\u00e9minents chercheurs, \u00e9ducateurs et personnalit\u00e9s scientifiques. Les gagnants des finales r\u00e9gionales se rencontreront \u00e0 Bruxelles ou Toulouse pour pr\u00e9senter les projets aux juges. La finale internationale aura lieu entre le 4 et le 7 juillet 2016 inclus.<\/li>\n<\/ol>\n<\/li>\n<li>Au cours des d\u00e9lib\u00e9rations au niveau national, le nombre de gagnants acc\u00e9dant au niveau sup\u00e9rieur sera d\u00e9termin\u00e9 par les populations relatives des pays concourant et le nombre de dossiers de chaque r\u00e9gion et dans chaque cat\u00e9gorie de th\u00e8mes. Les organisateurs du concours Odysseus annonceront le nombre de gagnants qui atteindront les demi-finales, via le site Web officiel. Les dix \u00e9quipes gagnantes au niveau r\u00e9gional(une \u00e9quipe par r\u00e9gion) participeront \u00e0 la finale internationale.<\/li>\n<li>Au cours de la s\u00e9lection des meilleurs projets au niveau europ\u00e9en, les r\u00e9compenses seront d\u00e9cern\u00e9es ind\u00e9pendamment de la nationalit\u00e9 ou domiciliation des finalistes, c&rsquo;est-\u00e0-dire qu&rsquo;il n&rsquo;y a pas de quotas pr\u00e9d\u00e9termin\u00e9s bas\u00e9s sur la population ou les taux de participation au concours.<\/li>\n<li>Les juges qui statuent sur les projets d\u00e9cerneront les points selon les crit\u00e8res suivants :\n<ul>\n<li>Excellence acad\u00e9mique (pr\u00e9cision, difficult\u00e9)<\/li>\n<li>Pertinence du th\u00e8me indiqu\u00e9<\/li>\n<li>Capacit\u00e9 de r\u00e9solution de probl\u00e8mes<\/li>\n<li>Originalit\u00e9<\/li>\n<li>Pertinence soci\u00e9tale<\/li>\n<li>Pr\u00e9sentation<\/li>\n<li>M\u00e9rite technique et comp\u00e9tences pratiques<\/li>\n<li>Sensibilisation \u00e0 la durabilit\u00e9 et \u00e0 l&rsquo;environnement<\/li>\n<\/ul>\n<\/li>\n<li>Chaque \u00e9quipe obtiendra des juges un r\u00e9capitulatif de leur projet au moment de l&rsquo;attribution. Les demandes ult\u00e9rieures d&rsquo;\u00e9valuations ne pourront pas \u00eatre trait\u00e9es.<\/li>\n<li>Les juges distribueront \u00e9galement un certain nombre de mentions pour les \u00e9quipes non-gagnantes \u00e0 chaque \u00e9tape, par exemple\u00a0:\n<ul>\n<li>Graphique ayant le plus d&rsquo;impact visuel<\/li>\n<li>Le probl\u00e8me le plus original<\/li>\n<li>La pr\u00e9sentation la plus professionnelle<\/li>\n<li>La r\u00e9alisation la plus artistique<\/li>\n<li>Le meilleur usage de la musique dans un projet scientifique<\/li>\n<li>L&rsquo;approche la plus innovante du th\u00e8me indiqu\u00e9<\/li>\n<li>Projet le plus sensible \u00e0 l&rsquo;environnement<\/li>\n<li>La solution la plus innovante du probl\u00e8me<\/li>\n<li>Meilleur usage des fondamentaux de la connaissance spatiale<\/li>\n<\/ul>\n<\/li>\n<li>Chaque \u00e9quipe de Pioneers recevra un dipl\u00f4me attestant qu&rsquo;elle a particip\u00e9, ainsi que les professeurs-tuteurs de chaque \u00e9quipe, au concours d&rsquo;Odysseus.<\/li>\n<li>Tous les projets gagnants seront expos\u00e9s int\u00e9gralement dans l&rsquo;espace du <strong>Hall of Fame<\/strong> du site Web Odysseus, et les candidats membres de l&rsquo;\u00e9quipe se verront d\u00e9cerner une m\u00e9daille.<\/li>\n<li>La participation au concours est gratuite et les frais de d\u00e9placement (billets d&rsquo;avion et de train, h\u00e9bergement, repas et assurance) pour la participation aux finales r\u00e9gionales et \u00e0 la finale internationale seront couverts par les organisateurs du concours Odysseus, dans des limites raisonnables. Les d\u00e9placements pour les finales r\u00e9gionales et la finale internationale sont pris en charge pour un professeur-tuteur et trois candidats maximum.<\/li>\n<li>Lors des finales r\u00e9gionales et de la finale internationale, les finalistes participeront \u00e0 un certain nombre d&rsquo;activit\u00e9s, d&rsquo;\u00e9v\u00e9nements et de d\u00e9placements bas\u00e9s sur l&rsquo;espace, organis\u00e9s et pay\u00e9s par les organisateurs du concours d&rsquo;Odysseus.<\/li>\n<li>Il est de la responsabilit\u00e9 du professeur-tuteur de fournir des informations compl\u00e8tes et exactes sur chaque participant dans l&rsquo;\u00e9quipe via le formulaire d&rsquo;inscription du site Web Odysseus.<\/li>\n<li>Chaque participant \u00e2g\u00e9 de moins de dix-huit (18) ans doit fournir un formulaire d&rsquo;autorisation parentale sign\u00e9 pour participer au concours.<\/li>\n<li>Un formulaire d&rsquo;autorisation parentale pour voyager et participer aux finales r\u00e9gionales et \u00e0 la finale internationale le cas \u00e9ch\u00e9ant doit \u00eatre fourni \u00e0 chaque candidat \u00e2g\u00e9 de moins de dix-huit (18) ans participant aux finales.<\/li>\n<li>Il est de la responsabilit\u00e9 du professeur-tuteur de l&rsquo;\u00e9quipe de fournir aux organisateurs les formulaires d&rsquo;autorisation parentale sign\u00e9s pour tous ses candidats.<\/li>\n<li>Chaque professeur-tuteur pourra diriger au maximum 4 \u00e9quipes dans le concours.<\/li>\n<\/ul>\n","protected":false},"excerpt":{"rendered":"<p>Le concours est ouvert aux \u00e9l\u00e8ves des \u00e9coles secondaires de quatorze (14) \u00e0 dix-huit (18) ans. Il concerne les \u00e9l\u00e8ves des \u00e9coles secondaires n\u00e9s entre le 1er avril 1997 et le 31 mars 2002 inclus. Les Pioneers travaillent en \u00e9quipe constitu\u00e9e de deux (2) \u00e0 trois (3) membres et dirig\u00e9e par un seul professeur-tuteur. Les [&hellip;]<\/p>\n","protected":false},"author":1,"featured_media":0,"parent":1282,"menu_order":20,"comment_status":"closed","ping_status":"closed","template":"","meta":[],"acf":[],"yoast_head":"<!-- This site is optimized with the Yoast SEO plugin v19.14 - https:\/\/yoast.com\/wordpress\/plugins\/seo\/ -->\n<title>R\u00e8glement - ODYSSEUS II<\/title>\n<meta name=\"robots\" content=\"index, follow, max-snippet:-1, max-image-preview:large, max-video-preview:-1\" \/>\n<link rel=\"canonical\" href=\"https:\/\/odysseus-contests.eu\/2016\/fr\/pioneers\/reglement\/\" \/>\n<meta property=\"og:locale\" content=\"fr_FR\" \/>\n<meta property=\"og:type\" content=\"article\" \/>\n<meta property=\"og:title\" content=\"R\u00e8glement - ODYSSEUS II\" \/>\n<meta property=\"og:description\" content=\"Le concours est ouvert aux \u00e9l\u00e8ves des \u00e9coles secondaires de quatorze (14) \u00e0 dix-huit (18) ans. Il concerne les \u00e9l\u00e8ves des \u00e9coles secondaires n\u00e9s entre le 1er avril 1997 et le 31 mars 2002 inclus. Les Pioneers travaillent en \u00e9quipe constitu\u00e9e de deux (2) \u00e0 trois (3) membres et dirig\u00e9e par un seul professeur-tuteur. Les [&hellip;]\" \/>\n<meta property=\"og:url\" content=\"https:\/\/odysseus-contests.eu\/2016\/fr\/pioneers\/reglement\/\" \/>\n<meta property=\"og:site_name\" content=\"ODYSSEUS II\" \/>\n<meta property=\"article:modified_time\" content=\"2015-06-30T18:53:20+00:00\" \/>\n<meta name=\"twitter:card\" content=\"summary_large_image\" \/>\n<meta name=\"twitter:label1\" content=\"Dur\u00e9e de lecture estim\u00e9e\" \/>\n\t<meta name=\"twitter:data1\" content=\"5 minutes\" \/>\n<script type=\"application\/ld+json\" class=\"yoast-schema-graph\">{\"@context\":\"https:\/\/schema.org\",\"@graph\":[{\"@type\":\"WebPage\",\"@id\":\"https:\/\/odysseus-contests.eu\/2016\/fr\/pioneers\/reglement\/\",\"url\":\"https:\/\/odysseus-contests.eu\/2016\/fr\/pioneers\/reglement\/\",\"name\":\"R\u00e8glement - ODYSSEUS II\",\"isPartOf\":{\"@id\":\"https:\/\/odysseus-contests.eu\/2016\/de\/#website\"},\"datePublished\":\"2015-06-30T18:51:31+00:00\",\"dateModified\":\"2015-06-30T18:53:20+00:00\",\"breadcrumb\":{\"@id\":\"https:\/\/odysseus-contests.eu\/2016\/fr\/pioneers\/reglement\/#breadcrumb\"},\"inLanguage\":\"fr-FR\",\"potentialAction\":[{\"@type\":\"ReadAction\",\"target\":[\"https:\/\/odysseus-contests.eu\/2016\/fr\/pioneers\/reglement\/\"]}]},{\"@type\":\"BreadcrumbList\",\"@id\":\"https:\/\/odysseus-contests.eu\/2016\/fr\/pioneers\/reglement\/#breadcrumb\",\"itemListElement\":[{\"@type\":\"ListItem\",\"position\":1,\"name\":\"Home\",\"item\":\"https:\/\/odysseus-contests.eu\/2016\/fr\/\"},{\"@type\":\"ListItem\",\"position\":2,\"name\":\"Pioneers\",\"item\":\"https:\/\/odysseus-contests.eu\/2016\/fr\/pioneers\/\"},{\"@type\":\"ListItem\",\"position\":3,\"name\":\"R\u00e8glement\"}]},{\"@type\":\"WebSite\",\"@id\":\"https:\/\/odysseus-contests.eu\/2016\/de\/#website\",\"url\":\"https:\/\/odysseus-contests.eu\/2016\/de\/\",\"name\":\"ODYSSEUS II\",\"description\":\"Concours spatial des jeunes\",\"potentialAction\":[{\"@type\":\"SearchAction\",\"target\":{\"@type\":\"EntryPoint\",\"urlTemplate\":\"https:\/\/odysseus-contests.eu\/2016\/de\/?s={search_term_string}\"},\"query-input\":\"required name=search_term_string\"}],\"inLanguage\":\"fr-FR\"}]}<\/script>\n<!-- \/ Yoast SEO plugin. -->","yoast_head_json":{"title":"R\u00e8glement - ODYSSEUS II","robots":{"index":"index","follow":"follow","max-snippet":"max-snippet:-1","max-image-preview":"max-image-preview:large","max-video-preview":"max-video-preview:-1"},"canonical":"https:\/\/odysseus-contests.eu\/2016\/fr\/pioneers\/reglement\/","og_locale":"fr_FR","og_type":"article","og_title":"R\u00e8glement - ODYSSEUS II","og_description":"Le concours est ouvert aux \u00e9l\u00e8ves des \u00e9coles secondaires de quatorze (14) \u00e0 dix-huit (18) ans. Il concerne les \u00e9l\u00e8ves des \u00e9coles secondaires n\u00e9s entre le 1er avril 1997 et le 31 mars 2002 inclus. Les Pioneers travaillent en \u00e9quipe constitu\u00e9e de deux (2) \u00e0 trois (3) membres et dirig\u00e9e par un seul professeur-tuteur. Les [&hellip;]","og_url":"https:\/\/odysseus-contests.eu\/2016\/fr\/pioneers\/reglement\/","og_site_name":"ODYSSEUS II","article_modified_time":"2015-06-30T18:53:20+00:00","twitter_card":"summary_large_image","twitter_misc":{"Dur\u00e9e de lecture estim\u00e9e":"5 minutes"},"schema":{"@context":"https:\/\/schema.org","@graph":[{"@type":"WebPage","@id":"https:\/\/odysseus-contests.eu\/2016\/fr\/pioneers\/reglement\/","url":"https:\/\/odysseus-contests.eu\/2016\/fr\/pioneers\/reglement\/","name":"R\u00e8glement - ODYSSEUS II","isPartOf":{"@id":"https:\/\/odysseus-contests.eu\/2016\/de\/#website"},"datePublished":"2015-06-30T18:51:31+00:00","dateModified":"2015-06-30T18:53:20+00:00","breadcrumb":{"@id":"https:\/\/odysseus-contests.eu\/2016\/fr\/pioneers\/reglement\/#breadcrumb"},"inLanguage":"fr-FR","potentialAction":[{"@type":"ReadAction","target":["https:\/\/odysseus-contests.eu\/2016\/fr\/pioneers\/reglement\/"]}]},{"@type":"BreadcrumbList","@id":"https:\/\/odysseus-contests.eu\/2016\/fr\/pioneers\/reglement\/#breadcrumb","itemListElement":[{"@type":"ListItem","position":1,"name":"Home","item":"https:\/\/odysseus-contests.eu\/2016\/fr\/"},{"@type":"ListItem","position":2,"name":"Pioneers","item":"https:\/\/odysseus-contests.eu\/2016\/fr\/pioneers\/"},{"@type":"ListItem","position":3,"name":"R\u00e8glement"}]},{"@type":"WebSite","@id":"https:\/\/odysseus-contests.eu\/2016\/de\/#website","url":"https:\/\/odysseus-contests.eu\/2016\/de\/","name":"ODYSSEUS II","description":"Concours spatial des jeunes","potentialAction":[{"@type":"SearchAction","target":{"@type":"EntryPoint","urlTemplate":"https:\/\/odysseus-contests.eu\/2016\/de\/?s={search_term_string}"},"query-input":"required name=search_term_string"}],"inLanguage":"fr-FR"}]}},"_links":{"self":[{"href":"https:\/\/odysseus-contests.eu\/2016\/fr\/wp-json\/wp\/v2\/pages\/1290"}],"collection":[{"href":"https:\/\/odysseus-contests.eu\/2016\/fr\/wp-json\/wp\/v2\/pages"}],"about":[{"href":"https:\/\/odysseus-contests.eu\/2016\/fr\/wp-json\/wp\/v2\/types\/page"}],"author":[{"embeddable":true,"href":"https:\/\/odysseus-contests.eu\/2016\/fr\/wp-json\/wp\/v2\/users\/1"}],"replies":[{"embeddable":true,"href":"https:\/\/odysseus-contests.eu\/2016\/fr\/wp-json\/wp\/v2\/comments?post=1290"}],"version-history":[{"count":0,"href":"https:\/\/odysseus-contests.eu\/2016\/fr\/wp-json\/wp\/v2\/pages\/1290\/revisions"}],"up":[{"embeddable":true,"href":"https:\/\/odysseus-contests.eu\/2016\/fr\/wp-json\/wp\/v2\/pages\/1282"}],"wp:attachment":[{"href":"https:\/\/odysseus-contests.eu\/2016\/fr\/wp-json\/wp\/v2\/media?parent=1290"}],"curies":[{"name":"wp","href":"https:\/\/api.w.org\/{rel}","templated":true}]}}